{"id":3300,"date":"2024-09-07T05:25:45","date_gmt":"2024-09-07T05:25:45","guid":{"rendered":"https:\/\/www.yongjianceramic.com\/?post_type=product&#038;p=3300"},"modified":"2025-11-04T18:01:49","modified_gmt":"2025-11-04T10:01:49","slug":"ceramic-ramen-bowls-wholesale-2","status":"publish","type":"product","link":"https:\/\/www.yongjianceramic.com\/es\/producto\/ceramic-ramen-bowls-wholesale-2\/","title":{"rendered":"Tazones de Ramen de Cer\u00e1mica de 9 pulgadas al por mayor para suministros de restaurantes"},"content":{"rendered":"<div class=\"wp-block-columns is-layout-flex wp-container-core-columns-is-layout-9d6595d7 wp-block-columns-is-layout-flex\">\n<div class=\"wp-block-column is-layout-flow wp-block-column-is-layout-flow\">\n<h2 class=\"wp-block-heading\">Premium Tazones de Ramen de Cer\u00e1mica al por mayor Caracter\u00edsticas:<\/h2>\n\n\n\n<ul class=\"wp-block-list\">\n<li><strong>Dise\u00f1o irregular del borde del cuenco:<\/strong> Estos cuencos para ramen al por mayor tienen una gran capacidad, perfecta para contener diversos ramen, fideos para sopa y otros alimentos b\u00e1sicos para satisfacer las necesidades de una comida nutritiva.<\/li>\n\n\n\n<li><strong>Gran capacidad: <\/strong>Fabricados en cer\u00e1mica de alta calidad, nuestros cuencos de ramen de cer\u00e1mica a granel son resistentes al desgaste y pueden soportar altas temperaturas, por lo que se mantienen en buen estado tras mucho tiempo de uso.<\/li>\n\n\n\n<li><strong>Materiales cer\u00e1micos de alta calidad: <\/strong>Fabricados en cer\u00e1mica de alta calidad, nuestros cuencos de ramen de cer\u00e1mica al por mayor son resistentes al desgaste y pueden soportar altas temperaturas, por lo que se mantienen en buen estado tras mucho tiempo de uso.<\/li>\n\n\n\n<li><strong>Ventajas de la compra al por mayor: <\/strong>Admite compras al por mayor para estos cuencos de ramen al por mayor, adecuados para compras a gran escala en lugares comerciales como restaurantes y hoteles, y el precio es m\u00e1s favorable.<\/li>\n<\/ul>\n<\/div>\n\n\n\n<div class=\"wp-block-column is-vertically-aligned-center is-layout-flow wp-block-column-is-layout-flow\"><div class=\"wp-block-image\">\n<figure class=\"aligncenter size-full\"><img fetchpriority=\"high\" decoding=\"async\" width=\"750\" height=\"750\" src=\"https:\/\/www.yongjianceramic.com\/wp-content\/uploads\/2024\/09\/9-Inch-Ceramic-Ramen-Bowls-Wholesale-With-Wavy-Surface-Design-2.webp\" alt=\"Tazones de Ramen de Cer\u00e1mica de 9 pulgadas al por mayor con dise\u00f1o de superficie ondulada-2\" class=\"wp-image-3302\" srcset=\"https:\/\/www.yongjianceramic.com\/wp-content\/uploads\/2024\/09\/9-Inch-Ceramic-Ramen-Bowls-Wholesale-With-Wavy-Surface-Design-2.webp 750w, https:\/\/www.yongjianceramic.com\/wp-content\/uploads\/2024\/09\/9-Inch-Ceramic-Ramen-Bowls-Wholesale-With-Wavy-Surface-Design-2-300x300.webp 300w, https:\/\/www.yongjianceramic.com\/wp-content\/uploads\/2024\/09\/9-Inch-Ceramic-Ramen-Bowls-Wholesale-With-Wavy-Surface-Design-2-150x150.webp 150w, https:\/\/www.yongjianceramic.com\/wp-content\/uploads\/2024\/09\/9-Inch-Ceramic-Ramen-Bowls-Wholesale-With-Wavy-Surface-Design-2-12x12.webp 12w, https:\/\/www.yongjianceramic.com\/wp-content\/uploads\/2024\/09\/9-Inch-Ceramic-Ramen-Bowls-Wholesale-With-Wavy-Surface-Design-2-285x285.webp 285w, https:\/\/www.yongjianceramic.com\/wp-content\/uploads\/2024\/09\/9-Inch-Ceramic-Ramen-Bowls-Wholesale-With-Wavy-Surface-Design-2-270x270.webp 270w, https:\/\/www.yongjianceramic.com\/wp-content\/uploads\/2024\/09\/9-Inch-Ceramic-Ramen-Bowls-Wholesale-With-Wavy-Surface-Design-2-540x540.webp 540w, https:\/\/www.yongjianceramic.com\/wp-content\/uploads\/2024\/09\/9-Inch-Ceramic-Ramen-Bowls-Wholesale-With-Wavy-Surface-Design-2-660x660.webp 660w\" sizes=\"(max-width: 750px) 100vw, 750px\" \/><\/figure>\n<\/div><\/div>\n<\/div>","protected":false},"excerpt":{"rendered":"<p>Bienvenido a comprar boles de ramen de cer\u00e1mica al por mayor. Nuestros cuencos de ramen de cer\u00e1mica de 9 pulgadas al por mayor cuentan con un dise\u00f1o de borde de cuenco ondulado, junto con material cer\u00e1mico de primera calidad, que proporciona belleza y durabilidad. Su gran capacidad es perfecta para contener varios tipos de fideos y es una opci\u00f3n muy agradable para el negocio de catering y uso comercial.<\/p>\n<table style=\"border-collapse: collapse; width: 309.02pt;\" border=\"0\" width=\"309\" cellspacing=\"0\" cellpadding=\"0\">\n<tbody>\n<tr style=\"height: 17.60pt;\">\n<td class=\"et3\" style=\"height: 17.60pt; width: 120.25pt;\" width=\"120\" height=\"17\">Fabricante<\/td>\n<td class=\"et3\" style=\"width: 189.25pt;\" width=\"189\">Yongjian<\/td>\n<\/tr>\n<tr style=\"height: 18.00pt;\">\n<td class=\"et3\" style=\"height: 18.00pt;\" height=\"18\">N\u00ba de modelo<\/td>\n<td class=\"et4\" style=\"width: 189.25pt;\" width=\"189\">YJ-017<\/td>\n<\/tr>\n<tr style=\"height: 17.60pt;\">\n<td class=\"et3\" style=\"height: 17.60pt;\" height=\"17\">Tipo de producto<\/td>\n<td class=\"et3\">Cuencos para sopa y ramen<\/td>\n<\/tr>\n<tr style=\"height: 17.60pt;\">\n<td class=\"et3\" style=\"height: 17.60pt;\" height=\"17\">Material<\/td>\n<td class=\"et3\">Porcelana<\/td>\n<\/tr>\n<tr style=\"height: 17.60pt;\">\n<td class=\"et6\" style=\"height: 17.60pt;\" height=\"17\">Color<\/td>\n<td class=\"et3\">Blanco\/Negro<\/td>\n<\/tr>\n<tr style=\"height: 18.00pt;\">\n<td class=\"et3\" style=\"height: 18.00pt;\" height=\"18\">Dimensi\u00f3n<\/td>\n<td class=\"et7\" style=\"width: 189.25pt;\" width=\"189\">22,4*22,4*9, 1600ml<\/td>\n<\/tr>\n<tr style=\"height: 17.60pt;\">\n<td class=\"et3\" style=\"height: 17.60pt;\" height=\"17\">MOQ<\/td>\n<td class=\"et3\">500 unidades<\/td>\n<\/tr>\n<tr style=\"height: 17.60pt;\">\n<td class=\"et3\" style=\"height: 17.60pt;\" height=\"17\">A medida<\/td>\n<td class=\"et3\">Color\/Tama\u00f1o\/Logotipo\/Embalaje<\/td>\n<\/tr>\n<\/tbody>\n<\/table>","protected":false},"featured_media":3305,"comment_status":"closed","ping_status":"closed","template":"","meta":{"_acf_changed":false},"product_brand":[],"product_cat":[73,63],"product_tag":[96],"class_list":{"0":"post-3300","1":"product","2":"type-product","3":"status-publish","4":"has-post-thumbnail","6":"product_cat-bulk-soup-bowls","7":"product_cat-wholesale-bowls","8":"product_tag-black-white-dinnerware-wholesale","10":"first","11":"instock","12":"shipping-taxable","13":"product-type-simple"},"acf":[],"_links":{"self":[{"href":"https:\/\/www.yongjianceramic.com\/es\/wp-json\/wp\/v2\/product\/3300","targetHints":{"allow":["GET"]}}],"collection":[{"href":"https:\/\/www.yongjianceramic.com\/es\/wp-json\/wp\/v2\/product"}],"about":[{"href":"https:\/\/www.yongjianceramic.com\/es\/wp-json\/wp\/v2\/types\/product"}],"replies":[{"embeddable":true,"href":"https:\/\/www.yongjianceramic.com\/es\/wp-json\/wp\/v2\/comments?post=3300"}],"wp:featuredmedia":[{"embeddable":true,"href":"https:\/\/www.yongjianceramic.com\/es\/wp-json\/wp\/v2\/media\/3305"}],"wp:attachment":[{"href":"https:\/\/www.yongjianceramic.com\/es\/wp-json\/wp\/v2\/media?parent=3300"}],"wp:term":[{"taxonomy":"product_brand","embeddable":true,"href":"https:\/\/www.yongjianceramic.com\/es\/wp-json\/wp\/v2\/product_brand?post=3300"},{"taxonomy":"product_cat","embeddable":true,"href":"https:\/\/www.yongjianceramic.com\/es\/wp-json\/wp\/v2\/product_cat?post=3300"},{"taxonomy":"product_tag","embeddable":true,"href":"https:\/\/www.yongjianceramic.com\/es\/wp-json\/wp\/v2\/product_tag?post=3300"}],"curies":[{"name":"wp","href":"https:\/\/api.w.org\/{rel}","templated":true}]}}