{"id":3322,"date":"2024-09-09T02:58:47","date_gmt":"2024-09-09T02:58:47","guid":{"rendered":"https:\/\/www.yongjianceramic.com\/?post_type=product&#038;p=3322"},"modified":"2024-09-20T09:12:30","modified_gmt":"2024-09-20T09:12:30","slug":"ceramic-dipping-bowls-wholesale","status":"publish","type":"product","link":"https:\/\/www.yongjianceramic.com\/es\/producto\/ceramic-dipping-bowls-wholesale\/","title":{"rendered":"Tazones De Cer\u00e1mica Al Por Mayor, Platos Peque\u00f1os Al Por Mayor Para Eventos"},"content":{"rendered":"<div class=\"wp-block-columns is-layout-flex wp-container-core-columns-is-layout-9d6595d7 wp-block-columns-is-layout-flex\">\n<div class=\"wp-block-column is-layout-flow wp-block-column-is-layout-flow\">\n<h2 class=\"wp-block-heading\">Premium Cer\u00e1mica Dipping Bowls Venta al por mayor Caracter\u00edsticas:<\/h2>\n\n\n\n<ul class=\"wp-block-list\">\n<li><strong>Dise\u00f1o sencillo y elegante: <\/strong>Estos cuencos de inmersi\u00f3n de cer\u00e1mica al por mayor tienen dos colores cl\u00e1sicos blanco y negro, con un dise\u00f1o sencillo y moderno, adecuado para una variedad de estilos de mesa, y realza la belleza general de la mesa.<\/li>\n\n\n\n<li><strong>Polivalente: <\/strong>Nuestros platos peque\u00f1os a granel son adecuados para diversos condimentos, salsas, aperitivos, peque\u00f1as porciones de postres, etc., para satisfacer las diversas necesidades del hogar, el restaurante o el banquete.<\/li>\n\n\n\n<li><strong>Material cer\u00e1mico de alta calidad: <\/strong>Fabricados en cer\u00e1mica de alta calidad, estos cuencos de inmersi\u00f3n de cer\u00e1mica al por mayor tienen superficies lisas, son duraderos y f\u00e1ciles de limpiar, tienen una fuerte resistencia al calor y son adecuados para el uso diario y la limpieza en lavavajillas.<\/li>\n\n\n\n<li><strong>Flexibilidad de compra a granel: <\/strong>Nuestros platos peque\u00f1os a granel admiten compras al por mayor, adecuadas para empresas de catering, minoristas y proveedores de regalos, lo que garantiza un suministro suficiente y precios preferentes.<\/li>\n<\/ul>\n<\/div>\n\n\n\n<div class=\"wp-block-column is-vertically-aligned-center is-layout-flow wp-block-column-is-layout-flow\"><div class=\"wp-block-image\">\n<figure class=\"aligncenter size-full\"><img fetchpriority=\"high\" decoding=\"async\" width=\"800\" height=\"800\" src=\"https:\/\/www.yongjianceramic.com\/wp-content\/uploads\/2024\/09\/Ceramic-Dipping-Bowls-Wholesale-Small-Ceramic-Dishes-Bulk-1.webp\" alt=\"Cuencos De Cer\u00e1mica Al Por Mayor, Peque\u00f1os Platos De Cer\u00e1mica A Granel-1\" class=\"wp-image-3323\" srcset=\"https:\/\/www.yongjianceramic.com\/wp-content\/uploads\/2024\/09\/Ceramic-Dipping-Bowls-Wholesale-Small-Ceramic-Dishes-Bulk-1.webp 800w, https:\/\/www.yongjianceramic.com\/wp-content\/uploads\/2024\/09\/Ceramic-Dipping-Bowls-Wholesale-Small-Ceramic-Dishes-Bulk-1-300x300.webp 300w, https:\/\/www.yongjianceramic.com\/wp-content\/uploads\/2024\/09\/Ceramic-Dipping-Bowls-Wholesale-Small-Ceramic-Dishes-Bulk-1-150x150.webp 150w, https:\/\/www.yongjianceramic.com\/wp-content\/uploads\/2024\/09\/Ceramic-Dipping-Bowls-Wholesale-Small-Ceramic-Dishes-Bulk-1-768x768.webp 768w, https:\/\/www.yongjianceramic.com\/wp-content\/uploads\/2024\/09\/Ceramic-Dipping-Bowls-Wholesale-Small-Ceramic-Dishes-Bulk-1-12x12.webp 12w, https:\/\/www.yongjianceramic.com\/wp-content\/uploads\/2024\/09\/Ceramic-Dipping-Bowls-Wholesale-Small-Ceramic-Dishes-Bulk-1-285x285.webp 285w, https:\/\/www.yongjianceramic.com\/wp-content\/uploads\/2024\/09\/Ceramic-Dipping-Bowls-Wholesale-Small-Ceramic-Dishes-Bulk-1-270x270.webp 270w, https:\/\/www.yongjianceramic.com\/wp-content\/uploads\/2024\/09\/Ceramic-Dipping-Bowls-Wholesale-Small-Ceramic-Dishes-Bulk-1-540x540.webp 540w, https:\/\/www.yongjianceramic.com\/wp-content\/uploads\/2024\/09\/Ceramic-Dipping-Bowls-Wholesale-Small-Ceramic-Dishes-Bulk-1-660x660.webp 660w\" sizes=\"(max-width: 800px) 100vw, 800px\" \/><\/figure>\n<\/div><\/div>\n<\/div>","protected":false},"excerpt":{"rendered":"<p>Bienvenido a comprar platos peque\u00f1os al por mayor. Nuestros cuencos de cer\u00e1mica al por mayor tienen dos colores blanco y negro, con un dise\u00f1o sencillo y elegante, adecuados para salsas y peque\u00f1as porciones de comida. El material cer\u00e1mico de alta calidad garantiza que sea duradero y f\u00e1cil de limpiar, por lo que es una opci\u00f3n ideal para el hogar y lugares de restauraci\u00f3n.<\/p>\n<table style=\"border-collapse: collapse; width: 309.02pt;\" border=\"0\" width=\"309\" cellspacing=\"0\" cellpadding=\"0\">\n<tbody>\n<tr style=\"height: 17.60pt;\">\n<td class=\"et3\" style=\"height: 17.60pt; width: 120.25pt;\" width=\"120\" height=\"17\">Fabricante<\/td>\n<td class=\"et3\" style=\"width: 189.25pt;\" width=\"189\">Yongjian<\/td>\n<\/tr>\n<tr style=\"height: 18.00pt;\">\n<td class=\"et3\" style=\"height: 18.00pt;\" height=\"18\">N\u00ba de modelo<\/td>\n<td class=\"et4\" style=\"width: 189.25pt;\" width=\"189\">YJ-026<\/td>\n<\/tr>\n<tr style=\"height: 17.60pt;\">\n<td class=\"et3\" style=\"height: 17.60pt;\" height=\"17\">Tipo de producto<\/td>\n<td class=\"et3\">Plato peque\u00f1o<\/td>\n<\/tr>\n<tr style=\"height: 17.60pt;\">\n<td class=\"et3\" style=\"height: 17.60pt;\" height=\"17\">Material<\/td>\n<td class=\"et3\">Porcelana<\/td>\n<\/tr>\n<tr style=\"height: 17.60pt;\">\n<td class=\"et5\" style=\"height: 17.60pt;\" height=\"17\">Color<\/td>\n<td class=\"et3\">Blanco\/Negro<\/td>\n<\/tr>\n<tr style=\"height: 17.60pt;\">\n<td class=\"et3\" style=\"height: 17.60pt;\" height=\"17\">Dimensi\u00f3n<\/td>\n<td class=\"et3\">8*8*2.5<\/td>\n<\/tr>\n<tr style=\"height: 17.60pt;\">\n<td class=\"et3\" style=\"height: 17.60pt;\" height=\"17\">MOQ<\/td>\n<td class=\"et3\">500 unidades<\/td>\n<\/tr>\n<tr style=\"height: 17.60pt;\">\n<td class=\"et3\" style=\"height: 17.60pt;\" height=\"17\">A medida<\/td>\n<td class=\"et3\">Color\/Tama\u00f1o\/Logotipo\/Embalaje<\/td>\n<\/tr>\n<\/tbody>\n<\/table>","protected":false},"featured_media":3324,"comment_status":"closed","ping_status":"closed","template":"","meta":{"_acf_changed":false},"product_brand":[],"product_cat":[92,62],"product_tag":[96],"class_list":{"0":"post-3322","1":"product","2":"type-product","3":"status-publish","4":"has-post-thumbnail","6":"product_cat-small-dishes-wholesale","7":"product_cat-ceramic-plates-wholesale","8":"product_tag-black-white-dinnerware-wholesale","10":"first","11":"instock","12":"shipping-taxable","13":"product-type-simple"},"acf":[],"_links":{"self":[{"href":"https:\/\/www.yongjianceramic.com\/es\/wp-json\/wp\/v2\/product\/3322","targetHints":{"allow":["GET"]}}],"collection":[{"href":"https:\/\/www.yongjianceramic.com\/es\/wp-json\/wp\/v2\/product"}],"about":[{"href":"https:\/\/www.yongjianceramic.com\/es\/wp-json\/wp\/v2\/types\/product"}],"replies":[{"embeddable":true,"href":"https:\/\/www.yongjianceramic.com\/es\/wp-json\/wp\/v2\/comments?post=3322"}],"wp:featuredmedia":[{"embeddable":true,"href":"https:\/\/www.yongjianceramic.com\/es\/wp-json\/wp\/v2\/media\/3324"}],"wp:attachment":[{"href":"https:\/\/www.yongjianceramic.com\/es\/wp-json\/wp\/v2\/media?parent=3322"}],"wp:term":[{"taxonomy":"product_brand","embeddable":true,"href":"https:\/\/www.yongjianceramic.com\/es\/wp-json\/wp\/v2\/product_brand?post=3322"},{"taxonomy":"product_cat","embeddable":true,"href":"https:\/\/www.yongjianceramic.com\/es\/wp-json\/wp\/v2\/product_cat?post=3322"},{"taxonomy":"product_tag","embeddable":true,"href":"https:\/\/www.yongjianceramic.com\/es\/wp-json\/wp\/v2\/product_tag?post=3322"}],"curies":[{"name":"wp","href":"https:\/\/api.w.org\/{rel}","templated":true}]}}