{"id":3335,"date":"2024-09-09T03:41:46","date_gmt":"2024-09-09T03:41:46","guid":{"rendered":"https:\/\/www.yongjianceramic.com\/?post_type=product&#038;p=3335"},"modified":"2025-11-19T11:53:56","modified_gmt":"2025-11-19T03:53:56","slug":"wholesale-small-plates","status":"publish","type":"product","link":"https:\/\/www.yongjianceramic.com\/es\/producto\/wholesale-small-plates\/","title":{"rendered":"6-Inch Wholesale Platos Peque\u00f1os, Platos de Cer\u00e1mica Redondos Suministro"},"content":{"rendered":"<div class=\"wp-block-columns is-layout-flex wp-container-core-columns-is-layout-9d6595d7 wp-block-columns-is-layout-flex\">\n<div class=\"wp-block-column is-layout-flow wp-block-column-is-layout-flow\">\n<h2 class=\"wp-block-heading\">Platos Peque\u00f1os Premium al por mayor Caracter\u00edsticas:<\/h2>\n\n\n\n<ul class=\"wp-block-list\">\n<li><strong>Dise\u00f1o de textura esmerilada:<\/strong> Estos platos peque\u00f1os al por mayor de 6 pulgadas adoptan un dise\u00f1o de superficie con textura esmerilada, que tiene un tacto \u00fanico y no es f\u00e1cil de resbalar, lo que realza la alta gama y la practicidad del producto.<\/li>\n\n\n\n<li><strong>Uso multifuncional: <\/strong>El plato peque\u00f1o a granel se puede utilizar para escupir huesos y colocar restos de comida. Tambi\u00e9n se puede utilizar como guarnici\u00f3n, condimento o raci\u00f3n de comida. Puede utilizarse en diversas ocasiones, como en hogares, restaurantes y banquetes.<\/li>\n\n\n\n<li><strong>Material cer\u00e1mico de alta calidad: <\/strong>Fabricados en cer\u00e1mica duradera, nuestros platos peque\u00f1os al por mayor est\u00e1n dise\u00f1ados para durar y calentarse durante mucho tiempo, y son aptos para microondas y lavavajillas. Son extremadamente f\u00e1ciles de limpiar y mantener.<\/li>\n\n\n\n<li><strong>Talla y color cl\u00e1sicos: <\/strong>El pr\u00e1ctico tama\u00f1o de 6 pulgadas y el aspecto sencillo y elegante de nuestro plato peque\u00f1o a granel lo hacen compatible con los juegos de vajilla, y hay disponibles diferentes colores, que pueden aplicarse a la vida cotidiana y a los festivales.<\/li>\n<\/ul>\n<\/div>\n\n\n\n<div class=\"wp-block-column is-vertically-aligned-center is-layout-flow wp-block-column-is-layout-flow\"><div class=\"wp-block-image\">\n<figure class=\"aligncenter size-full\"><img fetchpriority=\"high\" decoding=\"async\" width=\"800\" height=\"800\" src=\"https:\/\/www.yongjianceramic.com\/wp-content\/uploads\/2024\/09\/Premium-6-Inch-Wholesale-Small-Plates-For-Discarding-Bones-4.webp\" alt=\"Platos Peque\u00f1os al por mayor de 6 pulgadas de primera calidad para desechar huesos-4\" class=\"wp-image-3339\" srcset=\"https:\/\/www.yongjianceramic.com\/wp-content\/uploads\/2024\/09\/Premium-6-Inch-Wholesale-Small-Plates-For-Discarding-Bones-4.webp 800w, https:\/\/www.yongjianceramic.com\/wp-content\/uploads\/2024\/09\/Premium-6-Inch-Wholesale-Small-Plates-For-Discarding-Bones-4-300x300.webp 300w, https:\/\/www.yongjianceramic.com\/wp-content\/uploads\/2024\/09\/Premium-6-Inch-Wholesale-Small-Plates-For-Discarding-Bones-4-150x150.webp 150w, https:\/\/www.yongjianceramic.com\/wp-content\/uploads\/2024\/09\/Premium-6-Inch-Wholesale-Small-Plates-For-Discarding-Bones-4-768x768.webp 768w, https:\/\/www.yongjianceramic.com\/wp-content\/uploads\/2024\/09\/Premium-6-Inch-Wholesale-Small-Plates-For-Discarding-Bones-4-12x12.webp 12w, https:\/\/www.yongjianceramic.com\/wp-content\/uploads\/2024\/09\/Premium-6-Inch-Wholesale-Small-Plates-For-Discarding-Bones-4-285x285.webp 285w, https:\/\/www.yongjianceramic.com\/wp-content\/uploads\/2024\/09\/Premium-6-Inch-Wholesale-Small-Plates-For-Discarding-Bones-4-270x270.webp 270w, https:\/\/www.yongjianceramic.com\/wp-content\/uploads\/2024\/09\/Premium-6-Inch-Wholesale-Small-Plates-For-Discarding-Bones-4-540x540.webp 540w, https:\/\/www.yongjianceramic.com\/wp-content\/uploads\/2024\/09\/Premium-6-Inch-Wholesale-Small-Plates-For-Discarding-Bones-4-660x660.webp 660w\" sizes=\"(max-width: 800px) 100vw, 800px\" \/><\/figure>\n<\/div><\/div>\n<\/div>","protected":false},"excerpt":{"rendered":"<p>Bienvenido a comprar nuestro lote de platos peque\u00f1os de cer\u00e1mica. Nuestros platos peque\u00f1os de 15 cm al por mayor tienen un patr\u00f3n de superficie texturizada esmerilada, ideal para escupir huesos o restos de comida, y son muy vers\u00e1tiles. Est\u00e1n fabricados con cer\u00e1mica de alta calidad, son resistentes al desgaste y f\u00e1ciles de limpiar, por lo que son una buena opci\u00f3n para familias y establecimientos de restauraci\u00f3n.<\/p>\n<table style=\"border-collapse: collapse; width: 309.02pt;\" border=\"0\" width=\"309\" cellspacing=\"0\" cellpadding=\"0\">\n<tbody>\n<tr style=\"height: 17.60pt;\">\n<td class=\"et3\" style=\"height: 17.60pt; width: 120.25pt;\" width=\"120\" height=\"17\">Fabricante<\/td>\n<td class=\"et3\" style=\"width: 189.25pt;\" width=\"189\">Yongjian<\/td>\n<\/tr>\n<tr style=\"height: 18.00pt;\">\n<td class=\"et3\" style=\"height: 18.00pt;\" height=\"18\">N\u00ba de modelo<\/td>\n<td class=\"et4\" style=\"width: 189.25pt;\" width=\"189\">YJ-030<\/td>\n<\/tr>\n<tr style=\"height: 17.60pt;\">\n<td class=\"et3\" style=\"height: 17.60pt;\" height=\"17\">Tipo de producto<\/td>\n<td class=\"et3\">Plato peque\u00f1o<\/td>\n<\/tr>\n<tr style=\"height: 17.60pt;\">\n<td class=\"et3\" style=\"height: 17.60pt;\" height=\"17\">Material<\/td>\n<td class=\"et3\">Porcelana<\/td>\n<\/tr>\n<tr style=\"height: 17.60pt;\">\n<td class=\"et5\" style=\"height: 17.60pt;\" height=\"17\">Color<\/td>\n<td class=\"et3\">Blanco\/Negro<\/td>\n<\/tr>\n<tr style=\"height: 17.60pt;\">\n<td class=\"et3\" style=\"height: 17.60pt;\" height=\"17\">Dimensi\u00f3n<\/td>\n<td class=\"et3\">15.8*15.8*1.5<\/td>\n<\/tr>\n<tr style=\"height: 17.60pt;\">\n<td class=\"et3\" style=\"height: 17.60pt;\" height=\"17\">MOQ<\/td>\n<td class=\"et3\">500 unidades<\/td>\n<\/tr>\n<tr style=\"height: 17.60pt;\">\n<td class=\"et3\" style=\"height: 17.60pt;\" height=\"17\">A medida<\/td>\n<td class=\"et3\">Color\/Tama\u00f1o\/Logotipo\/Embalaje<\/td>\n<\/tr>\n<\/tbody>\n<\/table>","protected":false},"featured_media":3337,"comment_status":"closed","ping_status":"closed","template":"","meta":{"_acf_changed":false},"product_brand":[],"product_cat":[92,93,62],"product_tag":[96],"class_list":{"0":"post-3335","1":"product","2":"type-product","3":"status-publish","4":"has-post-thumbnail","6":"product_cat-small-dishes-wholesale","7":"product_cat-bulk-dinner-plates","8":"product_cat-ceramic-plates-wholesale","9":"product_tag-black-white-dinnerware-wholesale","11":"first","12":"instock","13":"shipping-taxable","14":"product-type-simple"},"acf":[],"_links":{"self":[{"href":"https:\/\/www.yongjianceramic.com\/es\/wp-json\/wp\/v2\/product\/3335","targetHints":{"allow":["GET"]}}],"collection":[{"href":"https:\/\/www.yongjianceramic.com\/es\/wp-json\/wp\/v2\/product"}],"about":[{"href":"https:\/\/www.yongjianceramic.com\/es\/wp-json\/wp\/v2\/types\/product"}],"replies":[{"embeddable":true,"href":"https:\/\/www.yongjianceramic.com\/es\/wp-json\/wp\/v2\/comments?post=3335"}],"wp:featuredmedia":[{"embeddable":true,"href":"https:\/\/www.yongjianceramic.com\/es\/wp-json\/wp\/v2\/media\/3337"}],"wp:attachment":[{"href":"https:\/\/www.yongjianceramic.com\/es\/wp-json\/wp\/v2\/media?parent=3335"}],"wp:term":[{"taxonomy":"product_brand","embeddable":true,"href":"https:\/\/www.yongjianceramic.com\/es\/wp-json\/wp\/v2\/product_brand?post=3335"},{"taxonomy":"product_cat","embeddable":true,"href":"https:\/\/www.yongjianceramic.com\/es\/wp-json\/wp\/v2\/product_cat?post=3335"},{"taxonomy":"product_tag","embeddable":true,"href":"https:\/\/www.yongjianceramic.com\/es\/wp-json\/wp\/v2\/product_tag?post=3335"}],"curies":[{"name":"wp","href":"https:\/\/api.w.org\/{rel}","templated":true}]}}