{"id":3357,"date":"2024-09-09T05:58:47","date_gmt":"2024-09-09T05:58:47","guid":{"rendered":"https:\/\/www.yongjianceramic.com\/?post_type=product&#038;p=3357"},"modified":"2025-04-20T14:19:45","modified_gmt":"2025-04-20T06:19:45","slug":"olive-oil-dipping-bowls-wholesale","status":"publish","type":"product","link":"https:\/\/www.yongjianceramic.com\/es\/producto\/olive-oil-dipping-bowls-wholesale\/","title":{"rendered":"Cuencos de Aceite de Oliva al por mayor, Peque\u00f1os Platos de Cer\u00e1mica"},"content":{"rendered":"<div class=\"wp-block-columns is-layout-flex wp-container-core-columns-is-layout-9d6595d7 wp-block-columns-is-layout-flex\">\n<div class=\"wp-block-column is-layout-flow wp-block-column-is-layout-flow\">\n<h2 class=\"wp-block-heading\">Premium Aceite de Oliva Dipping Bowls Venta al por mayor Caracter\u00edsticas:<\/h2>\n\n\n\n<ul class=\"wp-block-list\">\n<li><strong>Tecnolog\u00eda de cambio de horno: <\/strong>Nuestros cuencos de aceite de oliva al por mayor adoptan una tecnolog\u00eda \u00fanica de cambio de horno. Cada taz\u00f3n de aceite de oliva presenta un color y textura \u00fanicos, a\u00f1adiendo una textura hecha a mano y valor art\u00edstico, haciendo la mesa m\u00e1s hermosa.<\/li>\n\n\n\n<li><strong>M\u00faltiples opciones de color: <\/strong>Estos platos de cer\u00e1mica al por mayor est\u00e1n disponibles en una gran variedad de combinaciones de colores para satisfacer las necesidades de distintos estilos de servicio de mesa. Se pueden combinar f\u00e1cilmente con otras vajillas y son adecuados para diversas ocasiones.<\/li>\n\n\n\n<li><strong>Cer\u00e1mica de alta calidad:<\/strong> Nuestros cuencos para mojar aceite de oliva al por mayor est\u00e1n fabricados en cer\u00e1mica de alta calidad, duradera y robusta, resistente a altas temperaturas, apta para uso frecuente y limpieza en lavavajillas, y se mantiene lisa y brillante durante mucho tiempo.<\/li>\n\n\n\n<li><strong>Uso multifuncional: <\/strong>Estos platos de cer\u00e1mica al por mayor no s\u00f3lo son adecuados para aceite de oliva y aderezos, sino tambi\u00e9n para otras peque\u00f1as porciones de comida. Son a la vez pr\u00e1cticos y bonitos, adecuados para compras al por mayor para familias y catering.<\/li>\n<\/ul>\n<\/div>\n\n\n\n<div class=\"wp-block-column is-vertically-aligned-center is-layout-flow wp-block-column-is-layout-flow\"><div class=\"wp-block-image\">\n<figure class=\"aligncenter size-full\"><img fetchpriority=\"high\" decoding=\"async\" width=\"800\" height=\"800\" src=\"https:\/\/www.yongjianceramic.com\/wp-content\/uploads\/2024\/09\/Stylish-Olive-Oil-Dipping-Bowls-Wholesale-Small-Ceramic-Dishes-5.webp\" alt=\"Elegante Aceite de Oliva Dipping Bowls al por mayor, peque\u00f1os platos de cer\u00e1mica-5\" class=\"wp-image-3362\" srcset=\"https:\/\/www.yongjianceramic.com\/wp-content\/uploads\/2024\/09\/Stylish-Olive-Oil-Dipping-Bowls-Wholesale-Small-Ceramic-Dishes-5.webp 800w, https:\/\/www.yongjianceramic.com\/wp-content\/uploads\/2024\/09\/Stylish-Olive-Oil-Dipping-Bowls-Wholesale-Small-Ceramic-Dishes-5-300x300.webp 300w, https:\/\/www.yongjianceramic.com\/wp-content\/uploads\/2024\/09\/Stylish-Olive-Oil-Dipping-Bowls-Wholesale-Small-Ceramic-Dishes-5-150x150.webp 150w, https:\/\/www.yongjianceramic.com\/wp-content\/uploads\/2024\/09\/Stylish-Olive-Oil-Dipping-Bowls-Wholesale-Small-Ceramic-Dishes-5-768x768.webp 768w, https:\/\/www.yongjianceramic.com\/wp-content\/uploads\/2024\/09\/Stylish-Olive-Oil-Dipping-Bowls-Wholesale-Small-Ceramic-Dishes-5-12x12.webp 12w, https:\/\/www.yongjianceramic.com\/wp-content\/uploads\/2024\/09\/Stylish-Olive-Oil-Dipping-Bowls-Wholesale-Small-Ceramic-Dishes-5-285x285.webp 285w, https:\/\/www.yongjianceramic.com\/wp-content\/uploads\/2024\/09\/Stylish-Olive-Oil-Dipping-Bowls-Wholesale-Small-Ceramic-Dishes-5-270x270.webp 270w, https:\/\/www.yongjianceramic.com\/wp-content\/uploads\/2024\/09\/Stylish-Olive-Oil-Dipping-Bowls-Wholesale-Small-Ceramic-Dishes-5-540x540.webp 540w, https:\/\/www.yongjianceramic.com\/wp-content\/uploads\/2024\/09\/Stylish-Olive-Oil-Dipping-Bowls-Wholesale-Small-Ceramic-Dishes-5-660x660.webp 660w\" sizes=\"(max-width: 800px) 100vw, 800px\" \/><\/figure>\n<\/div><\/div>\n<\/div>","protected":false},"excerpt":{"rendered":"<p>Bienvenido a comprar platos de cer\u00e1mica al por mayor. Nuestros cuencos de inmersi\u00f3n en aceite de oliva al por mayor adoptan una tecnolog\u00eda \u00fanica de cambio de horno y est\u00e1n disponibles en una gran variedad de colores. Tiene un elegante sentido art\u00edstico y material cer\u00e1mico de alta calidad. Es adecuado para su uso en la mesa para una variedad de ocasiones y es una opci\u00f3n ideal para familias y restaurantes.<\/p>\n<table style=\"border-collapse: collapse; width: 309.02pt;\" border=\"0\" width=\"309\" cellspacing=\"0\" cellpadding=\"0\">\n<tbody>\n<tr style=\"height: 17.60pt;\">\n<td class=\"et3\" style=\"height: 17.60pt; width: 120.25pt;\" width=\"120\" height=\"17\">Fabricante<\/td>\n<td class=\"et3\" style=\"width: 189.25pt;\" width=\"189\">Yongjian<\/td>\n<\/tr>\n<tr style=\"height: 18.00pt;\">\n<td class=\"et3\" style=\"height: 18.00pt;\" height=\"18\">N\u00ba de modelo<\/td>\n<td class=\"et4\" style=\"width: 189.25pt;\" width=\"189\">YJ-030<\/td>\n<\/tr>\n<tr style=\"height: 17.60pt;\">\n<td class=\"et3\" style=\"height: 17.60pt;\" height=\"17\">Tipo de producto<\/td>\n<td class=\"et3\">Plato peque\u00f1o<\/td>\n<\/tr>\n<tr style=\"height: 17.60pt;\">\n<td class=\"et3\" style=\"height: 17.60pt;\" height=\"17\">Material<\/td>\n<td class=\"et3\">Porcelana<\/td>\n<\/tr>\n<tr style=\"height: 17.60pt;\">\n<td class=\"et5\" style=\"height: 17.60pt;\" height=\"17\">Color<\/td>\n<td class=\"et3\">Como imagen<\/td>\n<\/tr>\n<tr style=\"height: 17.60pt;\">\n<td class=\"et3\" style=\"height: 17.60pt;\" height=\"17\">Dimensi\u00f3n<\/td>\n<td class=\"et3\">15.8*15.8*1.5<\/td>\n<\/tr>\n<tr style=\"height: 17.60pt;\">\n<td class=\"et3\" style=\"height: 17.60pt;\" height=\"17\">MOQ<\/td>\n<td class=\"et3\">500 unidades<\/td>\n<\/tr>\n<tr style=\"height: 17.60pt;\">\n<td class=\"et3\" style=\"height: 17.60pt;\" height=\"17\">A medida<\/td>\n<td class=\"et3\">Color\/Tama\u00f1o\/Logotipo\/Embalaje<\/td>\n<\/tr>\n<\/tbody>\n<\/table>","protected":false},"featured_media":3358,"comment_status":"closed","ping_status":"closed","template":"","meta":{"_acf_changed":false},"product_brand":[],"product_cat":[92,62],"product_tag":[88],"class_list":{"0":"post-3357","1":"product","2":"type-product","3":"status-publish","4":"has-post-thumbnail","6":"product_cat-small-dishes-wholesale","7":"product_cat-ceramic-plates-wholesale","8":"product_tag-japanese-style-dinnerware-set-wholesale","10":"first","11":"instock","12":"shipping-taxable","13":"product-type-simple"},"acf":[],"_links":{"self":[{"href":"https:\/\/www.yongjianceramic.com\/es\/wp-json\/wp\/v2\/product\/3357","targetHints":{"allow":["GET"]}}],"collection":[{"href":"https:\/\/www.yongjianceramic.com\/es\/wp-json\/wp\/v2\/product"}],"about":[{"href":"https:\/\/www.yongjianceramic.com\/es\/wp-json\/wp\/v2\/types\/product"}],"replies":[{"embeddable":true,"href":"https:\/\/www.yongjianceramic.com\/es\/wp-json\/wp\/v2\/comments?post=3357"}],"wp:featuredmedia":[{"embeddable":true,"href":"https:\/\/www.yongjianceramic.com\/es\/wp-json\/wp\/v2\/media\/3358"}],"wp:attachment":[{"href":"https:\/\/www.yongjianceramic.com\/es\/wp-json\/wp\/v2\/media?parent=3357"}],"wp:term":[{"taxonomy":"product_brand","embeddable":true,"href":"https:\/\/www.yongjianceramic.com\/es\/wp-json\/wp\/v2\/product_brand?post=3357"},{"taxonomy":"product_cat","embeddable":true,"href":"https:\/\/www.yongjianceramic.com\/es\/wp-json\/wp\/v2\/product_cat?post=3357"},{"taxonomy":"product_tag","embeddable":true,"href":"https:\/\/www.yongjianceramic.com\/es\/wp-json\/wp\/v2\/product_tag?post=3357"}],"curies":[{"name":"wp","href":"https:\/\/api.w.org\/{rel}","templated":true}]}}