{"id":3365,"date":"2024-09-09T06:18:55","date_gmt":"2024-09-09T06:18:55","guid":{"rendered":"https:\/\/www.yongjianceramic.com\/?post_type=product&#038;p=3365"},"modified":"2025-11-05T18:32:16","modified_gmt":"2025-11-05T10:32:16","slug":"charger-plates-wholesale","status":"publish","type":"product","link":"https:\/\/www.yongjianceramic.com\/es\/producto\/charger-plates-wholesale\/","title":{"rendered":"Platos Cargador de 8 pulgadas al por mayor, Platos a granel en forma de flor"},"content":{"rendered":"<div class=\"wp-block-columns is-layout-flex wp-container-core-columns-is-layout-9d6595d7 wp-block-columns-is-layout-flex\">\n<div class=\"wp-block-column is-layout-flow wp-block-column-is-layout-flow\">\n<h2 class=\"wp-block-heading\">Platos Cargador Premium al por mayor Caracter\u00edsticas:<\/h2>\n\n\n\n<ul class=\"wp-block-list\">\n<li><strong>Elegante dise\u00f1o en forma de flor:<\/strong> Nuestros platos cargadores al por mayor tienen un dise\u00f1o \u00fanico con bordes en forma de flor, son afelpados y hermosos, y a\u00f1aden refinamiento a la presentaci\u00f3n de su mesa. Destaque ante sus invitados en su catering; en bodas; o en un establecimiento de alta cocina con nuestros hermosos platos de flores.<\/li>\n\n\n\n<li><strong>Opciones de color en blanco y negro: <\/strong>Estos platos se presentan en los cl\u00e1sicos colores blanco y negro, atemporales por naturaleza, y en una paleta muy sencilla y vers\u00e1til; pueden combinarse f\u00e1cilmente con una serie de vajillas y estilos de servicio de mesa para cualquier ocasi\u00f3n.<\/li>\n\n\n\n<li><strong>Diferentes tama\u00f1os para elegir:<\/strong> Nuestros platos al por mayor est\u00e1n disponibles en dos tama\u00f1os -8\u2033 y 10\u2033- para acomodar platos diferentes en cualquier situaci\u00f3n. Desde cenas informales a banquetes formales, se pueden utilizar para cualquier ocasi\u00f3n y son muy pr\u00e1cticos.<\/li>\n\n\n\n<li><strong>Material cer\u00e1mico de calidad: <\/strong>Nuestros platos de cer\u00e1mica est\u00e1n hechos de material cer\u00e1mico de calidad que es resistente al calor \/ desgaste y f\u00e1cil de lavar. \u00a1Estos cargadores se pueden utilizar a diario y resistir\u00e1n la prueba del tiempo y la belleza!<\/li>\n<\/ul>\n<\/div>\n\n\n\n<div class=\"wp-block-column is-vertically-aligned-center is-layout-flow wp-block-column-is-layout-flow\"><div class=\"wp-block-image\">\n<figure class=\"aligncenter size-full\"><img fetchpriority=\"high\" decoding=\"async\" width=\"1200\" height=\"1200\" src=\"https:\/\/www.yongjianceramic.com\/wp-content\/uploads\/2024\/09\/Flower-Shaped-Charger-Plates-Wholesale-Dinner-Plates-Bulk-4.webp\" alt=\"Platos Cargador en Forma de Flor al por Mayor, Platos de Cena a Granel-4\" class=\"wp-image-3369\" srcset=\"https:\/\/www.yongjianceramic.com\/wp-content\/uploads\/2024\/09\/Flower-Shaped-Charger-Plates-Wholesale-Dinner-Plates-Bulk-4.webp 1200w, https:\/\/www.yongjianceramic.com\/wp-content\/uploads\/2024\/09\/Flower-Shaped-Charger-Plates-Wholesale-Dinner-Plates-Bulk-4-300x300.webp 300w, https:\/\/www.yongjianceramic.com\/wp-content\/uploads\/2024\/09\/Flower-Shaped-Charger-Plates-Wholesale-Dinner-Plates-Bulk-4-150x150.webp 150w, https:\/\/www.yongjianceramic.com\/wp-content\/uploads\/2024\/09\/Flower-Shaped-Charger-Plates-Wholesale-Dinner-Plates-Bulk-4-768x768.webp 768w, https:\/\/www.yongjianceramic.com\/wp-content\/uploads\/2024\/09\/Flower-Shaped-Charger-Plates-Wholesale-Dinner-Plates-Bulk-4-12x12.webp 12w, https:\/\/www.yongjianceramic.com\/wp-content\/uploads\/2024\/09\/Flower-Shaped-Charger-Plates-Wholesale-Dinner-Plates-Bulk-4-285x285.webp 285w, https:\/\/www.yongjianceramic.com\/wp-content\/uploads\/2024\/09\/Flower-Shaped-Charger-Plates-Wholesale-Dinner-Plates-Bulk-4-270x270.webp 270w, https:\/\/www.yongjianceramic.com\/wp-content\/uploads\/2024\/09\/Flower-Shaped-Charger-Plates-Wholesale-Dinner-Plates-Bulk-4-540x540.webp 540w, https:\/\/www.yongjianceramic.com\/wp-content\/uploads\/2024\/09\/Flower-Shaped-Charger-Plates-Wholesale-Dinner-Plates-Bulk-4-660x660.webp 660w\" sizes=\"(max-width: 1200px) 100vw, 1200px\" \/><\/figure>\n<\/div><\/div>\n<\/div>","protected":false},"excerpt":{"rendered":"<p>Le damos la bienvenida a la compra de platos llanos al por mayor. Nuestros platos llanos con forma de flor al por mayor tienen un dise\u00f1o sofisticado, tanto en blanco como en negro, as\u00ed como en tama\u00f1os de 8 y 10 pulgadas. Son a la vez bonitos y utilitarios para diversos eventos, desde cenas familiares a banquetes o en restaurantes.<\/p>\n<table style=\"border-collapse: collapse; width: 365.02pt;\" border=\"0\" width=\"365\" cellspacing=\"0\" cellpadding=\"0\">\n<tbody>\n<tr style=\"height: 17.60pt;\">\n<td class=\"et3\" style=\"height: 17.60pt; width: 120.25pt;\" width=\"120\" height=\"17\">Fabricante<\/td>\n<td class=\"et3\" style=\"width: 245.25pt;\" width=\"245\">Yongjian<\/td>\n<\/tr>\n<tr style=\"height: 18.00pt;\">\n<td class=\"et3\" style=\"height: 18.00pt;\" height=\"18\">N\u00ba de modelo<\/td>\n<td class=\"et4\" style=\"width: 245.25pt;\" width=\"245\">YJ-009<\/td>\n<\/tr>\n<tr style=\"height: 18.00pt;\">\n<td class=\"et3\" style=\"height: 18.00pt;\" height=\"18\">Tipo de producto<\/td>\n<td class=\"et4\" style=\"width: 245.25pt;\" width=\"245\">Platos llanos, Platos para servir<\/td>\n<\/tr>\n<tr style=\"height: 17.60pt;\">\n<td class=\"et3\" style=\"height: 17.60pt;\" height=\"17\">Material<\/td>\n<td class=\"et3\">Porcelana<\/td>\n<\/tr>\n<tr style=\"height: 17.60pt;\">\n<td class=\"et5\" style=\"height: 17.60pt;\" height=\"17\">Color<\/td>\n<td class=\"et3\">Blanco\/Negro<\/td>\n<\/tr>\n<tr style=\"height: 18.00pt;\">\n<td class=\"et3\" style=\"height: 18.00pt;\" height=\"18\">Dimensi\u00f3n<\/td>\n<td class=\"et4\" style=\"width: 245.25pt;\" width=\"245\">20.5*20.5*2.3<\/td>\n<\/tr>\n<tr style=\"height: 17.60pt;\">\n<td class=\"et3\" style=\"height: 17.60pt;\" height=\"17\">MOQ<\/td>\n<td class=\"et3\">500 unidades<\/td>\n<\/tr>\n<tr style=\"height: 17.60pt;\">\n<td class=\"et3\" style=\"height: 17.60pt;\" height=\"17\">A medida<\/td>\n<td class=\"et3\">Color\/Tama\u00f1o\/Logotipo\/Embalaje<\/td>\n<\/tr>\n<\/tbody>\n<\/table>","protected":false},"featured_media":3366,"comment_status":"closed","ping_status":"closed","template":"","meta":{"_acf_changed":false},"product_brand":[],"product_cat":[93,62,76],"product_tag":[96],"class_list":{"0":"post-3365","1":"product","2":"type-product","3":"status-publish","4":"has-post-thumbnail","6":"product_cat-bulk-dinner-plates","7":"product_cat-ceramic-plates-wholesale","8":"product_cat-wholesale-serving-platters","9":"product_tag-black-white-dinnerware-wholesale","11":"first","12":"instock","13":"shipping-taxable","14":"product-type-simple"},"acf":[],"_links":{"self":[{"href":"https:\/\/www.yongjianceramic.com\/es\/wp-json\/wp\/v2\/product\/3365","targetHints":{"allow":["GET"]}}],"collection":[{"href":"https:\/\/www.yongjianceramic.com\/es\/wp-json\/wp\/v2\/product"}],"about":[{"href":"https:\/\/www.yongjianceramic.com\/es\/wp-json\/wp\/v2\/types\/product"}],"replies":[{"embeddable":true,"href":"https:\/\/www.yongjianceramic.com\/es\/wp-json\/wp\/v2\/comments?post=3365"}],"wp:featuredmedia":[{"embeddable":true,"href":"https:\/\/www.yongjianceramic.com\/es\/wp-json\/wp\/v2\/media\/3366"}],"wp:attachment":[{"href":"https:\/\/www.yongjianceramic.com\/es\/wp-json\/wp\/v2\/media?parent=3365"}],"wp:term":[{"taxonomy":"product_brand","embeddable":true,"href":"https:\/\/www.yongjianceramic.com\/es\/wp-json\/wp\/v2\/product_brand?post=3365"},{"taxonomy":"product_cat","embeddable":true,"href":"https:\/\/www.yongjianceramic.com\/es\/wp-json\/wp\/v2\/product_cat?post=3365"},{"taxonomy":"product_tag","embeddable":true,"href":"https:\/\/www.yongjianceramic.com\/es\/wp-json\/wp\/v2\/product_tag?post=3365"}],"curies":[{"name":"wp","href":"https:\/\/api.w.org\/{rel}","templated":true}]}}