{"id":3374,"date":"2024-09-09T06:41:08","date_gmt":"2024-09-09T06:41:08","guid":{"rendered":"https:\/\/www.yongjianceramic.com\/?post_type=product&#038;p=3374"},"modified":"2025-11-19T16:29:57","modified_gmt":"2025-11-19T08:29:57","slug":"bulk-dinner-plates","status":"publish","type":"product","link":"https:\/\/www.yongjianceramic.com\/es\/producto\/bulk-dinner-plates\/","title":{"rendered":"Platos a Granel de 10\" con Borde Rayado para Eventos"},"content":{"rendered":"<div class=\"wp-block-columns is-layout-flex wp-container-core-columns-is-layout-9d6595d7 wp-block-columns-is-layout-flex\">\n<div class=\"wp-block-column is-layout-flow wp-block-column-is-layout-flow\">\n<h2 class=\"wp-block-heading\">Platos llanos a granel de primera calidad Caracter\u00edsticas:<\/h2>\n\n\n\n<ul class=\"wp-block-list\">\n<li><strong>Dise\u00f1o cl\u00e1sico con bordes rayados:<\/strong> Nuestros platos llanos de 25 cm se complementan con un precioso dise\u00f1o de borde rayado. Los platos con borde rayado son muy elegantes y cl\u00e1sicos, perfectos para cualquier banquete, boda o cena formal, \u00a1adem\u00e1s de ser un bonito complemento para cualquier mesa!<\/li>\n\n\n\n<li><strong>Opciones de color blanco y negro:<\/strong> Nuestra vajilla al por mayor para eventos est\u00e1 disponible en dos colores cl\u00e1sicos: blanco y negro. Ambos son tonos vers\u00e1tiles que combinan f\u00e1cilmente con cualquier estilo de vajilla y disposici\u00f3n de mesa, adapt\u00e1ndose a cualquier ocasi\u00f3n.<\/li>\n\n\n\n<li><strong>Gran tama\u00f1o y gran practicidad:<\/strong> Estos platos de gran tama\u00f1o de 10 pulgadas son muy adecuados para platos principales, fuentes u otros platos grandes, y satisfacen las necesidades multifuncionales de las comidas diarias y los banquetes formales.<\/li>\n\n\n\n<li><strong>Material cer\u00e1mico de alta calidad:<\/strong> Nuestra vajilla al por mayor para eventos est\u00e1 fabricada en cer\u00e1mica de alta calidad, lo que le confiere una excelente durabilidad y resistencia al calor. Es apta para microondas y lavavajillas, f\u00e1cil de limpiar y mantiene su belleza durante mucho tiempo.<\/li>\n<\/ul>\n<\/div>\n\n\n\n<div class=\"wp-block-column is-vertically-aligned-center is-layout-flow wp-block-column-is-layout-flow\"><div class=\"wp-block-image\">\n<figure class=\"aligncenter size-full\"><img fetchpriority=\"high\" decoding=\"async\" width=\"750\" height=\"750\" src=\"https:\/\/www.yongjianceramic.com\/wp-content\/uploads\/2024\/09\/Premium-Bulk-Dinner-Plates-With-Striped-Edge-Design-Dinnerware-For-Events-4.webp\" alt=\"Platos a Granel con Borde Rayado, Vajilla para Eventos-4\" class=\"wp-image-3378\" srcset=\"https:\/\/www.yongjianceramic.com\/wp-content\/uploads\/2024\/09\/Premium-Bulk-Dinner-Plates-With-Striped-Edge-Design-Dinnerware-For-Events-4.webp 750w, https:\/\/www.yongjianceramic.com\/wp-content\/uploads\/2024\/09\/Premium-Bulk-Dinner-Plates-With-Striped-Edge-Design-Dinnerware-For-Events-4-300x300.webp 300w, https:\/\/www.yongjianceramic.com\/wp-content\/uploads\/2024\/09\/Premium-Bulk-Dinner-Plates-With-Striped-Edge-Design-Dinnerware-For-Events-4-150x150.webp 150w, https:\/\/www.yongjianceramic.com\/wp-content\/uploads\/2024\/09\/Premium-Bulk-Dinner-Plates-With-Striped-Edge-Design-Dinnerware-For-Events-4-12x12.webp 12w, https:\/\/www.yongjianceramic.com\/wp-content\/uploads\/2024\/09\/Premium-Bulk-Dinner-Plates-With-Striped-Edge-Design-Dinnerware-For-Events-4-285x285.webp 285w, https:\/\/www.yongjianceramic.com\/wp-content\/uploads\/2024\/09\/Premium-Bulk-Dinner-Plates-With-Striped-Edge-Design-Dinnerware-For-Events-4-270x270.webp 270w, https:\/\/www.yongjianceramic.com\/wp-content\/uploads\/2024\/09\/Premium-Bulk-Dinner-Plates-With-Striped-Edge-Design-Dinnerware-For-Events-4-540x540.webp 540w, https:\/\/www.yongjianceramic.com\/wp-content\/uploads\/2024\/09\/Premium-Bulk-Dinner-Plates-With-Striped-Edge-Design-Dinnerware-For-Events-4-660x660.webp 660w\" sizes=\"(max-width: 750px) 100vw, 750px\" \/><\/figure>\n<\/div><\/div>\n<\/div>","protected":false},"excerpt":{"rendered":"<p>Bienvenido a la compra de vajillas para eventos. Nuestros platos llanos al por mayor presentan un dise\u00f1o de rayas en el borde. Est\u00e1n disponibles en blanco y negro, fabricados con cer\u00e1mica de alta calidad, lo que garantiza su resistencia y facilidad de limpieza, lo que los convierte en una excelente opci\u00f3n para banquetes, bodas y comidas diarias.<\/p>\n<table style=\"border-collapse: collapse; width: 309.02pt;\" border=\"0\" width=\"309\" cellspacing=\"0\" cellpadding=\"0\">\n<tbody>\n<tr style=\"height: 17.60pt;\">\n<td class=\"et3\" style=\"height: 17.60pt; width: 120.25pt;\" width=\"120\" height=\"17\">Fabricante<\/td>\n<td class=\"et3\" style=\"width: 189.25pt;\" width=\"189\">Yongjian<\/td>\n<\/tr>\n<tr style=\"height: 18.00pt;\">\n<td class=\"et3\" style=\"height: 18.00pt;\" height=\"18\">N\u00ba de modelo<\/td>\n<td class=\"et4\" style=\"width: 189.25pt;\" width=\"189\">YJ-013<\/td>\n<\/tr>\n<tr style=\"height: 17.60pt;\">\n<td class=\"et3\" style=\"height: 17.60pt;\" height=\"17\">Tipo de producto<\/td>\n<td class=\"et3\">Plato hondo, Plato para servir<\/td>\n<\/tr>\n<tr style=\"height: 17.60pt;\">\n<td class=\"et3\" style=\"height: 17.60pt;\" height=\"17\">Material<\/td>\n<td class=\"et3\">Porcelana<\/td>\n<\/tr>\n<tr style=\"height: 17.60pt;\">\n<td class=\"et5\" style=\"height: 17.60pt;\" height=\"17\">Color<\/td>\n<td class=\"et3\">Blanco\/Negro<\/td>\n<\/tr>\n<tr style=\"height: 18.00pt;\">\n<td class=\"et3\" style=\"height: 18.00pt;\" height=\"18\">Dimensi\u00f3n<\/td>\n<td class=\"et6\" style=\"width: 189.25pt;\" width=\"189\">24.5*24.5*4.5<\/td>\n<\/tr>\n<tr style=\"height: 17.60pt;\">\n<td class=\"et3\" style=\"height: 17.60pt;\" height=\"17\">MOQ<\/td>\n<td class=\"et3\">500 unidades<\/td>\n<\/tr>\n<tr style=\"height: 17.60pt;\">\n<td class=\"et3\" style=\"height: 17.60pt;\" height=\"17\">A medida<\/td>\n<td class=\"et3\">Color\/Tama\u00f1o\/Logotipo\/Embalaje<\/td>\n<\/tr>\n<\/tbody>\n<\/table>\n<p>&nbsp;<\/p>","protected":false},"featured_media":3379,"comment_status":"closed","ping_status":"closed","template":"","meta":{"_acf_changed":false},"product_brand":[],"product_cat":[77,62,76],"product_tag":[96],"class_list":{"0":"post-3374","1":"product","2":"type-product","3":"status-publish","4":"has-post-thumbnail","6":"product_cat-deep-plates-wholesale","7":"product_cat-ceramic-plates-wholesale","8":"product_cat-wholesale-serving-platters","9":"product_tag-black-white-dinnerware-wholesale","11":"first","12":"instock","13":"shipping-taxable","14":"product-type-simple"},"acf":[],"_links":{"self":[{"href":"https:\/\/www.yongjianceramic.com\/es\/wp-json\/wp\/v2\/product\/3374","targetHints":{"allow":["GET"]}}],"collection":[{"href":"https:\/\/www.yongjianceramic.com\/es\/wp-json\/wp\/v2\/product"}],"about":[{"href":"https:\/\/www.yongjianceramic.com\/es\/wp-json\/wp\/v2\/types\/product"}],"replies":[{"embeddable":true,"href":"https:\/\/www.yongjianceramic.com\/es\/wp-json\/wp\/v2\/comments?post=3374"}],"wp:featuredmedia":[{"embeddable":true,"href":"https:\/\/www.yongjianceramic.com\/es\/wp-json\/wp\/v2\/media\/3379"}],"wp:attachment":[{"href":"https:\/\/www.yongjianceramic.com\/es\/wp-json\/wp\/v2\/media?parent=3374"}],"wp:term":[{"taxonomy":"product_brand","embeddable":true,"href":"https:\/\/www.yongjianceramic.com\/es\/wp-json\/wp\/v2\/product_brand?post=3374"},{"taxonomy":"product_cat","embeddable":true,"href":"https:\/\/www.yongjianceramic.com\/es\/wp-json\/wp\/v2\/product_cat?post=3374"},{"taxonomy":"product_tag","embeddable":true,"href":"https:\/\/www.yongjianceramic.com\/es\/wp-json\/wp\/v2\/product_tag?post=3374"}],"curies":[{"name":"wp","href":"https:\/\/api.w.org\/{rel}","templated":true}]}}