{"id":3390,"date":"2024-09-09T07:30:19","date_gmt":"2024-09-09T07:30:19","guid":{"rendered":"https:\/\/www.yongjianceramic.com\/?post_type=product&#038;p=3390"},"modified":"2025-03-01T16:10:01","modified_gmt":"2025-03-01T08:10:01","slug":"dinner-plates-wholesale","status":"publish","type":"product","link":"https:\/\/www.yongjianceramic.com\/es\/producto\/dinner-plates-wholesale\/","title":{"rendered":"Platos Esmaltados Mate Blanco y Negro de 8 Pulgadas al por Mayor para Eventos"},"content":{"rendered":"<div class=\"wp-block-columns is-layout-flex wp-container-core-columns-is-layout-9d6595d7 wp-block-columns-is-layout-flex\">\n<div class=\"wp-block-column is-layout-flow wp-block-column-is-layout-flow\">\n<h2 class=\"wp-block-heading\">Platos Premium al por mayor Caracter\u00edsticas:<\/h2>\n\n\n\n<ul class=\"wp-block-list\">\n<li><strong>Elegante esmalte mate: <\/strong>Estos platos llanos a granel recuerdan a los modernos acabados de esmalte mate y ofrecen un aspecto limpio y avanzado que convierte las cenas en una delicia culinaria.<\/li>\n\n\n\n<li><strong>Dos opciones de tama\u00f1o: <\/strong>Nuestros platos de cena al por mayor tienen 2 opciones de color, son capaces de satisfacer diferentes demandas de catering, ya sea para el plato principal o una guarnici\u00f3n, puede elegir el plato correspondiente.<\/li>\n\n\n\n<li><strong>Ventaja de la compra a granel: <\/strong>Estos platos de cena a granel est\u00e1n dise\u00f1ados para grandes funciones y son adecuados para la compra al por mayor. Son perfectos para banquetes, bodas, actos corporativos y otros eventos.<\/li>\n\n\n\n<li><strong>Duradero y f\u00e1cil de limpiar: <\/strong>Nuestros platos de cena al por mayor est\u00e1n fabricados con materiales de alta calidad, son f\u00e1ciles de limpiar y duraderos. No s\u00f3lo son resistentes al desgaste, sino que tambi\u00e9n mantienen su belleza a largo plazo y pueden utilizarse repetidamente.<\/li>\n<\/ul>\n<\/div>\n\n\n\n<div class=\"wp-block-column is-vertically-aligned-center is-layout-flow wp-block-column-is-layout-flow\"><div class=\"wp-block-image\">\n<figure class=\"aligncenter size-full\"><img fetchpriority=\"high\" decoding=\"async\" width=\"750\" height=\"750\" src=\"https:\/\/www.yongjianceramic.com\/wp-content\/uploads\/2024\/09\/Matte-Glaze-White-Black-Dinner-Plates-Wholesale-For-Events-4.webp\" alt=\"Platos Esmaltados Blanco y Negro al por Mayor para Eventos-4\" class=\"wp-image-3394\" srcset=\"https:\/\/www.yongjianceramic.com\/wp-content\/uploads\/2024\/09\/Matte-Glaze-White-Black-Dinner-Plates-Wholesale-For-Events-4.webp 750w, https:\/\/www.yongjianceramic.com\/wp-content\/uploads\/2024\/09\/Matte-Glaze-White-Black-Dinner-Plates-Wholesale-For-Events-4-300x300.webp 300w, https:\/\/www.yongjianceramic.com\/wp-content\/uploads\/2024\/09\/Matte-Glaze-White-Black-Dinner-Plates-Wholesale-For-Events-4-150x150.webp 150w, https:\/\/www.yongjianceramic.com\/wp-content\/uploads\/2024\/09\/Matte-Glaze-White-Black-Dinner-Plates-Wholesale-For-Events-4-12x12.webp 12w, https:\/\/www.yongjianceramic.com\/wp-content\/uploads\/2024\/09\/Matte-Glaze-White-Black-Dinner-Plates-Wholesale-For-Events-4-285x285.webp 285w, https:\/\/www.yongjianceramic.com\/wp-content\/uploads\/2024\/09\/Matte-Glaze-White-Black-Dinner-Plates-Wholesale-For-Events-4-270x270.webp 270w, https:\/\/www.yongjianceramic.com\/wp-content\/uploads\/2024\/09\/Matte-Glaze-White-Black-Dinner-Plates-Wholesale-For-Events-4-540x540.webp 540w, https:\/\/www.yongjianceramic.com\/wp-content\/uploads\/2024\/09\/Matte-Glaze-White-Black-Dinner-Plates-Wholesale-For-Events-4-660x660.webp 660w\" sizes=\"(max-width: 750px) 100vw, 750px\" \/><\/figure>\n<\/div><\/div>\n<\/div>","protected":false},"excerpt":{"rendered":"<p>Bienvenido a comprar platos de cena al por mayor. Estos platos esmaltados en blanco y negro al por mayor aportar\u00e1n a su evento un toque de elegancia y estilo contempor\u00e1neo. Se fabrican en dos tama\u00f1os para satisfacer las distintas necesidades de catering. Son ideales para grandes eventos como bodas y banquetes.<\/p>\n<table style=\"border-collapse: collapse; width: 365.02pt;\" border=\"0\" width=\"365\" cellspacing=\"0\" cellpadding=\"0\">\n<tbody>\n<tr style=\"height: 17.60pt;\">\n<td class=\"et3\" style=\"height: 17.60pt; width: 120.25pt;\" width=\"120\" height=\"17\">Fabricante<\/td>\n<td class=\"et3\" style=\"width: 245.25pt;\" width=\"245\">Yongjian<\/td>\n<\/tr>\n<tr style=\"height: 18.00pt;\">\n<td class=\"et3\" style=\"height: 18.00pt;\" height=\"18\">N\u00ba de modelo<\/td>\n<td class=\"et4\" style=\"width: 245.25pt;\" width=\"245\">YJ-018<\/td>\n<\/tr>\n<tr style=\"height: 18.00pt;\">\n<td class=\"et3\" style=\"height: 18.00pt;\" height=\"18\">Tipo de producto<\/td>\n<td class=\"et4\" style=\"width: 245.25pt;\" width=\"245\">Platos llanos<\/td>\n<\/tr>\n<tr style=\"height: 17.60pt;\">\n<td class=\"et3\" style=\"height: 17.60pt;\" height=\"17\">Material<\/td>\n<td class=\"et3\">Porcelana<\/td>\n<\/tr>\n<tr style=\"height: 17.60pt;\">\n<td class=\"et5\" style=\"height: 17.60pt;\" height=\"17\">Color<\/td>\n<td class=\"et3\">Blanco\/Negro<\/td>\n<\/tr>\n<tr style=\"height: 18.00pt;\">\n<td class=\"et3\" style=\"height: 18.00pt;\" height=\"18\">Dimensi\u00f3n<\/td>\n<td class=\"et4\" style=\"width: 245.25pt;\" width=\"245\">21*21*2.5<\/td>\n<\/tr>\n<tr style=\"height: 17.60pt;\">\n<td class=\"et3\" style=\"height: 17.60pt;\" height=\"17\">MOQ<\/td>\n<td class=\"et3\">500 unidades<\/td>\n<\/tr>\n<tr style=\"height: 17.60pt;\">\n<td class=\"et3\" style=\"height: 17.60pt;\" height=\"17\">A medida<\/td>\n<td class=\"et3\">Color\/Tama\u00f1o\/Logotipo\/Embalaje<\/td>\n<\/tr>\n<\/tbody>\n<\/table>","protected":false},"featured_media":3393,"comment_status":"closed","ping_status":"closed","template":"","meta":{"_acf_changed":false},"product_brand":[],"product_cat":[93,62],"product_tag":[96],"class_list":{"0":"post-3390","1":"product","2":"type-product","3":"status-publish","4":"has-post-thumbnail","6":"product_cat-bulk-dinner-plates","7":"product_cat-ceramic-plates-wholesale","8":"product_tag-black-white-dinnerware-wholesale","10":"first","11":"instock","12":"shipping-taxable","13":"product-type-simple"},"acf":[],"_links":{"self":[{"href":"https:\/\/www.yongjianceramic.com\/es\/wp-json\/wp\/v2\/product\/3390","targetHints":{"allow":["GET"]}}],"collection":[{"href":"https:\/\/www.yongjianceramic.com\/es\/wp-json\/wp\/v2\/product"}],"about":[{"href":"https:\/\/www.yongjianceramic.com\/es\/wp-json\/wp\/v2\/types\/product"}],"replies":[{"embeddable":true,"href":"https:\/\/www.yongjianceramic.com\/es\/wp-json\/wp\/v2\/comments?post=3390"}],"wp:featuredmedia":[{"embeddable":true,"href":"https:\/\/www.yongjianceramic.com\/es\/wp-json\/wp\/v2\/media\/3393"}],"wp:attachment":[{"href":"https:\/\/www.yongjianceramic.com\/es\/wp-json\/wp\/v2\/media?parent=3390"}],"wp:term":[{"taxonomy":"product_brand","embeddable":true,"href":"https:\/\/www.yongjianceramic.com\/es\/wp-json\/wp\/v2\/product_brand?post=3390"},{"taxonomy":"product_cat","embeddable":true,"href":"https:\/\/www.yongjianceramic.com\/es\/wp-json\/wp\/v2\/product_cat?post=3390"},{"taxonomy":"product_tag","embeddable":true,"href":"https:\/\/www.yongjianceramic.com\/es\/wp-json\/wp\/v2\/product_tag?post=3390"}],"curies":[{"name":"wp","href":"https:\/\/api.w.org\/{rel}","templated":true}]}}