{"id":3412,"date":"2024-09-09T09:42:51","date_gmt":"2024-09-09T09:42:51","guid":{"rendered":"https:\/\/www.yongjianceramic.com\/?post_type=product&#038;p=3412"},"modified":"2025-03-01T17:25:52","modified_gmt":"2025-03-01T09:25:52","slug":"plates-in-bulk","status":"publish","type":"product","link":"https:\/\/www.yongjianceramic.com\/es\/producto\/plates-in-bulk\/","title":{"rendered":"Platos de Restaurante a Granel, Platos al por mayor para catering"},"content":{"rendered":"<div class=\"wp-block-columns is-layout-flex wp-container-core-columns-is-layout-9d6595d7 wp-block-columns-is-layout-flex\">\n<div class=\"wp-block-column is-layout-flow wp-block-column-is-layout-flow\">\n<h2 class=\"wp-block-heading\">Platos Premium a Granel Caracter\u00edsticas:<\/h2>\n\n\n\n<ul class=\"wp-block-list\">\n<li><strong>Dise\u00f1o de borde ondulado: <\/strong>Nuestros platos de cer\u00e1mica a granel presentan un dise\u00f1o \u00fanico de bordes ondulados, con un toque contempor\u00e1neo e inter\u00e9s visual, creando un centro de mesa espectacular en una amplia variedad de entornos de catering.<\/li>\n\n\n\n<li><strong>Diversas opciones de color: <\/strong>Estas fuentes al por mayor tienen varias opciones de color, que son los cl\u00e1sicos blanco y negro. Estos colores son f\u00e1ciles de combinar con cualquier decoraci\u00f3n de mesa para atender a una amplia gama de clientes.<\/li>\n\n\n\n<li><strong>Apto para microondas y lavavajillas: <\/strong>Nuestros platos de cer\u00e1mica a granel no s\u00f3lo son perfectos para calentarlos en el microondas, sino que tambi\u00e9n se pueden lavar en el lavavajillas, lo que resulta pr\u00e1ctico y r\u00e1pido en entornos de restauraci\u00f3n muy concurridos.<\/li>\n\n\n\n<li><strong>Material duradero: <\/strong>Estas fuentes para servir al por mayor est\u00e1n fabricadas con material cer\u00e1mico de alta calidad, por lo que los platos tienen buenas propiedades de resistencia al uso intensivo, son resistentes a los ara\u00f1azos y no se deforman f\u00e1cilmente, y pueden utilizarse en escenarios de uso intensivo.<\/li>\n<\/ul>\n<\/div>\n\n\n\n<div class=\"wp-block-column is-vertically-aligned-center is-layout-flow wp-block-column-is-layout-flow\"><div class=\"wp-block-image\">\n<figure class=\"aligncenter size-full\"><img fetchpriority=\"high\" decoding=\"async\" width=\"750\" height=\"750\" src=\"https:\/\/www.yongjianceramic.com\/wp-content\/uploads\/2024\/09\/Restaurant-Plates-In-Bulk-Wholesale-Serving-Platters-For-Catering-3.webp\" alt=\"Platos De Restaurante Al Por Mayor, Platos De Servir Al Por Mayor Para Catering-3\" class=\"wp-image-3415\" srcset=\"https:\/\/www.yongjianceramic.com\/wp-content\/uploads\/2024\/09\/Restaurant-Plates-In-Bulk-Wholesale-Serving-Platters-For-Catering-3.webp 750w, https:\/\/www.yongjianceramic.com\/wp-content\/uploads\/2024\/09\/Restaurant-Plates-In-Bulk-Wholesale-Serving-Platters-For-Catering-3-300x300.webp 300w, https:\/\/www.yongjianceramic.com\/wp-content\/uploads\/2024\/09\/Restaurant-Plates-In-Bulk-Wholesale-Serving-Platters-For-Catering-3-150x150.webp 150w, https:\/\/www.yongjianceramic.com\/wp-content\/uploads\/2024\/09\/Restaurant-Plates-In-Bulk-Wholesale-Serving-Platters-For-Catering-3-12x12.webp 12w, https:\/\/www.yongjianceramic.com\/wp-content\/uploads\/2024\/09\/Restaurant-Plates-In-Bulk-Wholesale-Serving-Platters-For-Catering-3-285x285.webp 285w, https:\/\/www.yongjianceramic.com\/wp-content\/uploads\/2024\/09\/Restaurant-Plates-In-Bulk-Wholesale-Serving-Platters-For-Catering-3-270x270.webp 270w, https:\/\/www.yongjianceramic.com\/wp-content\/uploads\/2024\/09\/Restaurant-Plates-In-Bulk-Wholesale-Serving-Platters-For-Catering-3-540x540.webp 540w, https:\/\/www.yongjianceramic.com\/wp-content\/uploads\/2024\/09\/Restaurant-Plates-In-Bulk-Wholesale-Serving-Platters-For-Catering-3-660x660.webp 660w\" sizes=\"(max-width: 750px) 100vw, 750px\" \/><\/figure>\n<\/div><\/div>\n<\/div>","protected":false},"excerpt":{"rendered":"<p>Bienvenido a comprar platos de servir al por mayor. Nuestros platos de borde ondulado al por mayor ofrecen un dise\u00f1o \u00fanico y una amplia selecci\u00f3n para empresas de catering. Aptos para microondas y lavavajillas, f\u00e1ciles de calentar y lavar, satisfacen las necesidades de un servicio de catering eficiente.<\/p>\n<table style=\"border-collapse: collapse; width: 309.02pt;\" border=\"0\" width=\"309\" cellspacing=\"0\" cellpadding=\"0\">\n<tbody>\n<tr style=\"height: 17.60pt;\">\n<td class=\"et3\" style=\"height: 17.60pt; width: 120.25pt;\" width=\"120\" height=\"17\">Fabricante<\/td>\n<td class=\"et3\" style=\"width: 189.25pt;\" width=\"189\">Yongjian<\/td>\n<\/tr>\n<tr style=\"height: 18.00pt;\">\n<td class=\"et3\" style=\"height: 18.00pt;\" height=\"18\">N\u00ba de modelo<\/td>\n<td class=\"et4\" style=\"width: 189.25pt;\" width=\"189\">YJ-021<\/td>\n<\/tr>\n<tr style=\"height: 17.60pt;\">\n<td class=\"et3\" style=\"height: 17.60pt;\" height=\"17\">Tipo de producto<\/td>\n<td class=\"et3\">Bandeja<\/td>\n<\/tr>\n<tr style=\"height: 17.60pt;\">\n<td class=\"et3\" style=\"height: 17.60pt;\" height=\"17\">Material<\/td>\n<td class=\"et3\">Porcelana<\/td>\n<\/tr>\n<tr style=\"height: 17.60pt;\">\n<td class=\"et5\" style=\"height: 17.60pt;\" height=\"17\">Color<\/td>\n<td class=\"et3\">Blanco\/Negro<\/td>\n<\/tr>\n<tr style=\"height: 18.00pt;\">\n<td class=\"et3\" style=\"height: 18.00pt;\" height=\"18\">Dimensi\u00f3n<\/td>\n<td class=\"et6\" style=\"width: 189.25pt;\" width=\"189\">30.5*18*4<\/td>\n<\/tr>\n<tr style=\"height: 17.60pt;\">\n<td class=\"et3\" style=\"height: 17.60pt;\" height=\"17\">MOQ<\/td>\n<td class=\"et3\">500 unidades<\/td>\n<\/tr>\n<tr style=\"height: 17.60pt;\">\n<td class=\"et3\" style=\"height: 17.60pt;\" height=\"17\">A medida<\/td>\n<td class=\"et3\">Color\/Tama\u00f1o\/Logotipo\/Embalaje<\/td>\n<\/tr>\n<\/tbody>\n<\/table>\n<p>&nbsp;<\/p>","protected":false},"featured_media":3413,"comment_status":"closed","ping_status":"closed","template":"","meta":{"_acf_changed":false},"product_brand":[],"product_cat":[62,76],"product_tag":[96],"class_list":{"0":"post-3412","1":"product","2":"type-product","3":"status-publish","4":"has-post-thumbnail","6":"product_cat-ceramic-plates-wholesale","7":"product_cat-wholesale-serving-platters","8":"product_tag-black-white-dinnerware-wholesale","10":"first","11":"instock","12":"shipping-taxable","13":"product-type-simple"},"acf":[],"_links":{"self":[{"href":"https:\/\/www.yongjianceramic.com\/es\/wp-json\/wp\/v2\/product\/3412","targetHints":{"allow":["GET"]}}],"collection":[{"href":"https:\/\/www.yongjianceramic.com\/es\/wp-json\/wp\/v2\/product"}],"about":[{"href":"https:\/\/www.yongjianceramic.com\/es\/wp-json\/wp\/v2\/types\/product"}],"replies":[{"embeddable":true,"href":"https:\/\/www.yongjianceramic.com\/es\/wp-json\/wp\/v2\/comments?post=3412"}],"wp:featuredmedia":[{"embeddable":true,"href":"https:\/\/www.yongjianceramic.com\/es\/wp-json\/wp\/v2\/media\/3413"}],"wp:attachment":[{"href":"https:\/\/www.yongjianceramic.com\/es\/wp-json\/wp\/v2\/media?parent=3412"}],"wp:term":[{"taxonomy":"product_brand","embeddable":true,"href":"https:\/\/www.yongjianceramic.com\/es\/wp-json\/wp\/v2\/product_brand?post=3412"},{"taxonomy":"product_cat","embeddable":true,"href":"https:\/\/www.yongjianceramic.com\/es\/wp-json\/wp\/v2\/product_cat?post=3412"},{"taxonomy":"product_tag","embeddable":true,"href":"https:\/\/www.yongjianceramic.com\/es\/wp-json\/wp\/v2\/product_tag?post=3412"}],"curies":[{"name":"wp","href":"https:\/\/api.w.org\/{rel}","templated":true}]}}