{"id":3430,"date":"2024-09-12T02:29:25","date_gmt":"2024-09-12T02:29:25","guid":{"rendered":"https:\/\/www.yongjianceramic.com\/?post_type=product&#038;p=3430"},"modified":"2024-12-05T11:46:35","modified_gmt":"2024-12-05T03:46:35","slug":"exquisite-steak-plates-wholesale","status":"publish","type":"product","link":"https:\/\/www.yongjianceramic.com\/es\/producto\/exquisite-steak-plates-wholesale\/","title":{"rendered":"Platos Exquisitos al por mayor, Platos de 8 y 10 pulgadas al por mayor"},"content":{"rendered":"<div class=\"wp-block-columns is-layout-flex wp-container-core-columns-is-layout-9d6595d7 wp-block-columns-is-layout-flex\">\n<div class=\"wp-block-column is-layout-flow wp-block-column-is-layout-flow\">\n<h2 class=\"wp-block-heading\">Platos de filete de primera calidad al por mayor Caracter\u00edsticas:<\/h2>\n\n\n\n<ul class=\"wp-block-list\">\n<li><strong>El exquisito dise\u00f1o realza la experiencia gastron\u00f3mica:<\/strong> Nuestros exquisitos platos de filete al por mayor est\u00e1n exquisitamente dise\u00f1ados con l\u00edneas suaves, adecuados para colocar filetes, pasta u otros platos principales, que no s\u00f3lo realzan el efecto visual de la comida, sino que tambi\u00e9n a\u00f1aden un ambiente elegante a la mesa. No importa el tipo de banquete, har\u00e1 que cada comida sea m\u00e1s exquisita.<\/li>\n\n\n\n<li><strong>Opciones de color blanco y negro:<\/strong> Proporcionar opciones de color blanco y negro cl\u00e1sico para platos de carne a granel, el negro es solemne y elegante, y el blanco es puro y elegante, ambos colores pueden combinar perfectamente con cualquier ajuste de la tabla, mejorar el efecto visual de los alimentos, y mejorar la experiencia de comer.<\/li>\n\n\n\n<li><strong>Una variedad de tama\u00f1os para satisfacer diferentes necesidades:<\/strong> Disponibles en tama\u00f1os de 8 y 10 pulgadas, estos platos para bistec al por mayor son adecuados para todo tipo de cenas. El plato peque\u00f1o de 8 pulgadas es adecuado para la presentaci\u00f3n de filete delicado, que puede resaltar la belleza de los alimentos; mientras que el de 10 pulgadas es adecuado para platos de cena abundante, satisfacer las necesidades de diferentes ocasiones.<\/li>\n\n\n\n<li><strong>Compra a granel, rentable:<\/strong> Nuestros platos de filete al por mayor ofrecen un plan de ventas al por mayor para garantizar que se mantiene la alta calidad al tiempo que se reduce el coste por unidad al comprar en grandes cantidades. Tanto si se trata de un restaurante, un hotel o un banquete de boda, este plato de cena es una opci\u00f3n con una excelente relaci\u00f3n calidad-precio<\/li>\n<\/ul>\n<\/div>\n\n\n\n<div class=\"wp-block-column is-vertically-aligned-center is-layout-flow wp-block-column-is-layout-flow\"><div class=\"wp-block-image\">\n<figure class=\"aligncenter size-full\"><img fetchpriority=\"high\" decoding=\"async\" width=\"750\" height=\"750\" src=\"https:\/\/www.yongjianceramic.com\/wp-content\/uploads\/2024\/09\/Exquisite-Steak-Plates-Wholesale-8-Inch-10-Inch-Dinner-Plates-In-Bulk-5.webp\" alt=\"Platos de Carne Exquisitos al por mayor, Platos de 8 y 10 pulgadas al por mayor 5\" class=\"wp-image-3435\" srcset=\"https:\/\/www.yongjianceramic.com\/wp-content\/uploads\/2024\/09\/Exquisite-Steak-Plates-Wholesale-8-Inch-10-Inch-Dinner-Plates-In-Bulk-5.webp 750w, https:\/\/www.yongjianceramic.com\/wp-content\/uploads\/2024\/09\/Exquisite-Steak-Plates-Wholesale-8-Inch-10-Inch-Dinner-Plates-In-Bulk-5-300x300.webp 300w, https:\/\/www.yongjianceramic.com\/wp-content\/uploads\/2024\/09\/Exquisite-Steak-Plates-Wholesale-8-Inch-10-Inch-Dinner-Plates-In-Bulk-5-150x150.webp 150w, https:\/\/www.yongjianceramic.com\/wp-content\/uploads\/2024\/09\/Exquisite-Steak-Plates-Wholesale-8-Inch-10-Inch-Dinner-Plates-In-Bulk-5-12x12.webp 12w, https:\/\/www.yongjianceramic.com\/wp-content\/uploads\/2024\/09\/Exquisite-Steak-Plates-Wholesale-8-Inch-10-Inch-Dinner-Plates-In-Bulk-5-285x285.webp 285w, https:\/\/www.yongjianceramic.com\/wp-content\/uploads\/2024\/09\/Exquisite-Steak-Plates-Wholesale-8-Inch-10-Inch-Dinner-Plates-In-Bulk-5-270x270.webp 270w, https:\/\/www.yongjianceramic.com\/wp-content\/uploads\/2024\/09\/Exquisite-Steak-Plates-Wholesale-8-Inch-10-Inch-Dinner-Plates-In-Bulk-5-540x540.webp 540w, https:\/\/www.yongjianceramic.com\/wp-content\/uploads\/2024\/09\/Exquisite-Steak-Plates-Wholesale-8-Inch-10-Inch-Dinner-Plates-In-Bulk-5-660x660.webp 660w\" sizes=\"(max-width: 750px) 100vw, 750px\" \/><\/figure>\n<\/div><\/div>\n<\/div>","protected":false},"excerpt":{"rendered":"<p>Bienvenido a comprar platos de cena. Nuestros exquisitos platos de carne al por mayor ofrecen platos de cena de 8 y 10 pulgadas, hechos de materiales de alta calidad, duraderos y hermosos. Una variedad de tama\u00f1os para satisfacer diferentes necesidades de comedor, colores blanco y negro para que coincida con cualquier ajuste de la tabla, y descuentos por compra al por mayor le permiten obtener productos de alta calidad a un bajo costo. Dise\u00f1o razonable, f\u00e1cil de limpiar y almacenar, es una opci\u00f3n ideal para restaurantes, hoteles y salones de banquetes.<\/p>\n<table style=\"border-collapse: collapse; width: 325.02pt;\" border=\"0\" width=\"325\" cellspacing=\"0\" cellpadding=\"0\">\n<tbody>\n<tr style=\"height: 17.60pt;\">\n<td class=\"et3\" style=\"height: 17.60pt; width: 120.25pt;\" width=\"120\" height=\"17\">Fabricante<\/td>\n<td class=\"et3\" style=\"width: 204.75pt;\" width=\"204\">Yongjian<\/td>\n<\/tr>\n<tr style=\"height: 36.00pt;\">\n<td class=\"et3\" style=\"height: 36.00pt;\" height=\"36\">N\u00ba de modelo<\/td>\n<td class=\"et4\" style=\"width: 204.75pt;\" width=\"204\">YJ-035, 8 pulgadas<br \/>YJ-036, 10 pulgadas<\/td>\n<\/tr>\n<tr style=\"height: 17.60pt;\">\n<td class=\"et3\" style=\"height: 17.60pt;\" height=\"17\">Tipo de producto<\/td>\n<td class=\"et3\">Plato llano<\/td>\n<\/tr>\n<tr style=\"height: 17.60pt;\">\n<td class=\"et3\" style=\"height: 17.60pt;\" height=\"17\">Material<\/td>\n<td class=\"et3\">Porcelana<\/td>\n<\/tr>\n<tr style=\"height: 17.60pt;\">\n<td class=\"et5\" style=\"height: 17.60pt;\" height=\"17\">Color<\/td>\n<td class=\"et3\">Blanco\/Negro<\/td>\n<\/tr>\n<tr style=\"height: 36.00pt;\">\n<td class=\"et3\" style=\"height: 36.00pt;\" height=\"36\">Dimensi\u00f3n<\/td>\n<td class=\"et6\" style=\"width: 204.75pt;\" width=\"204\">20*20*2.3<br \/>25.3*25.3*2.4<\/td>\n<\/tr>\n<tr style=\"height: 17.60pt;\">\n<td class=\"et3\" style=\"height: 17.60pt;\" height=\"17\">MOQ<\/td>\n<td class=\"et3\">500 unidades<\/td>\n<\/tr>\n<tr style=\"height: 17.60pt;\">\n<td class=\"et3\" style=\"height: 17.60pt;\" height=\"17\">A medida<\/td>\n<td class=\"et3\">Color\/Tama\u00f1o\/Logotipo\/Embalaje<\/td>\n<\/tr>\n<\/tbody>\n<\/table>","protected":false},"featured_media":3433,"comment_status":"closed","ping_status":"closed","template":"","meta":{"_acf_changed":false},"product_brand":[],"product_cat":[93,62],"product_tag":[96],"class_list":{"0":"post-3430","1":"product","2":"type-product","3":"status-publish","4":"has-post-thumbnail","6":"product_cat-bulk-dinner-plates","7":"product_cat-ceramic-plates-wholesale","8":"product_tag-black-white-dinnerware-wholesale","10":"first","11":"instock","12":"shipping-taxable","13":"product-type-simple"},"acf":[],"_links":{"self":[{"href":"https:\/\/www.yongjianceramic.com\/es\/wp-json\/wp\/v2\/product\/3430","targetHints":{"allow":["GET"]}}],"collection":[{"href":"https:\/\/www.yongjianceramic.com\/es\/wp-json\/wp\/v2\/product"}],"about":[{"href":"https:\/\/www.yongjianceramic.com\/es\/wp-json\/wp\/v2\/types\/product"}],"replies":[{"embeddable":true,"href":"https:\/\/www.yongjianceramic.com\/es\/wp-json\/wp\/v2\/comments?post=3430"}],"wp:featuredmedia":[{"embeddable":true,"href":"https:\/\/www.yongjianceramic.com\/es\/wp-json\/wp\/v2\/media\/3433"}],"wp:attachment":[{"href":"https:\/\/www.yongjianceramic.com\/es\/wp-json\/wp\/v2\/media?parent=3430"}],"wp:term":[{"taxonomy":"product_brand","embeddable":true,"href":"https:\/\/www.yongjianceramic.com\/es\/wp-json\/wp\/v2\/product_brand?post=3430"},{"taxonomy":"product_cat","embeddable":true,"href":"https:\/\/www.yongjianceramic.com\/es\/wp-json\/wp\/v2\/product_cat?post=3430"},{"taxonomy":"product_tag","embeddable":true,"href":"https:\/\/www.yongjianceramic.com\/es\/wp-json\/wp\/v2\/product_tag?post=3430"}],"curies":[{"name":"wp","href":"https:\/\/api.w.org\/{rel}","templated":true}]}}