{"id":3451,"date":"2024-09-18T06:52:08","date_gmt":"2024-09-18T06:52:08","guid":{"rendered":"https:\/\/www.yongjianceramic.com\/?post_type=product&#038;p=3451"},"modified":"2025-11-19T15:28:07","modified_gmt":"2025-11-19T07:28:07","slug":"factory-supply-serving-platters","status":"publish","type":"product","link":"https:\/\/www.yongjianceramic.com\/es\/producto\/factory-supply-serving-platters\/","title":{"rendered":"Suministro de f\u00e1brica Platos para servir, Platos ovalados para catering a granel"},"content":{"rendered":"<div class=\"wp-block-columns is-layout-flex wp-container-core-columns-is-layout-9d6595d7 wp-block-columns-is-layout-flex\">\n<div class=\"wp-block-column is-layout-flow wp-block-column-is-layout-flow\">\n<h2 class=\"wp-block-heading\">Premium Factory Supply Platos para Servir a Granel Caracter\u00edsticas:<\/h2>\n\n\n\n<ul class=\"wp-block-list\">\n<li><strong>Material cer\u00e1mico de alta calidad: <\/strong>La f\u00e1brica suministra bandejas para servir a granel, fabricadas en cer\u00e1mica de alta calidad con una excelente durabilidad y resistencia al calor, que pueden utilizarse con seguridad en condiciones de alta temperatura. Este material cer\u00e1mico tiene una textura agradable, suave y delicada, y no pierde f\u00e1cilmente el color ni el acabado con el paso de los a\u00f1os.<\/li>\n\n\n\n<li><strong>Hermosa forma ovalada cl\u00e1sica: <\/strong>Las bandejas para catering a granel presentan una original forma ovalada que combina la elegancia atemporal con un estilo moderno para realzar la belleza y la sofisticaci\u00f3n de su mesa. Su atractivo y estilo realzar\u00e1n la comida que se sirva, ya sea en un banquete o en una cazuela en su hogar. Ofrece una est\u00e9tica visual que perdurar\u00e1 en el tiempo.<\/li>\n\n\n\n<li><strong>Dos colores cl\u00e1sicos y tallas moderadas: <\/strong>Nuestras fuentes de servir a granel suministradas de f\u00e1brica est\u00e1n disponibles en dos colores cl\u00e1sicos, blanco y negro, y pueden adaptarse a diferentes estilos de mesa y ocasiones. El dise\u00f1o de tama\u00f1o de 12 pulgadas es conveniente para sostener varios platos.<\/li>\n\n\n\n<li><strong>Resistencia a los ara\u00f1azos y gran durabilidad:<\/strong> La superficie de nuestras fuentes para servir a granel est\u00e1 especialmente tratada para ofrecer una gran resistencia a los ara\u00f1azos y al desgaste. La fuente de servir puede permanecer brillante y nueva incluso en ocasiones de uso frecuente.<\/li>\n<\/ul>\n<\/div>\n\n\n\n<div class=\"wp-block-column is-vertically-aligned-center is-layout-flow wp-block-column-is-layout-flow\"><div class=\"wp-block-image\">\n<figure class=\"aligncenter size-full is-resized\"><img fetchpriority=\"high\" decoding=\"async\" width=\"800\" height=\"800\" src=\"https:\/\/www.yongjianceramic.com\/wp-content\/uploads\/2024\/09\/Factory-Supply-Serving-Platter-For-Catering-With-Oval-Shape-2.webp\" alt=\"Fuente de la f\u00e1brica que sirve las fuentes para el abastecimiento, con la forma oval 2\" class=\"wp-image-3453\" style=\"width:404px;height:auto\" srcset=\"https:\/\/www.yongjianceramic.com\/wp-content\/uploads\/2024\/09\/Factory-Supply-Serving-Platter-For-Catering-With-Oval-Shape-2.webp 800w, https:\/\/www.yongjianceramic.com\/wp-content\/uploads\/2024\/09\/Factory-Supply-Serving-Platter-For-Catering-With-Oval-Shape-2-300x300.webp 300w, https:\/\/www.yongjianceramic.com\/wp-content\/uploads\/2024\/09\/Factory-Supply-Serving-Platter-For-Catering-With-Oval-Shape-2-150x150.webp 150w, https:\/\/www.yongjianceramic.com\/wp-content\/uploads\/2024\/09\/Factory-Supply-Serving-Platter-For-Catering-With-Oval-Shape-2-768x768.webp 768w, https:\/\/www.yongjianceramic.com\/wp-content\/uploads\/2024\/09\/Factory-Supply-Serving-Platter-For-Catering-With-Oval-Shape-2-12x12.webp 12w, https:\/\/www.yongjianceramic.com\/wp-content\/uploads\/2024\/09\/Factory-Supply-Serving-Platter-For-Catering-With-Oval-Shape-2-285x285.webp 285w, https:\/\/www.yongjianceramic.com\/wp-content\/uploads\/2024\/09\/Factory-Supply-Serving-Platter-For-Catering-With-Oval-Shape-2-270x270.webp 270w, https:\/\/www.yongjianceramic.com\/wp-content\/uploads\/2024\/09\/Factory-Supply-Serving-Platter-For-Catering-With-Oval-Shape-2-540x540.webp 540w, https:\/\/www.yongjianceramic.com\/wp-content\/uploads\/2024\/09\/Factory-Supply-Serving-Platter-For-Catering-With-Oval-Shape-2-660x660.webp 660w\" sizes=\"(max-width: 800px) 100vw, 800px\" \/><\/figure>\n<\/div><\/div>\n<\/div>\n\n\n\n<p><\/p>","protected":false},"excerpt":{"rendered":"<p>Bienvenido a comprar fuentes a granel. Nuestras fuentes de servir de f\u00e1brica est\u00e1n dise\u00f1adas para cenas de alto nivel y est\u00e1n disponibles en dos colores cl\u00e1sicos: blanco y negro, para adaptarse a una gran variedad de ocasiones y estilos de decoraci\u00f3n. El material cer\u00e1mico de alta calidad no s\u00f3lo es resistente al calor y duradero, sino tambi\u00e9n perfecto para cualquier ocasi\u00f3n.<\/p>\n<table style=\"border-collapse: collapse; width: 325.02pt;\" border=\"0\" width=\"325\" cellspacing=\"0\" cellpadding=\"0\">\n<tbody>\n<tr style=\"height: 17.60pt;\">\n<td class=\"et3\" style=\"height: 17.60pt; width: 120.25pt;\" width=\"120\" height=\"17\">Fabricante<\/td>\n<td class=\"et3\" style=\"width: 204.75pt;\" width=\"204\">Yongjian<\/td>\n<\/tr>\n<tr style=\"height: 18.00pt;\">\n<td class=\"et3\" style=\"height: 18.00pt;\" height=\"18\">N\u00ba de modelo<\/td>\n<td class=\"et4\" style=\"width: 204.75pt;\" width=\"204\">YJ-039<\/td>\n<\/tr>\n<tr style=\"height: 17.60pt;\">\n<td class=\"et3\" style=\"height: 17.60pt;\" height=\"17\">Tipo de producto<\/td>\n<td class=\"et3\">Bandeja<\/td>\n<\/tr>\n<tr style=\"height: 17.60pt;\">\n<td class=\"et3\" style=\"height: 17.60pt;\" height=\"17\">Material<\/td>\n<td class=\"et3\">Porcelana<\/td>\n<\/tr>\n<tr style=\"height: 17.60pt;\">\n<td class=\"et5\" style=\"height: 17.60pt;\" height=\"17\">Color<\/td>\n<td class=\"et3\">Blanco\/Negro<\/td>\n<\/tr>\n<tr style=\"height: 18.00pt;\">\n<td class=\"et3\" style=\"height: 18.00pt;\" height=\"18\">Dimensi\u00f3n<\/td>\n<td class=\"et6\" style=\"width: 204.75pt;\" width=\"204\">30.5*16.5*2.8<\/td>\n<\/tr>\n<tr style=\"height: 17.60pt;\">\n<td class=\"et3\" style=\"height: 17.60pt;\" height=\"17\">MOQ<\/td>\n<td class=\"et3\">500 unidades<\/td>\n<\/tr>\n<tr style=\"height: 17.60pt;\">\n<td class=\"et3\" style=\"height: 17.60pt;\" height=\"17\">A medida<\/td>\n<td class=\"et3\">Color\/Tama\u00f1o\/Logotipo\/Embalaje<\/td>\n<\/tr>\n<\/tbody>\n<\/table>","protected":false},"featured_media":3455,"comment_status":"closed","ping_status":"closed","template":"","meta":{"_acf_changed":false},"product_brand":[],"product_cat":[76,62],"product_tag":[96],"class_list":{"0":"post-3451","1":"product","2":"type-product","3":"status-publish","4":"has-post-thumbnail","6":"product_cat-wholesale-serving-platters","7":"product_cat-ceramic-plates-wholesale","8":"product_tag-black-white-dinnerware-wholesale","10":"first","11":"instock","12":"shipping-taxable","13":"product-type-simple"},"acf":[],"_links":{"self":[{"href":"https:\/\/www.yongjianceramic.com\/es\/wp-json\/wp\/v2\/product\/3451","targetHints":{"allow":["GET"]}}],"collection":[{"href":"https:\/\/www.yongjianceramic.com\/es\/wp-json\/wp\/v2\/product"}],"about":[{"href":"https:\/\/www.yongjianceramic.com\/es\/wp-json\/wp\/v2\/types\/product"}],"replies":[{"embeddable":true,"href":"https:\/\/www.yongjianceramic.com\/es\/wp-json\/wp\/v2\/comments?post=3451"}],"wp:featuredmedia":[{"embeddable":true,"href":"https:\/\/www.yongjianceramic.com\/es\/wp-json\/wp\/v2\/media\/3455"}],"wp:attachment":[{"href":"https:\/\/www.yongjianceramic.com\/es\/wp-json\/wp\/v2\/media?parent=3451"}],"wp:term":[{"taxonomy":"product_brand","embeddable":true,"href":"https:\/\/www.yongjianceramic.com\/es\/wp-json\/wp\/v2\/product_brand?post=3451"},{"taxonomy":"product_cat","embeddable":true,"href":"https:\/\/www.yongjianceramic.com\/es\/wp-json\/wp\/v2\/product_cat?post=3451"},{"taxonomy":"product_tag","embeddable":true,"href":"https:\/\/www.yongjianceramic.com\/es\/wp-json\/wp\/v2\/product_tag?post=3451"}],"curies":[{"name":"wp","href":"https:\/\/api.w.org\/{rel}","templated":true}]}}