{"id":3458,"date":"2024-09-18T07:41:35","date_gmt":"2024-09-18T07:41:35","guid":{"rendered":"https:\/\/www.yongjianceramic.com\/?post_type=product&#038;p=3458"},"modified":"2025-11-19T15:10:29","modified_gmt":"2025-11-19T07:10:29","slug":"porcelain-plates-wholesale","status":"publish","type":"product","link":"https:\/\/www.yongjianceramic.com\/es\/producto\/porcelain-plates-wholesale\/","title":{"rendered":"Platos de Porcelana Negra al por mayor, Platos Cuadrados a granel"},"content":{"rendered":"<div class=\"wp-block-columns is-layout-flex wp-container-core-columns-is-layout-9d6595d7 wp-block-columns-is-layout-flex\">\n<div class=\"wp-block-column is-layout-flow wp-block-column-is-layout-flow\">\n<h2 class=\"wp-block-heading\">Platos de Porcelana Premium al por mayor Caracter\u00edsticas:<\/h2>\n\n\n\n<ul class=\"wp-block-list\">\n<li><strong>Material de porcelana de alta calidad: <\/strong>Nuestros platos de porcelana negra al por mayor est\u00e1n fabricados con porcelana de alta calidad, estos platos blancos y negros al por mayor son resistentes a temperaturas extremadamente altas y ara\u00f1azos, de larga duraci\u00f3n. El material es seguro no t\u00f3xico y seguro al tacto con los alimentos.<\/li>\n\n\n\n<li><strong>Dise\u00f1o cuadrado moderno: <\/strong>Estos platos de porcelana a granel tienen un aspecto cuadrado \u00fanico y unas l\u00edneas suaves que confieren a la mesa un aspecto moderno y sofisticado. Los dise\u00f1os cuadrados no s\u00f3lo mejoran la presentaci\u00f3n visual de los platos, sino que tambi\u00e9n crean una impresi\u00f3n individual y entra\u00f1able en la mesa y son adecuados para cenas de alto nivel.<\/li>\n\n\n\n<li><strong>M\u00faltiples opciones de tama\u00f1o para satisfacer diferentes necesidades: <\/strong>Nuestros platos de porcelana al por mayor est\u00e1n disponibles en tama\u00f1os de 9 y 11 pulgadas. Su versatilidad de tener opciones de tama\u00f1o cambiantes hace que sea apropiado para servir comidas en diferentes ocasiones y demandas para satisfacer las diferentes demandas de emplatar diversos platos de comida.<\/li>\n\n\n\n<li><strong>Esquemas de color en blanco y negro: <\/strong>Nuestros platos de cer\u00e1mica negra al por mayor est\u00e1n disponibles en los cl\u00e1sicos colores blanco y negro, que pueden combinarse con diversos dise\u00f1os de decoraci\u00f3n de mesa. Desde una sencilla y moderna hasta una ocasi\u00f3n lujosa y elegante, estos dos colores pueden utilizarse f\u00e1cilmente para decorar a\u00fan m\u00e1s la mesa.<\/li>\n<\/ul>\n<\/div>\n\n\n\n<div class=\"wp-block-column is-vertically-aligned-center is-layout-flow wp-block-column-is-layout-flow\"><div class=\"wp-block-image\">\n<figure class=\"aligncenter size-full\"><img fetchpriority=\"high\" decoding=\"async\" width=\"750\" height=\"750\" src=\"https:\/\/www.yongjianceramic.com\/wp-content\/uploads\/2024\/09\/Square-Shaped-Porcelain-Plates-Wholesale-9-Inch-11-Inch-Dinner-Plates-Bulk-3.webp\" alt=\"Platos Cuadrados de Porcelana al por mayor, 9-Inch &amp; 11-Inch Platos al por mayor 3-Matte Black Dinnerware\" class=\"wp-image-3461\" srcset=\"https:\/\/www.yongjianceramic.com\/wp-content\/uploads\/2024\/09\/Square-Shaped-Porcelain-Plates-Wholesale-9-Inch-11-Inch-Dinner-Plates-Bulk-3.webp 750w, https:\/\/www.yongjianceramic.com\/wp-content\/uploads\/2024\/09\/Square-Shaped-Porcelain-Plates-Wholesale-9-Inch-11-Inch-Dinner-Plates-Bulk-3-300x300.webp 300w, https:\/\/www.yongjianceramic.com\/wp-content\/uploads\/2024\/09\/Square-Shaped-Porcelain-Plates-Wholesale-9-Inch-11-Inch-Dinner-Plates-Bulk-3-150x150.webp 150w, https:\/\/www.yongjianceramic.com\/wp-content\/uploads\/2024\/09\/Square-Shaped-Porcelain-Plates-Wholesale-9-Inch-11-Inch-Dinner-Plates-Bulk-3-12x12.webp 12w, https:\/\/www.yongjianceramic.com\/wp-content\/uploads\/2024\/09\/Square-Shaped-Porcelain-Plates-Wholesale-9-Inch-11-Inch-Dinner-Plates-Bulk-3-285x285.webp 285w, https:\/\/www.yongjianceramic.com\/wp-content\/uploads\/2024\/09\/Square-Shaped-Porcelain-Plates-Wholesale-9-Inch-11-Inch-Dinner-Plates-Bulk-3-270x270.webp 270w, https:\/\/www.yongjianceramic.com\/wp-content\/uploads\/2024\/09\/Square-Shaped-Porcelain-Plates-Wholesale-9-Inch-11-Inch-Dinner-Plates-Bulk-3-540x540.webp 540w, https:\/\/www.yongjianceramic.com\/wp-content\/uploads\/2024\/09\/Square-Shaped-Porcelain-Plates-Wholesale-9-Inch-11-Inch-Dinner-Plates-Bulk-3-660x660.webp 660w\" sizes=\"(max-width: 750px) 100vw, 750px\" \/><\/figure>\n<\/div><\/div>\n<\/div>","protected":false},"excerpt":{"rendered":"<p>Bienvenido a comprar platos de cena al por mayor. Nuestros platos cuadrados de porcelana al por mayor adoptan un dise\u00f1o elegante y est\u00e1n disponibles en blanco y negro y en tama\u00f1os de 9 y 11 pulgadas. Es a la vez hermoso y pr\u00e1ctico, adecuado para una variedad de ocasiones.<\/p>\n<table style=\"border-collapse: collapse; width: 325.02pt;\" border=\"0\" width=\"325\" cellspacing=\"0\" cellpadding=\"0\">\n<tbody>\n<tr style=\"height: 17.60pt;\">\n<td class=\"et3\" style=\"height: 17.60pt; width: 120.25pt;\" width=\"120\" height=\"17\">Fabricante<\/td>\n<td class=\"et3\" style=\"width: 204.75pt;\" width=\"204\">Yongjian<\/td>\n<\/tr>\n<tr style=\"height: 36.00pt;\">\n<td class=\"et3\" style=\"height: 36.00pt;\" height=\"36\">N\u00ba de modelo<\/td>\n<td class=\"et4\" style=\"width: 204.75pt;\" width=\"204\">YJ-040, 9 pulgadas<br \/>YJ-041, 11 pulgadas<\/td>\n<\/tr>\n<tr style=\"height: 17.60pt;\">\n<td class=\"et3\" style=\"height: 17.60pt;\" height=\"17\">Tipo de producto<\/td>\n<td class=\"et3\">Plato llano<\/td>\n<\/tr>\n<tr style=\"height: 17.60pt;\">\n<td class=\"et3\" style=\"height: 17.60pt;\" height=\"17\">Material<\/td>\n<td class=\"et3\">Porcelana<\/td>\n<\/tr>\n<tr style=\"height: 17.60pt;\">\n<td class=\"et5\" style=\"height: 17.60pt;\" height=\"17\">Color<\/td>\n<td class=\"et3\">Blanco\/Negro<\/td>\n<\/tr>\n<tr style=\"height: 36.00pt;\">\n<td class=\"et3\" style=\"height: 36.00pt;\" height=\"36\">Dimensi\u00f3n<\/td>\n<td class=\"et6\" style=\"width: 204.75pt;\" width=\"204\">23*23*2.3<br \/>28*28*2.3<\/td>\n<\/tr>\n<tr style=\"height: 17.60pt;\">\n<td class=\"et3\" style=\"height: 17.60pt;\" height=\"17\">MOQ<\/td>\n<td class=\"et3\">500 unidades<\/td>\n<\/tr>\n<tr style=\"height: 17.60pt;\">\n<td class=\"et3\" style=\"height: 17.60pt;\" height=\"17\">A medida<\/td>\n<td class=\"et3\">Color\/Tama\u00f1o\/Logotipo\/Embalaje<\/td>\n<\/tr>\n<\/tbody>\n<\/table>","protected":false},"featured_media":3463,"comment_status":"closed","ping_status":"closed","template":"","meta":{"_acf_changed":false},"product_brand":[],"product_cat":[93,62],"product_tag":[96],"class_list":{"0":"post-3458","1":"product","2":"type-product","3":"status-publish","4":"has-post-thumbnail","6":"product_cat-bulk-dinner-plates","7":"product_cat-ceramic-plates-wholesale","8":"product_tag-black-white-dinnerware-wholesale","10":"first","11":"instock","12":"shipping-taxable","13":"product-type-simple"},"acf":[],"_links":{"self":[{"href":"https:\/\/www.yongjianceramic.com\/es\/wp-json\/wp\/v2\/product\/3458","targetHints":{"allow":["GET"]}}],"collection":[{"href":"https:\/\/www.yongjianceramic.com\/es\/wp-json\/wp\/v2\/product"}],"about":[{"href":"https:\/\/www.yongjianceramic.com\/es\/wp-json\/wp\/v2\/types\/product"}],"replies":[{"embeddable":true,"href":"https:\/\/www.yongjianceramic.com\/es\/wp-json\/wp\/v2\/comments?post=3458"}],"wp:featuredmedia":[{"embeddable":true,"href":"https:\/\/www.yongjianceramic.com\/es\/wp-json\/wp\/v2\/media\/3463"}],"wp:attachment":[{"href":"https:\/\/www.yongjianceramic.com\/es\/wp-json\/wp\/v2\/media?parent=3458"}],"wp:term":[{"taxonomy":"product_brand","embeddable":true,"href":"https:\/\/www.yongjianceramic.com\/es\/wp-json\/wp\/v2\/product_brand?post=3458"},{"taxonomy":"product_cat","embeddable":true,"href":"https:\/\/www.yongjianceramic.com\/es\/wp-json\/wp\/v2\/product_cat?post=3458"},{"taxonomy":"product_tag","embeddable":true,"href":"https:\/\/www.yongjianceramic.com\/es\/wp-json\/wp\/v2\/product_tag?post=3458"}],"curies":[{"name":"wp","href":"https:\/\/api.w.org\/{rel}","templated":true}]}}