{"id":3474,"date":"2024-09-18T09:48:08","date_gmt":"2024-09-18T09:48:08","guid":{"rendered":"https:\/\/www.yongjianceramic.com\/?post_type=product&#038;p=3474"},"modified":"2025-11-19T15:07:29","modified_gmt":"2025-11-19T07:07:29","slug":"charger-plates-bulk","status":"publish","type":"product","link":"https:\/\/www.yongjianceramic.com\/es\/producto\/charger-plates-bulk\/","title":{"rendered":"Platos Negros al por mayor, Platos Blancos al por mayor"},"content":{"rendered":"<div class=\"wp-block-columns is-layout-flex wp-container-core-columns-is-layout-9d6595d7 wp-block-columns-is-layout-flex\">\n<div class=\"wp-block-column is-layout-flow wp-block-column-is-layout-flow\">\n<h2 class=\"wp-block-heading\">Platos Cargador Premium a Granel Caracter\u00edsticas:<\/h2>\n\n\n\n<ul class=\"wp-block-list\">\n<li><strong>Dise\u00f1o \u00fanico, arma llamativa: <\/strong>Nuestros platos base negros y bandejas blancas al por mayor tienen un estilo \u00fanico tipo sombrero de paja que ofrece una apariencia diferente y original que atrae a los clientes de inmediato. Adem\u00e1s, no importa si se trata de una reuni\u00f3n familiar o una cena formal de negocios: el estilo habla por s\u00ed mismo al aportar personalidad e inter\u00e9s a la mesa, mejorando la experiencia gastron\u00f3mica.<\/li>\n\n\n\n<li><strong>Textura esmerilada, textura de roca:<\/strong> El material cer\u00e1mico esmerilado utilizado para las bandejas profundas para servir fue seleccionado intencionadamente, y el interior de la superficie tiene un car\u00e1cter innato de roca en bruto, lo que fomenta un tacto rugoso, pero fino, del plato. La textura esmerilada no solo aumenta la belleza de estos platos al por mayor, sino que tambi\u00e9n los hace m\u00e1s art\u00edsticos visualmente, dando a las personas una impresi\u00f3n de alta gama y natural.<\/li>\n\n\n\n<li><strong>Uso vers\u00e1til, c\u00f3modo y r\u00e1pido:<\/strong> Nuestros platos negros y bandejas blancas al por mayor no solo se pueden utilizar para el servicio diario, sino que tambi\u00e9n son aptos para diversos m\u00e9todos de cocci\u00f3n, como cocci\u00f3n al vapor, horneado y calentamiento en microondas.<\/li>\n\n\n\n<li><strong>Blanco y negro, vers\u00e1til y a la moda:<\/strong> Hay dos opciones de colores cl\u00e1sicos, blanco y negro, para nuestras bandejas de servicio a granel. El blanco es puro y elegante, y el negro es tranquilo y evocador. Ambos colores combinan muy bien con otros estilos de vajilla o decoraci\u00f3n y se integran f\u00e1cilmente en cualquier estilo de restaurante.<\/li>\n<\/ul>\n<\/div>\n\n\n\n<div class=\"wp-block-column is-vertically-aligned-center is-layout-flow wp-block-column-is-layout-flow\"><div class=\"wp-block-image\">\n<figure class=\"aligncenter size-full\"><img fetchpriority=\"high\" decoding=\"async\" width=\"750\" height=\"750\" src=\"https:\/\/www.yongjianceramic.com\/wp-content\/uploads\/2024\/09\/Black-Charger-Plates-Bulk-White-Wholesale-Serving-Platters-2.webp\" alt=\"Platos de servicio negros al por mayor, Platos de servicio blancos al por mayor-2\" class=\"wp-image-3508\" srcset=\"https:\/\/www.yongjianceramic.com\/wp-content\/uploads\/2024\/09\/Black-Charger-Plates-Bulk-White-Wholesale-Serving-Platters-2.webp 750w, https:\/\/www.yongjianceramic.com\/wp-content\/uploads\/2024\/09\/Black-Charger-Plates-Bulk-White-Wholesale-Serving-Platters-2-300x300.webp 300w, https:\/\/www.yongjianceramic.com\/wp-content\/uploads\/2024\/09\/Black-Charger-Plates-Bulk-White-Wholesale-Serving-Platters-2-150x150.webp 150w, https:\/\/www.yongjianceramic.com\/wp-content\/uploads\/2024\/09\/Black-Charger-Plates-Bulk-White-Wholesale-Serving-Platters-2-12x12.webp 12w, https:\/\/www.yongjianceramic.com\/wp-content\/uploads\/2024\/09\/Black-Charger-Plates-Bulk-White-Wholesale-Serving-Platters-2-285x285.webp 285w, https:\/\/www.yongjianceramic.com\/wp-content\/uploads\/2024\/09\/Black-Charger-Plates-Bulk-White-Wholesale-Serving-Platters-2-270x270.webp 270w, https:\/\/www.yongjianceramic.com\/wp-content\/uploads\/2024\/09\/Black-Charger-Plates-Bulk-White-Wholesale-Serving-Platters-2-540x540.webp 540w, https:\/\/www.yongjianceramic.com\/wp-content\/uploads\/2024\/09\/Black-Charger-Plates-Bulk-White-Wholesale-Serving-Platters-2-660x660.webp 660w\" sizes=\"(max-width: 750px) 100vw, 750px\" \/><\/figure>\n<\/div><\/div>\n<\/div>\n\n\n\n<p><\/p>","protected":false},"excerpt":{"rendered":"<p>Bienvenido a comprar platos de servir al por mayor. Nuestros platos cargadores negros al por mayor y fuentes blancas al por mayor cuentan con un dise\u00f1o \u00fanico sombrero de paja. Los acabados mate y piedra ofrecen una experiencia visual y t\u00e1ctil inigualable. Los platos son aptos para microondas, hornear y cocer al vapor y son adecuados para varios modos de cocci\u00f3n. El producto est\u00e1 fabricado con material cer\u00e1mico de primera calidad para garantizar su durabilidad.<\/p>\n<table style=\"border-collapse: collapse; width: 325.02pt;\" border=\"0\" width=\"325\" cellspacing=\"0\" cellpadding=\"0\">\n<tbody>\n<tr style=\"height: 17.60pt;\">\n<td class=\"et3\" style=\"height: 17.60pt; width: 120.25pt;\" width=\"120\" height=\"17\">Fabricante<\/td>\n<td class=\"et3\" style=\"width: 204.75pt;\" width=\"204\">Yongjian<\/td>\n<\/tr>\n<tr style=\"height: 36.00pt;\">\n<td class=\"et3\" style=\"height: 36.00pt;\" height=\"36\">N\u00ba de modelo<\/td>\n<td class=\"et4\" style=\"width: 204.75pt;\" width=\"204\">YJ-045, 8 pulgadas<br \/>YJ-046, 10 pulgadas<\/td>\n<\/tr>\n<tr style=\"height: 17.60pt;\">\n<td class=\"et3\" style=\"height: 17.60pt;\" height=\"17\">Tipo de producto<\/td>\n<td class=\"et3\">Plato hondo, Plato para servir<\/td>\n<\/tr>\n<tr style=\"height: 17.60pt;\">\n<td class=\"et3\" style=\"height: 17.60pt;\" height=\"17\">Material<\/td>\n<td class=\"et3\">Porcelana<\/td>\n<\/tr>\n<tr style=\"height: 17.60pt;\">\n<td class=\"et5\" style=\"height: 17.60pt;\" height=\"17\">Color<\/td>\n<td class=\"et3\">Blanco\/Negro<\/td>\n<\/tr>\n<tr style=\"height: 36.00pt;\">\n<td class=\"et3\" style=\"height: 36.00pt;\" height=\"36\">Dimensi\u00f3n<\/td>\n<td class=\"et6\" style=\"width: 204.75pt;\" width=\"204\">20*20*4<br \/>24.5*24.5*4.5<\/td>\n<\/tr>\n<tr style=\"height: 17.60pt;\">\n<td class=\"et3\" style=\"height: 17.60pt;\" height=\"17\">MOQ<\/td>\n<td class=\"et3\">500 unidades<\/td>\n<\/tr>\n<tr style=\"height: 17.60pt;\">\n<td class=\"et3\" style=\"height: 17.60pt;\" height=\"17\">A medida<\/td>\n<td class=\"et3\">Color\/Tama\u00f1o\/Logotipo\/Embalaje<\/td>\n<\/tr>\n<\/tbody>\n<\/table>\n<p>&nbsp;<\/p>","protected":false},"featured_media":3507,"comment_status":"closed","ping_status":"closed","template":"","meta":{"_acf_changed":false},"product_brand":[],"product_cat":[77,62,76],"product_tag":[96],"class_list":{"0":"post-3474","1":"product","2":"type-product","3":"status-publish","4":"has-post-thumbnail","6":"product_cat-deep-plates-wholesale","7":"product_cat-ceramic-plates-wholesale","8":"product_cat-wholesale-serving-platters","9":"product_tag-black-white-dinnerware-wholesale","11":"first","12":"instock","13":"shipping-taxable","14":"product-type-simple"},"acf":[],"_links":{"self":[{"href":"https:\/\/www.yongjianceramic.com\/es\/wp-json\/wp\/v2\/product\/3474","targetHints":{"allow":["GET"]}}],"collection":[{"href":"https:\/\/www.yongjianceramic.com\/es\/wp-json\/wp\/v2\/product"}],"about":[{"href":"https:\/\/www.yongjianceramic.com\/es\/wp-json\/wp\/v2\/types\/product"}],"replies":[{"embeddable":true,"href":"https:\/\/www.yongjianceramic.com\/es\/wp-json\/wp\/v2\/comments?post=3474"}],"wp:featuredmedia":[{"embeddable":true,"href":"https:\/\/www.yongjianceramic.com\/es\/wp-json\/wp\/v2\/media\/3507"}],"wp:attachment":[{"href":"https:\/\/www.yongjianceramic.com\/es\/wp-json\/wp\/v2\/media?parent=3474"}],"wp:term":[{"taxonomy":"product_brand","embeddable":true,"href":"https:\/\/www.yongjianceramic.com\/es\/wp-json\/wp\/v2\/product_brand?post=3474"},{"taxonomy":"product_cat","embeddable":true,"href":"https:\/\/www.yongjianceramic.com\/es\/wp-json\/wp\/v2\/product_cat?post=3474"},{"taxonomy":"product_tag","embeddable":true,"href":"https:\/\/www.yongjianceramic.com\/es\/wp-json\/wp\/v2\/product_tag?post=3474"}],"curies":[{"name":"wp","href":"https:\/\/api.w.org\/{rel}","templated":true}]}}