{"id":3519,"date":"2024-09-20T09:09:53","date_gmt":"2024-09-20T09:09:53","guid":{"rendered":"https:\/\/www.yongjianceramic.com\/?post_type=product&#038;p=3519"},"modified":"2025-11-19T14:53:34","modified_gmt":"2025-11-19T06:53:34","slug":"bulk-dinnerware-red","status":"publish","type":"product","link":"https:\/\/www.yongjianceramic.com\/es\/producto\/bulk-dinnerware-red\/","title":{"rendered":"Vajilla a Granel Estilo Retro, Platos y Tazones de Cer\u00e1mica Roja al por Mayor"},"content":{"rendered":"<div class=\"wp-block-columns is-layout-flex wp-container-core-columns-is-layout-9d6595d7 wp-block-columns-is-layout-flex\">\n<div class=\"wp-block-column is-layout-flow wp-block-column-is-layout-flow\">\n<h2 class=\"wp-block-heading\">Vajilla Granel Premium Caracter\u00edsticas:<\/h2>\n\n\n\n<ul class=\"wp-block-list\">\n<li><strong>Dise\u00f1o retro cl\u00e1sico: <\/strong>La vajilla de cer\u00e1mica roja a granel est\u00e1 dise\u00f1ada en un estilo retro cl\u00e1sico. El color rojo brillante y la forma \u00fanica a\u00f1aden un toque de color brillante a la mesa de comedor, lleno de nostalgia.<\/li>\n\n\n\n<li><strong>Material cer\u00e1mico de alta calidad:<\/strong> Todos nuestros platos y cuencos al por mayor est\u00e1n fabricados con cer\u00e1mica de alta calidad y cocidos a alta temperatura, lo que los convierte en productos resistentes y duraderos, f\u00e1cilmente resistentes al calor y a los ara\u00f1azos para el uso diario.<\/li>\n\n\n\n<li><strong>Vajilla variada: <\/strong>El juego de vajilla a granel incluye una variedad de platos y cuencos de diferentes tama\u00f1os para satisfacer diversas necesidades gastron\u00f3micas, ya sea para reuniones familiares o para uso en restaurantes, y permite crear una experiencia gastron\u00f3mica completa.<\/li>\n\n\n\n<li><strong>Servicios mayoristas y personalizados: <\/strong>Para satisfacer las necesidades de los distintos clientes, ofrecemos soluciones flexibles para la venta al por mayor de platos y cuencos, y apoyamos los servicios personalizados para garantizar que cada proyecto pueda crear un estilo de vajilla \u00fanico.<\/li>\n<\/ul>\n<\/div>\n\n\n\n<div class=\"wp-block-column is-vertically-aligned-center is-layout-flow wp-block-column-is-layout-flow\"><div class=\"wp-block-image\">\n<figure class=\"aligncenter size-full\"><img fetchpriority=\"high\" decoding=\"async\" width=\"800\" height=\"800\" src=\"https:\/\/www.yongjianceramic.com\/wp-content\/uploads\/2024\/09\/Retro-Style-Bulk-Dinnerware-Red-Ceramic-Plates-Bowls-Set-1.webp\" alt=\"Vajilla a Granel Estilo Retro, Platos y Tazones de Cer\u00e1mica Roja Set-1\" class=\"wp-image-3520\" srcset=\"https:\/\/www.yongjianceramic.com\/wp-content\/uploads\/2024\/09\/Retro-Style-Bulk-Dinnerware-Red-Ceramic-Plates-Bowls-Set-1.webp 800w, https:\/\/www.yongjianceramic.com\/wp-content\/uploads\/2024\/09\/Retro-Style-Bulk-Dinnerware-Red-Ceramic-Plates-Bowls-Set-1-300x300.webp 300w, https:\/\/www.yongjianceramic.com\/wp-content\/uploads\/2024\/09\/Retro-Style-Bulk-Dinnerware-Red-Ceramic-Plates-Bowls-Set-1-150x150.webp 150w, https:\/\/www.yongjianceramic.com\/wp-content\/uploads\/2024\/09\/Retro-Style-Bulk-Dinnerware-Red-Ceramic-Plates-Bowls-Set-1-768x768.webp 768w, https:\/\/www.yongjianceramic.com\/wp-content\/uploads\/2024\/09\/Retro-Style-Bulk-Dinnerware-Red-Ceramic-Plates-Bowls-Set-1-12x12.webp 12w, https:\/\/www.yongjianceramic.com\/wp-content\/uploads\/2024\/09\/Retro-Style-Bulk-Dinnerware-Red-Ceramic-Plates-Bowls-Set-1-285x285.webp 285w, https:\/\/www.yongjianceramic.com\/wp-content\/uploads\/2024\/09\/Retro-Style-Bulk-Dinnerware-Red-Ceramic-Plates-Bowls-Set-1-270x270.webp 270w, https:\/\/www.yongjianceramic.com\/wp-content\/uploads\/2024\/09\/Retro-Style-Bulk-Dinnerware-Red-Ceramic-Plates-Bowls-Set-1-540x540.webp 540w, https:\/\/www.yongjianceramic.com\/wp-content\/uploads\/2024\/09\/Retro-Style-Bulk-Dinnerware-Red-Ceramic-Plates-Bowls-Set-1-660x660.webp 660w\" sizes=\"(max-width: 800px) 100vw, 800px\" \/><\/figure>\n<\/div><\/div>\n<\/div>","protected":false},"excerpt":{"rendered":"<p>Bienvenido a la compra al por mayor de platos y cuencos. Este juego de vajilla al por mayor de cer\u00e1mica roja de estilo retro procede de un periodo cl\u00e1sico retro y se caracteriza por sus materiales cer\u00e1micos de alta calidad, su bonito acabado y su calidad. Se puede utilizar en muchos tipos diferentes de mesas de comedor. Las opciones entre las que elegir y los servicios al por mayor ajustables lo hacen a\u00fan m\u00e1s deseable para restaurantes de estilo retro y para uso dom\u00e9stico.<\/p>\n<table style=\"border-collapse: collapse; width: 309.02pt;\" border=\"0\" width=\"309\" cellspacing=\"0\" cellpadding=\"0\">\n<tbody>\n<tr style=\"height: 17.60pt;\">\n<td class=\"et3\" style=\"height: 17.60pt; width: 120.25pt;\" width=\"120\" height=\"17\">Fabricante<\/td>\n<td class=\"et3\" style=\"width: 189.25pt;\" width=\"189\">Yongjian<\/td>\n<\/tr>\n<tr style=\"height: 18.00pt;\">\n<td class=\"et3\" style=\"height: 18.00pt;\" height=\"18\">N\u00ba de modelo<\/td>\n<td class=\"et4\" style=\"width: 189.25pt;\" width=\"189\">YJ-058<\/td>\n<\/tr>\n<tr style=\"height: 18.00pt;\">\n<td class=\"et5\" style=\"height: 18.00pt; width: 120.25pt;\" width=\"120\" height=\"18\">Tipo de vajilla<\/td>\n<td class=\"et5\" style=\"width: 189.25pt;\" width=\"189\">Bandejas, Platos, Cuencos<\/td>\n<\/tr>\n<tr style=\"height: 17.60pt;\">\n<td class=\"et3\" style=\"height: 17.60pt;\" height=\"17\">T\u00e9cnica<\/td>\n<td class=\"et3\">Efecto esmaltado en horno<\/td>\n<\/tr>\n<tr style=\"height: 17.60pt;\">\n<td class=\"et3\" style=\"height: 17.60pt;\" height=\"17\">Material<\/td>\n<td class=\"et3\">Porcelana<\/td>\n<\/tr>\n<tr style=\"height: 36.00pt;\">\n<td class=\"et6\" style=\"height: 36.00pt;\" height=\"36\">Aplicable<\/td>\n<td class=\"et5\" style=\"width: 189.25pt;\" width=\"189\">Esterilizador, Lavavajillas, Horno, Microondas<\/td>\n<\/tr>\n<tr style=\"height: 17.60pt;\">\n<td class=\"et3\" style=\"height: 17.60pt;\" height=\"17\">Dimensi\u00f3n<\/td>\n<td class=\"et3\">Como imagen<\/td>\n<\/tr>\n<tr style=\"height: 17.60pt;\">\n<td class=\"et3\" style=\"height: 17.60pt;\" height=\"17\">MOQ<\/td>\n<td class=\"et3\">500 unidades<\/td>\n<\/tr>\n<tr style=\"height: 17.60pt;\">\n<td class=\"et3\" style=\"height: 17.60pt;\" height=\"17\">A medida<\/td>\n<td class=\"et3\">Color\/Tama\u00f1o\/Logotipo\/Embalaje<\/td>\n<\/tr>\n<\/tbody>\n<\/table>","protected":false},"featured_media":3527,"comment_status":"closed","ping_status":"closed","template":"","meta":{"_acf_changed":false},"product_brand":[],"product_cat":[64,83],"product_tag":[84],"class_list":{"0":"post-3519","1":"product","2":"type-product","3":"status-publish","4":"has-post-thumbnail","6":"product_cat-dinnerware-sets","7":"product_cat-dinner-sets-wholesale","8":"product_tag-retro-design-dinnerware-wholesale","10":"first","11":"instock","12":"shipping-taxable","13":"product-type-simple"},"acf":[],"_links":{"self":[{"href":"https:\/\/www.yongjianceramic.com\/es\/wp-json\/wp\/v2\/product\/3519","targetHints":{"allow":["GET"]}}],"collection":[{"href":"https:\/\/www.yongjianceramic.com\/es\/wp-json\/wp\/v2\/product"}],"about":[{"href":"https:\/\/www.yongjianceramic.com\/es\/wp-json\/wp\/v2\/types\/product"}],"replies":[{"embeddable":true,"href":"https:\/\/www.yongjianceramic.com\/es\/wp-json\/wp\/v2\/comments?post=3519"}],"wp:featuredmedia":[{"embeddable":true,"href":"https:\/\/www.yongjianceramic.com\/es\/wp-json\/wp\/v2\/media\/3527"}],"wp:attachment":[{"href":"https:\/\/www.yongjianceramic.com\/es\/wp-json\/wp\/v2\/media?parent=3519"}],"wp:term":[{"taxonomy":"product_brand","embeddable":true,"href":"https:\/\/www.yongjianceramic.com\/es\/wp-json\/wp\/v2\/product_brand?post=3519"},{"taxonomy":"product_cat","embeddable":true,"href":"https:\/\/www.yongjianceramic.com\/es\/wp-json\/wp\/v2\/product_cat?post=3519"},{"taxonomy":"product_tag","embeddable":true,"href":"https:\/\/www.yongjianceramic.com\/es\/wp-json\/wp\/v2\/product_tag?post=3519"}],"curies":[{"name":"wp","href":"https:\/\/api.w.org\/{rel}","templated":true}]}}