{"id":3533,"date":"2024-09-20T09:54:55","date_gmt":"2024-09-20T09:54:55","guid":{"rendered":"https:\/\/www.yongjianceramic.com\/?post_type=product&#038;p=3533"},"modified":"2024-09-20T10:06:41","modified_gmt":"2024-09-20T10:06:41","slug":"blue-bulk-crockery","status":"publish","type":"product","link":"https:\/\/www.yongjianceramic.com\/es\/producto\/blue-bulk-crockery\/","title":{"rendered":"Juego de Vajilla de Porcelana Azul Estilo Retro, Vajilla de Porcelana al por mayor"},"content":{"rendered":"<div class=\"wp-block-columns is-layout-flex wp-container-core-columns-is-layout-9d6595d7 wp-block-columns-is-layout-flex\">\n<div class=\"wp-block-column is-layout-flow wp-block-column-is-layout-flow\">\n<h2 class=\"wp-block-heading\">Vajilla a granel Premium Caracter\u00edsticas:<\/h2>\n\n\n\n<ul class=\"wp-block-list\">\n<li><strong>Elegante azul retro:<\/strong> Esta vajilla azul a granel est\u00e1 dise\u00f1ada en estilo retro cl\u00e1sico. La elegante combinaci\u00f3n de tonos azules hace que la vajilla desprenda un encanto retro \u00fanico, apto para restaurantes de alto nivel y familias para realzar el sabor de la mesa.<\/li>\n\n\n\n<li><strong>Material de porcelana de alta calidad: <\/strong>Cada pieza de vajilla de porcelana al por mayor utiliza porcelana de alta calidad cocida a alta temperatura para garantizar su superficie lisa y excelente durabilidad. Tambi\u00e9n es resistente al calor y a los ara\u00f1azos, apta para un uso prolongado.<\/li>\n\n\n\n<li><strong>Diversas combinaciones de juegos: <\/strong>Nuestros juegos de vajilla a granel incluyen cuencos, platos, tazas, etc. de varios tama\u00f1os para satisfacer las necesidades de diversas ocasiones de comer. Es adecuada tanto para el uso familiar diario como para grandes caterings.<\/li>\n\n\n\n<li><strong>Opciones de venta al por mayor y a medida:<\/strong> Proporcionamos servicios de venta al por mayor de vajilla de porcelana para garantizar el suministro de la demanda de gran volumen, al tiempo que apoyamos la personalizaci\u00f3n para que el dise\u00f1o de la vajilla del cliente sea m\u00e1s distintivo y cumpla los requisitos de los diferentes proyectos.<\/li>\n<\/ul>\n<\/div>\n\n\n\n<div class=\"wp-block-column is-vertically-aligned-center is-layout-flow wp-block-column-is-layout-flow\"><div class=\"wp-block-image\">\n<figure class=\"aligncenter size-full\"><img fetchpriority=\"high\" decoding=\"async\" width=\"800\" height=\"800\" src=\"https:\/\/www.yongjianceramic.com\/wp-content\/uploads\/2024\/09\/Retro-Style-Blue-Bulk-Crockery-Set-Porcelain-Tableware-Wholesale4.webp\" alt=\"Juego de Vajilla a Granel Azul Estilo Retro, Vajilla de Porcelana al por Mayor(4)\" class=\"wp-image-3537\" srcset=\"https:\/\/www.yongjianceramic.com\/wp-content\/uploads\/2024\/09\/Retro-Style-Blue-Bulk-Crockery-Set-Porcelain-Tableware-Wholesale4.webp 800w, https:\/\/www.yongjianceramic.com\/wp-content\/uploads\/2024\/09\/Retro-Style-Blue-Bulk-Crockery-Set-Porcelain-Tableware-Wholesale4-300x300.webp 300w, https:\/\/www.yongjianceramic.com\/wp-content\/uploads\/2024\/09\/Retro-Style-Blue-Bulk-Crockery-Set-Porcelain-Tableware-Wholesale4-150x150.webp 150w, https:\/\/www.yongjianceramic.com\/wp-content\/uploads\/2024\/09\/Retro-Style-Blue-Bulk-Crockery-Set-Porcelain-Tableware-Wholesale4-768x768.webp 768w, https:\/\/www.yongjianceramic.com\/wp-content\/uploads\/2024\/09\/Retro-Style-Blue-Bulk-Crockery-Set-Porcelain-Tableware-Wholesale4-12x12.webp 12w, https:\/\/www.yongjianceramic.com\/wp-content\/uploads\/2024\/09\/Retro-Style-Blue-Bulk-Crockery-Set-Porcelain-Tableware-Wholesale4-285x285.webp 285w, https:\/\/www.yongjianceramic.com\/wp-content\/uploads\/2024\/09\/Retro-Style-Blue-Bulk-Crockery-Set-Porcelain-Tableware-Wholesale4-270x270.webp 270w, https:\/\/www.yongjianceramic.com\/wp-content\/uploads\/2024\/09\/Retro-Style-Blue-Bulk-Crockery-Set-Porcelain-Tableware-Wholesale4-540x540.webp 540w, https:\/\/www.yongjianceramic.com\/wp-content\/uploads\/2024\/09\/Retro-Style-Blue-Bulk-Crockery-Set-Porcelain-Tableware-Wholesale4-660x660.webp 660w\" sizes=\"(max-width: 800px) 100vw, 800px\" \/><\/figure>\n<\/div><\/div>\n<\/div>","protected":false},"excerpt":{"rendered":"<p>Bienvenido a comprar vajilla de porcelana al por mayor, nuestro juego de vajilla retro azul a granel combina el dise\u00f1o retro cl\u00e1sico y materiales de porcelana de alta gama, que es durable y hermoso, adecuado para diversas escenas de mesa de comedor. Diversa selecci\u00f3n de vajilla y servicios de personalizaci\u00f3n al por mayor lo convierten en una opci\u00f3n ideal para restaurantes de alta gama y familias.<\/p>\n<table style=\"border-collapse: collapse; width: 309.02pt;\" border=\"0\" width=\"309\" cellspacing=\"0\" cellpadding=\"0\">\n<tbody>\n<tr style=\"height: 17.60pt;\">\n<td class=\"et3\" style=\"height: 17.60pt; width: 120.25pt;\" width=\"120\" height=\"17\">Fabricante<\/td>\n<td class=\"et3\" style=\"width: 189.25pt;\" width=\"189\">Yongjian<\/td>\n<\/tr>\n<tr style=\"height: 18.00pt;\">\n<td class=\"et3\" style=\"height: 18.00pt;\" height=\"18\">N\u00ba de modelo<\/td>\n<td class=\"et4\" style=\"width: 189.25pt;\" width=\"189\">YJ-059<\/td>\n<\/tr>\n<tr style=\"height: 18.00pt;\">\n<td class=\"et5\" style=\"height: 18.00pt; width: 120.25pt;\" width=\"120\" height=\"18\">Tipo de vajilla<\/td>\n<td class=\"et5\" style=\"width: 189.25pt;\" width=\"189\">Bandejas, Platos, Cuencos<\/td>\n<\/tr>\n<tr style=\"height: 17.60pt;\">\n<td class=\"et3\" style=\"height: 17.60pt;\" height=\"17\">T\u00e9cnica<\/td>\n<td class=\"et3\">Efecto esmaltado en horno<\/td>\n<\/tr>\n<tr style=\"height: 17.60pt;\">\n<td class=\"et3\" style=\"height: 17.60pt;\" height=\"17\">Material<\/td>\n<td class=\"et3\">Porcelana<\/td>\n<\/tr>\n<tr style=\"height: 36.00pt;\">\n<td class=\"et6\" style=\"height: 36.00pt;\" height=\"36\">Aplicable<\/td>\n<td class=\"et5\" style=\"width: 189.25pt;\" width=\"189\">Esterilizador, Lavavajillas, Horno, Microondas<\/td>\n<\/tr>\n<tr style=\"height: 17.60pt;\">\n<td class=\"et3\" style=\"height: 17.60pt;\" height=\"17\">Dimensi\u00f3n<\/td>\n<td class=\"et3\">Como imagen<\/td>\n<\/tr>\n<tr style=\"height: 17.60pt;\">\n<td class=\"et3\" style=\"height: 17.60pt;\" height=\"17\">MOQ<\/td>\n<td class=\"et3\">500 unidades<\/td>\n<\/tr>\n<tr style=\"height: 17.60pt;\">\n<td class=\"et3\" style=\"height: 17.60pt;\" height=\"17\">A medida<\/td>\n<td class=\"et3\">Color\/Tama\u00f1o\/Logotipo\/Embalaje<\/td>\n<\/tr>\n<\/tbody>\n<\/table>","protected":false},"featured_media":3540,"comment_status":"closed","ping_status":"closed","template":"","meta":{"_acf_changed":false},"product_brand":[],"product_cat":[64,83],"product_tag":[84],"class_list":{"0":"post-3533","1":"product","2":"type-product","3":"status-publish","4":"has-post-thumbnail","6":"product_cat-dinnerware-sets","7":"product_cat-dinner-sets-wholesale","8":"product_tag-retro-design-dinnerware-wholesale","10":"first","11":"instock","12":"shipping-taxable","13":"product-type-simple"},"acf":[],"_links":{"self":[{"href":"https:\/\/www.yongjianceramic.com\/es\/wp-json\/wp\/v2\/product\/3533","targetHints":{"allow":["GET"]}}],"collection":[{"href":"https:\/\/www.yongjianceramic.com\/es\/wp-json\/wp\/v2\/product"}],"about":[{"href":"https:\/\/www.yongjianceramic.com\/es\/wp-json\/wp\/v2\/types\/product"}],"replies":[{"embeddable":true,"href":"https:\/\/www.yongjianceramic.com\/es\/wp-json\/wp\/v2\/comments?post=3533"}],"wp:featuredmedia":[{"embeddable":true,"href":"https:\/\/www.yongjianceramic.com\/es\/wp-json\/wp\/v2\/media\/3540"}],"wp:attachment":[{"href":"https:\/\/www.yongjianceramic.com\/es\/wp-json\/wp\/v2\/media?parent=3533"}],"wp:term":[{"taxonomy":"product_brand","embeddable":true,"href":"https:\/\/www.yongjianceramic.com\/es\/wp-json\/wp\/v2\/product_brand?post=3533"},{"taxonomy":"product_cat","embeddable":true,"href":"https:\/\/www.yongjianceramic.com\/es\/wp-json\/wp\/v2\/product_cat?post=3533"},{"taxonomy":"product_tag","embeddable":true,"href":"https:\/\/www.yongjianceramic.com\/es\/wp-json\/wp\/v2\/product_tag?post=3533"}],"curies":[{"name":"wp","href":"https:\/\/api.w.org\/{rel}","templated":true}]}}