{"id":3543,"date":"2024-09-20T10:07:11","date_gmt":"2024-09-20T10:07:11","guid":{"rendered":"https:\/\/www.yongjianceramic.com\/?post_type=product&#038;p=3543"},"modified":"2024-09-20T10:17:28","modified_gmt":"2024-09-20T10:17:28","slug":"green-custom-dinnerware-sets","status":"publish","type":"product","link":"https:\/\/www.yongjianceramic.com\/es\/producto\/green-custom-dinnerware-sets\/","title":{"rendered":"Vajilla Personalizada Verde Retro, Vajilla de Cer\u00e1mica a Granel"},"content":{"rendered":"<div class=\"wp-block-columns is-layout-flex wp-container-core-columns-is-layout-9d6595d7 wp-block-columns-is-layout-flex\">\n<div class=\"wp-block-column is-layout-flow wp-block-column-is-layout-flow\">\n<h2 class=\"wp-block-heading\">Vajillas personalizadas Premium Caracter\u00edsticas:<\/h2>\n\n\n\n<ul class=\"wp-block-list\">\n<li><strong>Dise\u00f1o retro \u00fanico: <\/strong>Esta vajilla personalizada al por mayor de color verde retro presenta un dise\u00f1o retro cl\u00e1sico. El tono verde suave da la vajilla una sensaci\u00f3n nost\u00e1lgica \u00fanica, adecuada para una variedad de estilos de mesa, especialmente retro y ocasiones con temas de naturaleza.<\/li>\n\n\n\n<li><strong>Artesan\u00eda cer\u00e1mica de alta calidad: <\/strong>Nuestras vajillas de cer\u00e1mica a granel est\u00e1n fabricadas con materiales cer\u00e1micos de alta calidad y cocidas a altas temperaturas para garantizar que la vajilla sea duradera y resistente a los ara\u00f1azos, a la vez que presenta un esmalte suave, f\u00e1cil de limpiar y duradero.<\/li>\n\n\n\n<li><strong>Servicio de personalizaci\u00f3n flexible: <\/strong>Esta serie de vajillas personalizadas al por mayor admite dise\u00f1os personalizados. Los clientes pueden elegir el tama\u00f1o, la forma y el patr\u00f3n de la vajilla seg\u00fan sus necesidades para crear vajillas personalizadas.<\/li>\n\n\n\n<li><strong>Suministro a granel y calidad estable: <\/strong>Ofrecemos opciones flexibles de venta al por mayor de vajillas de cer\u00e1mica al por mayor para garantizar la entrega r\u00e1pida de grandes pedidos, y cada lote de productos se somete a estrictas inspecciones de calidad para garantizar una alta calidad constante.<\/li>\n<\/ul>\n<\/div>\n\n\n\n<div class=\"wp-block-column is-vertically-aligned-center is-layout-flow wp-block-column-is-layout-flow\"><div class=\"wp-block-image\">\n<figure class=\"aligncenter size-full\"><img fetchpriority=\"high\" decoding=\"async\" width=\"800\" height=\"800\" src=\"https:\/\/www.yongjianceramic.com\/wp-content\/uploads\/2024\/09\/Retro-Green-Custom-Dinnerware-Sets-Bulk-Ceramic-Tableware-5.webp\" alt=\"Vajilla Personalizada Verde Retro, Vajilla de Cer\u00e1mica a Granel-5\" class=\"wp-image-3548\" srcset=\"https:\/\/www.yongjianceramic.com\/wp-content\/uploads\/2024\/09\/Retro-Green-Custom-Dinnerware-Sets-Bulk-Ceramic-Tableware-5.webp 800w, https:\/\/www.yongjianceramic.com\/wp-content\/uploads\/2024\/09\/Retro-Green-Custom-Dinnerware-Sets-Bulk-Ceramic-Tableware-5-300x300.webp 300w, https:\/\/www.yongjianceramic.com\/wp-content\/uploads\/2024\/09\/Retro-Green-Custom-Dinnerware-Sets-Bulk-Ceramic-Tableware-5-150x150.webp 150w, https:\/\/www.yongjianceramic.com\/wp-content\/uploads\/2024\/09\/Retro-Green-Custom-Dinnerware-Sets-Bulk-Ceramic-Tableware-5-768x768.webp 768w, https:\/\/www.yongjianceramic.com\/wp-content\/uploads\/2024\/09\/Retro-Green-Custom-Dinnerware-Sets-Bulk-Ceramic-Tableware-5-12x12.webp 12w, https:\/\/www.yongjianceramic.com\/wp-content\/uploads\/2024\/09\/Retro-Green-Custom-Dinnerware-Sets-Bulk-Ceramic-Tableware-5-285x285.webp 285w, https:\/\/www.yongjianceramic.com\/wp-content\/uploads\/2024\/09\/Retro-Green-Custom-Dinnerware-Sets-Bulk-Ceramic-Tableware-5-270x270.webp 270w, https:\/\/www.yongjianceramic.com\/wp-content\/uploads\/2024\/09\/Retro-Green-Custom-Dinnerware-Sets-Bulk-Ceramic-Tableware-5-540x540.webp 540w, https:\/\/www.yongjianceramic.com\/wp-content\/uploads\/2024\/09\/Retro-Green-Custom-Dinnerware-Sets-Bulk-Ceramic-Tableware-5-660x660.webp 660w\" sizes=\"(max-width: 800px) 100vw, 800px\" \/><\/figure>\n<\/div><\/div>\n<\/div>","protected":false},"excerpt":{"rendered":"<p>Nuestra vajilla personalizada verde retro al por mayor est\u00e1 fabricada con materiales cer\u00e1micos de alta calidad y dise\u00f1os retro cl\u00e1sicos, adecuados para una gran variedad de estilos de mesa. Apoyo a la personalizaci\u00f3n personalizada, opciones flexibles al por mayor hacen que sea una opci\u00f3n ideal para restaurantes, hoteles y proyectos de marca, a\u00f1adiendo un encanto \u00fanico a la experiencia de comer. Bienvenido a comprar vajilla de cer\u00e1mica al por mayor.\u00a0<\/p>\n<table style=\"border-collapse: collapse; width: 309.02pt;\" border=\"0\" width=\"309\" cellspacing=\"0\" cellpadding=\"0\">\n<tbody>\n<tr style=\"height: 17.60pt;\">\n<td class=\"et3\" style=\"height: 17.60pt; width: 120.25pt;\" width=\"120\" height=\"17\">Fabricante<\/td>\n<td class=\"et3\" style=\"width: 189.25pt;\" width=\"189\">Yongjian<\/td>\n<\/tr>\n<tr style=\"height: 18.00pt;\">\n<td class=\"et3\" style=\"height: 18.00pt;\" height=\"18\">N\u00ba de modelo<\/td>\n<td class=\"et4\" style=\"width: 189.25pt;\" width=\"189\">YJ-060<\/td>\n<\/tr>\n<tr style=\"height: 18.00pt;\">\n<td class=\"et5\" style=\"height: 18.00pt; width: 120.25pt;\" width=\"120\" height=\"18\">Tipo de vajilla<\/td>\n<td class=\"et5\" style=\"width: 189.25pt;\" width=\"189\">Bandejas, Platos, Cuencos<\/td>\n<\/tr>\n<tr style=\"height: 17.60pt;\">\n<td class=\"et3\" style=\"height: 17.60pt;\" height=\"17\">T\u00e9cnica<\/td>\n<td class=\"et3\">Efecto esmaltado en horno<\/td>\n<\/tr>\n<tr style=\"height: 17.60pt;\">\n<td class=\"et3\" style=\"height: 17.60pt;\" height=\"17\">Material<\/td>\n<td class=\"et3\">Porcelana<\/td>\n<\/tr>\n<tr style=\"height: 36.00pt;\">\n<td class=\"et6\" style=\"height: 36.00pt;\" height=\"36\">Aplicable<\/td>\n<td class=\"et5\" style=\"width: 189.25pt;\" width=\"189\">Esterilizador, Lavavajillas, Horno, Microondas<\/td>\n<\/tr>\n<tr style=\"height: 17.60pt;\">\n<td class=\"et3\" style=\"height: 17.60pt;\" height=\"17\">Dimensi\u00f3n<\/td>\n<td class=\"et3\">Como imagen<\/td>\n<\/tr>\n<tr style=\"height: 17.60pt;\">\n<td class=\"et3\" style=\"height: 17.60pt;\" height=\"17\">MOQ<\/td>\n<td class=\"et3\">500 unidades<\/td>\n<\/tr>\n<tr style=\"height: 17.60pt;\">\n<td class=\"et3\" style=\"height: 17.60pt;\" height=\"17\">A medida<\/td>\n<td class=\"et3\">Color\/Tama\u00f1o\/Logotipo\/Embalaje<\/td>\n<\/tr>\n<\/tbody>\n<\/table>","protected":false},"featured_media":3544,"comment_status":"closed","ping_status":"closed","template":"","meta":{"_acf_changed":false},"product_brand":[],"product_cat":[64,83],"product_tag":[84],"class_list":{"0":"post-3543","1":"product","2":"type-product","3":"status-publish","4":"has-post-thumbnail","6":"product_cat-dinnerware-sets","7":"product_cat-dinner-sets-wholesale","8":"product_tag-retro-design-dinnerware-wholesale","10":"first","11":"instock","12":"shipping-taxable","13":"product-type-simple"},"acf":[],"_links":{"self":[{"href":"https:\/\/www.yongjianceramic.com\/es\/wp-json\/wp\/v2\/product\/3543","targetHints":{"allow":["GET"]}}],"collection":[{"href":"https:\/\/www.yongjianceramic.com\/es\/wp-json\/wp\/v2\/product"}],"about":[{"href":"https:\/\/www.yongjianceramic.com\/es\/wp-json\/wp\/v2\/types\/product"}],"replies":[{"embeddable":true,"href":"https:\/\/www.yongjianceramic.com\/es\/wp-json\/wp\/v2\/comments?post=3543"}],"wp:featuredmedia":[{"embeddable":true,"href":"https:\/\/www.yongjianceramic.com\/es\/wp-json\/wp\/v2\/media\/3544"}],"wp:attachment":[{"href":"https:\/\/www.yongjianceramic.com\/es\/wp-json\/wp\/v2\/media?parent=3543"}],"wp:term":[{"taxonomy":"product_brand","embeddable":true,"href":"https:\/\/www.yongjianceramic.com\/es\/wp-json\/wp\/v2\/product_brand?post=3543"},{"taxonomy":"product_cat","embeddable":true,"href":"https:\/\/www.yongjianceramic.com\/es\/wp-json\/wp\/v2\/product_cat?post=3543"},{"taxonomy":"product_tag","embeddable":true,"href":"https:\/\/www.yongjianceramic.com\/es\/wp-json\/wp\/v2\/product_tag?post=3543"}],"curies":[{"name":"wp","href":"https:\/\/api.w.org\/{rel}","templated":true}]}}