{"id":3552,"date":"2024-09-20T10:33:15","date_gmt":"2024-09-20T10:33:15","guid":{"rendered":"https:\/\/www.yongjianceramic.com\/?post_type=product&#038;p=3552"},"modified":"2025-03-01T16:47:28","modified_gmt":"2025-03-01T08:47:28","slug":"crockery-wholesale","status":"publish","type":"product","link":"https:\/\/www.yongjianceramic.com\/es\/producto\/crockery-wholesale\/","title":{"rendered":"Mayorista de Vajillas de Horno de Estilo Japon\u00e9s para Izakayas"},"content":{"rendered":"<div class=\"wp-block-columns is-layout-flex wp-container-core-columns-is-layout-9d6595d7 wp-block-columns-is-layout-flex\">\n<div class=\"wp-block-column is-layout-flow wp-block-column-is-layout-flow\">\n<h2 class=\"wp-block-heading\">Vajilla Premium al por mayor Caracter\u00edsticas:<\/h2>\n\n\n\n<ul class=\"wp-block-list\">\n<li><strong>Dise\u00f1o tradicional japon\u00e9s: <\/strong>Este juego de vajilla al por mayor por cocci\u00f3n en horno se define por el dise\u00f1o tradicional japon\u00e9s, que consiste en formas humildes pero refinadas ayudadas por el color y la textura naturales que se integran con el entorno de la izakaya, as\u00ed como con el comedor en general.<\/li>\n\n\n\n<li><strong>Artesan\u00eda en horno: <\/strong>Todas las vajillas al por mayor se fabrican con el m\u00e9todo tradicional de cocci\u00f3n al horno. La cocci\u00f3n a altas temperaturas proporciona a la vajilla una textura y un cambio de color \u00fanicos, resaltando la belleza de los art\u00edculos hechos a mano, duraderos e innovadores.<\/li>\n\n\n\n<li><strong>Adecuado para una gran variedad de comedores: <\/strong>El juego de vajilla de porcelana al por mayor incluye cuencos, platos y tazas de varios tama\u00f1os, adecuados para diversos tipos de comida japonesa, como sushi, ramen, guarniciones, etc., y a\u00f1ade funciones diversificadas a la mesa.<\/li>\n\n\n\n<li><strong>Servicios mayoristas y personalizados: <\/strong>Proporcionamos un servicio completo de vajilla al por mayor para proporcionar de forma continua, y ofrecemos servicios de personalizaci\u00f3n para ayudar a los restaurantes a crear sus propios juegos de vajilla de estilo y mejorar su imagen de marca.<\/li>\n<\/ul>\n<\/div>\n\n\n\n<div class=\"wp-block-column is-vertically-aligned-center is-layout-flow wp-block-column-is-layout-flow\"><div class=\"wp-block-image\">\n<figure class=\"aligncenter size-full\"><img fetchpriority=\"high\" decoding=\"async\" width=\"800\" height=\"800\" src=\"https:\/\/www.yongjianceramic.com\/wp-content\/uploads\/2024\/09\/Japanese-Style-Kiln-fired-Crockery-Wholesale-For-Izakayas-04.webp\" alt=\"Vajilla al por mayor de estilo japon\u00e9s para Izakayas-04\" class=\"wp-image-3556\" srcset=\"https:\/\/www.yongjianceramic.com\/wp-content\/uploads\/2024\/09\/Japanese-Style-Kiln-fired-Crockery-Wholesale-For-Izakayas-04.webp 800w, https:\/\/www.yongjianceramic.com\/wp-content\/uploads\/2024\/09\/Japanese-Style-Kiln-fired-Crockery-Wholesale-For-Izakayas-04-300x300.webp 300w, https:\/\/www.yongjianceramic.com\/wp-content\/uploads\/2024\/09\/Japanese-Style-Kiln-fired-Crockery-Wholesale-For-Izakayas-04-150x150.webp 150w, https:\/\/www.yongjianceramic.com\/wp-content\/uploads\/2024\/09\/Japanese-Style-Kiln-fired-Crockery-Wholesale-For-Izakayas-04-768x768.webp 768w, https:\/\/www.yongjianceramic.com\/wp-content\/uploads\/2024\/09\/Japanese-Style-Kiln-fired-Crockery-Wholesale-For-Izakayas-04-12x12.webp 12w, https:\/\/www.yongjianceramic.com\/wp-content\/uploads\/2024\/09\/Japanese-Style-Kiln-fired-Crockery-Wholesale-For-Izakayas-04-285x285.webp 285w, https:\/\/www.yongjianceramic.com\/wp-content\/uploads\/2024\/09\/Japanese-Style-Kiln-fired-Crockery-Wholesale-For-Izakayas-04-270x270.webp 270w, https:\/\/www.yongjianceramic.com\/wp-content\/uploads\/2024\/09\/Japanese-Style-Kiln-fired-Crockery-Wholesale-For-Izakayas-04-540x540.webp 540w, https:\/\/www.yongjianceramic.com\/wp-content\/uploads\/2024\/09\/Japanese-Style-Kiln-fired-Crockery-Wholesale-For-Izakayas-04-660x660.webp 660w\" sizes=\"(max-width: 800px) 100vw, 800px\" \/><\/figure>\n<\/div><\/div>\n<\/div>","protected":false},"excerpt":{"rendered":"<p>Bienvenido a comprar vajilla al por mayor. Nuestro juego de vajilla al por mayor est\u00e1 especialmente dise\u00f1ado para izakayas con una combinaci\u00f3n de artesan\u00eda tradicional, estilo contempor\u00e1neo y un sentido est\u00e9tico japon\u00e9s \u00fanico. Ofrezca servicios de venta al por mayor y personalizaci\u00f3n para introducir en su izakaya opciones de vajilla de alta calidad, duraderas y encantadoras para mejorar la experiencia gastron\u00f3mica de sus clientes.<\/p>\n<table style=\"border-collapse: collapse; width: 309.02pt;\" border=\"0\" width=\"309\" cellspacing=\"0\" cellpadding=\"0\">\n<tbody>\n<tr style=\"height: 17.60pt;\">\n<td class=\"et3\" style=\"height: 17.60pt; width: 120.25pt;\" width=\"120\" height=\"17\">Fabricante<\/td>\n<td class=\"et3\" style=\"width: 189.25pt;\" width=\"189\">Yongjian<\/td>\n<\/tr>\n<tr style=\"height: 18.00pt;\">\n<td class=\"et3\" style=\"height: 18.00pt;\" height=\"18\">N\u00ba de modelo<\/td>\n<td class=\"et4\" style=\"width: 189.25pt;\" width=\"189\">YJ-061<\/td>\n<\/tr>\n<tr style=\"height: 18.00pt;\">\n<td class=\"et5\" style=\"height: 18.00pt; width: 120.25pt;\" width=\"120\" height=\"18\">Tipo de vajilla<\/td>\n<td class=\"et5\" style=\"width: 189.25pt;\" width=\"189\">Bandejas, Platos, Cuencos<\/td>\n<\/tr>\n<tr style=\"height: 17.60pt;\">\n<td class=\"et3\" style=\"height: 17.60pt;\" height=\"17\">T\u00e9cnica<\/td>\n<td class=\"et3\">Efecto esmaltado en horno<\/td>\n<\/tr>\n<tr style=\"height: 17.60pt;\">\n<td class=\"et3\" style=\"height: 17.60pt;\" height=\"17\">Material<\/td>\n<td class=\"et3\">Porcelana<\/td>\n<\/tr>\n<tr style=\"height: 36.00pt;\">\n<td class=\"et6\" style=\"height: 36.00pt;\" height=\"36\">Aplicable<\/td>\n<td class=\"et5\" style=\"width: 189.25pt;\" width=\"189\">Esterilizador, Lavavajillas, Horno, Microondas<\/td>\n<\/tr>\n<tr style=\"height: 17.60pt;\">\n<td class=\"et3\" style=\"height: 17.60pt;\" height=\"17\">Dimensi\u00f3n<\/td>\n<td class=\"et3\">Como imagen<\/td>\n<\/tr>\n<tr style=\"height: 17.60pt;\">\n<td class=\"et3\" style=\"height: 17.60pt;\" height=\"17\">MOQ<\/td>\n<td class=\"et3\">500 unidades<\/td>\n<\/tr>\n<tr style=\"height: 17.60pt;\">\n<td class=\"et3\" style=\"height: 17.60pt;\" height=\"17\">A medida<\/td>\n<td class=\"et3\">Color\/Tama\u00f1o\/Logotipo\/Embalaje<\/td>\n<\/tr>\n<\/tbody>\n<\/table>","protected":false},"featured_media":3553,"comment_status":"closed","ping_status":"closed","template":"","meta":{"_acf_changed":false},"product_brand":[],"product_cat":[64,87],"product_tag":[88],"class_list":{"0":"post-3552","1":"product","2":"type-product","3":"status-publish","4":"has-post-thumbnail","6":"product_cat-dinnerware-sets","7":"product_cat-tableware-wholesale","8":"product_tag-japanese-style-dinnerware-set-wholesale","10":"first","11":"instock","12":"shipping-taxable","13":"product-type-simple"},"acf":[],"_links":{"self":[{"href":"https:\/\/www.yongjianceramic.com\/es\/wp-json\/wp\/v2\/product\/3552","targetHints":{"allow":["GET"]}}],"collection":[{"href":"https:\/\/www.yongjianceramic.com\/es\/wp-json\/wp\/v2\/product"}],"about":[{"href":"https:\/\/www.yongjianceramic.com\/es\/wp-json\/wp\/v2\/types\/product"}],"replies":[{"embeddable":true,"href":"https:\/\/www.yongjianceramic.com\/es\/wp-json\/wp\/v2\/comments?post=3552"}],"wp:featuredmedia":[{"embeddable":true,"href":"https:\/\/www.yongjianceramic.com\/es\/wp-json\/wp\/v2\/media\/3553"}],"wp:attachment":[{"href":"https:\/\/www.yongjianceramic.com\/es\/wp-json\/wp\/v2\/media?parent=3552"}],"wp:term":[{"taxonomy":"product_brand","embeddable":true,"href":"https:\/\/www.yongjianceramic.com\/es\/wp-json\/wp\/v2\/product_brand?post=3552"},{"taxonomy":"product_cat","embeddable":true,"href":"https:\/\/www.yongjianceramic.com\/es\/wp-json\/wp\/v2\/product_cat?post=3552"},{"taxonomy":"product_tag","embeddable":true,"href":"https:\/\/www.yongjianceramic.com\/es\/wp-json\/wp\/v2\/product_tag?post=3552"}],"curies":[{"name":"wp","href":"https:\/\/api.w.org\/{rel}","templated":true}]}}