{"id":3572,"date":"2024-09-23T03:35:03","date_gmt":"2024-09-23T03:35:03","guid":{"rendered":"https:\/\/www.yongjianceramic.com\/?post_type=product&#038;p=3572"},"modified":"2025-03-01T17:20:33","modified_gmt":"2025-03-01T09:20:33","slug":"oriental-wholesale-crockery","status":"publish","type":"product","link":"https:\/\/www.yongjianceramic.com\/es\/producto\/oriental-wholesale-crockery\/","title":{"rendered":"Vajilla Mayorista Oriental, Vajilla a Granel Gris y Verde para Restaurante"},"content":{"rendered":"<div class=\"wp-block-columns is-layout-flex wp-container-core-columns-is-layout-9d6595d7 wp-block-columns-is-layout-flex\">\n<div class=\"wp-block-column is-layout-flow wp-block-column-is-layout-flow\">\n<h2 class=\"wp-block-heading\">Vajilla Mayorista Oriental Premium Caracter\u00edsticas:<\/h2>\n\n\n\n<ul class=\"wp-block-list\">\n<li><strong>Dise\u00f1o de estilo oriental: <\/strong>Nuestra vajilla oriental al por mayor adopta la combinaci\u00f3n com\u00fan de colores gris y verde para crear un efecto visual natural y refrescante, que puede utilizarse en cualquier tipo de mesa de comedor para crear un ambiente elegante para el restaurante.<\/li>\n\n\n\n<li><strong>Artesan\u00eda personalizada de alta gama:<\/strong> Esta vajilla a granel serie vajilla es de alta tecnolog\u00eda de cer\u00e1mica cocida y el esmalte es fino y suave, que no s\u00f3lo a\u00f1ade el producto una mejor durabilidad, pero tambi\u00e9n trae cada vajilla una textura \u00fanica y aspecto de lujo.<\/li>\n\n\n\n<li><strong>M\u00faltiples especificaciones para elegir:<\/strong> Nuestra serie de vajillas orientales al por mayor ofrece una gran variedad de cuencos, platos y cucharas, adecuados para distintos tipos de platos, ya sean de cocina occidental, oriental o de fusi\u00f3n, se pueden combinar f\u00e1cilmente.<\/li>\n\n\n\n<li><strong>Gran durabilidad y f\u00e1cil limpieza: <\/strong>Esta vajilla a granel no s\u00f3lo es resistente a las altas temperaturas, los ara\u00f1azos y el desgaste, sino que tambi\u00e9n es f\u00e1cil de limpiar. Su material cer\u00e1mico de alta resistencia garantiza seguridad y fiabilidad para un uso prolongado.<\/li>\n<\/ul>\n<\/div>\n\n\n\n<div class=\"wp-block-column is-vertically-aligned-center is-layout-flow wp-block-column-is-layout-flow\">\n<figure class=\"wp-block-image size-full\"><img fetchpriority=\"high\" decoding=\"async\" width=\"800\" height=\"800\" src=\"https:\/\/www.yongjianceramic.com\/wp-content\/uploads\/2024\/09\/Oriental-Wholesale-Crockery-Bulk-Dinnerware-For-Restaurant-04.webp\" alt=\"Vajilla Oriental al por mayor, Vajilla al por mayor para restaurante-04\" class=\"wp-image-3578\" srcset=\"https:\/\/www.yongjianceramic.com\/wp-content\/uploads\/2024\/09\/Oriental-Wholesale-Crockery-Bulk-Dinnerware-For-Restaurant-04.webp 800w, https:\/\/www.yongjianceramic.com\/wp-content\/uploads\/2024\/09\/Oriental-Wholesale-Crockery-Bulk-Dinnerware-For-Restaurant-04-300x300.webp 300w, https:\/\/www.yongjianceramic.com\/wp-content\/uploads\/2024\/09\/Oriental-Wholesale-Crockery-Bulk-Dinnerware-For-Restaurant-04-150x150.webp 150w, https:\/\/www.yongjianceramic.com\/wp-content\/uploads\/2024\/09\/Oriental-Wholesale-Crockery-Bulk-Dinnerware-For-Restaurant-04-768x768.webp 768w, https:\/\/www.yongjianceramic.com\/wp-content\/uploads\/2024\/09\/Oriental-Wholesale-Crockery-Bulk-Dinnerware-For-Restaurant-04-12x12.webp 12w, https:\/\/www.yongjianceramic.com\/wp-content\/uploads\/2024\/09\/Oriental-Wholesale-Crockery-Bulk-Dinnerware-For-Restaurant-04-285x285.webp 285w, https:\/\/www.yongjianceramic.com\/wp-content\/uploads\/2024\/09\/Oriental-Wholesale-Crockery-Bulk-Dinnerware-For-Restaurant-04-270x270.webp 270w, https:\/\/www.yongjianceramic.com\/wp-content\/uploads\/2024\/09\/Oriental-Wholesale-Crockery-Bulk-Dinnerware-For-Restaurant-04-540x540.webp 540w, https:\/\/www.yongjianceramic.com\/wp-content\/uploads\/2024\/09\/Oriental-Wholesale-Crockery-Bulk-Dinnerware-For-Restaurant-04-660x660.webp 660w\" sizes=\"(max-width: 800px) 100vw, 800px\" \/><\/figure>\n<\/div>\n<\/div>","protected":false},"excerpt":{"rendered":"<p>Bienvenido a comprar vajilla al por mayor. Nuestra serie de vajilla oriental al por mayor adopta un dise\u00f1o liso de estilo oriental. El color gris y verde a juego es de belleza natural y elegancia, que es especialmente adecuado para lugares de comedor de gama alta, tales como restaurantes. Los productos se fabrican con alta tecnolog\u00eda, esmalte suave y delicado, duradero y f\u00e1cil de limpiar, que es conveniente y duradero en el uso a largo plazo.<\/p>\n<table style=\"border-collapse: collapse; width: 309.02pt;\" border=\"0\" width=\"309\" cellspacing=\"0\" cellpadding=\"0\">\n<tbody>\n<tr style=\"height: 17.60pt;\">\n<td class=\"et3\" style=\"height: 17.60pt; width: 120.25pt;\" width=\"120\" height=\"17\">Fabricante<\/td>\n<td class=\"et3\" style=\"width: 189.25pt;\" width=\"189\">Yongjian<\/td>\n<\/tr>\n<tr style=\"height: 18.00pt;\">\n<td class=\"et3\" style=\"height: 18.00pt;\" height=\"18\">N\u00ba de modelo<\/td>\n<td class=\"et4\" style=\"width: 189.25pt;\" width=\"189\">YJ-063<\/td>\n<\/tr>\n<tr style=\"height: 18.00pt;\">\n<td class=\"et5\" style=\"height: 18.00pt; width: 120.25pt;\" width=\"120\" height=\"18\">Tipo de vajilla<\/td>\n<td class=\"et5\" style=\"width: 189.25pt;\" width=\"189\">Bandejas, Platos, Cuencos, Cucharas<\/td>\n<\/tr>\n<tr style=\"height: 17.60pt;\">\n<td class=\"et3\" style=\"height: 17.60pt;\" height=\"17\">T\u00e9cnica<\/td>\n<td class=\"et3\">Efecto esmaltado en horno<\/td>\n<\/tr>\n<tr style=\"height: 17.60pt;\">\n<td class=\"et3\" style=\"height: 17.60pt;\" height=\"17\">Material<\/td>\n<td class=\"et3\">Porcelana<\/td>\n<\/tr>\n<tr style=\"height: 36.00pt;\">\n<td class=\"et6\" style=\"height: 36.00pt;\" height=\"36\">Aplicable<\/td>\n<td class=\"et5\" style=\"width: 189.25pt;\" width=\"189\">Esterilizador, Lavavajillas, Horno, Microondas<\/td>\n<\/tr>\n<tr style=\"height: 17.60pt;\">\n<td class=\"et3\" style=\"height: 17.60pt;\" height=\"17\">Dimensi\u00f3n<\/td>\n<td class=\"et3\">Como imagen<\/td>\n<\/tr>\n<tr style=\"height: 17.60pt;\">\n<td class=\"et3\" style=\"height: 17.60pt;\" height=\"17\">MOQ<\/td>\n<td class=\"et3\">500 unidades<\/td>\n<\/tr>\n<tr style=\"height: 17.60pt;\">\n<td class=\"et3\" style=\"height: 17.60pt;\" height=\"17\">A medida<\/td>\n<td class=\"et3\">Color\/Tama\u00f1o\/Logotipo\/Embalaje<\/td>\n<\/tr>\n<\/tbody>\n<\/table>","protected":false},"featured_media":3575,"comment_status":"closed","ping_status":"closed","template":"","meta":{"_acf_changed":false},"product_brand":[],"product_cat":[64,85],"product_tag":[86],"class_list":{"0":"post-3572","1":"product","2":"type-product","3":"status-publish","4":"has-post-thumbnail","6":"product_cat-dinnerware-sets","7":"product_cat-wholesale-dinnerware-sets","8":"product_tag-oriental-style-dinnerware-wholesale","10":"first","11":"instock","12":"shipping-taxable","13":"product-type-simple"},"acf":[],"_links":{"self":[{"href":"https:\/\/www.yongjianceramic.com\/es\/wp-json\/wp\/v2\/product\/3572","targetHints":{"allow":["GET"]}}],"collection":[{"href":"https:\/\/www.yongjianceramic.com\/es\/wp-json\/wp\/v2\/product"}],"about":[{"href":"https:\/\/www.yongjianceramic.com\/es\/wp-json\/wp\/v2\/types\/product"}],"replies":[{"embeddable":true,"href":"https:\/\/www.yongjianceramic.com\/es\/wp-json\/wp\/v2\/comments?post=3572"}],"wp:featuredmedia":[{"embeddable":true,"href":"https:\/\/www.yongjianceramic.com\/es\/wp-json\/wp\/v2\/media\/3575"}],"wp:attachment":[{"href":"https:\/\/www.yongjianceramic.com\/es\/wp-json\/wp\/v2\/media?parent=3572"}],"wp:term":[{"taxonomy":"product_brand","embeddable":true,"href":"https:\/\/www.yongjianceramic.com\/es\/wp-json\/wp\/v2\/product_brand?post=3572"},{"taxonomy":"product_cat","embeddable":true,"href":"https:\/\/www.yongjianceramic.com\/es\/wp-json\/wp\/v2\/product_cat?post=3572"},{"taxonomy":"product_tag","embeddable":true,"href":"https:\/\/www.yongjianceramic.com\/es\/wp-json\/wp\/v2\/product_tag?post=3572"}],"curies":[{"name":"wp","href":"https:\/\/api.w.org\/{rel}","templated":true}]}}