{"id":3635,"date":"2024-10-28T08:56:34","date_gmt":"2024-10-28T08:56:34","guid":{"rendered":"https:\/\/www.yongjianceramic.com\/?post_type=product&#038;p=3635"},"modified":"2024-10-28T09:20:14","modified_gmt":"2024-10-28T09:20:14","slug":"bulk-ceramic-plates","status":"publish","type":"product","link":"https:\/\/www.yongjianceramic.com\/es\/producto\/bulk-ceramic-plates\/","title":{"rendered":"Platos de cer\u00e1mica azules a granel, Platos de cer\u00e1mica al por mayor"},"content":{"rendered":"<div class=\"wp-block-columns is-layout-flex wp-container-core-columns-is-layout-9d6595d7 wp-block-columns-is-layout-flex\">\n<div class=\"wp-block-column is-layout-flow wp-block-column-is-layout-flow\">\n<h2 class=\"wp-block-heading\">Placas de cer\u00e1mica a granel Premium Caracter\u00edsticas:<\/h2>\n\n\n\n<ul class=\"wp-block-list\">\n<li><strong>Elegante azul marino:<\/strong> Estos platos de cer\u00e1mica al por mayor son de color azul marino intenso, adecuados para una gran variedad de escenarios, como restaurantes, hoteles o cenas en casa, a\u00f1adiendo elegancia a la mesa y mejorando la experiencia gastron\u00f3mica.<\/li>\n\n\n\n<li><strong>M\u00faltiples opciones de tama\u00f1o: <\/strong>Nuestros platos de cer\u00e1mica a granel est\u00e1n disponibles en 4 tama\u00f1os (6 pulgadas, 8 pulgadas, 10 pulgadas, 12 pulgadas), desde peque\u00f1os platos hasta grandes platos principales, para satisfacer las necesidades de emplatado de diferentes platos, adecuados para los diversos men\u00fas de los restaurantes.<\/li>\n\n\n\n<li><strong>Gran durabilidad: <\/strong>Nuestros platos llanos de cer\u00e1mica al por mayor est\u00e1n fabricados con material cer\u00e1mico de alta calidad, cocido a alta temperatura, con gran resistencia a los golpes y ara\u00f1azos, lo que garantiza que los platos permanezcan en perfecto estado durante mucho tiempo en un entorno de comedor ajetreado.<\/li>\n\n\n\n<li><strong>F\u00e1cil de limpiar:<\/strong> Nuestros platos de cer\u00e1mica a granel tienen un esmalte suave y delicado, son resistentes a las manchas y al aceite, f\u00e1ciles de limpiar y admiten la limpieza en lavavajillas, aptos para el uso diario en la industria de la restauraci\u00f3n, reduciendo la dificultad de limpieza y mantenimiento.<\/li>\n<\/ul>\n<\/div>\n\n\n\n<div class=\"wp-block-column is-vertically-aligned-center is-layout-flow wp-block-column-is-layout-flow\"><div class=\"wp-block-image\">\n<figure class=\"aligncenter size-full is-resized\"><img fetchpriority=\"high\" decoding=\"async\" width=\"800\" height=\"800\" src=\"https:\/\/www.yongjianceramic.com\/wp-content\/uploads\/2024\/10\/Blue-Bulk-Ceramic-Plates-Wholesale-Ceramic-Dinner-Plates-03.webp\" alt=\"Platos de Cer\u00e1mica Azul a Granel, Platos de Cer\u00e1mica al por mayor-03\" class=\"wp-image-3638\" style=\"width:404px;height:auto\" srcset=\"https:\/\/www.yongjianceramic.com\/wp-content\/uploads\/2024\/10\/Blue-Bulk-Ceramic-Plates-Wholesale-Ceramic-Dinner-Plates-03.webp 800w, https:\/\/www.yongjianceramic.com\/wp-content\/uploads\/2024\/10\/Blue-Bulk-Ceramic-Plates-Wholesale-Ceramic-Dinner-Plates-03-300x300.webp 300w, https:\/\/www.yongjianceramic.com\/wp-content\/uploads\/2024\/10\/Blue-Bulk-Ceramic-Plates-Wholesale-Ceramic-Dinner-Plates-03-150x150.webp 150w, https:\/\/www.yongjianceramic.com\/wp-content\/uploads\/2024\/10\/Blue-Bulk-Ceramic-Plates-Wholesale-Ceramic-Dinner-Plates-03-768x768.webp 768w, https:\/\/www.yongjianceramic.com\/wp-content\/uploads\/2024\/10\/Blue-Bulk-Ceramic-Plates-Wholesale-Ceramic-Dinner-Plates-03-12x12.webp 12w, https:\/\/www.yongjianceramic.com\/wp-content\/uploads\/2024\/10\/Blue-Bulk-Ceramic-Plates-Wholesale-Ceramic-Dinner-Plates-03-285x285.webp 285w, https:\/\/www.yongjianceramic.com\/wp-content\/uploads\/2024\/10\/Blue-Bulk-Ceramic-Plates-Wholesale-Ceramic-Dinner-Plates-03-270x270.webp 270w, https:\/\/www.yongjianceramic.com\/wp-content\/uploads\/2024\/10\/Blue-Bulk-Ceramic-Plates-Wholesale-Ceramic-Dinner-Plates-03-540x540.webp 540w, https:\/\/www.yongjianceramic.com\/wp-content\/uploads\/2024\/10\/Blue-Bulk-Ceramic-Plates-Wholesale-Ceramic-Dinner-Plates-03-660x660.webp 660w\" sizes=\"(max-width: 800px) 100vw, 800px\" \/><\/figure>\n<\/div><\/div>\n<\/div>","protected":false},"excerpt":{"rendered":"<p>Bienvenido a comprar platos de cer\u00e1mica al por mayor. Nuestros platos de cer\u00e1mica azul marino al por mayor son adecuados para restaurantes, hoteles y uso dom\u00e9stico con sus elegantes tonos y 4 opciones de tama\u00f1o. El material cer\u00e1mico de alta calidad y el dise\u00f1o f\u00e1cil de limpiar garantizan que se mantengan tan brillantes y limpios como nuevos incluso con un uso frecuente, lo que los convierte en una opci\u00f3n ideal para la configuraci\u00f3n de mesas de comedor.<\/p>\n<table style=\"border-collapse: collapse; width: 309.02pt;\" border=\"0\" width=\"309\" cellspacing=\"0\" cellpadding=\"0\">\n<tbody>\n<tr style=\"height: 17.60pt;\">\n<td class=\"et3\" style=\"height: 17.60pt; width: 120.25pt;\" width=\"120\" height=\"17\">Fabricante<\/td>\n<td class=\"et3\" style=\"width: 189.25pt;\" width=\"189\">Yongjian<\/td>\n<\/tr>\n<tr style=\"height: 18.00pt;\">\n<td class=\"et3\" style=\"height: 18.00pt;\" height=\"18\">N\u00ba de modelo<\/td>\n<td class=\"et4\" style=\"width: 189.25pt;\" width=\"189\">YJ-064<\/td>\n<\/tr>\n<tr style=\"height: 17.60pt;\">\n<td class=\"et3\" style=\"height: 17.60pt;\" height=\"17\">Tipo de producto<\/td>\n<td class=\"et3\">Plato para servir, Plato llano<\/td>\n<\/tr>\n<tr style=\"height: 17.60pt;\">\n<td class=\"et3\" style=\"height: 17.60pt;\" height=\"17\">Material<\/td>\n<td class=\"et3\">Porcelana<\/td>\n<\/tr>\n<tr style=\"height: 17.60pt;\">\n<td class=\"et5\" style=\"height: 17.60pt;\" height=\"17\">Color<\/td>\n<td class=\"et3\">Azul<\/td>\n<\/tr>\n<tr style=\"height: 71.00pt;\">\n<td class=\"et3\" style=\"height: 71.00pt;\" height=\"71\">Dimensi\u00f3n<\/td>\n<td class=\"et6\" style=\"width: 189.25pt;\" width=\"189\">6'pulgadas: 15.2*15.2*2.5<br \/>8'pulgadas: 20.3*20.3*2.7<br \/>10'pulgadas: 25.2*25.2*2.7<br \/>12'pulgadas: 30.5*30.5*3.0<\/td>\n<\/tr>\n<tr style=\"height: 17.60pt;\">\n<td class=\"et3\" style=\"height: 17.60pt;\" height=\"17\">MOQ<\/td>\n<td class=\"et3\">500 unidades<\/td>\n<\/tr>\n<tr style=\"height: 17.60pt;\">\n<td class=\"et3\" style=\"height: 17.60pt;\" height=\"17\">A medida<\/td>\n<td class=\"et3\">Color\/Tama\u00f1o\/Logotipo\/Embalaje<\/td>\n<\/tr>\n<\/tbody>\n<\/table>","protected":false},"featured_media":3639,"comment_status":"closed","ping_status":"closed","template":"","meta":{"_acf_changed":false},"product_brand":[],"product_cat":[93,62],"product_tag":[84],"class_list":{"0":"post-3635","1":"product","2":"type-product","3":"status-publish","4":"has-post-thumbnail","6":"product_cat-bulk-dinner-plates","7":"product_cat-ceramic-plates-wholesale","8":"product_tag-retro-design-dinnerware-wholesale","10":"first","11":"instock","12":"shipping-taxable","13":"product-type-simple"},"acf":[],"_links":{"self":[{"href":"https:\/\/www.yongjianceramic.com\/es\/wp-json\/wp\/v2\/product\/3635","targetHints":{"allow":["GET"]}}],"collection":[{"href":"https:\/\/www.yongjianceramic.com\/es\/wp-json\/wp\/v2\/product"}],"about":[{"href":"https:\/\/www.yongjianceramic.com\/es\/wp-json\/wp\/v2\/types\/product"}],"replies":[{"embeddable":true,"href":"https:\/\/www.yongjianceramic.com\/es\/wp-json\/wp\/v2\/comments?post=3635"}],"wp:featuredmedia":[{"embeddable":true,"href":"https:\/\/www.yongjianceramic.com\/es\/wp-json\/wp\/v2\/media\/3639"}],"wp:attachment":[{"href":"https:\/\/www.yongjianceramic.com\/es\/wp-json\/wp\/v2\/media?parent=3635"}],"wp:term":[{"taxonomy":"product_brand","embeddable":true,"href":"https:\/\/www.yongjianceramic.com\/es\/wp-json\/wp\/v2\/product_brand?post=3635"},{"taxonomy":"product_cat","embeddable":true,"href":"https:\/\/www.yongjianceramic.com\/es\/wp-json\/wp\/v2\/product_cat?post=3635"},{"taxonomy":"product_tag","embeddable":true,"href":"https:\/\/www.yongjianceramic.com\/es\/wp-json\/wp\/v2\/product_tag?post=3635"}],"curies":[{"name":"wp","href":"https:\/\/api.w.org\/{rel}","templated":true}]}}