{"id":3645,"date":"2024-10-28T09:20:33","date_gmt":"2024-10-28T09:20:33","guid":{"rendered":"https:\/\/www.yongjianceramic.com\/?post_type=product&#038;p=3645"},"modified":"2024-10-28T10:17:50","modified_gmt":"2024-10-28T10:17:50","slug":"ceramic-plates-wholesale","status":"publish","type":"product","link":"https:\/\/www.yongjianceramic.com\/es\/producto\/ceramic-plates-wholesale\/","title":{"rendered":"Platos de Ceramica Mate al por mayor, Platos de restaurante al por mayor"},"content":{"rendered":"<div class=\"wp-block-columns is-layout-flex wp-container-core-columns-is-layout-9d6595d7 wp-block-columns-is-layout-flex\">\n<div class=\"wp-block-column is-layout-flow wp-block-column-is-layout-flow\">\n<h2 class=\"wp-block-heading\">Platos de Cer\u00e1mica Premium al por mayor Caracter\u00edsticas:<\/h2>\n\n\n\n<ul class=\"wp-block-list\">\n<li><strong>Opciones cl\u00e1sicas de color blanco y negro: <\/strong>Nuestros platos de cer\u00e1mica al por mayor ofrecen dos tonos cl\u00e1sicos de blanco y negro, adecuados para una variedad de entornos de comedor, desde la simplicidad moderna a los dise\u00f1os de restaurantes de alta gama, aportando efectos visuales de alta gama y combinando perfectamente con todo tipo de estilos de mesas de comedor.<\/li>\n\n\n\n<li><strong>Dise\u00f1o cuadrado de moda: <\/strong>El dise\u00f1o cuadrado de nuestros platos rompe las limitaciones de los platos redondos tradicionales, a\u00f1adiendo una belleza geom\u00e9trica \u00fanica, adecuada para el emplatado creativo en servicios de catering, y mejorando la experiencia gastron\u00f3mica.<\/li>\n\n\n\n<li><strong>Pr\u00e1cticas opciones de tama\u00f1o: <\/strong>Estos platos de cer\u00e1mica al por mayor tienen dos opciones de tama\u00f1o, de 8 y 10 pulgadas, que satisfacen las necesidades de diversos platos, desde aperitivos hasta platos principales, y se adaptan con flexibilidad a las necesidades de raci\u00f3n y emplatado de los distintos platos.<\/li>\n\n\n\n<li><strong>Duradero y f\u00e1cil de limpiar: <\/strong>Nuestros platos llanos a granel est\u00e1n hechos de cer\u00e1mica de alta calidad cocida a alta temperatura, que es resistente a los ara\u00f1azos y duradera, especialmente adecuada para el ajetreado entorno de la industria de la restauraci\u00f3n. Al mismo tiempo, el esmalte liso es f\u00e1cil de limpiar, admite la limpieza en lavavajillas, y el mantenimiento diario es libre de preocupaciones y ahorro de mano de obra.<\/li>\n<\/ul>\n<\/div>\n\n\n\n<div class=\"wp-block-column is-vertically-aligned-center is-layout-flow wp-block-column-is-layout-flow\"><div class=\"wp-block-image\">\n<figure class=\"aligncenter size-full\"><img fetchpriority=\"high\" decoding=\"async\" width=\"800\" height=\"800\" src=\"https:\/\/www.yongjianceramic.com\/wp-content\/uploads\/2024\/10\/Matt-Ceramic-Plates-Wholesale-Restaurant-Dinner-Plates-Bulk-3.webp\" alt=\"Platos de Ceramica Mate al por mayor, Platos de restaurante Bulk-3\" class=\"wp-image-3648\" srcset=\"https:\/\/www.yongjianceramic.com\/wp-content\/uploads\/2024\/10\/Matt-Ceramic-Plates-Wholesale-Restaurant-Dinner-Plates-Bulk-3.webp 800w, https:\/\/www.yongjianceramic.com\/wp-content\/uploads\/2024\/10\/Matt-Ceramic-Plates-Wholesale-Restaurant-Dinner-Plates-Bulk-3-300x300.webp 300w, https:\/\/www.yongjianceramic.com\/wp-content\/uploads\/2024\/10\/Matt-Ceramic-Plates-Wholesale-Restaurant-Dinner-Plates-Bulk-3-150x150.webp 150w, https:\/\/www.yongjianceramic.com\/wp-content\/uploads\/2024\/10\/Matt-Ceramic-Plates-Wholesale-Restaurant-Dinner-Plates-Bulk-3-768x768.webp 768w, https:\/\/www.yongjianceramic.com\/wp-content\/uploads\/2024\/10\/Matt-Ceramic-Plates-Wholesale-Restaurant-Dinner-Plates-Bulk-3-12x12.webp 12w, https:\/\/www.yongjianceramic.com\/wp-content\/uploads\/2024\/10\/Matt-Ceramic-Plates-Wholesale-Restaurant-Dinner-Plates-Bulk-3-285x285.webp 285w, https:\/\/www.yongjianceramic.com\/wp-content\/uploads\/2024\/10\/Matt-Ceramic-Plates-Wholesale-Restaurant-Dinner-Plates-Bulk-3-270x270.webp 270w, https:\/\/www.yongjianceramic.com\/wp-content\/uploads\/2024\/10\/Matt-Ceramic-Plates-Wholesale-Restaurant-Dinner-Plates-Bulk-3-540x540.webp 540w, https:\/\/www.yongjianceramic.com\/wp-content\/uploads\/2024\/10\/Matt-Ceramic-Plates-Wholesale-Restaurant-Dinner-Plates-Bulk-3-660x660.webp 660w\" sizes=\"(max-width: 800px) 100vw, 800px\" \/><\/figure>\n<\/div><\/div>\n<\/div>\n\n\n\n<p><\/p>","protected":false},"excerpt":{"rendered":"<p>Bienvenido a comprar platos de cena al por mayor. Nuestros platos cuadrados de cer\u00e1mica al por mayor est\u00e1n disponibles en 8 pulgadas y 10 pulgadas, con el cl\u00e1sico blanco y negro opcional, adecuado para una variedad de escenas de catering. El dise\u00f1o cuadrado es a la vez bonito y pr\u00e1ctico, y el material cer\u00e1mico de alta calidad garantiza durabilidad y f\u00e1cil limpieza, por lo que es una opci\u00f3n ideal para servicios de catering.<\/p>\n<table style=\"border-collapse: collapse; width: 309.02pt;\" border=\"0\" width=\"309\" cellspacing=\"0\" cellpadding=\"0\">\n<tbody>\n<tr style=\"height: 17.60pt;\">\n<td class=\"et3\" style=\"height: 17.60pt; width: 120.25pt;\" width=\"120\" height=\"17\">Fabricante<\/td>\n<td class=\"et3\" style=\"width: 189.25pt;\" width=\"189\">Yongjian<\/td>\n<\/tr>\n<tr style=\"height: 36.00pt;\">\n<td class=\"et3\" style=\"height: 36.00pt;\" height=\"36\">N\u00ba de modelo<\/td>\n<td class=\"et4\" style=\"width: 189.25pt;\" width=\"189\">YJ-065<br \/>YJ-066<\/td>\n<\/tr>\n<tr style=\"height: 17.60pt;\">\n<td class=\"et3\" style=\"height: 17.60pt;\" height=\"17\">Tipo de producto<\/td>\n<td class=\"et3\">Plato para servir, Plato llano<\/td>\n<\/tr>\n<tr style=\"height: 17.60pt;\">\n<td class=\"et3\" style=\"height: 17.60pt;\" height=\"17\">Material<\/td>\n<td class=\"et3\">Porcelana<\/td>\n<\/tr>\n<tr style=\"height: 17.60pt;\">\n<td class=\"et5\" style=\"height: 17.60pt;\" height=\"17\">Color<\/td>\n<td class=\"et3\">Blanco\/Negro<\/td>\n<\/tr>\n<tr style=\"height: 36.00pt;\">\n<td class=\"et3\" style=\"height: 36.00pt;\" height=\"36\">Dimensi\u00f3n<\/td>\n<td class=\"et6\" style=\"width: 189.25pt;\" width=\"189\">8'pulgadas: 20*20*3.5<br \/>10'pulgadas: 23.8*23.8*4.0<\/td>\n<\/tr>\n<tr style=\"height: 17.60pt;\">\n<td class=\"et3\" style=\"height: 17.60pt;\" height=\"17\">MOQ<\/td>\n<td class=\"et3\">500 unidades<\/td>\n<\/tr>\n<tr style=\"height: 17.60pt;\">\n<td class=\"et3\" style=\"height: 17.60pt;\" height=\"17\">A medida<\/td>\n<td class=\"et3\">Color\/Tama\u00f1o\/Logotipo\/Embalaje<\/td>\n<\/tr>\n<\/tbody>\n<\/table>","protected":false},"featured_media":3647,"comment_status":"closed","ping_status":"closed","template":"","meta":{"_acf_changed":false},"product_brand":[],"product_cat":[93,62],"product_tag":[96],"class_list":{"0":"post-3645","1":"product","2":"type-product","3":"status-publish","4":"has-post-thumbnail","6":"product_cat-bulk-dinner-plates","7":"product_cat-ceramic-plates-wholesale","8":"product_tag-black-white-dinnerware-wholesale","10":"first","11":"instock","12":"shipping-taxable","13":"product-type-simple"},"acf":[],"_links":{"self":[{"href":"https:\/\/www.yongjianceramic.com\/es\/wp-json\/wp\/v2\/product\/3645","targetHints":{"allow":["GET"]}}],"collection":[{"href":"https:\/\/www.yongjianceramic.com\/es\/wp-json\/wp\/v2\/product"}],"about":[{"href":"https:\/\/www.yongjianceramic.com\/es\/wp-json\/wp\/v2\/types\/product"}],"replies":[{"embeddable":true,"href":"https:\/\/www.yongjianceramic.com\/es\/wp-json\/wp\/v2\/comments?post=3645"}],"wp:featuredmedia":[{"embeddable":true,"href":"https:\/\/www.yongjianceramic.com\/es\/wp-json\/wp\/v2\/media\/3647"}],"wp:attachment":[{"href":"https:\/\/www.yongjianceramic.com\/es\/wp-json\/wp\/v2\/media?parent=3645"}],"wp:term":[{"taxonomy":"product_brand","embeddable":true,"href":"https:\/\/www.yongjianceramic.com\/es\/wp-json\/wp\/v2\/product_brand?post=3645"},{"taxonomy":"product_cat","embeddable":true,"href":"https:\/\/www.yongjianceramic.com\/es\/wp-json\/wp\/v2\/product_cat?post=3645"},{"taxonomy":"product_tag","embeddable":true,"href":"https:\/\/www.yongjianceramic.com\/es\/wp-json\/wp\/v2\/product_tag?post=3645"}],"curies":[{"name":"wp","href":"https:\/\/api.w.org\/{rel}","templated":true}]}}