{"id":3655,"date":"2024-10-28T09:34:39","date_gmt":"2024-10-28T09:34:39","guid":{"rendered":"https:\/\/www.yongjianceramic.com\/?post_type=product&#038;p=3655"},"modified":"2024-10-28T10:17:39","modified_gmt":"2024-10-28T10:17:39","slug":"ceramic-dinner-plates-bulk","status":"publish","type":"product","link":"https:\/\/www.yongjianceramic.com\/es\/producto\/ceramic-dinner-plates-bulk\/","title":{"rendered":"Platos de Cer\u00e1mica a Granel, Vajilla Mayorista en Blanco y Negro"},"content":{"rendered":"<div class=\"wp-block-columns is-layout-flex wp-container-core-columns-is-layout-9d6595d7 wp-block-columns-is-layout-flex\">\n<div class=\"wp-block-column is-layout-flow wp-block-column-is-layout-flow\">\n<h2 class=\"wp-block-heading\">Platos de Cer\u00e1mica Premium a Granel Caracter\u00edsticas:<\/h2>\n\n\n\n<ul class=\"wp-block-list\">\n<li><strong>Sencilla combinaci\u00f3n de colores en blanco y negro:<\/strong> Esta serie de platos de cer\u00e1mica a granel est\u00e1 disponible en los cl\u00e1sicos blanco y negro, que son elegantes y vers\u00e1tiles, y pueden integrarse f\u00e1cilmente en diversos estilos de servicio de mesa, ya se trate de un restaurante moderno o de un comedor tradicional.<\/li>\n\n\n\n<li><strong>Multiusos de doble tama\u00f1o: <\/strong>Nuestra vajilla al por mayor est\u00e1 disponible en dos pr\u00e1cticos tama\u00f1os, de 8 y 10 pulgadas, que son adecuados tanto para platos peque\u00f1os como para platos principales, proporcionando a los restaurantes una mayor flexibilidad y una c\u00f3moda combinaci\u00f3n de diferentes comidas.<\/li>\n\n\n\n<li><strong>Material cer\u00e1mico de alta calidad: <\/strong>Estos platos de vajilla de cer\u00e1mica a granel est\u00e1n hechos de cer\u00e1mica de alta calidad, que es duradera y resistente a los ara\u00f1azos, lo que garantiza que los platos pueden permanecer en buenas condiciones bajo el uso de alta frecuencia, especialmente adecuado para uso comercial.<\/li>\n\n\n\n<li><strong>F\u00e1cil de limpiar: <\/strong>Esta vajilla al por mayor de forma redonda est\u00e1 dotada de un esmalte liso, f\u00e1cil de limpiar y apto para el lavavajillas, lo que reduce en gran medida la carga de limpieza diaria de los locales de restauraci\u00f3n.<\/li>\n<\/ul>\n<\/div>\n\n\n\n<div class=\"wp-block-column is-vertically-aligned-center is-layout-flow wp-block-column-is-layout-flow\"><div class=\"wp-block-image\">\n<figure class=\"aligncenter size-full\"><img fetchpriority=\"high\" decoding=\"async\" width=\"750\" height=\"750\" src=\"https:\/\/www.yongjianceramic.com\/wp-content\/uploads\/2024\/10\/Ceramic-Dinner-Plates-Bulk-Black-White-Wholesale-Dishware-1.webp\" alt=\"Platos de Cer\u00e1mica a Granel, Blanco y Negro Vajilla al por mayor-1\" class=\"wp-image-3656\" srcset=\"https:\/\/www.yongjianceramic.com\/wp-content\/uploads\/2024\/10\/Ceramic-Dinner-Plates-Bulk-Black-White-Wholesale-Dishware-1.webp 750w, https:\/\/www.yongjianceramic.com\/wp-content\/uploads\/2024\/10\/Ceramic-Dinner-Plates-Bulk-Black-White-Wholesale-Dishware-1-300x300.webp 300w, https:\/\/www.yongjianceramic.com\/wp-content\/uploads\/2024\/10\/Ceramic-Dinner-Plates-Bulk-Black-White-Wholesale-Dishware-1-150x150.webp 150w, https:\/\/www.yongjianceramic.com\/wp-content\/uploads\/2024\/10\/Ceramic-Dinner-Plates-Bulk-Black-White-Wholesale-Dishware-1-12x12.webp 12w, https:\/\/www.yongjianceramic.com\/wp-content\/uploads\/2024\/10\/Ceramic-Dinner-Plates-Bulk-Black-White-Wholesale-Dishware-1-285x285.webp 285w, https:\/\/www.yongjianceramic.com\/wp-content\/uploads\/2024\/10\/Ceramic-Dinner-Plates-Bulk-Black-White-Wholesale-Dishware-1-270x270.webp 270w, https:\/\/www.yongjianceramic.com\/wp-content\/uploads\/2024\/10\/Ceramic-Dinner-Plates-Bulk-Black-White-Wholesale-Dishware-1-540x540.webp 540w, https:\/\/www.yongjianceramic.com\/wp-content\/uploads\/2024\/10\/Ceramic-Dinner-Plates-Bulk-Black-White-Wholesale-Dishware-1-660x660.webp 660w\" sizes=\"(max-width: 750px) 100vw, 750px\" \/><\/figure>\n<\/div><\/div>\n<\/div>\n\n\n\n<p><\/p>","protected":false},"excerpt":{"rendered":"<p>Bienvenido a comprar vajilla al por mayor. Esta ronda platos de cer\u00e1mica a granel est\u00e1 disponible en blanco y negro, y est\u00e1 disponible en 8 pulgadas y 10 pulgadas. Es simple y generoso, adecuado para una variedad de ocasiones, tales como restaurantes y hoteles. El material cer\u00e1mico de alta calidad es duradero y f\u00e1cil de limpiar, por lo que es una opci\u00f3n ideal para todo tipo de locales de restauraci\u00f3n.<\/p>\n<table style=\"border-collapse: collapse; width: 309.02pt;\" border=\"0\" width=\"309\" cellspacing=\"0\" cellpadding=\"0\">\n<tbody>\n<tr style=\"height: 17.60pt;\">\n<td class=\"et3\" style=\"height: 17.60pt; width: 120.25pt;\" width=\"120\" height=\"17\">Fabricante<\/td>\n<td class=\"et3\" style=\"width: 189.25pt;\" width=\"189\">Yongjian<\/td>\n<\/tr>\n<tr style=\"height: 36.00pt;\">\n<td class=\"et3\" style=\"height: 36.00pt;\" height=\"36\">N\u00ba de modelo<\/td>\n<td class=\"et4\" style=\"width: 189.25pt;\" width=\"189\">\n<p>YJ-067\/YJ-068<\/p>\n<\/td>\n<\/tr>\n<tr style=\"height: 17.60pt;\">\n<td class=\"et3\" style=\"height: 17.60pt;\" height=\"17\">Tipo de producto<\/td>\n<td class=\"et3\">Plato para servir, Plato llano<\/td>\n<\/tr>\n<tr style=\"height: 17.60pt;\">\n<td class=\"et3\" style=\"height: 17.60pt;\" height=\"17\">Material<\/td>\n<td class=\"et3\">Porcelana<\/td>\n<\/tr>\n<tr style=\"height: 17.60pt;\">\n<td class=\"et5\" style=\"height: 17.60pt;\" height=\"17\">Color<\/td>\n<td class=\"et3\">Blanco\/Negro<\/td>\n<\/tr>\n<tr style=\"height: 36.00pt;\">\n<td class=\"et3\" style=\"height: 36.00pt;\" height=\"36\">Dimensi\u00f3n<\/td>\n<td class=\"et6\" style=\"width: 189.25pt;\" width=\"189\">8'pulgadas: 20*20*2<br \/>10'pulgadas: 25*25*3<\/td>\n<\/tr>\n<tr style=\"height: 17.60pt;\">\n<td class=\"et3\" style=\"height: 17.60pt;\" height=\"17\">MOQ<\/td>\n<td class=\"et3\">500 unidades<\/td>\n<\/tr>\n<tr style=\"height: 17.60pt;\">\n<td class=\"et3\" style=\"height: 17.60pt;\" height=\"17\">A medida<\/td>\n<td class=\"et3\">Color\/Tama\u00f1o\/Logotipo\/Embalaje<\/td>\n<\/tr>\n<\/tbody>\n<\/table>","protected":false},"featured_media":3658,"comment_status":"closed","ping_status":"closed","template":"","meta":{"_acf_changed":false},"product_brand":[],"product_cat":[93,62],"product_tag":[96],"class_list":{"0":"post-3655","1":"product","2":"type-product","3":"status-publish","4":"has-post-thumbnail","6":"product_cat-bulk-dinner-plates","7":"product_cat-ceramic-plates-wholesale","8":"product_tag-black-white-dinnerware-wholesale","10":"first","11":"instock","12":"shipping-taxable","13":"product-type-simple"},"acf":[],"_links":{"self":[{"href":"https:\/\/www.yongjianceramic.com\/es\/wp-json\/wp\/v2\/product\/3655","targetHints":{"allow":["GET"]}}],"collection":[{"href":"https:\/\/www.yongjianceramic.com\/es\/wp-json\/wp\/v2\/product"}],"about":[{"href":"https:\/\/www.yongjianceramic.com\/es\/wp-json\/wp\/v2\/types\/product"}],"replies":[{"embeddable":true,"href":"https:\/\/www.yongjianceramic.com\/es\/wp-json\/wp\/v2\/comments?post=3655"}],"wp:featuredmedia":[{"embeddable":true,"href":"https:\/\/www.yongjianceramic.com\/es\/wp-json\/wp\/v2\/media\/3658"}],"wp:attachment":[{"href":"https:\/\/www.yongjianceramic.com\/es\/wp-json\/wp\/v2\/media?parent=3655"}],"wp:term":[{"taxonomy":"product_brand","embeddable":true,"href":"https:\/\/www.yongjianceramic.com\/es\/wp-json\/wp\/v2\/product_brand?post=3655"},{"taxonomy":"product_cat","embeddable":true,"href":"https:\/\/www.yongjianceramic.com\/es\/wp-json\/wp\/v2\/product_cat?post=3655"},{"taxonomy":"product_tag","embeddable":true,"href":"https:\/\/www.yongjianceramic.com\/es\/wp-json\/wp\/v2\/product_tag?post=3655"}],"curies":[{"name":"wp","href":"https:\/\/api.w.org\/{rel}","templated":true}]}}