{"id":3672,"date":"2024-10-28T10:01:16","date_gmt":"2024-10-28T10:01:16","guid":{"rendered":"https:\/\/www.yongjianceramic.com\/?post_type=product&#038;p=3672"},"modified":"2024-10-28T10:20:23","modified_gmt":"2024-10-28T10:20:23","slug":"restaurant-dinner-plates-bulk","status":"publish","type":"product","link":"https:\/\/www.yongjianceramic.com\/es\/producto\/restaurant-dinner-plates-bulk\/","title":{"rendered":"Platos de Cer\u00e1mica a Granel, Platos de Cer\u00e1mica al por Mayor"},"content":{"rendered":"<div class=\"wp-block-columns is-layout-flex wp-container-core-columns-is-layout-9d6595d7 wp-block-columns-is-layout-flex\">\n<div class=\"wp-block-column is-layout-flow wp-block-column-is-layout-flow\">\n<h2 class=\"wp-block-heading\">Platos de cena de restaurante de primera calidad a granel Caracter\u00edsticas:<\/h2>\n\n\n\n<ul class=\"wp-block-list\">\n<li><strong>Exquisito dise\u00f1o de encaje: <\/strong>Nuestros platos de restaurante a granel vienen con elegantes bordes de encaje blanco, que a\u00f1aden una est\u00e9tica refinada, hacen la mesa m\u00e1s noble, crean un efecto de presentaci\u00f3n \u00fanico para los platos, y son perfectos para servicios de catering de gama alta.<\/li>\n\n\n\n<li><strong>Blanco cl\u00e1sico: <\/strong>El dise\u00f1o en blanco puro de estos platos de cer\u00e1mica al por mayor es vers\u00e1til para todo tipo de montajes de mesa, ya sea un restaurante moderno o un banquete tradicional, puede mostrar un temperamento elegante y sencillo y realzar la belleza general del entorno del comedor.<\/li>\n\n\n\n<li><strong>M\u00faltiples opciones de tama\u00f1o: <\/strong>Ofrecemos tres tama\u00f1os de 8, 10 y 12 pulgadas para platos de restaurante al por mayor, que pueden satisfacer diferentes necesidades desde aperitivos hasta platos principales y postres, proporcionando a los servicios de catering opciones de emplatado m\u00e1s diversas y adapt\u00e1ndose mejor a una variedad de presentaciones de platos.<\/li>\n\n\n\n<li><strong>Material cer\u00e1mico de alta calidad: <\/strong>Nuestros platos de cer\u00e1mica al por mayor est\u00e1n hechos de cer\u00e1mica duradera de alta calidad, que es a la vez resistente a los ara\u00f1azos y duradera, y f\u00e1cil de limpiar. Admite la limpieza en lavavajillas, especialmente adecuado para lugares comerciales como restaurantes y hoteles con alta frecuencia de uso.<\/li>\n<\/ul>\n<\/div>\n\n\n\n<div class=\"wp-block-column is-vertically-aligned-center is-layout-flow wp-block-column-is-layout-flow\"><div class=\"wp-block-image\">\n<figure class=\"aligncenter size-full\"><img fetchpriority=\"high\" decoding=\"async\" width=\"750\" height=\"750\" src=\"https:\/\/www.yongjianceramic.com\/wp-content\/uploads\/2024\/10\/Chic-Restaurant-Dinner-Plates-Bulk-Wholesale-Ceramic-Plates-4.webp\" alt=\"Platos a Granel, Platos de Cer\u00e1mica al por mayor-4\" class=\"wp-image-3676\" srcset=\"https:\/\/www.yongjianceramic.com\/wp-content\/uploads\/2024\/10\/Chic-Restaurant-Dinner-Plates-Bulk-Wholesale-Ceramic-Plates-4.webp 750w, https:\/\/www.yongjianceramic.com\/wp-content\/uploads\/2024\/10\/Chic-Restaurant-Dinner-Plates-Bulk-Wholesale-Ceramic-Plates-4-300x300.webp 300w, https:\/\/www.yongjianceramic.com\/wp-content\/uploads\/2024\/10\/Chic-Restaurant-Dinner-Plates-Bulk-Wholesale-Ceramic-Plates-4-150x150.webp 150w, https:\/\/www.yongjianceramic.com\/wp-content\/uploads\/2024\/10\/Chic-Restaurant-Dinner-Plates-Bulk-Wholesale-Ceramic-Plates-4-12x12.webp 12w, https:\/\/www.yongjianceramic.com\/wp-content\/uploads\/2024\/10\/Chic-Restaurant-Dinner-Plates-Bulk-Wholesale-Ceramic-Plates-4-285x285.webp 285w, https:\/\/www.yongjianceramic.com\/wp-content\/uploads\/2024\/10\/Chic-Restaurant-Dinner-Plates-Bulk-Wholesale-Ceramic-Plates-4-270x270.webp 270w, https:\/\/www.yongjianceramic.com\/wp-content\/uploads\/2024\/10\/Chic-Restaurant-Dinner-Plates-Bulk-Wholesale-Ceramic-Plates-4-540x540.webp 540w, https:\/\/www.yongjianceramic.com\/wp-content\/uploads\/2024\/10\/Chic-Restaurant-Dinner-Plates-Bulk-Wholesale-Ceramic-Plates-4-660x660.webp 660w\" sizes=\"(max-width: 750px) 100vw, 750px\" \/><\/figure>\n<\/div><\/div>\n<\/div>\n\n\n\n<p><\/p>","protected":false},"excerpt":{"rendered":"<p>Bienvenido a comprar platos de cer\u00e1mica al por mayor. Disponible en 3 tama\u00f1os: 8, 10 y 12 pulgadas, este encaje blanco restaurante platos de la cena a granel cuenta con una forma de flor. y tonos blancos puros cl\u00e1sicos que hacen que cada plato m\u00e1s refinado y adecuado para todo tipo de lugares de comedor. Duradero y f\u00e1cil de limpiar, es una opci\u00f3n ideal para servicios profesionales de catering.<\/p>\n<table width=\"309\">\n<tbody>\n<tr>\n<td width=\"120\">Fabricante<\/td>\n<td width=\"189\">Yongjian<\/td>\n<\/tr>\n<tr>\n<td>N\u00ba de modelo<\/td>\n<td>\u00a0YJ-071\/YJ-072\/YJ-073<\/td>\n<\/tr>\n<tr>\n<td>Tipo de producto<\/td>\n<td>Plato para servir, Plato llano<\/td>\n<\/tr>\n<tr>\n<td>Material<\/td>\n<td>Porcelana<\/td>\n<\/tr>\n<tr>\n<td>Color<\/td>\n<td>Blanco\/Negro<\/td>\n<\/tr>\n<tr>\n<td>Dimensi\u00f3n<\/td>\n<td width=\"189\">8'pulgadas: 20*20*2.8<br \/>10'pulgadas: 25*25*3.0<br \/>12'pulgadas: 30.5*30.5*3.3<\/td>\n<\/tr>\n<tr>\n<td>MOQ<\/td>\n<td>500 unidades<\/td>\n<\/tr>\n<tr>\n<td>A medida<\/td>\n<td>Color\/Tama\u00f1o\/Logotipo\/Embalaje<\/td>\n<\/tr>\n<\/tbody>\n<\/table>","protected":false},"featured_media":3675,"comment_status":"closed","ping_status":"closed","template":"","meta":{"_acf_changed":false},"product_brand":[],"product_cat":[93,62],"product_tag":[96],"class_list":{"0":"post-3672","1":"product","2":"type-product","3":"status-publish","4":"has-post-thumbnail","6":"product_cat-bulk-dinner-plates","7":"product_cat-ceramic-plates-wholesale","8":"product_tag-black-white-dinnerware-wholesale","10":"first","11":"instock","12":"shipping-taxable","13":"product-type-simple"},"acf":[],"_links":{"self":[{"href":"https:\/\/www.yongjianceramic.com\/es\/wp-json\/wp\/v2\/product\/3672","targetHints":{"allow":["GET"]}}],"collection":[{"href":"https:\/\/www.yongjianceramic.com\/es\/wp-json\/wp\/v2\/product"}],"about":[{"href":"https:\/\/www.yongjianceramic.com\/es\/wp-json\/wp\/v2\/types\/product"}],"replies":[{"embeddable":true,"href":"https:\/\/www.yongjianceramic.com\/es\/wp-json\/wp\/v2\/comments?post=3672"}],"wp:featuredmedia":[{"embeddable":true,"href":"https:\/\/www.yongjianceramic.com\/es\/wp-json\/wp\/v2\/media\/3675"}],"wp:attachment":[{"href":"https:\/\/www.yongjianceramic.com\/es\/wp-json\/wp\/v2\/media?parent=3672"}],"wp:term":[{"taxonomy":"product_brand","embeddable":true,"href":"https:\/\/www.yongjianceramic.com\/es\/wp-json\/wp\/v2\/product_brand?post=3672"},{"taxonomy":"product_cat","embeddable":true,"href":"https:\/\/www.yongjianceramic.com\/es\/wp-json\/wp\/v2\/product_cat?post=3672"},{"taxonomy":"product_tag","embeddable":true,"href":"https:\/\/www.yongjianceramic.com\/es\/wp-json\/wp\/v2\/product_tag?post=3672"}],"curies":[{"name":"wp","href":"https:\/\/api.w.org\/{rel}","templated":true}]}}