{"id":3688,"date":"2024-10-29T01:26:28","date_gmt":"2024-10-29T01:26:28","guid":{"rendered":"https:\/\/www.yongjianceramic.com\/?post_type=product&#038;p=3688"},"modified":"2024-12-05T11:10:45","modified_gmt":"2024-12-05T03:10:45","slug":"catering-plates-wholesale","status":"publish","type":"product","link":"https:\/\/www.yongjianceramic.com\/es\/producto\/catering-plates-wholesale\/","title":{"rendered":"10.5 Inch Oval Shape Catering Platos al por mayor, platos de porcelana blanca a granel"},"content":{"rendered":"<div class=\"wp-block-columns is-layout-flex wp-container-core-columns-is-layout-9d6595d7 wp-block-columns-is-layout-flex\">\n<div class=\"wp-block-column is-layout-flow wp-block-column-is-layout-flow\">\n<h2 class=\"wp-block-heading\">Platos de Catering Premium al por mayor Caracter\u00edsticas:<\/h2>\n\n\n\n<ul class=\"wp-block-list\">\n<li><strong>Elegante dise\u00f1o ovalado: <\/strong>Estos platos de catering al por mayor adoptan un dise\u00f1o ovalado liso, que es sencillo y elegante, y puede a\u00f1adir belleza a diversos platos. Es muy adecuado para mejorar la experiencia gastron\u00f3mica general de banquetes, restaurantes y hoteles.<\/li>\n\n\n\n<li><strong>Decoraci\u00f3n de textura mercerizada: <\/strong>Nuestros platos de porcelana a granel tienen una textura mercerizada en el plato, con una superficie lisa y delicada. El suave brillo hace que el plato parezca m\u00e1s de gama alta, a\u00f1adiendo un toque de lujo al servicio de mesa, que es una opci\u00f3n ideal para todo tipo de ocasiones de gama alta.<\/li>\n\n\n\n<li><strong>Pr\u00e1ctica selecci\u00f3n de tallas: <\/strong>Nuestros platos de catering al por mayor est\u00e1n disponibles en dos tama\u00f1os de 8,5 pulgadas y 10,5 pulgadas, que son adecuados para una variedad de necesidades, desde aperitivos hasta platos principales, a\u00f1adiendo flexibilidad a los servicios de catering, de modo que los diferentes platos se pueden presentar perfectamente.<\/li>\n\n\n\n<li><strong>Material de porcelana blanca de alta calidad: <\/strong>Estos platos de porcelana a granel est\u00e1n hechos de porcelana blanca de alta calidad, que es duradera y resistente a los ara\u00f1azos, f\u00e1cil de limpiar y apta para el lavavajillas, adecuada para el uso frecuente en lugares de restauraci\u00f3n concurridos, y f\u00e1cil para el mantenimiento diario.<\/li>\n<\/ul>\n<\/div>\n\n\n\n<div class=\"wp-block-column is-vertically-aligned-center is-layout-flow wp-block-column-is-layout-flow\"><div class=\"wp-block-image\">\n<figure class=\"aligncenter size-full is-resized\"><img fetchpriority=\"high\" decoding=\"async\" width=\"750\" height=\"750\" src=\"https:\/\/www.yongjianceramic.com\/wp-content\/uploads\/2024\/10\/Oval-Shape-Catering-Plates-Wholesale-White-Porcelain-Plates-Bulk-2.webp\" alt=\"Platos Ovalados para Catering al por Mayor, Platos de Porcelana Blanca a Granel-2\" class=\"wp-image-3690\" style=\"width:404px;height:auto\" srcset=\"https:\/\/www.yongjianceramic.com\/wp-content\/uploads\/2024\/10\/Oval-Shape-Catering-Plates-Wholesale-White-Porcelain-Plates-Bulk-2.webp 750w, https:\/\/www.yongjianceramic.com\/wp-content\/uploads\/2024\/10\/Oval-Shape-Catering-Plates-Wholesale-White-Porcelain-Plates-Bulk-2-300x300.webp 300w, https:\/\/www.yongjianceramic.com\/wp-content\/uploads\/2024\/10\/Oval-Shape-Catering-Plates-Wholesale-White-Porcelain-Plates-Bulk-2-150x150.webp 150w, https:\/\/www.yongjianceramic.com\/wp-content\/uploads\/2024\/10\/Oval-Shape-Catering-Plates-Wholesale-White-Porcelain-Plates-Bulk-2-12x12.webp 12w, https:\/\/www.yongjianceramic.com\/wp-content\/uploads\/2024\/10\/Oval-Shape-Catering-Plates-Wholesale-White-Porcelain-Plates-Bulk-2-285x285.webp 285w, https:\/\/www.yongjianceramic.com\/wp-content\/uploads\/2024\/10\/Oval-Shape-Catering-Plates-Wholesale-White-Porcelain-Plates-Bulk-2-270x270.webp 270w, https:\/\/www.yongjianceramic.com\/wp-content\/uploads\/2024\/10\/Oval-Shape-Catering-Plates-Wholesale-White-Porcelain-Plates-Bulk-2-540x540.webp 540w, https:\/\/www.yongjianceramic.com\/wp-content\/uploads\/2024\/10\/Oval-Shape-Catering-Plates-Wholesale-White-Porcelain-Plates-Bulk-2-660x660.webp 660w\" sizes=\"(max-width: 750px) 100vw, 750px\" \/><\/figure>\n<\/div><\/div>\n<\/div>","protected":false},"excerpt":{"rendered":"<p>Bienvenido a comprar platos de porcelana al por mayor. Estos platos de catering al por mayor combinan una elegante textura de seda con un cl\u00e1sico dise\u00f1o ovalado, a\u00f1adiendo exquisitos efectos visuales a la mesa del comedor. Es ideal para ocasiones de alto nivel como banquetes, restaurantes y hoteles.<\/p>\n<table style=\"border-collapse: collapse; width: 322.02pt;\" border=\"0\" width=\"322\" cellspacing=\"0\" cellpadding=\"0\">\n<tbody>\n<tr style=\"height: 17.60pt;\">\n<td class=\"et3\" style=\"height: 17.60pt; width: 120.25pt;\" width=\"120\" height=\"17\">Fabricante<\/td>\n<td class=\"et3\" style=\"width: 202.30pt;\" width=\"202\">Yongjian<\/td>\n<\/tr>\n<tr style=\"height: 18.00pt;\">\n<td class=\"et3\" style=\"height: 18.00pt;\" height=\"18\">N\u00ba de modelo<\/td>\n<td class=\"et4\" style=\"width: 202.30pt;\" width=\"202\">YJ-076<\/td>\n<\/tr>\n<tr style=\"height: 18.00pt;\">\n<td class=\"et3\" style=\"height: 18.00pt;\" height=\"18\">Tipo de producto<\/td>\n<td class=\"et4\" style=\"width: 202.30pt;\" width=\"202\">Bandeja, plato hondo<\/td>\n<\/tr>\n<tr style=\"height: 17.60pt;\">\n<td class=\"et3\" style=\"height: 17.60pt;\" height=\"17\">Material<\/td>\n<td class=\"et3\">Porcelana<\/td>\n<\/tr>\n<tr style=\"height: 17.60pt;\">\n<td class=\"et5\" style=\"height: 17.60pt;\" height=\"17\">Color<\/td>\n<td class=\"et3\">Blanco\/Negro<\/td>\n<\/tr>\n<tr style=\"height: 18.00pt;\">\n<td class=\"et3\" style=\"height: 18.00pt;\" height=\"18\">Dimensi\u00f3n<\/td>\n<td class=\"et4\" style=\"width: 202.30pt;\" width=\"202\">20*26.5*2.8<\/td>\n<\/tr>\n<tr style=\"height: 17.60pt;\">\n<td class=\"et3\" style=\"height: 17.60pt;\" height=\"17\">MOQ<\/td>\n<td class=\"et3\">500 unidades<\/td>\n<\/tr>\n<tr style=\"height: 17.60pt;\">\n<td class=\"et3\" style=\"height: 17.60pt;\" height=\"17\">A medida<\/td>\n<td class=\"et3\">Color\/Tama\u00f1o\/Logotipo\/Embalaje<\/td>\n<\/tr>\n<\/tbody>\n<\/table>","protected":false},"featured_media":3691,"comment_status":"closed","ping_status":"closed","template":"","meta":{"_acf_changed":false},"product_brand":[],"product_cat":[76,77,62],"product_tag":[96],"class_list":{"0":"post-3688","1":"product","2":"type-product","3":"status-publish","4":"has-post-thumbnail","6":"product_cat-wholesale-serving-platters","7":"product_cat-deep-plates-wholesale","8":"product_cat-ceramic-plates-wholesale","9":"product_tag-black-white-dinnerware-wholesale","11":"first","12":"instock","13":"shipping-taxable","14":"product-type-simple"},"acf":[],"_links":{"self":[{"href":"https:\/\/www.yongjianceramic.com\/es\/wp-json\/wp\/v2\/product\/3688","targetHints":{"allow":["GET"]}}],"collection":[{"href":"https:\/\/www.yongjianceramic.com\/es\/wp-json\/wp\/v2\/product"}],"about":[{"href":"https:\/\/www.yongjianceramic.com\/es\/wp-json\/wp\/v2\/types\/product"}],"replies":[{"embeddable":true,"href":"https:\/\/www.yongjianceramic.com\/es\/wp-json\/wp\/v2\/comments?post=3688"}],"wp:featuredmedia":[{"embeddable":true,"href":"https:\/\/www.yongjianceramic.com\/es\/wp-json\/wp\/v2\/media\/3691"}],"wp:attachment":[{"href":"https:\/\/www.yongjianceramic.com\/es\/wp-json\/wp\/v2\/media?parent=3688"}],"wp:term":[{"taxonomy":"product_brand","embeddable":true,"href":"https:\/\/www.yongjianceramic.com\/es\/wp-json\/wp\/v2\/product_brand?post=3688"},{"taxonomy":"product_cat","embeddable":true,"href":"https:\/\/www.yongjianceramic.com\/es\/wp-json\/wp\/v2\/product_cat?post=3688"},{"taxonomy":"product_tag","embeddable":true,"href":"https:\/\/www.yongjianceramic.com\/es\/wp-json\/wp\/v2\/product_tag?post=3688"}],"curies":[{"name":"wp","href":"https:\/\/api.w.org\/{rel}","templated":true}]}}