{"id":3696,"date":"2024-10-29T01:41:01","date_gmt":"2024-10-29T01:41:01","guid":{"rendered":"https:\/\/www.yongjianceramic.com\/?post_type=product&#038;p=3696"},"modified":"2024-10-29T01:52:08","modified_gmt":"2024-10-29T01:52:08","slug":"wholesale-plates-for-catering","status":"publish","type":"product","link":"https:\/\/www.yongjianceramic.com\/es\/producto\/wholesale-plates-for-catering\/","title":{"rendered":"Platos Ovalados al por mayor de 13.5 pulgadas para Catering, Platos de Cena a granel de China"},"content":{"rendered":"<div class=\"wp-block-columns is-layout-flex wp-container-core-columns-is-layout-9d6595d7 wp-block-columns-is-layout-flex\">\n<div class=\"wp-block-column is-layout-flow wp-block-column-is-layout-flow\">\n<h2 class=\"wp-block-heading\">Platos al por mayor de primera calidad para catering Caracter\u00edsticas:<\/h2>\n\n\n\n<ul class=\"wp-block-list\">\n<li><strong>Elegante dise\u00f1o ovalado:<\/strong> Nuestros platos al por mayor para catering adoptan un elegante dise\u00f1o ovalado, que proporciona un espacio de exposici\u00f3n m\u00e1s amplio para diversos platos. Es una opci\u00f3n de emplatado ideal para lugares de alta gama como restaurantes, banquetes y hoteles.<\/li>\n\n\n\n<li><strong>Asas c\u00f3modas y pr\u00e1cticas: <\/strong>Nuestros platos llanos de porcelana a granel est\u00e1n dise\u00f1ados con asas, que son f\u00e1ciles de coger y mover, lo que no s\u00f3lo mejora la eficacia de servir los platos, sino que tambi\u00e9n realza la belleza de la presentaci\u00f3n de los platos. Es una elecci\u00f3n acertada para servicios de catering.<\/li>\n\n\n\n<li><strong>El cl\u00e1sico blanco y negro: <\/strong>Estos platos al por mayor para catering est\u00e1n disponibles en blanco y negro, lo que puede satisfacer las necesidades de los ambientes de mesa minimalistas modernos y de los ambientes de comedor cl\u00e1sicos y elegantes, y pueden combinarse f\u00e1cilmente con una gran variedad de ocasiones y estilos de decoraci\u00f3n.<\/li>\n\n\n\n<li><strong>De gran tama\u00f1o y polivalente: <\/strong>Nuestros platos llanos de porcelana a granel tienen un gran tama\u00f1o de 13,5 pulgadas, adecuado para servir una gran variedad de platos, como platos principales, fuentes y aperitivos. Es una opci\u00f3n de plato todoterreno en servicios de catering.<\/li>\n<\/ul>\n<\/div>\n\n\n\n<div class=\"wp-block-column is-vertically-aligned-center is-layout-flow wp-block-column-is-layout-flow\"><div class=\"wp-block-image\">\n<figure class=\"aligncenter size-full is-resized\"><img fetchpriority=\"high\" decoding=\"async\" width=\"750\" height=\"750\" src=\"https:\/\/www.yongjianceramic.com\/wp-content\/uploads\/2024\/10\/13.5-Inch-Oval-Wholesale-Plates-For-Catering-Bulk-China-Dinner-Plates-3.webp\" alt=\"Platos Ovalados Al Por Mayor De 13.5 Pulgadas Para Catering, Platos Al Por Mayor De China-3\" class=\"wp-image-3699\" style=\"width:404px;height:auto\" srcset=\"https:\/\/www.yongjianceramic.com\/wp-content\/uploads\/2024\/10\/13.5-Inch-Oval-Wholesale-Plates-For-Catering-Bulk-China-Dinner-Plates-3.webp 750w, https:\/\/www.yongjianceramic.com\/wp-content\/uploads\/2024\/10\/13.5-Inch-Oval-Wholesale-Plates-For-Catering-Bulk-China-Dinner-Plates-3-300x300.webp 300w, https:\/\/www.yongjianceramic.com\/wp-content\/uploads\/2024\/10\/13.5-Inch-Oval-Wholesale-Plates-For-Catering-Bulk-China-Dinner-Plates-3-150x150.webp 150w, https:\/\/www.yongjianceramic.com\/wp-content\/uploads\/2024\/10\/13.5-Inch-Oval-Wholesale-Plates-For-Catering-Bulk-China-Dinner-Plates-3-12x12.webp 12w, https:\/\/www.yongjianceramic.com\/wp-content\/uploads\/2024\/10\/13.5-Inch-Oval-Wholesale-Plates-For-Catering-Bulk-China-Dinner-Plates-3-285x285.webp 285w, https:\/\/www.yongjianceramic.com\/wp-content\/uploads\/2024\/10\/13.5-Inch-Oval-Wholesale-Plates-For-Catering-Bulk-China-Dinner-Plates-3-270x270.webp 270w, https:\/\/www.yongjianceramic.com\/wp-content\/uploads\/2024\/10\/13.5-Inch-Oval-Wholesale-Plates-For-Catering-Bulk-China-Dinner-Plates-3-540x540.webp 540w, https:\/\/www.yongjianceramic.com\/wp-content\/uploads\/2024\/10\/13.5-Inch-Oval-Wholesale-Plates-For-Catering-Bulk-China-Dinner-Plates-3-660x660.webp 660w\" sizes=\"(max-width: 750px) 100vw, 750px\" \/><\/figure>\n<\/div><\/div>\n<\/div>\n\n\n\n<p><\/p>","protected":false},"excerpt":{"rendered":"<p>Bienvenido a comprar platos de porcelana al por mayor. Nuestros platos ovalados al por mayor de 13,5 pulgadas para catering vienen con un pr\u00e1ctico dise\u00f1o de asa y est\u00e1n disponibles en dos colores cl\u00e1sicos, blanco y negro, lo que los hace adecuados para una gran variedad de ocasiones de comida. El dise\u00f1o de gran tama\u00f1o proporciona m\u00e1s espacio de exposici\u00f3n para el emplatado, por lo que es una opci\u00f3n de alta gama para mejorar la experiencia del servicio de catering.<\/p>\n<table style=\"border-collapse: collapse; width: 309.02pt;\" border=\"0\" width=\"309\" cellspacing=\"0\" cellpadding=\"0\">\n<tbody>\n<tr style=\"height: 17.60pt;\">\n<td class=\"et3\" style=\"height: 17.60pt; width: 120.25pt;\" width=\"120\" height=\"17\">Fabricante<\/td>\n<td class=\"et3\" style=\"width: 189.25pt;\" width=\"189\">Yongjian<\/td>\n<\/tr>\n<tr style=\"height: 18.00pt;\">\n<td class=\"et3\" style=\"height: 18.00pt;\" height=\"18\">N\u00ba de modelo<\/td>\n<td class=\"et4\" style=\"width: 189.25pt;\" width=\"189\">YJ-077<\/td>\n<\/tr>\n<tr style=\"height: 17.60pt;\">\n<td class=\"et3\" style=\"height: 17.60pt;\" height=\"17\">Tipo de producto<\/td>\n<td class=\"et3\">Plato para servir, Plato llano<\/td>\n<\/tr>\n<tr style=\"height: 17.60pt;\">\n<td class=\"et3\" style=\"height: 17.60pt;\" height=\"17\">Material<\/td>\n<td class=\"et3\">Porcelana<\/td>\n<\/tr>\n<tr style=\"height: 17.60pt;\">\n<td class=\"et5\" style=\"height: 17.60pt;\" height=\"17\">Color<\/td>\n<td class=\"et3\">Blanco\/Negro<\/td>\n<\/tr>\n<tr style=\"height: 18.00pt;\">\n<td class=\"et3\" style=\"height: 18.00pt;\" height=\"18\">Dimensi\u00f3n<\/td>\n<td class=\"et4\" style=\"width: 189.25pt;\" width=\"189\">18.4*34*4<\/td>\n<\/tr>\n<tr style=\"height: 17.60pt;\">\n<td class=\"et3\" style=\"height: 17.60pt;\" height=\"17\">MOQ<\/td>\n<td class=\"et3\">500 unidades<\/td>\n<\/tr>\n<tr style=\"height: 17.60pt;\">\n<td class=\"et3\" style=\"height: 17.60pt;\" height=\"17\">A medida<\/td>\n<td class=\"et3\">Color\/Tama\u00f1o\/Logotipo\/Embalaje<\/td>\n<\/tr>\n<\/tbody>\n<\/table>","protected":false},"featured_media":3697,"comment_status":"closed","ping_status":"closed","template":"","meta":{"_acf_changed":false},"product_brand":[],"product_cat":[76,62],"product_tag":[96],"class_list":{"0":"post-3696","1":"product","2":"type-product","3":"status-publish","4":"has-post-thumbnail","6":"product_cat-wholesale-serving-platters","7":"product_cat-ceramic-plates-wholesale","8":"product_tag-black-white-dinnerware-wholesale","10":"first","11":"instock","12":"shipping-taxable","13":"product-type-simple"},"acf":[],"_links":{"self":[{"href":"https:\/\/www.yongjianceramic.com\/es\/wp-json\/wp\/v2\/product\/3696","targetHints":{"allow":["GET"]}}],"collection":[{"href":"https:\/\/www.yongjianceramic.com\/es\/wp-json\/wp\/v2\/product"}],"about":[{"href":"https:\/\/www.yongjianceramic.com\/es\/wp-json\/wp\/v2\/types\/product"}],"replies":[{"embeddable":true,"href":"https:\/\/www.yongjianceramic.com\/es\/wp-json\/wp\/v2\/comments?post=3696"}],"wp:featuredmedia":[{"embeddable":true,"href":"https:\/\/www.yongjianceramic.com\/es\/wp-json\/wp\/v2\/media\/3697"}],"wp:attachment":[{"href":"https:\/\/www.yongjianceramic.com\/es\/wp-json\/wp\/v2\/media?parent=3696"}],"wp:term":[{"taxonomy":"product_brand","embeddable":true,"href":"https:\/\/www.yongjianceramic.com\/es\/wp-json\/wp\/v2\/product_brand?post=3696"},{"taxonomy":"product_cat","embeddable":true,"href":"https:\/\/www.yongjianceramic.com\/es\/wp-json\/wp\/v2\/product_cat?post=3696"},{"taxonomy":"product_tag","embeddable":true,"href":"https:\/\/www.yongjianceramic.com\/es\/wp-json\/wp\/v2\/product_tag?post=3696"}],"curies":[{"name":"wp","href":"https:\/\/api.w.org\/{rel}","templated":true}]}}