{"id":3707,"date":"2024-10-29T02:03:04","date_gmt":"2024-10-29T02:03:04","guid":{"rendered":"https:\/\/www.yongjianceramic.com\/?post_type=product&#038;p=3707"},"modified":"2024-10-29T02:14:58","modified_gmt":"2024-10-29T02:14:58","slug":"wholesale-dishware","status":"publish","type":"product","link":"https:\/\/www.yongjianceramic.com\/es\/producto\/wholesale-dishware\/","title":{"rendered":"Vajilla Mayorista Azul Oriental, Platos a Granel para Catering"},"content":{"rendered":"<div class=\"wp-block-columns is-layout-flex wp-container-core-columns-is-layout-9d6595d7 wp-block-columns-is-layout-flex\">\n<div class=\"wp-block-column is-layout-flow wp-block-column-is-layout-flow\">\n<h2 class=\"wp-block-heading\">Vajilla al por mayor de primera calidad Caracter\u00edsticas:<\/h2>\n\n\n\n<ul class=\"wp-block-list\">\n<li><strong>Dise\u00f1o est\u00e9tico oriental \u00fanico: <\/strong>En esta serie de vajilla al por mayor predomina el azul marino intenso, con una textura \u00fanica de grieta helada, que transmite la sencillez y elegancia de la est\u00e9tica oriental, adecuada para realzar el ambiente art\u00edstico de la mesa de comedor.<\/li>\n\n\n\n<li><strong>Variedad de formas y tama\u00f1os: <\/strong>Nuestros platos llanos a granel est\u00e1n disponibles en dos formas cl\u00e1sicas, ovalada y rectangular, con una variedad de tama\u00f1os para satisfacer las diversas necesidades de las ocasiones de catering, adecuados para emplatar una gran variedad de platos, como aperitivos y platos principales.<\/li>\n\n\n\n<li><strong>Detalles de la textura de la grieta de hielo: <\/strong>Esta serie de vajilla al por mayor est\u00e1 recubierta de una delicada textura de grietas de hielo, que a\u00f1ade un sentido artesanal y resalta el sabor \u00fanico de la vajilla de gama alta. Es una opci\u00f3n ideal para restaurantes, hoteles y banquetes.<\/li>\n\n\n\n<li><strong>Material cer\u00e1mico de alta calidad: <\/strong>Estos platos llanos a granel est\u00e1n fabricados en cer\u00e1mica de alta calidad, lisa y resistente, duradera y f\u00e1cil de limpiar, adecuada para un uso frecuente en entornos de restauraci\u00f3n, y admiten la limpieza en lavavajillas, de f\u00e1cil mantenimiento.<\/li>\n<\/ul>\n<\/div>\n\n\n\n<div class=\"wp-block-column is-vertically-aligned-center is-layout-flow wp-block-column-is-layout-flow\">\n<figure class=\"wp-block-image size-full\"><img fetchpriority=\"high\" decoding=\"async\" width=\"800\" height=\"800\" src=\"https:\/\/www.yongjianceramic.com\/wp-content\/uploads\/2024\/10\/Oriental-Blue-Wholesale-Dishware-Bulk-Dinner-Plates-For-Catering-03.webp\" alt=\"Vajilla Mayorista Azul Oriental, Platos a Granel para Catering-03\" class=\"wp-image-3710\" srcset=\"https:\/\/www.yongjianceramic.com\/wp-content\/uploads\/2024\/10\/Oriental-Blue-Wholesale-Dishware-Bulk-Dinner-Plates-For-Catering-03.webp 800w, https:\/\/www.yongjianceramic.com\/wp-content\/uploads\/2024\/10\/Oriental-Blue-Wholesale-Dishware-Bulk-Dinner-Plates-For-Catering-03-300x300.webp 300w, https:\/\/www.yongjianceramic.com\/wp-content\/uploads\/2024\/10\/Oriental-Blue-Wholesale-Dishware-Bulk-Dinner-Plates-For-Catering-03-150x150.webp 150w, https:\/\/www.yongjianceramic.com\/wp-content\/uploads\/2024\/10\/Oriental-Blue-Wholesale-Dishware-Bulk-Dinner-Plates-For-Catering-03-768x768.webp 768w, https:\/\/www.yongjianceramic.com\/wp-content\/uploads\/2024\/10\/Oriental-Blue-Wholesale-Dishware-Bulk-Dinner-Plates-For-Catering-03-12x12.webp 12w, https:\/\/www.yongjianceramic.com\/wp-content\/uploads\/2024\/10\/Oriental-Blue-Wholesale-Dishware-Bulk-Dinner-Plates-For-Catering-03-285x285.webp 285w, https:\/\/www.yongjianceramic.com\/wp-content\/uploads\/2024\/10\/Oriental-Blue-Wholesale-Dishware-Bulk-Dinner-Plates-For-Catering-03-270x270.webp 270w, https:\/\/www.yongjianceramic.com\/wp-content\/uploads\/2024\/10\/Oriental-Blue-Wholesale-Dishware-Bulk-Dinner-Plates-For-Catering-03-540x540.webp 540w, https:\/\/www.yongjianceramic.com\/wp-content\/uploads\/2024\/10\/Oriental-Blue-Wholesale-Dishware-Bulk-Dinner-Plates-For-Catering-03-660x660.webp 660w\" sizes=\"(max-width: 800px) 100vw, 800px\" \/><\/figure>\n<\/div>\n<\/div>","protected":false},"excerpt":{"rendered":"<p>Bienvenido a comprar platos de cena al por mayor. Esta serie de vajilla oriental azul marino al por mayor tiene dos formas, ovalada y rectangular, decorada con exquisita textura de grieta de hielo, y disponible en varios tama\u00f1os. Su dise\u00f1o cl\u00e1sico y moderno combina practicidad y arte, y es adecuado para comedores de alta gama como restaurantes y hoteles, a\u00f1adiendo un encanto oriental \u00fanico.<\/p>\n<table style=\"border-collapse: collapse; width: 309.02pt;\" border=\"0\" width=\"309\" cellspacing=\"0\" cellpadding=\"0\">\n<tbody>\n<tr style=\"height: 17.60pt;\">\n<td class=\"et3\" style=\"height: 17.60pt; width: 120.25pt;\" width=\"120\" height=\"17\">Fabricante<\/td>\n<td class=\"et3\" style=\"width: 189.25pt;\" width=\"189\">Yongjian<\/td>\n<\/tr>\n<tr style=\"height: 18.00pt;\">\n<td class=\"et3\" style=\"height: 18.00pt;\" height=\"18\">N\u00ba de modelo<\/td>\n<td class=\"et4\" style=\"width: 189.25pt;\" width=\"189\">YJ-075<\/td>\n<\/tr>\n<tr style=\"height: 18.00pt;\">\n<td class=\"et5\" style=\"height: 18.00pt; width: 120.25pt;\" width=\"120\" height=\"18\">Tipo de vajilla<\/td>\n<td class=\"et5\" style=\"width: 189.25pt;\" width=\"189\">Bandejas, Platos<\/td>\n<\/tr>\n<tr style=\"height: 17.60pt;\">\n<td class=\"et3\" style=\"height: 17.60pt;\" height=\"17\">T\u00e9cnica<\/td>\n<td class=\"et3\">Efecto esmaltado en horno<\/td>\n<\/tr>\n<tr style=\"height: 17.60pt;\">\n<td class=\"et3\" style=\"height: 17.60pt;\" height=\"17\">Material<\/td>\n<td class=\"et3\">Porcelana<\/td>\n<\/tr>\n<tr style=\"height: 36.00pt;\">\n<td class=\"et6\" style=\"height: 36.00pt;\" height=\"36\">Aplicable<\/td>\n<td class=\"et5\" style=\"width: 189.25pt;\" width=\"189\">Esterilizador, Lavavajillas, Horno, Microondas<\/td>\n<\/tr>\n<tr style=\"height: 17.60pt;\">\n<td class=\"et3\" style=\"height: 17.60pt;\" height=\"17\">Dimensi\u00f3n<\/td>\n<td class=\"et3\">Como imagen<\/td>\n<\/tr>\n<tr style=\"height: 17.60pt;\">\n<td class=\"et3\" style=\"height: 17.60pt;\" height=\"17\">MOQ<\/td>\n<td class=\"et3\">500 unidades<\/td>\n<\/tr>\n<tr style=\"height: 17.60pt;\">\n<td class=\"et3\" style=\"height: 17.60pt;\" height=\"17\">A medida<\/td>\n<td class=\"et3\">Color\/Tama\u00f1o\/Logotipo\/Embalaje<\/td>\n<\/tr>\n<\/tbody>\n<\/table>","protected":false},"featured_media":3708,"comment_status":"closed","ping_status":"closed","template":"","meta":{"_acf_changed":false},"product_brand":[],"product_cat":[64,85],"product_tag":[86],"class_list":{"0":"post-3707","1":"product","2":"type-product","3":"status-publish","4":"has-post-thumbnail","6":"product_cat-dinnerware-sets","7":"product_cat-wholesale-dinnerware-sets","8":"product_tag-oriental-style-dinnerware-wholesale","10":"first","11":"instock","12":"shipping-taxable","13":"product-type-simple"},"acf":[],"_links":{"self":[{"href":"https:\/\/www.yongjianceramic.com\/es\/wp-json\/wp\/v2\/product\/3707","targetHints":{"allow":["GET"]}}],"collection":[{"href":"https:\/\/www.yongjianceramic.com\/es\/wp-json\/wp\/v2\/product"}],"about":[{"href":"https:\/\/www.yongjianceramic.com\/es\/wp-json\/wp\/v2\/types\/product"}],"replies":[{"embeddable":true,"href":"https:\/\/www.yongjianceramic.com\/es\/wp-json\/wp\/v2\/comments?post=3707"}],"wp:featuredmedia":[{"embeddable":true,"href":"https:\/\/www.yongjianceramic.com\/es\/wp-json\/wp\/v2\/media\/3708"}],"wp:attachment":[{"href":"https:\/\/www.yongjianceramic.com\/es\/wp-json\/wp\/v2\/media?parent=3707"}],"wp:term":[{"taxonomy":"product_brand","embeddable":true,"href":"https:\/\/www.yongjianceramic.com\/es\/wp-json\/wp\/v2\/product_brand?post=3707"},{"taxonomy":"product_cat","embeddable":true,"href":"https:\/\/www.yongjianceramic.com\/es\/wp-json\/wp\/v2\/product_cat?post=3707"},{"taxonomy":"product_tag","embeddable":true,"href":"https:\/\/www.yongjianceramic.com\/es\/wp-json\/wp\/v2\/product_tag?post=3707"}],"curies":[{"name":"wp","href":"https:\/\/api.w.org\/{rel}","templated":true}]}}