{"id":3744,"date":"2024-10-31T17:22:29","date_gmt":"2024-10-31T09:22:29","guid":{"rendered":"https:\/\/www.yongjianceramic.com\/?post_type=product&#038;p=3744"},"modified":"2024-10-31T17:49:03","modified_gmt":"2024-10-31T09:49:03","slug":"dinnerware-plates-wholesale","status":"publish","type":"product","link":"https:\/\/www.yongjianceramic.com\/es\/producto\/dinnerware-plates-wholesale\/","title":{"rendered":"Platos hondos de 8 pulgadas al por mayor, Vajilla al por mayor para hosteleria"},"content":{"rendered":"<div class=\"wp-block-columns is-layout-flex wp-container-core-columns-is-layout-9d6595d7 wp-block-columns-is-layout-flex\">\n<div class=\"wp-block-column is-layout-flow wp-block-column-is-layout-flow\">\n<h2 class=\"wp-block-heading\">Vajilla Premium Platos al por mayor Caracter\u00edsticas:<\/h2>\n\n\n\n<ul class=\"wp-block-list\">\n<li><strong>Dise\u00f1o cl\u00e1sico polivalente: <\/strong>Esta vajilla de 8 pulgadas de profundidad al por mayor es perfecta para sopas, ensaladas, pasta y otros platos, ya sea un buffet, banquete o cena diaria, puede satisfacer diferentes necesidades.<\/li>\n\n\n\n<li><strong>Material duradero y de alta calidad: <\/strong>Nuestra vajilla para catering al por mayor est\u00e1 fabricada en cer\u00e1mica de alta calidad, el plato es resistente y duradero, no se agrieta ni se raya con facilidad, y puede soportar un uso frecuente a largo plazo.<\/li>\n\n\n\n<li><strong>Dise\u00f1o de esmalte brillante: <\/strong>El suave esmalte blanco brillante de nuestros platos de vajilla al por mayor no s\u00f3lo es elegante, sino que tambi\u00e9n tiene un excelente rendimiento anti-incrustaciones y anti-ara\u00f1azos, f\u00e1cil de limpiar y mantener, y el brillo puede durar como nuevo, incluso con el uso frecuente. El esmalte sin plomo, no t\u00f3xico y respetuoso con el medio ambiente garantiza la seguridad y la salud de la vajilla, adecuada para todo tipo de ocasiones de catering.<\/li>\n\n\n\n<li><strong>Admite compras al por mayor y servicios personalizados: <\/strong>Ofrecemos servicios al por mayor y personalizados de vajilla al por mayor para catering, y podemos ajustar el tama\u00f1o, la impresi\u00f3n del logotipo, etc. seg\u00fan las necesidades del cliente, lo que resulta adecuado para las necesidades de compra a gran escala de catering, banquetes, organizadores de eventos, etc.<\/li>\n<\/ul>\n<\/div>\n\n\n\n<div class=\"wp-block-column is-vertically-aligned-center is-layout-flow wp-block-column-is-layout-flow\"><div class=\"wp-block-image\">\n<figure class=\"aligncenter size-full\"><img fetchpriority=\"high\" decoding=\"async\" width=\"750\" height=\"750\" src=\"https:\/\/www.yongjianceramic.com\/wp-content\/uploads\/2024\/10\/8-inch-Deep-Dinnerware-Plates-Wholesale-Catering-Wholesale-Crockery-5.webp\" alt=\"Platos hondos de 8 pulgadas al por mayor, Vajilla al por mayor para hosteler\u00eda-5\" class=\"wp-image-3749\" srcset=\"https:\/\/www.yongjianceramic.com\/wp-content\/uploads\/2024\/10\/8-inch-Deep-Dinnerware-Plates-Wholesale-Catering-Wholesale-Crockery-5.webp 750w, https:\/\/www.yongjianceramic.com\/wp-content\/uploads\/2024\/10\/8-inch-Deep-Dinnerware-Plates-Wholesale-Catering-Wholesale-Crockery-5-300x300.webp 300w, https:\/\/www.yongjianceramic.com\/wp-content\/uploads\/2024\/10\/8-inch-Deep-Dinnerware-Plates-Wholesale-Catering-Wholesale-Crockery-5-150x150.webp 150w, https:\/\/www.yongjianceramic.com\/wp-content\/uploads\/2024\/10\/8-inch-Deep-Dinnerware-Plates-Wholesale-Catering-Wholesale-Crockery-5-12x12.webp 12w, https:\/\/www.yongjianceramic.com\/wp-content\/uploads\/2024\/10\/8-inch-Deep-Dinnerware-Plates-Wholesale-Catering-Wholesale-Crockery-5-285x285.webp 285w, https:\/\/www.yongjianceramic.com\/wp-content\/uploads\/2024\/10\/8-inch-Deep-Dinnerware-Plates-Wholesale-Catering-Wholesale-Crockery-5-270x270.webp 270w, https:\/\/www.yongjianceramic.com\/wp-content\/uploads\/2024\/10\/8-inch-Deep-Dinnerware-Plates-Wholesale-Catering-Wholesale-Crockery-5-540x540.webp 540w, https:\/\/www.yongjianceramic.com\/wp-content\/uploads\/2024\/10\/8-inch-Deep-Dinnerware-Plates-Wholesale-Catering-Wholesale-Crockery-5-660x660.webp 660w\" sizes=\"(max-width: 750px) 100vw, 750px\" \/><\/figure>\n<\/div><\/div>\n<\/div>","protected":false},"excerpt":{"rendered":"<p>Bienvenido a comprar vajilla de hosteler\u00eda al por mayor. Esta vajilla honda de 8 pulgadas al por mayor, con su dise\u00f1o cl\u00e1sico y esmalte blanco brillante, constituye una opci\u00f3n pr\u00e1ctica y de alta gama para el sector de la restauraci\u00f3n. El material cer\u00e1mico de alta calidad garantiza su durabilidad, y la superficie lisa es f\u00e1cil de limpiar, satisfaciendo las diversas necesidades de restaurantes, hoteles y banquetes.<\/p>\n<table style=\"border-collapse: collapse; width: 309.02pt;\" border=\"0\" width=\"309\" cellspacing=\"0\" cellpadding=\"0\">\n<tbody>\n<tr style=\"height: 17.60pt;\">\n<td class=\"et3\" style=\"height: 17.60pt; width: 120.25pt;\" width=\"120\" height=\"17\">Fabricante<\/td>\n<td class=\"et3\" style=\"width: 189.25pt;\" width=\"189\">Yongjian<\/td>\n<\/tr>\n<tr style=\"height: 18.00pt;\">\n<td class=\"et3\" style=\"height: 18.00pt;\" height=\"18\">N\u00ba de modelo<\/td>\n<td class=\"et4\" style=\"width: 189.25pt;\" width=\"189\">YJ-080<\/td>\n<\/tr>\n<tr style=\"height: 17.60pt;\">\n<td class=\"et3\" style=\"height: 17.60pt;\" height=\"17\">Tipo de producto<\/td>\n<td class=\"et3\">Bandeja, plato hondo<\/td>\n<\/tr>\n<tr style=\"height: 17.60pt;\">\n<td class=\"et3\" style=\"height: 17.60pt;\" height=\"17\">Material<\/td>\n<td class=\"et3\">Porcelana<\/td>\n<\/tr>\n<tr style=\"height: 17.60pt;\">\n<td class=\"et5\" style=\"height: 17.60pt;\" height=\"17\">Color<\/td>\n<td class=\"et3\">Blanco<\/td>\n<\/tr>\n<tr style=\"height: 18.00pt;\">\n<td class=\"et3\" style=\"height: 18.00pt;\" height=\"18\">Dimensi\u00f3n<\/td>\n<td class=\"et4\" style=\"width: 189.25pt;\" width=\"189\">20.5*20.5*4<\/td>\n<\/tr>\n<tr style=\"height: 17.60pt;\">\n<td class=\"et3\" style=\"height: 17.60pt;\" height=\"17\">MOQ<\/td>\n<td class=\"et3\">500 unidades<\/td>\n<\/tr>\n<tr style=\"height: 17.60pt;\">\n<td class=\"et3\" style=\"height: 17.60pt;\" height=\"17\">A medida<\/td>\n<td class=\"et3\">Color\/Tama\u00f1o\/Logotipo\/Embalaje<\/td>\n<\/tr>\n<\/tbody>\n<\/table>","protected":false},"featured_media":3746,"comment_status":"closed","ping_status":"closed","template":"","meta":{"_acf_changed":false},"product_brand":[],"product_cat":[77,62,76],"product_tag":[96],"class_list":{"0":"post-3744","1":"product","2":"type-product","3":"status-publish","4":"has-post-thumbnail","6":"product_cat-deep-plates-wholesale","7":"product_cat-ceramic-plates-wholesale","8":"product_cat-wholesale-serving-platters","9":"product_tag-black-white-dinnerware-wholesale","11":"first","12":"instock","13":"shipping-taxable","14":"product-type-simple"},"acf":[],"_links":{"self":[{"href":"https:\/\/www.yongjianceramic.com\/es\/wp-json\/wp\/v2\/product\/3744","targetHints":{"allow":["GET"]}}],"collection":[{"href":"https:\/\/www.yongjianceramic.com\/es\/wp-json\/wp\/v2\/product"}],"about":[{"href":"https:\/\/www.yongjianceramic.com\/es\/wp-json\/wp\/v2\/types\/product"}],"replies":[{"embeddable":true,"href":"https:\/\/www.yongjianceramic.com\/es\/wp-json\/wp\/v2\/comments?post=3744"}],"wp:featuredmedia":[{"embeddable":true,"href":"https:\/\/www.yongjianceramic.com\/es\/wp-json\/wp\/v2\/media\/3746"}],"wp:attachment":[{"href":"https:\/\/www.yongjianceramic.com\/es\/wp-json\/wp\/v2\/media?parent=3744"}],"wp:term":[{"taxonomy":"product_brand","embeddable":true,"href":"https:\/\/www.yongjianceramic.com\/es\/wp-json\/wp\/v2\/product_brand?post=3744"},{"taxonomy":"product_cat","embeddable":true,"href":"https:\/\/www.yongjianceramic.com\/es\/wp-json\/wp\/v2\/product_cat?post=3744"},{"taxonomy":"product_tag","embeddable":true,"href":"https:\/\/www.yongjianceramic.com\/es\/wp-json\/wp\/v2\/product_tag?post=3744"}],"curies":[{"name":"wp","href":"https:\/\/api.w.org\/{rel}","templated":true}]}}