{"id":3751,"date":"2024-10-31T17:54:51","date_gmt":"2024-10-31T09:54:51","guid":{"rendered":"https:\/\/www.yongjianceramic.com\/?post_type=product&#038;p=3751"},"modified":"2024-10-31T18:07:11","modified_gmt":"2024-10-31T10:07:11","slug":"wholesale-ceramic-plates","status":"publish","type":"product","link":"https:\/\/www.yongjianceramic.com\/es\/producto\/wholesale-ceramic-plates\/","title":{"rendered":"Platos de Cer\u00e1mica al por mayor, Plato hondo con forma de flor a granel"},"content":{"rendered":"<div class=\"wp-block-columns is-layout-flex wp-container-core-columns-is-layout-9d6595d7 wp-block-columns-is-layout-flex\">\n<div class=\"wp-block-column is-layout-flow wp-block-column-is-layout-flow\">\n<h2 class=\"wp-block-heading\">Platos de cer\u00e1mica de primera calidad al por mayor Caracter\u00edsticas:<\/h2>\n\n\n\n<ul class=\"wp-block-list\">\n<li><strong>Elegante forma de flor: <\/strong>Estos platos de cer\u00e1mica al por mayor est\u00e1n dise\u00f1ados en forma de flor \u00fanica con un borde ligeramente ondulado, que a\u00f1ade un toque de arte a la mesa de comedor. Su exquisita forma no solo hace que la comida resulte m\u00e1s atractiva, sino que tambi\u00e9n a\u00f1ade color al conjunto de la mesa, por lo que es una buena opci\u00f3n para mejorar la experiencia gastron\u00f3mica.<\/li>\n\n\n\n<li><strong>M\u00faltiples opciones de tama\u00f1o: <\/strong>Este plato hondo a granel est\u00e1 disponible en tres tama\u00f1os diferentes para satisfacer diversas necesidades culinarias. Puede utilizarse para servir una gran variedad de platos, como aperitivos, platos principales y postres. Los distintos tama\u00f1os son adecuados para diferentes platos y escenas gastron\u00f3micas, y pueden combinarse con flexibilidad para satisfacer todas las necesidades de restaurantes, hoteles y banquetes.<\/li>\n\n\n\n<li><strong>Cer\u00e1mica de alta calidad y esmalte exquisito: <\/strong>Nuestros platos de cer\u00e1mica al por mayor est\u00e1n hechos de materias primas cer\u00e1micas de alta calidad, y el cuerpo del plato es robusto y duradero, y puede soportar un uso frecuente. El tratamiento de esmalte suave en la superficie no s\u00f3lo es de alta gama y elegante, sino tambi\u00e9n f\u00e1cil de limpiar y mantener, manteni\u00e9ndolo como nuevo durante mucho tiempo, y la mejora de la belleza general de la cena.<\/li>\n\n\n\n<li><strong>Compras a granel y servicios personalizados: <\/strong>Nuestro plato de cena de cer\u00e1mica a granel admite la adquisici\u00f3n al por mayor y servicios personalizados, que son adecuados para empresas de catering a gran escala o necesidades de suministro de eventos. Proporcionamos servicios personalizados como el tama\u00f1o y la impresi\u00f3n del logotipo seg\u00fan los requisitos del cliente.<\/li>\n<\/ul>\n<\/div>\n\n\n\n<div class=\"wp-block-column is-vertically-aligned-center is-layout-flow wp-block-column-is-layout-flow\"><div class=\"wp-block-image\">\n<figure class=\"aligncenter size-full\"><img fetchpriority=\"high\" decoding=\"async\" width=\"750\" height=\"750\" src=\"https:\/\/www.yongjianceramic.com\/wp-content\/uploads\/2024\/10\/Wholesale-Ceramic-Plates-Flower-Shape-Deep-Dinner-Plate-Bulk-4.webp\" alt=\"Mayorista Platos de Cer\u00e1mica, Forma de Flor Profundo Plato de Cena Bulk-4\" class=\"wp-image-3755\" srcset=\"https:\/\/www.yongjianceramic.com\/wp-content\/uploads\/2024\/10\/Wholesale-Ceramic-Plates-Flower-Shape-Deep-Dinner-Plate-Bulk-4.webp 750w, https:\/\/www.yongjianceramic.com\/wp-content\/uploads\/2024\/10\/Wholesale-Ceramic-Plates-Flower-Shape-Deep-Dinner-Plate-Bulk-4-300x300.webp 300w, https:\/\/www.yongjianceramic.com\/wp-content\/uploads\/2024\/10\/Wholesale-Ceramic-Plates-Flower-Shape-Deep-Dinner-Plate-Bulk-4-150x150.webp 150w, https:\/\/www.yongjianceramic.com\/wp-content\/uploads\/2024\/10\/Wholesale-Ceramic-Plates-Flower-Shape-Deep-Dinner-Plate-Bulk-4-12x12.webp 12w, https:\/\/www.yongjianceramic.com\/wp-content\/uploads\/2024\/10\/Wholesale-Ceramic-Plates-Flower-Shape-Deep-Dinner-Plate-Bulk-4-285x285.webp 285w, https:\/\/www.yongjianceramic.com\/wp-content\/uploads\/2024\/10\/Wholesale-Ceramic-Plates-Flower-Shape-Deep-Dinner-Plate-Bulk-4-270x270.webp 270w, https:\/\/www.yongjianceramic.com\/wp-content\/uploads\/2024\/10\/Wholesale-Ceramic-Plates-Flower-Shape-Deep-Dinner-Plate-Bulk-4-540x540.webp 540w, https:\/\/www.yongjianceramic.com\/wp-content\/uploads\/2024\/10\/Wholesale-Ceramic-Plates-Flower-Shape-Deep-Dinner-Plate-Bulk-4-660x660.webp 660w\" sizes=\"(max-width: 750px) 100vw, 750px\" \/><\/figure>\n<\/div><\/div>\n<\/div>","protected":false},"excerpt":{"rendered":"<p>Bienvenido a comprar platos de cer\u00e1mica al por mayor. Este plato hondo en forma de flor est\u00e1 disponible en tres tama\u00f1os. Su elegante forma de flor y su brillante esmalte lo hacen pr\u00e1ctico y bonito a la vez. El material cer\u00e1mico de alta calidad garantiza su durabilidad y es adecuado para todo tipo de cenas. Admite servicios al por mayor y personalizados y es una opci\u00f3n ideal para restaurantes, hoteles y banquetes, haciendo que la experiencia gastron\u00f3mica sea de m\u00e1s calidad.<\/p>\n<table style=\"border-collapse: collapse; width: 309.02pt;\" border=\"0\" width=\"309\" cellspacing=\"0\" cellpadding=\"0\">\n<tbody>\n<tr style=\"height: 17.60pt;\">\n<td class=\"et3\" style=\"height: 17.60pt; width: 120.25pt;\" width=\"120\" height=\"17\">Fabricante<\/td>\n<td class=\"et3\" style=\"width: 189.25pt;\" width=\"189\">Yongjian<\/td>\n<\/tr>\n<tr style=\"height: 18.00pt;\">\n<td class=\"et3\" style=\"height: 18.00pt;\" height=\"18\">N\u00ba de modelo<\/td>\n<td class=\"et4\" style=\"width: 189.25pt;\" width=\"189\">YJ-081\/YJ-082\/YJ-083<\/td>\n<\/tr>\n<tr style=\"height: 17.60pt;\">\n<td class=\"et3\" style=\"height: 17.60pt;\" height=\"17\">Tipo de producto<\/td>\n<td class=\"et3\">Bandeja, plato hondo<\/td>\n<\/tr>\n<tr style=\"height: 17.60pt;\">\n<td class=\"et3\" style=\"height: 17.60pt;\" height=\"17\">Material<\/td>\n<td class=\"et3\">Porcelana<\/td>\n<\/tr>\n<tr style=\"height: 17.60pt;\">\n<td class=\"et5\" style=\"height: 17.60pt;\" height=\"17\">Color<\/td>\n<td class=\"et3\">Blanco<\/td>\n<\/tr>\n<tr style=\"height: 53.00pt;\">\n<td class=\"et3\" style=\"height: 53.00pt;\" height=\"53\">Dimensi\u00f3n<\/td>\n<td class=\"et4\" style=\"width: 189.25pt;\" width=\"189\">7,5 pulgadas:18*18*5,5<br \/>9,5 pulgadas:23*23*6<br \/>11.5 pulgadas:28.5*28.5*6.5<\/td>\n<\/tr>\n<tr style=\"height: 17.60pt;\">\n<td class=\"et3\" style=\"height: 17.60pt;\" height=\"17\">MOQ<\/td>\n<td class=\"et3\">500 unidades<\/td>\n<\/tr>\n<tr style=\"height: 17.60pt;\">\n<td class=\"et3\" style=\"height: 17.60pt;\" height=\"17\">A medida<\/td>\n<td class=\"et3\">Color\/Tama\u00f1o\/Logotipo\/Embalaje<\/td>\n<\/tr>\n<\/tbody>\n<\/table>","protected":false},"featured_media":3756,"comment_status":"closed","ping_status":"closed","template":"","meta":{"_acf_changed":false},"product_brand":[],"product_cat":[77,62,76],"product_tag":[96],"class_list":{"0":"post-3751","1":"product","2":"type-product","3":"status-publish","4":"has-post-thumbnail","6":"product_cat-deep-plates-wholesale","7":"product_cat-ceramic-plates-wholesale","8":"product_cat-wholesale-serving-platters","9":"product_tag-black-white-dinnerware-wholesale","11":"first","12":"instock","13":"shipping-taxable","14":"product-type-simple"},"acf":[],"_links":{"self":[{"href":"https:\/\/www.yongjianceramic.com\/es\/wp-json\/wp\/v2\/product\/3751","targetHints":{"allow":["GET"]}}],"collection":[{"href":"https:\/\/www.yongjianceramic.com\/es\/wp-json\/wp\/v2\/product"}],"about":[{"href":"https:\/\/www.yongjianceramic.com\/es\/wp-json\/wp\/v2\/types\/product"}],"replies":[{"embeddable":true,"href":"https:\/\/www.yongjianceramic.com\/es\/wp-json\/wp\/v2\/comments?post=3751"}],"wp:featuredmedia":[{"embeddable":true,"href":"https:\/\/www.yongjianceramic.com\/es\/wp-json\/wp\/v2\/media\/3756"}],"wp:attachment":[{"href":"https:\/\/www.yongjianceramic.com\/es\/wp-json\/wp\/v2\/media?parent=3751"}],"wp:term":[{"taxonomy":"product_brand","embeddable":true,"href":"https:\/\/www.yongjianceramic.com\/es\/wp-json\/wp\/v2\/product_brand?post=3751"},{"taxonomy":"product_cat","embeddable":true,"href":"https:\/\/www.yongjianceramic.com\/es\/wp-json\/wp\/v2\/product_cat?post=3751"},{"taxonomy":"product_tag","embeddable":true,"href":"https:\/\/www.yongjianceramic.com\/es\/wp-json\/wp\/v2\/product_tag?post=3751"}],"curies":[{"name":"wp","href":"https:\/\/api.w.org\/{rel}","templated":true}]}}