{"id":3760,"date":"2024-10-31T18:07:25","date_gmt":"2024-10-31T10:07:25","guid":{"rendered":"https:\/\/www.yongjianceramic.com\/?post_type=product&#038;p=3760"},"modified":"2025-03-01T17:09:38","modified_gmt":"2025-03-01T09:09:38","slug":"wholesale-dinner-plates-for-restaurants","status":"publish","type":"product","link":"https:\/\/www.yongjianceramic.com\/es\/producto\/wholesale-dinner-plates-for-restaurants\/","title":{"rendered":"Mayorista Platos Para Restaurantes, Platos De Ceramica Al Por Mayor"},"content":{"rendered":"<div class=\"wp-block-columns is-layout-flex wp-container-core-columns-is-layout-9d6595d7 wp-block-columns-is-layout-flex\">\n<div class=\"wp-block-column is-layout-flow wp-block-column-is-layout-flow\">\n<h2 class=\"wp-block-heading\">Platos Al Por Mayor Para Restaurantes Caracter\u00edsticas:<\/h2>\n\n\n\n<ul class=\"wp-block-list\">\n<li><strong>Dos tama\u00f1os para satisfacer diversas necesidades:<\/strong> Nuestros platos de cena al por mayor para restaurantes vienen en tama\u00f1os de 6 y 8 pulgadas y pueden emplearse para servir todo tipo de platos, desde el aperitivo hasta el plato principal. La elecci\u00f3n de tama\u00f1o flexible es un socio ideal para los diversos platos de los restaurantes y un socio con clase para todo tipo de ocasiones para cenar.<\/li>\n\n\n\n<li><strong>Tonos cl\u00e1sicos en blanco y negro:<\/strong> Nuestros platos de cer\u00e1mica a granel vienen en dos colores cl\u00e1sicos blanco y negro, que no s\u00f3lo son universales sino que tambi\u00e9n est\u00e1n de moda, y pueden combinarse seg\u00fan el estilo del restaurante o las caracter\u00edsticas de los platos. El dise\u00f1o liso en blanco y negro no s\u00f3lo embellece el efecto visual general de la mesa de comedor, sino que tambi\u00e9n refleja la elegancia del restaurante.<\/li>\n\n\n\n<li><strong>Material cer\u00e1mico de alta calidad: <\/strong>Estos platos al por mayor para restaurantes est\u00e1n fabricados con materiales cer\u00e1micos de alta calidad, y son resistentes y duraderos, adem\u00e1s de poder utilizarse en condiciones normales de uso, especialmente en las condiciones de uso m\u00e1s duras de las empresas de catering. El material cer\u00e1mico est\u00e1 bien aislado del calor.<\/li>\n\n\n\n<li><strong>Esmalte brillante f\u00e1cil de limpiar: <\/strong>El esmalte de nuestros platos de cer\u00e1mica a granel es suave, resistente al desgaste y duradero, tiene una excelente resistencia a las manchas, es f\u00e1cil de limpiar, y se puede mantener con un brillo a largo plazo como nuevo, asegurando que la vajilla siempre tendr\u00e1 un aspecto de alta calidad.<\/li>\n<\/ul>\n<\/div>\n\n\n\n<div class=\"wp-block-column is-vertically-aligned-center is-layout-flow wp-block-column-is-layout-flow\"><div class=\"wp-block-image\">\n<figure class=\"aligncenter size-full\"><img fetchpriority=\"high\" decoding=\"async\" width=\"750\" height=\"750\" src=\"https:\/\/www.yongjianceramic.com\/wp-content\/uploads\/2024\/10\/Wholesale-Dinner-Plates-For-Restaurants-Ceramic-Plates-Bulk-3.webp\" alt=\"Mayorista Platos Para Restaurantes, Platos Ceramica Bulk-3\" class=\"wp-image-3763\" srcset=\"https:\/\/www.yongjianceramic.com\/wp-content\/uploads\/2024\/10\/Wholesale-Dinner-Plates-For-Restaurants-Ceramic-Plates-Bulk-3.webp 750w, https:\/\/www.yongjianceramic.com\/wp-content\/uploads\/2024\/10\/Wholesale-Dinner-Plates-For-Restaurants-Ceramic-Plates-Bulk-3-300x300.webp 300w, https:\/\/www.yongjianceramic.com\/wp-content\/uploads\/2024\/10\/Wholesale-Dinner-Plates-For-Restaurants-Ceramic-Plates-Bulk-3-150x150.webp 150w, https:\/\/www.yongjianceramic.com\/wp-content\/uploads\/2024\/10\/Wholesale-Dinner-Plates-For-Restaurants-Ceramic-Plates-Bulk-3-12x12.webp 12w, https:\/\/www.yongjianceramic.com\/wp-content\/uploads\/2024\/10\/Wholesale-Dinner-Plates-For-Restaurants-Ceramic-Plates-Bulk-3-285x285.webp 285w, https:\/\/www.yongjianceramic.com\/wp-content\/uploads\/2024\/10\/Wholesale-Dinner-Plates-For-Restaurants-Ceramic-Plates-Bulk-3-270x270.webp 270w, https:\/\/www.yongjianceramic.com\/wp-content\/uploads\/2024\/10\/Wholesale-Dinner-Plates-For-Restaurants-Ceramic-Plates-Bulk-3-540x540.webp 540w, https:\/\/www.yongjianceramic.com\/wp-content\/uploads\/2024\/10\/Wholesale-Dinner-Plates-For-Restaurants-Ceramic-Plates-Bulk-3-660x660.webp 660w\" sizes=\"(max-width: 750px) 100vw, 750px\" \/><\/figure>\n<\/div><\/div>\n<\/div>","protected":false},"excerpt":{"rendered":"<p>Bienvenido a comprar platos al por mayor para restaurantes. Estos platos de cer\u00e1mica al por mayor se ofrecen en dos tama\u00f1os, 6 pulgadas y 8 pulgadas, en blanco y negro. El estilo minimalista y tradicional con material de alta calidad es ideal para cualquier comida ocasi\u00f3n. Duraderos y f\u00e1ciles de limpiar, son una excelente opci\u00f3n para que los restaurantes compren al por mayor, a\u00f1adiendo sofisticaci\u00f3n y calidad a su mesa de comedor.<\/p>\n<table style=\"border-collapse: collapse; width: 309.02pt;\" border=\"0\" width=\"309\" cellspacing=\"0\" cellpadding=\"0\">\n<tbody>\n<tr style=\"height: 17.60pt;\">\n<td class=\"et3\" style=\"height: 17.60pt; width: 120.25pt;\" width=\"120\" height=\"17\">Fabricante<\/td>\n<td class=\"et3\" style=\"width: 189.25pt;\" width=\"189\">Yongjian<\/td>\n<\/tr>\n<tr style=\"height: 18.00pt;\">\n<td class=\"et3\" style=\"height: 18.00pt;\" height=\"18\">N\u00ba de modelo<\/td>\n<td class=\"et4\" style=\"width: 189.25pt;\" width=\"189\">YJ-082\/YJ-083<\/td>\n<\/tr>\n<tr style=\"height: 17.60pt;\">\n<td class=\"et3\" style=\"height: 17.60pt;\" height=\"17\">Tipo de producto<\/td>\n<td class=\"et3\">Bandeja, plato hondo<\/td>\n<\/tr>\n<tr style=\"height: 17.60pt;\">\n<td class=\"et3\" style=\"height: 17.60pt;\" height=\"17\">Material<\/td>\n<td class=\"et3\">Porcelana<\/td>\n<\/tr>\n<tr style=\"height: 17.60pt;\">\n<td class=\"et5\" style=\"height: 17.60pt;\" height=\"17\">Color<\/td>\n<td class=\"et3\">Blanco\/Negro<\/td>\n<\/tr>\n<tr style=\"height: 36.00pt;\">\n<td class=\"et3\" style=\"height: 36.00pt;\" height=\"36\">Dimensi\u00f3n<\/td>\n<td class=\"et4\" style=\"width: 189.25pt;\" width=\"189\">6 pulgadas:15.5*15.5*3.8<br \/>8 pulgadas:20*20*4<\/td>\n<\/tr>\n<tr style=\"height: 17.60pt;\">\n<td class=\"et3\" style=\"height: 17.60pt;\" height=\"17\">MOQ<\/td>\n<td class=\"et3\">500 unidades<\/td>\n<\/tr>\n<tr style=\"height: 17.60pt;\">\n<td class=\"et3\" style=\"height: 17.60pt;\" height=\"17\">A medida<\/td>\n<td class=\"et3\">Color\/Tama\u00f1o\/Logotipo\/Embalaje<\/td>\n<\/tr>\n<\/tbody>\n<\/table>","protected":false},"featured_media":3762,"comment_status":"closed","ping_status":"closed","template":"","meta":{"_acf_changed":false},"product_brand":[],"product_cat":[77,93,62,76],"product_tag":[96],"class_list":{"0":"post-3760","1":"product","2":"type-product","3":"status-publish","4":"has-post-thumbnail","6":"product_cat-deep-plates-wholesale","7":"product_cat-bulk-dinner-plates","8":"product_cat-ceramic-plates-wholesale","9":"product_cat-wholesale-serving-platters","10":"product_tag-black-white-dinnerware-wholesale","12":"first","13":"instock","14":"shipping-taxable","15":"product-type-simple"},"acf":[],"_links":{"self":[{"href":"https:\/\/www.yongjianceramic.com\/es\/wp-json\/wp\/v2\/product\/3760","targetHints":{"allow":["GET"]}}],"collection":[{"href":"https:\/\/www.yongjianceramic.com\/es\/wp-json\/wp\/v2\/product"}],"about":[{"href":"https:\/\/www.yongjianceramic.com\/es\/wp-json\/wp\/v2\/types\/product"}],"replies":[{"embeddable":true,"href":"https:\/\/www.yongjianceramic.com\/es\/wp-json\/wp\/v2\/comments?post=3760"}],"wp:featuredmedia":[{"embeddable":true,"href":"https:\/\/www.yongjianceramic.com\/es\/wp-json\/wp\/v2\/media\/3762"}],"wp:attachment":[{"href":"https:\/\/www.yongjianceramic.com\/es\/wp-json\/wp\/v2\/media?parent=3760"}],"wp:term":[{"taxonomy":"product_brand","embeddable":true,"href":"https:\/\/www.yongjianceramic.com\/es\/wp-json\/wp\/v2\/product_brand?post=3760"},{"taxonomy":"product_cat","embeddable":true,"href":"https:\/\/www.yongjianceramic.com\/es\/wp-json\/wp\/v2\/product_cat?post=3760"},{"taxonomy":"product_tag","embeddable":true,"href":"https:\/\/www.yongjianceramic.com\/es\/wp-json\/wp\/v2\/product_tag?post=3760"}],"curies":[{"name":"wp","href":"https:\/\/api.w.org\/{rel}","templated":true}]}}