{"id":3772,"date":"2024-11-01T09:19:01","date_gmt":"2024-11-01T01:19:01","guid":{"rendered":"https:\/\/www.yongjianceramic.com\/?post_type=product&#038;p=3772"},"modified":"2025-03-01T16:22:53","modified_gmt":"2025-03-01T08:22:53","slug":"serving-bowls-wholesale","status":"publish","type":"product","link":"https:\/\/www.yongjianceramic.com\/es\/producto\/serving-bowls-wholesale\/","title":{"rendered":"China Serving Bowls Wholesale, Restaurant Supply Soup Bowls"},"content":{"rendered":"<div class=\"wp-block-columns is-layout-flex wp-container-core-columns-is-layout-9d6595d7 wp-block-columns-is-layout-flex\">\n<div class=\"wp-block-column is-layout-flow wp-block-column-is-layout-flow\">\n<h2 class=\"wp-block-heading\">Premium Serving Bowls al por mayor Caracter\u00edsticas:<\/h2>\n\n\n\n<ul class=\"wp-block-list\">\n<li><strong>Material cer\u00e1mico de alta calidad: <\/strong>Estos cuencos para servir al por mayor est\u00e1n fabricados en cer\u00e1mica de buena calidad, que es a\u00fan m\u00e1s resistente a los ara\u00f1azos y al calor, y mantienen su aspecto incluso en negocios de catering muy concurridos.<\/li>\n\n\n\n<li><strong>Amplia selecci\u00f3n de tama\u00f1o y capacidad:<\/strong> Para adaptarse a las distintas necesidades de servicio, ofrecemos cuencos soperos de suministro para restaurantes de distintos tama\u00f1os y capacidades, desde peque\u00f1as sopas hasta grandes platos principales. Puede disponer de un recipiente adecuado. El dise\u00f1o de especificaci\u00f3n ajustable es apropiado para una amplia gama de situaciones como banquetes familiares, banquetes de hotel y buffets de restaurante.<\/li>\n\n\n\n<li><strong>Dise\u00f1o cl\u00e1sico, sencillo y elegante: <\/strong>Estos cuencos para servir al por mayor tienen una forma sencilla y abundante y un contorno suave. Pueden adaptarse exactamente a las mesas de comedor de estilo moderno y se pueden utilizar en arreglos de mesa de comedor chinos tradicionales, que pueden proporcionar la belleza general y el ambiente de gama alta al restaurante.<\/li>\n\n\n\n<li><strong>Limpieza eficaz y mantenimiento sencillo: <\/strong>Estos cuencos soperos de suministro para restaurantes est\u00e1n dise\u00f1ados con una superficie suave y lisa, que es muy f\u00e1cil de limpiar y reduce los restos de manchas dif\u00edciles. Su dise\u00f1o compatible con los lavavajillas comerciales puede mejorar la eficiencia del funcionamiento del restaurante, lo que resulta especialmente adecuado para aplicaciones de catering de rotaci\u00f3n lenta.<\/li>\n<\/ul>\n<\/div>\n\n\n\n<div class=\"wp-block-column is-vertically-aligned-center is-layout-flow wp-block-column-is-layout-flow\"><div class=\"wp-block-image\">\n<figure class=\"aligncenter size-full\"><img fetchpriority=\"high\" decoding=\"async\" width=\"750\" height=\"750\" src=\"https:\/\/www.yongjianceramic.com\/wp-content\/uploads\/2024\/11\/China-Serving-Bowls-Wholesale-Restaurant-Supply-Soup-Bowls-5.webp\" alt=\"China Serving Bowls Wholesale, Restaurant Supply Soup Bowls-5\" class=\"wp-image-3778\" srcset=\"https:\/\/www.yongjianceramic.com\/wp-content\/uploads\/2024\/11\/China-Serving-Bowls-Wholesale-Restaurant-Supply-Soup-Bowls-5.webp 750w, https:\/\/www.yongjianceramic.com\/wp-content\/uploads\/2024\/11\/China-Serving-Bowls-Wholesale-Restaurant-Supply-Soup-Bowls-5-300x300.webp 300w, https:\/\/www.yongjianceramic.com\/wp-content\/uploads\/2024\/11\/China-Serving-Bowls-Wholesale-Restaurant-Supply-Soup-Bowls-5-150x150.webp 150w, https:\/\/www.yongjianceramic.com\/wp-content\/uploads\/2024\/11\/China-Serving-Bowls-Wholesale-Restaurant-Supply-Soup-Bowls-5-12x12.webp 12w, https:\/\/www.yongjianceramic.com\/wp-content\/uploads\/2024\/11\/China-Serving-Bowls-Wholesale-Restaurant-Supply-Soup-Bowls-5-285x285.webp 285w, https:\/\/www.yongjianceramic.com\/wp-content\/uploads\/2024\/11\/China-Serving-Bowls-Wholesale-Restaurant-Supply-Soup-Bowls-5-270x270.webp 270w, https:\/\/www.yongjianceramic.com\/wp-content\/uploads\/2024\/11\/China-Serving-Bowls-Wholesale-Restaurant-Supply-Soup-Bowls-5-540x540.webp 540w, https:\/\/www.yongjianceramic.com\/wp-content\/uploads\/2024\/11\/China-Serving-Bowls-Wholesale-Restaurant-Supply-Soup-Bowls-5-660x660.webp 660w\" sizes=\"(max-width: 750px) 100vw, 750px\" \/><\/figure>\n<\/div><\/div>\n<\/div>\n\n\n\n<p><\/p>","protected":false},"excerpt":{"rendered":"<p>Bienvenido a comprar cuencos soperos para restaurantes. Nuestros cuencos para servir al por mayor est\u00e1n dise\u00f1ados en cer\u00e1mica de alta calidad con un aspecto minimalista y moderno. Tienen varios tama\u00f1os y capacidades para sopas peque\u00f1as y raciones grandes. Son resistentes y tambi\u00e9n f\u00e1ciles de lavar, por lo que constituyen una opci\u00f3n ideal para restaurantes.<\/p>\n<table style=\"border-collapse: collapse; width: 309.02pt;\" border=\"0\" width=\"309\" cellspacing=\"0\" cellpadding=\"0\">\n<tbody>\n<tr style=\"height: 17.60pt;\">\n<td class=\"et3\" style=\"height: 17.60pt; width: 120.25pt;\" width=\"120\" height=\"17\">Fabricante<\/td>\n<td class=\"et3\" style=\"width: 189.25pt;\" width=\"189\">Yongjian<\/td>\n<\/tr>\n<tr style=\"height: 18.00pt;\">\n<td class=\"et3\" style=\"height: 18.00pt;\" height=\"18\">N\u00ba de modelo<\/td>\n<td class=\"et4\" style=\"width: 189.25pt;\" width=\"189\">YJ-084\/YJ-085<\/td>\n<\/tr>\n<tr style=\"height: 17.60pt;\">\n<td class=\"et3\" style=\"height: 17.60pt;\" height=\"17\">Tipo de producto<\/td>\n<td class=\"et3\">Cuencos para sopa y ramen, cuencos para servir y ensaladas<\/td>\n<\/tr>\n<tr style=\"height: 17.60pt;\">\n<td class=\"et3\" style=\"height: 17.60pt;\" height=\"17\">Material<\/td>\n<td class=\"et3\">Porcelana<\/td>\n<\/tr>\n<tr style=\"height: 17.60pt;\">\n<td class=\"et5\" style=\"height: 17.60pt;\" height=\"17\">Color<\/td>\n<td class=\"et3\">Blanco\/Negro<\/td>\n<\/tr>\n<tr style=\"height: 36.00pt;\">\n<td class=\"et3\" style=\"height: 36.00pt;\" height=\"36\">Dimensi\u00f3n<\/td>\n<td class=\"et4\" style=\"width: 189.25pt;\" width=\"189\">7.75 pulgadas:19.3*19.3*5.5<br \/>8,75 pulgadas:21,8*21,8*6<\/td>\n<\/tr>\n<tr style=\"height: 17.60pt;\">\n<td class=\"et3\" style=\"height: 17.60pt;\" height=\"17\">MOQ<\/td>\n<td class=\"et3\">500 unidades<\/td>\n<\/tr>\n<tr style=\"height: 17.60pt;\">\n<td class=\"et3\" style=\"height: 17.60pt;\" height=\"17\">A medida<\/td>\n<td class=\"et3\">Color\/Tama\u00f1o\/Logotipo\/Embalaje<\/td>\n<\/tr>\n<\/tbody>\n<\/table>","protected":false},"featured_media":3774,"comment_status":"closed","ping_status":"closed","template":"","meta":{"_acf_changed":false},"product_brand":[],"product_cat":[74,63,73],"product_tag":[96],"class_list":{"0":"post-3772","1":"product","2":"type-product","3":"status-publish","4":"has-post-thumbnail","6":"product_cat-bulk-serving-bowls","7":"product_cat-wholesale-bowls","8":"product_cat-bulk-soup-bowls","9":"product_tag-black-white-dinnerware-wholesale","11":"first","12":"instock","13":"shipping-taxable","14":"product-type-simple"},"acf":[],"_links":{"self":[{"href":"https:\/\/www.yongjianceramic.com\/es\/wp-json\/wp\/v2\/product\/3772","targetHints":{"allow":["GET"]}}],"collection":[{"href":"https:\/\/www.yongjianceramic.com\/es\/wp-json\/wp\/v2\/product"}],"about":[{"href":"https:\/\/www.yongjianceramic.com\/es\/wp-json\/wp\/v2\/types\/product"}],"replies":[{"embeddable":true,"href":"https:\/\/www.yongjianceramic.com\/es\/wp-json\/wp\/v2\/comments?post=3772"}],"wp:featuredmedia":[{"embeddable":true,"href":"https:\/\/www.yongjianceramic.com\/es\/wp-json\/wp\/v2\/media\/3774"}],"wp:attachment":[{"href":"https:\/\/www.yongjianceramic.com\/es\/wp-json\/wp\/v2\/media?parent=3772"}],"wp:term":[{"taxonomy":"product_brand","embeddable":true,"href":"https:\/\/www.yongjianceramic.com\/es\/wp-json\/wp\/v2\/product_brand?post=3772"},{"taxonomy":"product_cat","embeddable":true,"href":"https:\/\/www.yongjianceramic.com\/es\/wp-json\/wp\/v2\/product_cat?post=3772"},{"taxonomy":"product_tag","embeddable":true,"href":"https:\/\/www.yongjianceramic.com\/es\/wp-json\/wp\/v2\/product_tag?post=3772"}],"curies":[{"name":"wp","href":"https:\/\/api.w.org\/{rel}","templated":true}]}}