{"id":3783,"date":"2024-11-01T10:06:46","date_gmt":"2024-11-01T02:06:46","guid":{"rendered":"https:\/\/www.yongjianceramic.com\/?post_type=product&#038;p=3783"},"modified":"2024-11-01T10:30:54","modified_gmt":"2024-11-01T02:30:54","slug":"restaurant-soup-bowls-wholesale","status":"publish","type":"product","link":"https:\/\/www.yongjianceramic.com\/es\/producto\/restaurant-soup-bowls-wholesale\/","title":{"rendered":"Tazones para sopa de restaurante de 10 pulgadas al por mayor, Tazones para sopa de gumbo a granel"},"content":{"rendered":"<div class=\"wp-block-columns is-layout-flex wp-container-core-columns-is-layout-9d6595d7 wp-block-columns-is-layout-flex\">\n<div class=\"wp-block-column is-layout-flow wp-block-column-is-layout-flow\">\n<h2 class=\"wp-block-heading\">Premium restaurante sopa tazones por mayor Caracter\u00edsticas:<\/h2>\n\n\n\n<ul class=\"wp-block-list\">\n<li><strong>Duradero y resistente a las grietas: <\/strong>Nuestros cuencos soperos para restaurantes al por mayor est\u00e1n fabricados con material cer\u00e1mico grueso, que tiene una excelente resistencia al calor y a las grietas, adecuado para sopas calientes de larga duraci\u00f3n, guisos y otros alimentos a alta temperatura.<\/li>\n\n\n\n<li><strong>Tama\u00f1o cl\u00e1sico de cuenco grande:<\/strong> Estos cuencos para gumbo a granel est\u00e1n dise\u00f1ados con una gran capacidad de 10 pulgadas, que es muy adecuada para contener varias sopas, guisos y sopas especiales, proporcionando a los invitados suficientes opciones de comida.<\/li>\n\n\n\n<li><strong>Con dise\u00f1o de asa, para servir y comer c\u00f3modamente: <\/strong>Estos cuencos para sopa de restaurante al por mayor est\u00e1n dise\u00f1ados con c\u00f3modas asas laterales, lo que resulta pr\u00e1ctico para que los camareros sirvan los platos y los clientes los utilicen, y evita que los cuencos para sopa resbalen.<\/li>\n\n\n\n<li><strong>Selecci\u00f3n multicolor para realzar la belleza de la mesa<\/strong>: Ofrecemos opciones en blanco y negro para los cuencos de gumbo a granel, que se pueden combinar seg\u00fan el estilo tem\u00e1tico del restaurante para realzar la belleza general de la mesa y hacer que la disposici\u00f3n de la mesa del restaurante sea m\u00e1s diversa y atractiva.<\/li>\n<\/ul>\n<\/div>\n\n\n\n<div class=\"wp-block-column is-vertically-aligned-center is-layout-flow wp-block-column-is-layout-flow\"><div class=\"wp-block-image\">\n<figure class=\"aligncenter size-full\"><img fetchpriority=\"high\" decoding=\"async\" width=\"790\" height=\"790\" src=\"https:\/\/www.yongjianceramic.com\/wp-content\/uploads\/2024\/11\/Large-Restaurant-Soup-Bowls-Wholesale-Bulk-Gumbo-Bowls-3.webp\" alt=\"Tazones grandes para sopa de restaurante al por mayor, Tazones para sopa a granel-3\" class=\"wp-image-3786\" srcset=\"https:\/\/www.yongjianceramic.com\/wp-content\/uploads\/2024\/11\/Large-Restaurant-Soup-Bowls-Wholesale-Bulk-Gumbo-Bowls-3.webp 790w, https:\/\/www.yongjianceramic.com\/wp-content\/uploads\/2024\/11\/Large-Restaurant-Soup-Bowls-Wholesale-Bulk-Gumbo-Bowls-3-300x300.webp 300w, https:\/\/www.yongjianceramic.com\/wp-content\/uploads\/2024\/11\/Large-Restaurant-Soup-Bowls-Wholesale-Bulk-Gumbo-Bowls-3-150x150.webp 150w, https:\/\/www.yongjianceramic.com\/wp-content\/uploads\/2024\/11\/Large-Restaurant-Soup-Bowls-Wholesale-Bulk-Gumbo-Bowls-3-768x768.webp 768w, https:\/\/www.yongjianceramic.com\/wp-content\/uploads\/2024\/11\/Large-Restaurant-Soup-Bowls-Wholesale-Bulk-Gumbo-Bowls-3-12x12.webp 12w, https:\/\/www.yongjianceramic.com\/wp-content\/uploads\/2024\/11\/Large-Restaurant-Soup-Bowls-Wholesale-Bulk-Gumbo-Bowls-3-285x285.webp 285w, https:\/\/www.yongjianceramic.com\/wp-content\/uploads\/2024\/11\/Large-Restaurant-Soup-Bowls-Wholesale-Bulk-Gumbo-Bowls-3-270x270.webp 270w, https:\/\/www.yongjianceramic.com\/wp-content\/uploads\/2024\/11\/Large-Restaurant-Soup-Bowls-Wholesale-Bulk-Gumbo-Bowls-3-540x540.webp 540w, https:\/\/www.yongjianceramic.com\/wp-content\/uploads\/2024\/11\/Large-Restaurant-Soup-Bowls-Wholesale-Bulk-Gumbo-Bowls-3-660x660.webp 660w\" sizes=\"(max-width: 790px) 100vw, 790px\" \/><\/figure>\n<\/div><\/div>\n<\/div>\n\n\n\n<p><\/p>","protected":false},"excerpt":{"rendered":"<p>Bienvenido a comprar cuencos de sopa de restaurante al por mayor. Nuestros tazones de sopa a granel de 10 pulgadas est\u00e1n hechos de cer\u00e1mica duradera y tienen un dise\u00f1o de mango, que es adecuado para una variedad de ocasiones de comedor como sopa caliente y sopa espesa. Disponible en dos colores, es una vajilla de alta calidad para banquetes de restaurantes y hoteles.<\/p>\n<table style=\"border-collapse: collapse; width: 309.02pt;\" border=\"0\" width=\"309\" cellspacing=\"0\" cellpadding=\"0\">\n<tbody>\n<tr style=\"height: 17.60pt;\">\n<td class=\"et3\" style=\"height: 17.60pt; width: 120.25pt;\" width=\"120\" height=\"17\">Fabricante<\/td>\n<td class=\"et3\" style=\"width: 189.25pt;\" width=\"189\">Yongjian<\/td>\n<\/tr>\n<tr style=\"height: 18.00pt;\">\n<td class=\"et3\" style=\"height: 18.00pt;\" height=\"18\">N\u00ba de modelo<\/td>\n<td class=\"et4\" style=\"width: 189.25pt;\" width=\"189\">YJ-086<\/td>\n<\/tr>\n<tr style=\"height: 17.60pt;\">\n<td class=\"et3\" style=\"height: 17.60pt;\" height=\"17\">Tipo de producto<\/td>\n<td class=\"et3\">Cuencos con asa, fuentes y ensaladeras<\/td>\n<\/tr>\n<tr style=\"height: 17.60pt;\">\n<td class=\"et3\" style=\"height: 17.60pt;\" height=\"17\">Material<\/td>\n<td class=\"et3\">Porcelana<\/td>\n<\/tr>\n<tr style=\"height: 17.60pt;\">\n<td class=\"et5\" style=\"height: 17.60pt;\" height=\"17\">Color<\/td>\n<td class=\"et3\">Blanco\/Negro<\/td>\n<\/tr>\n<tr style=\"height: 18.00pt;\">\n<td class=\"et3\" style=\"height: 18.00pt;\" height=\"18\">Dimensi\u00f3n<\/td>\n<td class=\"et4\" style=\"width: 189.25pt;\" width=\"189\">21.5*25.5*5.5<\/td>\n<\/tr>\n<tr style=\"height: 17.60pt;\">\n<td class=\"et3\" style=\"height: 17.60pt;\" height=\"17\">MOQ<\/td>\n<td class=\"et3\">500 unidades<\/td>\n<\/tr>\n<tr style=\"height: 17.60pt;\">\n<td class=\"et3\" style=\"height: 17.60pt;\" height=\"17\">A medida<\/td>\n<td class=\"et3\">Color\/Tama\u00f1o\/Logotipo\/Embalaje<\/td>\n<\/tr>\n<\/tbody>\n<\/table>","protected":false},"featured_media":3787,"comment_status":"closed","ping_status":"closed","template":"","meta":{"_acf_changed":false},"product_brand":[],"product_cat":[63,75,74],"product_tag":[96],"class_list":{"0":"post-3783","1":"product","2":"type-product","3":"status-publish","4":"has-post-thumbnail","6":"product_cat-wholesale-bowls","7":"product_cat-handled-bowls-wholesale","8":"product_cat-bulk-serving-bowls","9":"product_tag-black-white-dinnerware-wholesale","11":"first","12":"instock","13":"shipping-taxable","14":"product-type-simple"},"acf":[],"_links":{"self":[{"href":"https:\/\/www.yongjianceramic.com\/es\/wp-json\/wp\/v2\/product\/3783","targetHints":{"allow":["GET"]}}],"collection":[{"href":"https:\/\/www.yongjianceramic.com\/es\/wp-json\/wp\/v2\/product"}],"about":[{"href":"https:\/\/www.yongjianceramic.com\/es\/wp-json\/wp\/v2\/types\/product"}],"replies":[{"embeddable":true,"href":"https:\/\/www.yongjianceramic.com\/es\/wp-json\/wp\/v2\/comments?post=3783"}],"wp:featuredmedia":[{"embeddable":true,"href":"https:\/\/www.yongjianceramic.com\/es\/wp-json\/wp\/v2\/media\/3787"}],"wp:attachment":[{"href":"https:\/\/www.yongjianceramic.com\/es\/wp-json\/wp\/v2\/media?parent=3783"}],"wp:term":[{"taxonomy":"product_brand","embeddable":true,"href":"https:\/\/www.yongjianceramic.com\/es\/wp-json\/wp\/v2\/product_brand?post=3783"},{"taxonomy":"product_cat","embeddable":true,"href":"https:\/\/www.yongjianceramic.com\/es\/wp-json\/wp\/v2\/product_cat?post=3783"},{"taxonomy":"product_tag","embeddable":true,"href":"https:\/\/www.yongjianceramic.com\/es\/wp-json\/wp\/v2\/product_tag?post=3783"}],"curies":[{"name":"wp","href":"https:\/\/api.w.org\/{rel}","templated":true}]}}