{"id":3791,"date":"2024-11-01T10:26:12","date_gmt":"2024-11-01T02:26:12","guid":{"rendered":"https:\/\/www.yongjianceramic.com\/?post_type=product&#038;p=3791"},"modified":"2024-11-01T10:44:34","modified_gmt":"2024-11-01T02:44:34","slug":"wholesale-soup-bowls","status":"publish","type":"product","link":"https:\/\/www.yongjianceramic.com\/es\/producto\/wholesale-soup-bowls\/","title":{"rendered":"Tazones para sopa al por mayor para catering, Tazones a granel para estofado Gumbo"},"content":{"rendered":"<div class=\"wp-block-columns is-layout-flex wp-container-core-columns-is-layout-9d6595d7 wp-block-columns-is-layout-flex\">\n<div class=\"wp-block-column is-layout-flow wp-block-column-is-layout-flow\">\n<h2 class=\"wp-block-heading\">Tazones de sopa de primera calidad al por mayor Caracter\u00edsticas:<\/h2>\n\n\n\n<ul class=\"wp-block-list\">\n<li><strong>Resistente al calor y a las grietas: <\/strong>Nuestros cuencos soperos al por mayor est\u00e1n fabricados con materiales cer\u00e1micos de alta calidad, resistentes al calor y a las grietas. Son seguros y duraderos incluso cuando se utilizan para alimentos a altas temperaturas, como guisos y sopas, y ofrecen una excelente vida \u00fatil para entornos de catering de alta frecuencia.<\/li>\n\n\n\n<li><strong>Adecuado para una gran variedad de necesidades de catering: <\/strong>Estos cuencos para gumbo a granel est\u00e1n disponibles en dos opciones de gran capacidad de 10 y 12 pulgadas, muy adecuadas para grandes porciones de sopas, guisos o sopas especiales. Los m\u00faltiples tama\u00f1os satisfacen las necesidades de diferentes ocasiones de comer.<\/li>\n\n\n\n<li><strong>Con dise\u00f1o de asa: <\/strong>Estos cuencos soperos al por mayor est\u00e1n equipados con asas estables, que resultan c\u00f3modas para que los camareros sirvan los platos y los clientes los cojan, lo que no s\u00f3lo garantiza la seguridad, sino que tambi\u00e9n mejora la eficiencia del catering, permitiendo a los clientes disfrutar de la comodidad de comer y haciendo que el restaurante sea m\u00e1s eficiente.<\/li>\n\n\n\n<li><strong>Blanco y negro, cl\u00e1sico y vers\u00e1til: <\/strong>Nuestros cuencos para gumbo a granel est\u00e1n disponibles en dos colores cl\u00e1sicos, blanco y negro, que pueden adaptarse a diversos estilos y ocasiones de restauraci\u00f3n. Son discretos y elegantes, resaltan el color de los platos y realzan la belleza visual general de la mesa.<\/li>\n<\/ul>\n<\/div>\n\n\n\n<div class=\"wp-block-column is-vertically-aligned-center is-layout-flow wp-block-column-is-layout-flow\"><div class=\"wp-block-image\">\n<figure class=\"aligncenter size-full\"><img fetchpriority=\"high\" decoding=\"async\" width=\"694\" height=\"694\" src=\"https:\/\/www.yongjianceramic.com\/wp-content\/uploads\/2024\/11\/Catering-Wholesale-Soup-Bowls-Bulk-Gumbo-Bowls-For-Stew-1.webp\" alt=\"Tazones de sopa para catering al por mayor, Tazones de sopa a granel para estofado-1\" class=\"wp-image-3792\" srcset=\"https:\/\/www.yongjianceramic.com\/wp-content\/uploads\/2024\/11\/Catering-Wholesale-Soup-Bowls-Bulk-Gumbo-Bowls-For-Stew-1.webp 694w, https:\/\/www.yongjianceramic.com\/wp-content\/uploads\/2024\/11\/Catering-Wholesale-Soup-Bowls-Bulk-Gumbo-Bowls-For-Stew-1-300x300.webp 300w, https:\/\/www.yongjianceramic.com\/wp-content\/uploads\/2024\/11\/Catering-Wholesale-Soup-Bowls-Bulk-Gumbo-Bowls-For-Stew-1-150x150.webp 150w, https:\/\/www.yongjianceramic.com\/wp-content\/uploads\/2024\/11\/Catering-Wholesale-Soup-Bowls-Bulk-Gumbo-Bowls-For-Stew-1-12x12.webp 12w, https:\/\/www.yongjianceramic.com\/wp-content\/uploads\/2024\/11\/Catering-Wholesale-Soup-Bowls-Bulk-Gumbo-Bowls-For-Stew-1-285x285.webp 285w, https:\/\/www.yongjianceramic.com\/wp-content\/uploads\/2024\/11\/Catering-Wholesale-Soup-Bowls-Bulk-Gumbo-Bowls-For-Stew-1-270x270.webp 270w, https:\/\/www.yongjianceramic.com\/wp-content\/uploads\/2024\/11\/Catering-Wholesale-Soup-Bowls-Bulk-Gumbo-Bowls-For-Stew-1-540x540.webp 540w, https:\/\/www.yongjianceramic.com\/wp-content\/uploads\/2024\/11\/Catering-Wholesale-Soup-Bowls-Bulk-Gumbo-Bowls-For-Stew-1-660x660.webp 660w\" sizes=\"(max-width: 694px) 100vw, 694px\" \/><\/figure>\n<\/div><\/div>\n<\/div>\n\n\n\n<p><\/p>","protected":false},"excerpt":{"rendered":"<p>Bienvenido a la compra al por mayor de cuencos soperos para restaurantes. Estos cuencos soperos al por mayor de gran capacidad son adecuados para platos grandes como guisos y sopas. El dise\u00f1o del asa facilita el servicio de los platos. La cl\u00e1sica combinaci\u00f3n de colores blanco y negro es adecuada para todo tipo de necesidades de catering, como restaurantes y banquetes.<\/p>\n<table style=\"border-collapse: collapse; width: 309.02pt;\" border=\"0\" width=\"309\" cellspacing=\"0\" cellpadding=\"0\">\n<tbody>\n<tr style=\"height: 17.60pt;\">\n<td class=\"et3\" style=\"height: 17.60pt; width: 120.25pt;\" width=\"120\" height=\"17\">Fabricante<\/td>\n<td class=\"et3\" style=\"width: 189.25pt;\" width=\"189\">Yongjian<\/td>\n<\/tr>\n<tr style=\"height: 18.00pt;\">\n<td class=\"et3\" style=\"height: 18.00pt;\" height=\"18\">N\u00ba de modelo<\/td>\n<td class=\"et4\" style=\"width: 189.25pt;\" width=\"189\">YJ-087\/YJ-088<\/td>\n<\/tr>\n<tr style=\"height: 17.60pt;\">\n<td class=\"et3\" style=\"height: 17.60pt;\" height=\"17\">Tipo de producto<\/td>\n<td class=\"et3\">Cuencos con asa, fuentes y ensaladeras<\/td>\n<\/tr>\n<tr style=\"height: 17.60pt;\">\n<td class=\"et3\" style=\"height: 17.60pt;\" height=\"17\">Material<\/td>\n<td class=\"et3\">Porcelana<\/td>\n<\/tr>\n<tr style=\"height: 17.60pt;\">\n<td class=\"et5\" style=\"height: 17.60pt;\" height=\"17\">Color<\/td>\n<td class=\"et3\">Blanco\/Negro<\/td>\n<\/tr>\n<tr style=\"height: 36.00pt;\">\n<td class=\"et3\" style=\"height: 36.00pt;\" height=\"36\">Dimensi\u00f3n<\/td>\n<td class=\"et4\" style=\"width: 189.25pt;\" width=\"189\">10 pulgadas:21*24.7*6.5<br \/>12 pulgadas:25.5*30*6.8<\/td>\n<\/tr>\n<tr style=\"height: 17.60pt;\">\n<td class=\"et3\" style=\"height: 17.60pt;\" height=\"17\">MOQ<\/td>\n<td class=\"et3\">500 unidades<\/td>\n<\/tr>\n<tr style=\"height: 17.60pt;\">\n<td class=\"et3\" style=\"height: 17.60pt;\" height=\"17\">A medida<\/td>\n<td class=\"et3\">Color\/Tama\u00f1o\/Logotipo\/Embalaje<\/td>\n<\/tr>\n<\/tbody>\n<\/table>","protected":false},"featured_media":3794,"comment_status":"closed","ping_status":"closed","template":"","meta":{"_acf_changed":false},"product_brand":[],"product_cat":[63,75,74],"product_tag":[96],"class_list":{"0":"post-3791","1":"product","2":"type-product","3":"status-publish","4":"has-post-thumbnail","6":"product_cat-wholesale-bowls","7":"product_cat-handled-bowls-wholesale","8":"product_cat-bulk-serving-bowls","9":"product_tag-black-white-dinnerware-wholesale","11":"first","12":"instock","13":"shipping-taxable","14":"product-type-simple"},"acf":[],"_links":{"self":[{"href":"https:\/\/www.yongjianceramic.com\/es\/wp-json\/wp\/v2\/product\/3791","targetHints":{"allow":["GET"]}}],"collection":[{"href":"https:\/\/www.yongjianceramic.com\/es\/wp-json\/wp\/v2\/product"}],"about":[{"href":"https:\/\/www.yongjianceramic.com\/es\/wp-json\/wp\/v2\/types\/product"}],"replies":[{"embeddable":true,"href":"https:\/\/www.yongjianceramic.com\/es\/wp-json\/wp\/v2\/comments?post=3791"}],"wp:featuredmedia":[{"embeddable":true,"href":"https:\/\/www.yongjianceramic.com\/es\/wp-json\/wp\/v2\/media\/3794"}],"wp:attachment":[{"href":"https:\/\/www.yongjianceramic.com\/es\/wp-json\/wp\/v2\/media?parent=3791"}],"wp:term":[{"taxonomy":"product_brand","embeddable":true,"href":"https:\/\/www.yongjianceramic.com\/es\/wp-json\/wp\/v2\/product_brand?post=3791"},{"taxonomy":"product_cat","embeddable":true,"href":"https:\/\/www.yongjianceramic.com\/es\/wp-json\/wp\/v2\/product_cat?post=3791"},{"taxonomy":"product_tag","embeddable":true,"href":"https:\/\/www.yongjianceramic.com\/es\/wp-json\/wp\/v2\/product_tag?post=3791"}],"curies":[{"name":"wp","href":"https:\/\/api.w.org\/{rel}","templated":true}]}}