{"id":3808,"date":"2024-11-01T11:05:06","date_gmt":"2024-11-01T03:05:06","guid":{"rendered":"https:\/\/www.yongjianceramic.com\/?post_type=product&#038;p=3808"},"modified":"2024-11-01T11:14:52","modified_gmt":"2024-11-01T03:14:52","slug":"bulk-soup-bowls","status":"publish","type":"product","link":"https:\/\/www.yongjianceramic.com\/es\/producto\/bulk-soup-bowls\/","title":{"rendered":"Tazones de sopa a granel con asas, Tazones de ramen personalizados para catering"},"content":{"rendered":"<div class=\"wp-block-columns is-layout-flex wp-container-core-columns-is-layout-9d6595d7 wp-block-columns-is-layout-flex\">\n<div class=\"wp-block-column is-layout-flow wp-block-column-is-layout-flow\">\n<h2 class=\"wp-block-heading\">Tazones de sopa a granel Premium Caracter\u00edsticas:<\/h2>\n\n\n\n<ul class=\"wp-block-list\">\n<li><strong>Dise\u00f1o \u00fanico en forma de calabaza: <\/strong>Nuestros cuencos para sopa a granel est\u00e1n dise\u00f1ados con una singular forma de calabaza. Son redondos, divertidos y art\u00edsticos, y aportan un atractivo visual a la mesa. Son el punto culminante de restaurantes y banquetes, y pueden mejorar significativamente la experiencia gastron\u00f3mica y la imagen de marca. .<\/li>\n\n\n\n<li><strong>M\u00faltiples opciones de tama\u00f1o para satisfacer una gran variedad de necesidades de catering: <\/strong>Ofrecemos estos cuencos de ramen personalizados en tres tama\u00f1os: 7 pulgadas, 8,8 pulgadas y 9,5 pulgadas, adecuados para una gran variedad de platos, desde sopas peque\u00f1as hasta ramen grandes, guisos y mucho m\u00e1s. Las combinaciones de tama\u00f1os flexibles pueden utilizarse ampliamente en diversos escenarios de catering.<\/li>\n\n\n\n<li><strong>Dise\u00f1ado con asas, conveniente para servir y usar: <\/strong>Estos cuencos para sopa a granel tienen asas laterales, que resultan c\u00f3modas para servir y transportar a los clientes. Aunque est\u00e9n llenos de sopa caliente, no resbalan f\u00e1cilmente, lo que garantiza la seguridad y comodidad de camareros y clientes al servir, y mejora la eficiencia del servicio y la experiencia gastron\u00f3mica.<\/li>\n\n\n\n<li><strong>Color blanco y negro cl\u00e1sico a juego, adecuado para varios estilos de restaurante:<\/strong> Estos cuencos de ramen personalizados ofrecen las opciones cl\u00e1sicas de color blanco y negro, discretas y elegantes, adecuadas para varios estilos de disposici\u00f3n de la mesa, el negro es tranquilo y atmosf\u00e9rico, el blanco es fresco y sencillo, no s\u00f3lo realza el color de los platos, sino que tambi\u00e9n aporta un toque de estilo al entorno del restaurante.<\/li>\n<\/ul>\n<\/div>\n\n\n\n<div class=\"wp-block-column is-vertically-aligned-center is-layout-flow wp-block-column-is-layout-flow\"><div class=\"wp-block-image\">\n<figure class=\"aligncenter size-full\"><img fetchpriority=\"high\" decoding=\"async\" width=\"750\" height=\"750\" src=\"https:\/\/www.yongjianceramic.com\/wp-content\/uploads\/2024\/11\/Bulk-Soup-Bowls-With-Handles-Catering-Custom-Ramen-Bowls-2.webp\" alt=\"Tazones para sopa a granel con asas, Tazones para ramen personalizados para catering-2\" class=\"wp-image-3810\" srcset=\"https:\/\/www.yongjianceramic.com\/wp-content\/uploads\/2024\/11\/Bulk-Soup-Bowls-With-Handles-Catering-Custom-Ramen-Bowls-2.webp 750w, https:\/\/www.yongjianceramic.com\/wp-content\/uploads\/2024\/11\/Bulk-Soup-Bowls-With-Handles-Catering-Custom-Ramen-Bowls-2-300x300.webp 300w, https:\/\/www.yongjianceramic.com\/wp-content\/uploads\/2024\/11\/Bulk-Soup-Bowls-With-Handles-Catering-Custom-Ramen-Bowls-2-150x150.webp 150w, https:\/\/www.yongjianceramic.com\/wp-content\/uploads\/2024\/11\/Bulk-Soup-Bowls-With-Handles-Catering-Custom-Ramen-Bowls-2-12x12.webp 12w, https:\/\/www.yongjianceramic.com\/wp-content\/uploads\/2024\/11\/Bulk-Soup-Bowls-With-Handles-Catering-Custom-Ramen-Bowls-2-285x285.webp 285w, https:\/\/www.yongjianceramic.com\/wp-content\/uploads\/2024\/11\/Bulk-Soup-Bowls-With-Handles-Catering-Custom-Ramen-Bowls-2-270x270.webp 270w, https:\/\/www.yongjianceramic.com\/wp-content\/uploads\/2024\/11\/Bulk-Soup-Bowls-With-Handles-Catering-Custom-Ramen-Bowls-2-540x540.webp 540w, https:\/\/www.yongjianceramic.com\/wp-content\/uploads\/2024\/11\/Bulk-Soup-Bowls-With-Handles-Catering-Custom-Ramen-Bowls-2-660x660.webp 660w\" sizes=\"(max-width: 750px) 100vw, 750px\" \/><\/figure>\n<\/div><\/div>\n<\/div>\n\n\n\n<p><\/p>","protected":false},"excerpt":{"rendered":"<p>Bienvenido a los cuencos de ramen personalizados para restaurante. Estos cuencos para sopa a granel con asa y forma de calabaza est\u00e1n disponibles en tama\u00f1os de 7, 8,8 y 9,5 pulgadas, con un dise\u00f1o cl\u00e1sico en blanco y negro. La forma \u00fanica y el pr\u00e1ctico asa se combinan a la perfecci\u00f3n, son adecuados para diversas sopas y guisos, y resultan ideales para realzar la belleza de la mesa y la experiencia gastron\u00f3mica.<\/p>\n<table style=\"border-collapse: collapse; width: 309.02pt;\" border=\"0\" width=\"309\" cellspacing=\"0\" cellpadding=\"0\">\n<tbody>\n<tr style=\"height: 17.60pt;\">\n<td class=\"et3\" style=\"height: 17.60pt; width: 120.25pt;\" width=\"120\" height=\"17\">Fabricante<\/td>\n<td class=\"et3\" style=\"width: 189.25pt;\" width=\"189\">Yongjian<\/td>\n<\/tr>\n<tr style=\"height: 18.00pt;\">\n<td class=\"et3\" style=\"height: 18.00pt;\" height=\"18\">N\u00ba de modelo<\/td>\n<td class=\"et4\" style=\"width: 189.25pt;\" width=\"189\">YJ-090\/YJ-091\/YJ-092<\/td>\n<\/tr>\n<tr style=\"height: 17.60pt;\">\n<td class=\"et3\" style=\"height: 17.60pt;\" height=\"17\">Tipo de producto<\/td>\n<td class=\"et3\">Cuencos con asa, cuencos para sopa y ramen<\/td>\n<\/tr>\n<tr style=\"height: 17.60pt;\">\n<td class=\"et3\" style=\"height: 17.60pt;\" height=\"17\">Material<\/td>\n<td class=\"et3\">Porcelana<\/td>\n<\/tr>\n<tr style=\"height: 17.60pt;\">\n<td class=\"et5\" style=\"height: 17.60pt;\" height=\"17\">Color<\/td>\n<td class=\"et3\">Blanco\/Negro<\/td>\n<\/tr>\n<tr style=\"height: 53.00pt;\">\n<td class=\"et3\" style=\"height: 53.00pt;\" height=\"53\">Dimensi\u00f3n<\/td>\n<td class=\"et4\" style=\"width: 189.25pt;\" width=\"189\">7 pulgadas:18*14.7*7.4<br \/>8.8 pulgadas:22.5*18.5*8.0<br \/>9,5 pulgadas:24,5*19,7*9,2<\/td>\n<\/tr>\n<tr style=\"height: 17.60pt;\">\n<td class=\"et3\" style=\"height: 17.60pt;\" height=\"17\">MOQ<\/td>\n<td class=\"et3\">500 unidades<\/td>\n<\/tr>\n<tr style=\"height: 17.60pt;\">\n<td class=\"et3\" style=\"height: 17.60pt;\" height=\"17\">A medida<\/td>\n<td class=\"et3\">Color\/Tama\u00f1o\/Logotipo\/Embalaje<\/td>\n<\/tr>\n<\/tbody>\n<\/table>","protected":false},"featured_media":3809,"comment_status":"closed","ping_status":"closed","template":"","meta":{"_acf_changed":false},"product_brand":[],"product_cat":[63,75,73],"product_tag":[96],"class_list":{"0":"post-3808","1":"product","2":"type-product","3":"status-publish","4":"has-post-thumbnail","6":"product_cat-wholesale-bowls","7":"product_cat-handled-bowls-wholesale","8":"product_cat-bulk-soup-bowls","9":"product_tag-black-white-dinnerware-wholesale","11":"first","12":"instock","13":"shipping-taxable","14":"product-type-simple"},"acf":[],"_links":{"self":[{"href":"https:\/\/www.yongjianceramic.com\/es\/wp-json\/wp\/v2\/product\/3808","targetHints":{"allow":["GET"]}}],"collection":[{"href":"https:\/\/www.yongjianceramic.com\/es\/wp-json\/wp\/v2\/product"}],"about":[{"href":"https:\/\/www.yongjianceramic.com\/es\/wp-json\/wp\/v2\/types\/product"}],"replies":[{"embeddable":true,"href":"https:\/\/www.yongjianceramic.com\/es\/wp-json\/wp\/v2\/comments?post=3808"}],"wp:featuredmedia":[{"embeddable":true,"href":"https:\/\/www.yongjianceramic.com\/es\/wp-json\/wp\/v2\/media\/3809"}],"wp:attachment":[{"href":"https:\/\/www.yongjianceramic.com\/es\/wp-json\/wp\/v2\/media?parent=3808"}],"wp:term":[{"taxonomy":"product_brand","embeddable":true,"href":"https:\/\/www.yongjianceramic.com\/es\/wp-json\/wp\/v2\/product_brand?post=3808"},{"taxonomy":"product_cat","embeddable":true,"href":"https:\/\/www.yongjianceramic.com\/es\/wp-json\/wp\/v2\/product_cat?post=3808"},{"taxonomy":"product_tag","embeddable":true,"href":"https:\/\/www.yongjianceramic.com\/es\/wp-json\/wp\/v2\/product_tag?post=3808"}],"curies":[{"name":"wp","href":"https:\/\/api.w.org\/{rel}","templated":true}]}}