{"id":3815,"date":"2024-11-01T11:16:33","date_gmt":"2024-11-01T03:16:33","guid":{"rendered":"https:\/\/www.yongjianceramic.com\/?post_type=product&#038;p=3815"},"modified":"2024-11-01T11:34:44","modified_gmt":"2024-11-01T03:34:44","slug":"wholesale-serving-bowls","status":"publish","type":"product","link":"https:\/\/www.yongjianceramic.com\/es\/producto\/wholesale-serving-bowls\/","title":{"rendered":"Mayorista Tazones Con Asas, Tazones de Cer\u00e1mica a Granel"},"content":{"rendered":"<div class=\"wp-block-columns is-layout-flex wp-container-core-columns-is-layout-9d6595d7 wp-block-columns-is-layout-flex\">\n<div class=\"wp-block-column is-layout-flow wp-block-column-is-layout-flow\">\n<h2 class=\"wp-block-heading\">Premium Wholesale Serving Bowls Caracter\u00edsticas:<\/h2>\n\n\n\n<ul class=\"wp-block-list\">\n<li><strong>Duradero y resistente a los ara\u00f1azos: <\/strong>Nuestros cuencos para servir al por mayor est\u00e1n fabricados en cer\u00e1mica de alta calidad con una excelente resistencia al calor y a los ara\u00f1azos. Pueden soportar necesidades de servicio frecuentes y garantizan que permanezcan tan brillantes y limpios como nuevos tras un uso prolongado. Son utensilios ideales para restaurantes y banquetes.<\/li>\n\n\n\n<li><strong>Disponible en varias tallas: <\/strong>Estos cuencos de cer\u00e1mica a granel est\u00e1n disponibles en dos tama\u00f1os, 6,5 pulgadas y 8,5 pulgadas, adecuados para servir desde peque\u00f1as guarniciones hasta platos principales, satisfaciendo las diferentes necesidades de diversos escenarios gastron\u00f3micos. El dise\u00f1o de tama\u00f1o apropiado puede adaptarse con flexibilidad a las diversas necesidades de comedor de reuniones familiares, restaurantes y banquetes.<\/li>\n\n\n\n<li><strong>Dise\u00f1o del asa: <\/strong>El dise\u00f1o del asa hace que estos cuencos de servir al por mayor sean m\u00e1s f\u00e1ciles de servir para los camareros y de coger para los clientes. Incluso si est\u00e1n llenos de sopa caliente, pueden garantizar la seguridad y no son f\u00e1ciles de resbalar, lo que mejora la seguridad y la eficiencia de los servicios de catering y aporta a los clientes una experiencia gastron\u00f3mica m\u00e1s c\u00f3moda.<\/li>\n\n\n\n<li><strong>Estilos de restaurante vers\u00e1tiles: <\/strong>Nuestros cuencos de cer\u00e1mica a granel est\u00e1n disponibles en dos colores cl\u00e1sicos, blanco y negro, que son elegantes y sencillos y pueden integrarse perfectamente en ambientes de mesa modernos y tradicionales. El negro es elegante y el blanco es fresco y vers\u00e1til, adecuado para diferentes temas de restaurantes y realza el ambiente general del comedor.<\/li>\n<\/ul>\n<\/div>\n\n\n\n<div class=\"wp-block-column is-vertically-aligned-center is-layout-flow wp-block-column-is-layout-flow\"><div class=\"wp-block-image\">\n<figure class=\"aligncenter size-full\"><img fetchpriority=\"high\" decoding=\"async\" width=\"750\" height=\"750\" src=\"https:\/\/www.yongjianceramic.com\/wp-content\/uploads\/2024\/11\/Wholesale-Serving-Bowls-With-Handles-Bulk-Ceramic-Bowls-7.webp\" alt=\"Mayorista Tazones Con Asas, Tazones De Cer\u00e1mica A Granel-7\" class=\"wp-image-3822\" srcset=\"https:\/\/www.yongjianceramic.com\/wp-content\/uploads\/2024\/11\/Wholesale-Serving-Bowls-With-Handles-Bulk-Ceramic-Bowls-7.webp 750w, https:\/\/www.yongjianceramic.com\/wp-content\/uploads\/2024\/11\/Wholesale-Serving-Bowls-With-Handles-Bulk-Ceramic-Bowls-7-300x300.webp 300w, https:\/\/www.yongjianceramic.com\/wp-content\/uploads\/2024\/11\/Wholesale-Serving-Bowls-With-Handles-Bulk-Ceramic-Bowls-7-150x150.webp 150w, https:\/\/www.yongjianceramic.com\/wp-content\/uploads\/2024\/11\/Wholesale-Serving-Bowls-With-Handles-Bulk-Ceramic-Bowls-7-12x12.webp 12w, https:\/\/www.yongjianceramic.com\/wp-content\/uploads\/2024\/11\/Wholesale-Serving-Bowls-With-Handles-Bulk-Ceramic-Bowls-7-285x285.webp 285w, https:\/\/www.yongjianceramic.com\/wp-content\/uploads\/2024\/11\/Wholesale-Serving-Bowls-With-Handles-Bulk-Ceramic-Bowls-7-270x270.webp 270w, https:\/\/www.yongjianceramic.com\/wp-content\/uploads\/2024\/11\/Wholesale-Serving-Bowls-With-Handles-Bulk-Ceramic-Bowls-7-540x540.webp 540w, https:\/\/www.yongjianceramic.com\/wp-content\/uploads\/2024\/11\/Wholesale-Serving-Bowls-With-Handles-Bulk-Ceramic-Bowls-7-660x660.webp 660w\" sizes=\"(max-width: 750px) 100vw, 750px\" \/><\/figure>\n<\/div><\/div>\n<\/div>\n\n\n\n<p><\/p>","protected":false},"excerpt":{"rendered":"<p>Bienvenido a comprar cuencos de cer\u00e1mica al por mayor. Nuestros cuencos para servir al por mayor est\u00e1n disponibles en 6,5 y 8,5 pulgadas, y est\u00e1n disponibles en los cl\u00e1sicos colores blanco y negro. Adecuados para todo tipo de sopas y platos principales. El material cer\u00e1mico de alta calidad y el dise\u00f1o humanizado del asa son a la vez bonitos y pr\u00e1cticos, por lo que son una buena elecci\u00f3n para restaurantes y banquetes.<\/p>\n<table style=\"border-collapse: collapse; width: 309.02pt;\" border=\"0\" width=\"309\" cellspacing=\"0\" cellpadding=\"0\">\n<tbody>\n<tr style=\"height: 17.60pt;\">\n<td class=\"et3\" style=\"height: 17.60pt; width: 120.25pt;\" width=\"120\" height=\"17\">Fabricante<\/td>\n<td class=\"et3\" style=\"width: 189.25pt;\" width=\"189\">Yongjian<\/td>\n<\/tr>\n<tr style=\"height: 18.00pt;\">\n<td class=\"et3\" style=\"height: 18.00pt;\" height=\"18\">N\u00ba de modelo<\/td>\n<td class=\"et4\" style=\"width: 189.25pt;\" width=\"189\">YJ-093\/YJ-094<\/td>\n<\/tr>\n<tr style=\"height: 17.60pt;\">\n<td class=\"et3\" style=\"height: 17.60pt;\" height=\"17\">Tipo de producto<\/td>\n<td class=\"et3\">Cuencos con asa, fuentes y ensaladeras<\/td>\n<\/tr>\n<tr style=\"height: 17.60pt;\">\n<td class=\"et3\" style=\"height: 17.60pt;\" height=\"17\">Material<\/td>\n<td class=\"et3\">Porcelana<\/td>\n<\/tr>\n<tr style=\"height: 17.60pt;\">\n<td class=\"et5\" style=\"height: 17.60pt;\" height=\"17\">Color<\/td>\n<td class=\"et3\">Blanco\/Negro<\/td>\n<\/tr>\n<tr style=\"height: 36.00pt;\">\n<td class=\"et3\" style=\"height: 36.00pt;\" height=\"36\">Dimensi\u00f3n<\/td>\n<td class=\"et4\" style=\"width: 189.25pt;\" width=\"189\">6,5 pulgadas:17*17*8<br \/>12 pulgadas:23*23*8.5<\/td>\n<\/tr>\n<tr style=\"height: 17.60pt;\">\n<td class=\"et3\" style=\"height: 17.60pt;\" height=\"17\">MOQ<\/td>\n<td class=\"et3\">500 unidades<\/td>\n<\/tr>\n<tr style=\"height: 17.60pt;\">\n<td class=\"et3\" style=\"height: 17.60pt;\" height=\"17\">A medida<\/td>\n<td class=\"et3\">Color\/Tama\u00f1o\/Logotipo\/Embalaje<\/td>\n<\/tr>\n<\/tbody>\n<\/table>","protected":false},"featured_media":3824,"comment_status":"closed","ping_status":"closed","template":"","meta":{"_acf_changed":false},"product_brand":[],"product_cat":[63,75,74],"product_tag":[96],"class_list":{"0":"post-3815","1":"product","2":"type-product","3":"status-publish","4":"has-post-thumbnail","6":"product_cat-wholesale-bowls","7":"product_cat-handled-bowls-wholesale","8":"product_cat-bulk-serving-bowls","9":"product_tag-black-white-dinnerware-wholesale","11":"first","12":"instock","13":"shipping-taxable","14":"product-type-simple"},"acf":[],"_links":{"self":[{"href":"https:\/\/www.yongjianceramic.com\/es\/wp-json\/wp\/v2\/product\/3815","targetHints":{"allow":["GET"]}}],"collection":[{"href":"https:\/\/www.yongjianceramic.com\/es\/wp-json\/wp\/v2\/product"}],"about":[{"href":"https:\/\/www.yongjianceramic.com\/es\/wp-json\/wp\/v2\/types\/product"}],"replies":[{"embeddable":true,"href":"https:\/\/www.yongjianceramic.com\/es\/wp-json\/wp\/v2\/comments?post=3815"}],"wp:featuredmedia":[{"embeddable":true,"href":"https:\/\/www.yongjianceramic.com\/es\/wp-json\/wp\/v2\/media\/3824"}],"wp:attachment":[{"href":"https:\/\/www.yongjianceramic.com\/es\/wp-json\/wp\/v2\/media?parent=3815"}],"wp:term":[{"taxonomy":"product_brand","embeddable":true,"href":"https:\/\/www.yongjianceramic.com\/es\/wp-json\/wp\/v2\/product_brand?post=3815"},{"taxonomy":"product_cat","embeddable":true,"href":"https:\/\/www.yongjianceramic.com\/es\/wp-json\/wp\/v2\/product_cat?post=3815"},{"taxonomy":"product_tag","embeddable":true,"href":"https:\/\/www.yongjianceramic.com\/es\/wp-json\/wp\/v2\/product_tag?post=3815"}],"curies":[{"name":"wp","href":"https:\/\/api.w.org\/{rel}","templated":true}]}}