{"id":3864,"date":"2024-12-04T11:19:35","date_gmt":"2024-12-04T03:19:35","guid":{"rendered":"https:\/\/www.yongjianceramic.com\/?post_type=product&#038;p=3864"},"modified":"2024-12-04T11:33:40","modified_gmt":"2024-12-04T03:33:40","slug":"wholesale-ceramic-bowls","status":"publish","type":"product","link":"https:\/\/www.yongjianceramic.com\/es\/producto\/wholesale-ceramic-bowls\/","title":{"rendered":"12-Inch Wholesale Ceramic Bowls With Handles, Bulk Serving Bowls For Stews"},"content":{"rendered":"<div class=\"wp-block-columns is-layout-flex wp-container-core-columns-is-layout-9d6595d7 wp-block-columns-is-layout-flex\">\n<div class=\"wp-block-column is-layout-flow wp-block-column-is-layout-flow\">\n<h2 class=\"wp-block-heading\">Tazones de cer\u00e1mica de primera calidad al por mayor Caracter\u00edsticas:<\/h2>\n\n\n\n<ul class=\"wp-block-list\">\n<li><strong>Gran capacidad y dise\u00f1o pr\u00e1ctico: <\/strong>Nuestros cuencos de cer\u00e1mica de 12 pulgadas al por mayor tienen capacidad suficiente para servir guisos, sopas y platos de raciones grandes en banquetes familiares. Equipado con el dise\u00f1o estable y f\u00e1cil de agarrar de doble asa en la naturaleza.<\/li>\n\n\n\n<li><strong>Materiales cer\u00e1micos seleccionados de alta calidad:<\/strong> Estos cuencos para servir a granel tienen una excelente resistencia al calor, pueden utilizarse directamente para calentar en horno y microondas, y admiten la limpieza en lavavajillas para satisfacer las necesidades de eficiencia de las cocinas modernas.<\/li>\n\n\n\n<li><strong>Aspecto sencillo y vers\u00e1til: <\/strong>Nuestros cuencos de cer\u00e1mica al por mayor tienen un dise\u00f1o sencillo pero elegante. La delicada superficie de cer\u00e1mica combinada con la forma cl\u00e1sica va perfectamente, adecuado para varios estilos de mesa que se pueden utilizar para el uso diario o a\u00f1adir elegancia a los banquetes formales.<\/li>\n\n\n\n<li><strong>Suministro a granel y apoyo a la personalizaci\u00f3n: <\/strong>Nuestros cuencos para servir a granel est\u00e1n dise\u00f1ados para restaurantes, hoteles y mayoristas. Proporcionamos servicios de suministro a granel y admitimos colores, patrones y logotipos de marca personalizados para satisfacer diferentes escenas y necesidades empresariales.<\/li>\n<\/ul>\n<\/div>\n\n\n\n<div class=\"wp-block-column is-vertically-aligned-center is-layout-flow wp-block-column-is-layout-flow\"><div class=\"wp-block-image\">\n<figure class=\"aligncenter size-full\"><img fetchpriority=\"high\" decoding=\"async\" width=\"694\" height=\"694\" src=\"https:\/\/www.yongjianceramic.com\/wp-content\/uploads\/2024\/12\/12-Inch-Wholesale-Ceramic-Bowls-With-Handles-Bulk-Serving-Bowls-For-Stews-3.webp\" alt=\"12-Inch Wholesale Ceramic Bowls With Handles, Bulk Serving Bowls For Stews-3\" class=\"wp-image-3867\" srcset=\"https:\/\/www.yongjianceramic.com\/wp-content\/uploads\/2024\/12\/12-Inch-Wholesale-Ceramic-Bowls-With-Handles-Bulk-Serving-Bowls-For-Stews-3.webp 694w, https:\/\/www.yongjianceramic.com\/wp-content\/uploads\/2024\/12\/12-Inch-Wholesale-Ceramic-Bowls-With-Handles-Bulk-Serving-Bowls-For-Stews-3-300x300.webp 300w, https:\/\/www.yongjianceramic.com\/wp-content\/uploads\/2024\/12\/12-Inch-Wholesale-Ceramic-Bowls-With-Handles-Bulk-Serving-Bowls-For-Stews-3-150x150.webp 150w, https:\/\/www.yongjianceramic.com\/wp-content\/uploads\/2024\/12\/12-Inch-Wholesale-Ceramic-Bowls-With-Handles-Bulk-Serving-Bowls-For-Stews-3-12x12.webp 12w, https:\/\/www.yongjianceramic.com\/wp-content\/uploads\/2024\/12\/12-Inch-Wholesale-Ceramic-Bowls-With-Handles-Bulk-Serving-Bowls-For-Stews-3-285x285.webp 285w, https:\/\/www.yongjianceramic.com\/wp-content\/uploads\/2024\/12\/12-Inch-Wholesale-Ceramic-Bowls-With-Handles-Bulk-Serving-Bowls-For-Stews-3-270x270.webp 270w, https:\/\/www.yongjianceramic.com\/wp-content\/uploads\/2024\/12\/12-Inch-Wholesale-Ceramic-Bowls-With-Handles-Bulk-Serving-Bowls-For-Stews-3-540x540.webp 540w, https:\/\/www.yongjianceramic.com\/wp-content\/uploads\/2024\/12\/12-Inch-Wholesale-Ceramic-Bowls-With-Handles-Bulk-Serving-Bowls-For-Stews-3-660x660.webp 660w\" sizes=\"(max-width: 694px) 100vw, 694px\" \/><\/figure>\n<\/div><\/div>\n<\/div>","protected":false},"excerpt":{"rendered":"<p>Bienvenido a comprar boles para servir al por mayor. Nuestros cuencos de cer\u00e1mica al por mayor de 12 pulgadas con asas son espaciosos, est\u00e1n hechos de cer\u00e1mica resistente al calor, son aptos para horno y microondas, y su dise\u00f1o sencillo se adapta a varios estilos de mesa. Admite la compra al por mayor y la personalizaci\u00f3n, y es una opci\u00f3n ideal para el sector de la restauraci\u00f3n y los banquetes familiares.<\/p>\n<table style=\"border-collapse: collapse; width: 365.02pt;\" border=\"0\" width=\"365\" cellspacing=\"0\" cellpadding=\"0\">\n<tbody>\n<tr style=\"height: 17.60pt;\">\n<td class=\"et3\" style=\"height: 17.60pt; width: 120.25pt;\" width=\"120\" height=\"17\">Fabricante<\/td>\n<td class=\"et3\" style=\"width: 245.25pt;\" width=\"245\">Yongjian<\/td>\n<\/tr>\n<tr style=\"height: 18.00pt;\">\n<td class=\"et3\" style=\"height: 18.00pt;\" height=\"18\">N\u00ba de modelo<\/td>\n<td class=\"et4\" style=\"width: 245.25pt;\" width=\"245\">YJ-003<\/td>\n<\/tr>\n<tr style=\"height: 18.00pt;\">\n<td class=\"et3\" style=\"height: 18.00pt;\" height=\"18\">Tipo de producto<\/td>\n<td class=\"et4\" style=\"width: 245.25pt;\" width=\"245\">Cuencos con asa, fuentes y ensaladeras<\/td>\n<\/tr>\n<tr style=\"height: 17.60pt;\">\n<td class=\"et3\" style=\"height: 17.60pt;\" height=\"17\">Material<\/td>\n<td class=\"et3\">Porcelana<\/td>\n<\/tr>\n<tr style=\"height: 17.60pt;\">\n<td class=\"et5\" style=\"height: 17.60pt;\" height=\"17\">Color<\/td>\n<td class=\"et3\">Blanco\/Negro<\/td>\n<\/tr>\n<tr style=\"height: 18.00pt;\">\n<td class=\"et3\" style=\"height: 18.00pt;\" height=\"18\">Dimensi\u00f3n<\/td>\n<td class=\"et4\" style=\"width: 245.25pt;\" width=\"245\">30*25.5*6.8<\/td>\n<\/tr>\n<tr style=\"height: 17.60pt;\">\n<td class=\"et3\" style=\"height: 17.60pt;\" height=\"17\">MOQ<\/td>\n<td class=\"et3\">500 unidades<\/td>\n<\/tr>\n<tr style=\"height: 17.60pt;\">\n<td class=\"et3\" style=\"height: 17.60pt;\" height=\"17\">A medida<\/td>\n<td class=\"et3\">Color\/Tama\u00f1o\/Logotipo\/Embalaje<\/td>\n<\/tr>\n<\/tbody>\n<\/table>","protected":false},"featured_media":3865,"comment_status":"closed","ping_status":"closed","template":"","meta":{"_acf_changed":false},"product_brand":[],"product_cat":[75,63,74],"product_tag":[96],"class_list":{"0":"post-3864","1":"product","2":"type-product","3":"status-publish","4":"has-post-thumbnail","6":"product_cat-handled-bowls-wholesale","7":"product_cat-wholesale-bowls","8":"product_cat-bulk-serving-bowls","9":"product_tag-black-white-dinnerware-wholesale","11":"first","12":"instock","13":"shipping-taxable","14":"product-type-simple"},"acf":[],"_links":{"self":[{"href":"https:\/\/www.yongjianceramic.com\/es\/wp-json\/wp\/v2\/product\/3864","targetHints":{"allow":["GET"]}}],"collection":[{"href":"https:\/\/www.yongjianceramic.com\/es\/wp-json\/wp\/v2\/product"}],"about":[{"href":"https:\/\/www.yongjianceramic.com\/es\/wp-json\/wp\/v2\/types\/product"}],"replies":[{"embeddable":true,"href":"https:\/\/www.yongjianceramic.com\/es\/wp-json\/wp\/v2\/comments?post=3864"}],"wp:featuredmedia":[{"embeddable":true,"href":"https:\/\/www.yongjianceramic.com\/es\/wp-json\/wp\/v2\/media\/3865"}],"wp:attachment":[{"href":"https:\/\/www.yongjianceramic.com\/es\/wp-json\/wp\/v2\/media?parent=3864"}],"wp:term":[{"taxonomy":"product_brand","embeddable":true,"href":"https:\/\/www.yongjianceramic.com\/es\/wp-json\/wp\/v2\/product_brand?post=3864"},{"taxonomy":"product_cat","embeddable":true,"href":"https:\/\/www.yongjianceramic.com\/es\/wp-json\/wp\/v2\/product_cat?post=3864"},{"taxonomy":"product_tag","embeddable":true,"href":"https:\/\/www.yongjianceramic.com\/es\/wp-json\/wp\/v2\/product_tag?post=3864"}],"curies":[{"name":"wp","href":"https:\/\/api.w.org\/{rel}","templated":true}]}}