{"id":3872,"date":"2024-12-04T11:39:41","date_gmt":"2024-12-04T03:39:41","guid":{"rendered":"https:\/\/www.yongjianceramic.com\/?post_type=product&#038;p=3872"},"modified":"2024-12-04T11:48:39","modified_gmt":"2024-12-04T03:48:39","slug":"porcelain-plates-bulk","status":"publish","type":"product","link":"https:\/\/www.yongjianceramic.com\/es\/producto\/porcelain-plates-bulk\/","title":{"rendered":"Platos de Porcelana de 10 Pulgadas a Granel, Platos de Cer\u00e1mica al por Mayor"},"content":{"rendered":"<div class=\"wp-block-columns is-layout-flex wp-container-core-columns-is-layout-9d6595d7 wp-block-columns-is-layout-flex\">\n<div class=\"wp-block-column is-layout-flow wp-block-column-is-layout-flow\">\n<h2 class=\"wp-block-heading\">Platos de Porcelana Premium a Granel Caracter\u00edsticas:<\/h2>\n\n\n\n<ul class=\"wp-block-list\">\n<li><strong>Tama\u00f1o pr\u00e1ctico y dise\u00f1o de plato hondo: <\/strong>Nuestros platos de porcelana de 10 pulgadas a granel tienen un tama\u00f1o moderado y est\u00e1n dise\u00f1ados para ser ligeramente profundos, adecuados para todo tipo de platos como pasta, ensaladas, guisos, etc., que no son f\u00e1ciles de derramar y son m\u00e1s c\u00f3modos de usar.<\/li>\n\n\n\n<li><strong>Textura mate de primera calidad:<\/strong> La superficie de estos platos de cer\u00e1mica al por mayor tiene un tratamiento mate especial, que es muy suave al tacto, pero muestra una gran textura para proporcionar una belleza moderna y a la moda en su mesa de comedor.<\/li>\n\n\n\n<li><strong>Opciones cl\u00e1sicas de color blanco y negro: <\/strong>Ofrecemos una gama de opciones de color blanco y negro, sencillas y cl\u00e1sicas, para platos de porcelana a granel que son muy f\u00e1ciles de combinar con el estilo de diversos montajes de mesa para cenas cotidianas y situaciones de alto nivel.<\/li>\n\n\n\n<li><strong>Suministro a granel y servicios personalizados: <\/strong>Estos platos de cer\u00e1mica al por mayor est\u00e1n dise\u00f1ados para restaurantes, hoteles y mayoristas, admiten compras al por mayor y ofrecen servicios personalizados. Pueden imprimirse logotipos de marcas o motivos personalizados seg\u00fan las necesidades.<\/li>\n<\/ul>\n<\/div>\n\n\n\n<div class=\"wp-block-column is-vertically-aligned-center is-layout-flow wp-block-column-is-layout-flow\"><div class=\"wp-block-image\">\n<figure class=\"aligncenter size-full\"><img fetchpriority=\"high\" decoding=\"async\" width=\"750\" height=\"750\" src=\"https:\/\/www.yongjianceramic.com\/wp-content\/uploads\/2024\/12\/10-Inch-Porcelain-Plates-Bulk-Deep-Ceramic-Dinner-Plates-Wholesale-2.webp\" alt=\"Platos de Porcelana de 10 Pulgadas a Granel, Platos de Cer\u00e1mica al por Mayor-2\" class=\"wp-image-3874\" srcset=\"https:\/\/www.yongjianceramic.com\/wp-content\/uploads\/2024\/12\/10-Inch-Porcelain-Plates-Bulk-Deep-Ceramic-Dinner-Plates-Wholesale-2.webp 750w, https:\/\/www.yongjianceramic.com\/wp-content\/uploads\/2024\/12\/10-Inch-Porcelain-Plates-Bulk-Deep-Ceramic-Dinner-Plates-Wholesale-2-300x300.webp 300w, https:\/\/www.yongjianceramic.com\/wp-content\/uploads\/2024\/12\/10-Inch-Porcelain-Plates-Bulk-Deep-Ceramic-Dinner-Plates-Wholesale-2-150x150.webp 150w, https:\/\/www.yongjianceramic.com\/wp-content\/uploads\/2024\/12\/10-Inch-Porcelain-Plates-Bulk-Deep-Ceramic-Dinner-Plates-Wholesale-2-12x12.webp 12w, https:\/\/www.yongjianceramic.com\/wp-content\/uploads\/2024\/12\/10-Inch-Porcelain-Plates-Bulk-Deep-Ceramic-Dinner-Plates-Wholesale-2-285x285.webp 285w, https:\/\/www.yongjianceramic.com\/wp-content\/uploads\/2024\/12\/10-Inch-Porcelain-Plates-Bulk-Deep-Ceramic-Dinner-Plates-Wholesale-2-270x270.webp 270w, https:\/\/www.yongjianceramic.com\/wp-content\/uploads\/2024\/12\/10-Inch-Porcelain-Plates-Bulk-Deep-Ceramic-Dinner-Plates-Wholesale-2-540x540.webp 540w, https:\/\/www.yongjianceramic.com\/wp-content\/uploads\/2024\/12\/10-Inch-Porcelain-Plates-Bulk-Deep-Ceramic-Dinner-Plates-Wholesale-2-660x660.webp 660w\" sizes=\"(max-width: 750px) 100vw, 750px\" \/><\/figure>\n<\/div><\/div>\n<\/div>","protected":false},"excerpt":{"rendered":"<p>Bienvenido a comprar platos de cer\u00e1mica al por mayor. Nuestra textura mate de 10 pulgadas platos de porcelana a granel tiene opciones de color blanco y negro cl\u00e1sico, dise\u00f1o elegante y funciones pr\u00e1cticas, adecuadas para una variedad de delicias como pasta y ensaladas. Admite compras al por mayor y personalizaci\u00f3n, es una opci\u00f3n perfecta para catering y cenas familiares.<\/p>\n<table style=\"border-collapse: collapse; width: 365.02pt;\" border=\"0\" width=\"365\" cellspacing=\"0\" cellpadding=\"0\">\n<tbody>\n<tr style=\"height: 17.60pt;\">\n<td class=\"et3\" style=\"height: 17.60pt; width: 120.25pt;\" width=\"120\" height=\"17\">Fabricante<\/td>\n<td class=\"et3\" style=\"width: 245.25pt;\" width=\"245\">Yongjian<\/td>\n<\/tr>\n<tr style=\"height: 18.00pt;\">\n<td class=\"et3\" style=\"height: 18.00pt;\" height=\"18\">N\u00ba de modelo<\/td>\n<td class=\"et4\" style=\"width: 245.25pt;\" width=\"245\">YJ-006<\/td>\n<\/tr>\n<tr style=\"height: 18.00pt;\">\n<td class=\"et3\" style=\"height: 18.00pt;\" height=\"18\">Tipo de producto<\/td>\n<td class=\"et4\" style=\"width: 245.25pt;\" width=\"245\">Bandeja, plato hondo<\/td>\n<\/tr>\n<tr style=\"height: 17.60pt;\">\n<td class=\"et3\" style=\"height: 17.60pt;\" height=\"17\">Material<\/td>\n<td class=\"et3\">Porcelana<\/td>\n<\/tr>\n<tr style=\"height: 17.60pt;\">\n<td class=\"et5\" style=\"height: 17.60pt;\" height=\"17\">Color<\/td>\n<td class=\"et3\">Blanco\/Negro<\/td>\n<\/tr>\n<tr style=\"height: 18.00pt;\">\n<td class=\"et3\" style=\"height: 18.00pt;\" height=\"18\">Dimensi\u00f3n<\/td>\n<td class=\"et4\" style=\"width: 245.25pt;\" width=\"245\">25*25*4.7<\/td>\n<\/tr>\n<tr style=\"height: 17.60pt;\">\n<td class=\"et3\" style=\"height: 17.60pt;\" height=\"17\">MOQ<\/td>\n<td class=\"et3\">500 unidades<\/td>\n<\/tr>\n<tr style=\"height: 17.60pt;\">\n<td class=\"et3\" style=\"height: 17.60pt;\" height=\"17\">A medida<\/td>\n<td class=\"et3\">Color\/Tama\u00f1o\/Logotipo\/Embalaje<\/td>\n<\/tr>\n<\/tbody>\n<\/table>","protected":false},"featured_media":3873,"comment_status":"closed","ping_status":"closed","template":"","meta":{"_acf_changed":false},"product_brand":[],"product_cat":[77,62,76],"product_tag":[96],"class_list":{"0":"post-3872","1":"product","2":"type-product","3":"status-publish","4":"has-post-thumbnail","6":"product_cat-deep-plates-wholesale","7":"product_cat-ceramic-plates-wholesale","8":"product_cat-wholesale-serving-platters","9":"product_tag-black-white-dinnerware-wholesale","11":"first","12":"instock","13":"shipping-taxable","14":"product-type-simple"},"acf":[],"_links":{"self":[{"href":"https:\/\/www.yongjianceramic.com\/es\/wp-json\/wp\/v2\/product\/3872","targetHints":{"allow":["GET"]}}],"collection":[{"href":"https:\/\/www.yongjianceramic.com\/es\/wp-json\/wp\/v2\/product"}],"about":[{"href":"https:\/\/www.yongjianceramic.com\/es\/wp-json\/wp\/v2\/types\/product"}],"replies":[{"embeddable":true,"href":"https:\/\/www.yongjianceramic.com\/es\/wp-json\/wp\/v2\/comments?post=3872"}],"wp:featuredmedia":[{"embeddable":true,"href":"https:\/\/www.yongjianceramic.com\/es\/wp-json\/wp\/v2\/media\/3873"}],"wp:attachment":[{"href":"https:\/\/www.yongjianceramic.com\/es\/wp-json\/wp\/v2\/media?parent=3872"}],"wp:term":[{"taxonomy":"product_brand","embeddable":true,"href":"https:\/\/www.yongjianceramic.com\/es\/wp-json\/wp\/v2\/product_brand?post=3872"},{"taxonomy":"product_cat","embeddable":true,"href":"https:\/\/www.yongjianceramic.com\/es\/wp-json\/wp\/v2\/product_cat?post=3872"},{"taxonomy":"product_tag","embeddable":true,"href":"https:\/\/www.yongjianceramic.com\/es\/wp-json\/wp\/v2\/product_tag?post=3872"}],"curies":[{"name":"wp","href":"https:\/\/api.w.org\/{rel}","templated":true}]}}