{"id":3879,"date":"2024-12-04T11:59:30","date_gmt":"2024-12-04T03:59:30","guid":{"rendered":"https:\/\/www.yongjianceramic.com\/?post_type=product&#038;p=3879"},"modified":"2024-12-04T12:09:23","modified_gmt":"2024-12-04T04:09:23","slug":"bulk-porcelain-plates","status":"publish","type":"product","link":"https:\/\/www.yongjianceramic.com\/es\/producto\/bulk-porcelain-plates\/","title":{"rendered":"Platos de Porcelana a Granel de 10 Pulgadas, Platos de Cena en Forma de Flor para Catering al por Mayor"},"content":{"rendered":"<div class=\"wp-block-columns is-layout-flex wp-container-core-columns-is-layout-9d6595d7 wp-block-columns-is-layout-flex\">\n<div class=\"wp-block-column is-layout-flow wp-block-column-is-layout-flow\">\n<h2 class=\"wp-block-heading\">Platos de porcelana a granel de primera calidad Caracter\u00edsticas:<\/h2>\n\n\n\n<ul class=\"wp-block-list\">\n<li><strong>Dise\u00f1o \u00fanico en forma de flor: <\/strong>Estos platos de porcelana a granel de 10 pulgadas adoptan una elegante forma de flor, que no s\u00f3lo es pr\u00e1ctica, sino que tambi\u00e9n a\u00f1ade un elegante efecto decorativo a la mesa. Es una opci\u00f3n ideal para banquetes y cenas de alto nivel.<\/li>\n\n\n\n<li><strong>Material de porcelana de alta calidad: <\/strong>Estos platos de catering a granel con una excelente durabilidad y resistencia a los ara\u00f1azos. Pueden utilizarse en la vida diaria o en lugares comerciales. Seguro para microondas, lavavajillas.<\/li>\n\n\n\n<li><strong>Amplia gama de tama\u00f1os: <\/strong>Estos platos de porcelana a granel son perfectos para utilizar como platos de entrante o para compartir, sirviendo ensaladas, pasta, postres y otras delicias que hacen la mesa m\u00e1s abundante.<\/li>\n\n\n\n<li><strong>Suministro a granel y servicio personalizado: <\/strong>Nuestros platos de cena a granel para catering est\u00e1n dise\u00f1ados para el sector del catering y la planificaci\u00f3n de eventos, admiten compras a gran escala y pueden ofrecer servicios personalizados, incluidos logotipos de marca o dise\u00f1os especiales, para satisfacer las necesidades de los distintos clientes.<\/li>\n<\/ul>\n<\/div>\n\n\n\n<div class=\"wp-block-column is-vertically-aligned-center is-layout-flow wp-block-column-is-layout-flow\"><div class=\"wp-block-image\">\n<figure class=\"aligncenter size-full\"><img fetchpriority=\"high\" decoding=\"async\" width=\"800\" height=\"800\" src=\"https:\/\/www.yongjianceramic.com\/wp-content\/uploads\/2024\/12\/10-Inch-Bulk-Porcelain-Plates-Flower-Shaped-Catering-Dinner-Plates-Bulk-2.webp\" alt=\"Platos de Porcelana a Granel de 10 Pulgadas, Platos de Cena en Forma de Flor para Catering a Granel-2\" class=\"wp-image-3881\" srcset=\"https:\/\/www.yongjianceramic.com\/wp-content\/uploads\/2024\/12\/10-Inch-Bulk-Porcelain-Plates-Flower-Shaped-Catering-Dinner-Plates-Bulk-2.webp 800w, https:\/\/www.yongjianceramic.com\/wp-content\/uploads\/2024\/12\/10-Inch-Bulk-Porcelain-Plates-Flower-Shaped-Catering-Dinner-Plates-Bulk-2-300x300.webp 300w, https:\/\/www.yongjianceramic.com\/wp-content\/uploads\/2024\/12\/10-Inch-Bulk-Porcelain-Plates-Flower-Shaped-Catering-Dinner-Plates-Bulk-2-150x150.webp 150w, https:\/\/www.yongjianceramic.com\/wp-content\/uploads\/2024\/12\/10-Inch-Bulk-Porcelain-Plates-Flower-Shaped-Catering-Dinner-Plates-Bulk-2-768x768.webp 768w, https:\/\/www.yongjianceramic.com\/wp-content\/uploads\/2024\/12\/10-Inch-Bulk-Porcelain-Plates-Flower-Shaped-Catering-Dinner-Plates-Bulk-2-12x12.webp 12w, https:\/\/www.yongjianceramic.com\/wp-content\/uploads\/2024\/12\/10-Inch-Bulk-Porcelain-Plates-Flower-Shaped-Catering-Dinner-Plates-Bulk-2-285x285.webp 285w, https:\/\/www.yongjianceramic.com\/wp-content\/uploads\/2024\/12\/10-Inch-Bulk-Porcelain-Plates-Flower-Shaped-Catering-Dinner-Plates-Bulk-2-270x270.webp 270w, https:\/\/www.yongjianceramic.com\/wp-content\/uploads\/2024\/12\/10-Inch-Bulk-Porcelain-Plates-Flower-Shaped-Catering-Dinner-Plates-Bulk-2-540x540.webp 540w, https:\/\/www.yongjianceramic.com\/wp-content\/uploads\/2024\/12\/10-Inch-Bulk-Porcelain-Plates-Flower-Shaped-Catering-Dinner-Plates-Bulk-2-660x660.webp 660w\" sizes=\"(max-width: 800px) 100vw, 800px\" \/><\/figure>\n<\/div><\/div>\n<\/div>","protected":false},"excerpt":{"rendered":"<p>Bienvenido a comprar platos de cena a granel para catering. Este plato de porcelana a granel con forma de flor de 10 pulgadas es pr\u00e1ctico y decorativo a la vez, adecuado para ensaladas, postres y otras exquisiteces. Los materiales de alta calidad y los servicios de personalizaci\u00f3n a granel lo convierten en la mejor opci\u00f3n para banquetes y catering.<\/p>\n<table style=\"border-collapse: collapse; width: 365.02pt;\" border=\"0\" width=\"365\" cellspacing=\"0\" cellpadding=\"0\">\n<tbody>\n<tr style=\"height: 17.60pt;\">\n<td class=\"et3\" style=\"height: 17.60pt; width: 120.25pt;\" width=\"120\" height=\"17\">Fabricante<\/td>\n<td class=\"et3\" style=\"width: 245.25pt;\" width=\"245\">Yongjian<\/td>\n<\/tr>\n<tr style=\"height: 18.00pt;\">\n<td class=\"et3\" style=\"height: 18.00pt;\" height=\"18\">N\u00ba de modelo<\/td>\n<td class=\"et4\" style=\"width: 245.25pt;\" width=\"245\">YJ-010<\/td>\n<\/tr>\n<tr style=\"height: 18.00pt;\">\n<td class=\"et3\" style=\"height: 18.00pt;\" height=\"18\">Tipo de producto<\/td>\n<td class=\"et4\" style=\"width: 245.25pt;\" width=\"245\">Platos llanos, Platos para servir<\/td>\n<\/tr>\n<tr style=\"height: 17.60pt;\">\n<td class=\"et3\" style=\"height: 17.60pt;\" height=\"17\">Material<\/td>\n<td class=\"et3\">Porcelana<\/td>\n<\/tr>\n<tr style=\"height: 17.60pt;\">\n<td class=\"et5\" style=\"height: 17.60pt;\" height=\"17\">Color<\/td>\n<td class=\"et3\">Blanco\/Negro<\/td>\n<\/tr>\n<tr style=\"height: 18.00pt;\">\n<td class=\"et3\" style=\"height: 18.00pt;\" height=\"18\">Dimensi\u00f3n<\/td>\n<td class=\"et4\" style=\"width: 245.25pt;\" width=\"245\">25.2*25.2*2.5<\/td>\n<\/tr>\n<tr style=\"height: 17.60pt;\">\n<td class=\"et3\" style=\"height: 17.60pt;\" height=\"17\">MOQ<\/td>\n<td class=\"et3\">500 unidades<\/td>\n<\/tr>\n<tr style=\"height: 17.60pt;\">\n<td class=\"et3\" style=\"height: 17.60pt;\" height=\"17\">A medida<\/td>\n<td class=\"et3\">Color\/Tama\u00f1o\/Logotipo\/Embalaje<\/td>\n<\/tr>\n<\/tbody>\n<\/table>","protected":false},"featured_media":3880,"comment_status":"closed","ping_status":"closed","template":"","meta":{"_acf_changed":false},"product_brand":[],"product_cat":[93,62,76],"product_tag":[96],"class_list":{"0":"post-3879","1":"product","2":"type-product","3":"status-publish","4":"has-post-thumbnail","6":"product_cat-bulk-dinner-plates","7":"product_cat-ceramic-plates-wholesale","8":"product_cat-wholesale-serving-platters","9":"product_tag-black-white-dinnerware-wholesale","11":"first","12":"instock","13":"shipping-taxable","14":"product-type-simple"},"acf":[],"_links":{"self":[{"href":"https:\/\/www.yongjianceramic.com\/es\/wp-json\/wp\/v2\/product\/3879","targetHints":{"allow":["GET"]}}],"collection":[{"href":"https:\/\/www.yongjianceramic.com\/es\/wp-json\/wp\/v2\/product"}],"about":[{"href":"https:\/\/www.yongjianceramic.com\/es\/wp-json\/wp\/v2\/types\/product"}],"replies":[{"embeddable":true,"href":"https:\/\/www.yongjianceramic.com\/es\/wp-json\/wp\/v2\/comments?post=3879"}],"wp:featuredmedia":[{"embeddable":true,"href":"https:\/\/www.yongjianceramic.com\/es\/wp-json\/wp\/v2\/media\/3880"}],"wp:attachment":[{"href":"https:\/\/www.yongjianceramic.com\/es\/wp-json\/wp\/v2\/media?parent=3879"}],"wp:term":[{"taxonomy":"product_brand","embeddable":true,"href":"https:\/\/www.yongjianceramic.com\/es\/wp-json\/wp\/v2\/product_brand?post=3879"},{"taxonomy":"product_cat","embeddable":true,"href":"https:\/\/www.yongjianceramic.com\/es\/wp-json\/wp\/v2\/product_cat?post=3879"},{"taxonomy":"product_tag","embeddable":true,"href":"https:\/\/www.yongjianceramic.com\/es\/wp-json\/wp\/v2\/product_tag?post=3879"}],"curies":[{"name":"wp","href":"https:\/\/api.w.org\/{rel}","templated":true}]}}