{"id":3886,"date":"2024-12-04T14:17:18","date_gmt":"2024-12-04T06:17:18","guid":{"rendered":"https:\/\/www.yongjianceramic.com\/?post_type=product&#038;p=3886"},"modified":"2024-12-04T14:31:39","modified_gmt":"2024-12-04T06:31:39","slug":"catering-dinner-plates-bulk","status":"publish","type":"product","link":"https:\/\/www.yongjianceramic.com\/es\/producto\/catering-dinner-plates-bulk\/","title":{"rendered":"10 Inch Matte Catering Dinner Plates Bulk, Platos de Porcelana al por mayor"},"content":{"rendered":"<div class=\"wp-block-columns is-layout-flex wp-container-core-columns-is-layout-9d6595d7 wp-block-columns-is-layout-flex\">\n<div class=\"wp-block-column is-layout-flow wp-block-column-is-layout-flow\">\n<h2 class=\"wp-block-heading\">Premium Catering Platos de Cena a Granel Caracter\u00edsticas:<\/h2>\n\n\n\n<ul class=\"wp-block-list\">\n<li><strong>Dise\u00f1o vers\u00e1til de gran tama\u00f1o: <\/strong>Los platos de porcelana al por mayor de 10 pulgadas tienen un tama\u00f1o amplio. El dise\u00f1o del borde ligeramente curvado es m\u00e1s adecuado para colocar varios platos principales, fuentes y especialidades, satisfaciendo plenamente las necesidades de las cenas diarias, banquetes y servicios de catering.<\/li>\n\n\n\n<li><strong>Textura superficial mate \u00fanica: <\/strong>Nuestros platos llanos para catering a granel adoptan un tratamiento mate esmerilado, y la superficie del plato, discreta pero de alta gama, presenta una simplicidad moderna. No es f\u00e1cil dejar huellas ni ara\u00f1azos, lo que realza la belleza del entorno del comedor.<\/li>\n\n\n\n<li><strong>Estructura de porcelana fiable y duradera: <\/strong>Fabricados con cer\u00e1mica seleccionada de alta calidad, nuestros platos de porcelana al por mayor son ligeros y fuertes, resistentes a altas temperaturas y f\u00e1ciles de limpiar. Pueden utilizarse con seguridad en hornos microondas y lavavajillas, proporcionando a los usuarios una experiencia de uso duradera.<\/li>\n\n\n\n<li><strong>Opciones flexibles de venta al por mayor y personalizadas:<\/strong> Estos platos a granel para catering son adecuados para compras a gran escala y admiten el ajuste de color, textura o logotipo de la marca seg\u00fan las necesidades, lo que permitir\u00e1 f\u00e1cilmente a los clientes crear sus l\u00edneas de productos exclusivas y satisfacer las necesidades de diferentes mercados y actividades.<\/li>\n<\/ul>\n<\/div>\n\n\n\n<div class=\"wp-block-column is-vertically-aligned-center is-layout-flow wp-block-column-is-layout-flow\"><div class=\"wp-block-image\">\n<figure class=\"aligncenter size-full\"><img fetchpriority=\"high\" decoding=\"async\" width=\"750\" height=\"750\" src=\"https:\/\/www.yongjianceramic.com\/wp-content\/uploads\/2024\/12\/Wholesale-Porcelain-Plates-10-Inch-Matte-Catering-Dinner-Plates-Bulk-1.webp\" alt=\"Mayorista Platos de Porcelana, 10 Pulgadas Mate Catering Cena Platos Bulk-1\" class=\"wp-image-3887\" srcset=\"https:\/\/www.yongjianceramic.com\/wp-content\/uploads\/2024\/12\/Wholesale-Porcelain-Plates-10-Inch-Matte-Catering-Dinner-Plates-Bulk-1.webp 750w, https:\/\/www.yongjianceramic.com\/wp-content\/uploads\/2024\/12\/Wholesale-Porcelain-Plates-10-Inch-Matte-Catering-Dinner-Plates-Bulk-1-300x300.webp 300w, https:\/\/www.yongjianceramic.com\/wp-content\/uploads\/2024\/12\/Wholesale-Porcelain-Plates-10-Inch-Matte-Catering-Dinner-Plates-Bulk-1-150x150.webp 150w, https:\/\/www.yongjianceramic.com\/wp-content\/uploads\/2024\/12\/Wholesale-Porcelain-Plates-10-Inch-Matte-Catering-Dinner-Plates-Bulk-1-12x12.webp 12w, https:\/\/www.yongjianceramic.com\/wp-content\/uploads\/2024\/12\/Wholesale-Porcelain-Plates-10-Inch-Matte-Catering-Dinner-Plates-Bulk-1-285x285.webp 285w, https:\/\/www.yongjianceramic.com\/wp-content\/uploads\/2024\/12\/Wholesale-Porcelain-Plates-10-Inch-Matte-Catering-Dinner-Plates-Bulk-1-270x270.webp 270w, https:\/\/www.yongjianceramic.com\/wp-content\/uploads\/2024\/12\/Wholesale-Porcelain-Plates-10-Inch-Matte-Catering-Dinner-Plates-Bulk-1-540x540.webp 540w, https:\/\/www.yongjianceramic.com\/wp-content\/uploads\/2024\/12\/Wholesale-Porcelain-Plates-10-Inch-Matte-Catering-Dinner-Plates-Bulk-1-660x660.webp 660w\" sizes=\"(max-width: 750px) 100vw, 750px\" \/><\/figure>\n<\/div><\/div>\n<\/div>","protected":false},"excerpt":{"rendered":"<p>Bienvenido a comprar platos de porcelana al por mayor. Nuestros platos de cer\u00e1mica a granel de 10 pulgadas son adecuados para una variedad de escenarios con su dise\u00f1o cl\u00e1sico y textura de alta gama. Materiales de alta calidad y servicios de personalizaci\u00f3n en masa lo convierten en la mejor opci\u00f3n para catering y banquetes.<\/p>\n<table style=\"border-collapse: collapse; width: 365.02pt;\" border=\"0\" width=\"365\" cellspacing=\"0\" cellpadding=\"0\">\n<tbody>\n<tr style=\"height: 17.60pt;\">\n<td class=\"et3\" style=\"height: 17.60pt; width: 120.25pt;\" width=\"120\" height=\"17\">Fabricante<\/td>\n<td class=\"et3\" style=\"width: 245.25pt;\" width=\"245\">Yongjian<\/td>\n<\/tr>\n<tr style=\"height: 18.00pt;\">\n<td class=\"et3\" style=\"height: 18.00pt;\" height=\"18\">N\u00ba de modelo<\/td>\n<td class=\"et4\" style=\"width: 245.25pt;\" width=\"245\">YJ-019<\/td>\n<\/tr>\n<tr style=\"height: 18.00pt;\">\n<td class=\"et3\" style=\"height: 18.00pt;\" height=\"18\">Tipo de producto<\/td>\n<td class=\"et4\" style=\"width: 245.25pt;\" width=\"245\">Platos llanos<\/td>\n<\/tr>\n<tr style=\"height: 17.60pt;\">\n<td class=\"et3\" style=\"height: 17.60pt;\" height=\"17\">Material<\/td>\n<td class=\"et3\">Porcelana<\/td>\n<\/tr>\n<tr style=\"height: 17.60pt;\">\n<td class=\"et5\" style=\"height: 17.60pt;\" height=\"17\">Color<\/td>\n<td class=\"et3\">Blanco\/Negro<\/td>\n<\/tr>\n<tr style=\"height: 18.00pt;\">\n<td class=\"et3\" style=\"height: 18.00pt;\" height=\"18\">Dimensi\u00f3n<\/td>\n<td class=\"et4\" style=\"width: 245.25pt;\" width=\"245\">26*26*3<\/td>\n<\/tr>\n<tr style=\"height: 17.60pt;\">\n<td class=\"et3\" style=\"height: 17.60pt;\" height=\"17\">MOQ<\/td>\n<td class=\"et3\">500 unidades<\/td>\n<\/tr>\n<tr style=\"height: 17.60pt;\">\n<td class=\"et3\" style=\"height: 17.60pt;\" height=\"17\">A medida<\/td>\n<td class=\"et3\">Color\/Tama\u00f1o\/Logotipo\/Embalaje<\/td>\n<\/tr>\n<\/tbody>\n<\/table>","protected":false},"featured_media":3888,"comment_status":"closed","ping_status":"closed","template":"","meta":{"_acf_changed":false},"product_brand":[],"product_cat":[93,62],"product_tag":[96],"class_list":{"0":"post-3886","1":"product","2":"type-product","3":"status-publish","4":"has-post-thumbnail","6":"product_cat-bulk-dinner-plates","7":"product_cat-ceramic-plates-wholesale","8":"product_tag-black-white-dinnerware-wholesale","10":"first","11":"instock","12":"shipping-taxable","13":"product-type-simple"},"acf":[],"_links":{"self":[{"href":"https:\/\/www.yongjianceramic.com\/es\/wp-json\/wp\/v2\/product\/3886","targetHints":{"allow":["GET"]}}],"collection":[{"href":"https:\/\/www.yongjianceramic.com\/es\/wp-json\/wp\/v2\/product"}],"about":[{"href":"https:\/\/www.yongjianceramic.com\/es\/wp-json\/wp\/v2\/types\/product"}],"replies":[{"embeddable":true,"href":"https:\/\/www.yongjianceramic.com\/es\/wp-json\/wp\/v2\/comments?post=3886"}],"wp:featuredmedia":[{"embeddable":true,"href":"https:\/\/www.yongjianceramic.com\/es\/wp-json\/wp\/v2\/media\/3888"}],"wp:attachment":[{"href":"https:\/\/www.yongjianceramic.com\/es\/wp-json\/wp\/v2\/media?parent=3886"}],"wp:term":[{"taxonomy":"product_brand","embeddable":true,"href":"https:\/\/www.yongjianceramic.com\/es\/wp-json\/wp\/v2\/product_brand?post=3886"},{"taxonomy":"product_cat","embeddable":true,"href":"https:\/\/www.yongjianceramic.com\/es\/wp-json\/wp\/v2\/product_cat?post=3886"},{"taxonomy":"product_tag","embeddable":true,"href":"https:\/\/www.yongjianceramic.com\/es\/wp-json\/wp\/v2\/product_tag?post=3886"}],"curies":[{"name":"wp","href":"https:\/\/api.w.org\/{rel}","templated":true}]}}