{"id":3893,"date":"2024-12-04T14:50:38","date_gmt":"2024-12-04T06:50:38","guid":{"rendered":"https:\/\/www.yongjianceramic.com\/?post_type=product&#038;p=3893"},"modified":"2024-12-04T18:02:01","modified_gmt":"2024-12-04T10:02:01","slug":"wholesale-ramen-bowls","status":"publish","type":"product","link":"https:\/\/www.yongjianceramic.com\/es\/producto\/wholesale-ramen-bowls\/","title":{"rendered":"9 Inch Wholesale Ramen Bowls, Restaurant Supply Soup Bowls Bulk"},"content":{"rendered":"<div class=\"wp-block-columns is-layout-flex wp-container-core-columns-is-layout-9d6595d7 wp-block-columns-is-layout-flex\">\n<div class=\"wp-block-column is-layout-flow wp-block-column-is-layout-flow\">\n<h2 class=\"wp-block-heading\">Tazones de Ramen al por mayor de primera calidad Caracter\u00edsticas:<\/h2>\n\n\n\n<ul class=\"wp-block-list\">\n<li><strong>Pr\u00e1ctico dise\u00f1o de 9 pulgadas de capacidad:<\/strong> Nuestros cuencos para ramen al por mayor tienen un dise\u00f1o de cuenco profundo y un espacioso tama\u00f1o de 8 pulgadas, que puede contener f\u00e1cilmente ramen, sopas, udon y otras delicias. Adecuados para restaurantes, banquetes de alto nivel o cenas en casa.<\/li>\n\n\n\n<li><strong>Dise\u00f1ado para el sector de la restauraci\u00f3n:<\/strong> Estos cuencos para sopa a granel de suministro para restaurantes tienen una curvatura precisa para remover y comer con facilidad, al tiempo que garantizan tanto la belleza como la practicidad, lo que los convierte en la elecci\u00f3n perfecta para todo tipo de comedores asi\u00e1ticos.<\/li>\n\n\n\n<li><strong>Material cer\u00e1mico de alta calidad: <\/strong>Nuestros cuencos para ramen al por mayor est\u00e1n hechos de cer\u00e1mica duradera con una excelente resistencia a los ara\u00f1azos y al calor. Son aptos para microondas y lavavajillas, lo que resulta c\u00f3modo y fiable.<\/li>\n\n\n\n<li><strong>Apoyo a la venta al por mayor y servicios personalizados: <\/strong>Estos cuencos soperos a granel para restaurantes est\u00e1n dise\u00f1ados para la cadena de suministro de catering, y pueden proporcionar compras a gran escala. Al mismo tiempo, admiten patrones personalizados espec\u00edficos para restaurantes o logotipos de marca para ayudar a los comerciantes a mejorar su imagen profesional.<\/li>\n<\/ul>\n<\/div>\n\n\n\n<div class=\"wp-block-column is-vertically-aligned-center is-layout-flow wp-block-column-is-layout-flow\"><div class=\"wp-block-image\">\n<figure class=\"aligncenter size-full\"><img fetchpriority=\"high\" decoding=\"async\" width=\"750\" height=\"750\" src=\"https:\/\/www.yongjianceramic.com\/wp-content\/uploads\/2024\/12\/9-Inch-Wholesale-Ramen-Bowls-Restaurant-Supply-Soup-Bowls-Bulk-2.webp\" alt=\"9 Inch Wholesale Ramen Bowls, Restaurant Supply Soup Bowls Bulk-2\" class=\"wp-image-3894\" srcset=\"https:\/\/www.yongjianceramic.com\/wp-content\/uploads\/2024\/12\/9-Inch-Wholesale-Ramen-Bowls-Restaurant-Supply-Soup-Bowls-Bulk-2.webp 750w, https:\/\/www.yongjianceramic.com\/wp-content\/uploads\/2024\/12\/9-Inch-Wholesale-Ramen-Bowls-Restaurant-Supply-Soup-Bowls-Bulk-2-300x300.webp 300w, https:\/\/www.yongjianceramic.com\/wp-content\/uploads\/2024\/12\/9-Inch-Wholesale-Ramen-Bowls-Restaurant-Supply-Soup-Bowls-Bulk-2-150x150.webp 150w, https:\/\/www.yongjianceramic.com\/wp-content\/uploads\/2024\/12\/9-Inch-Wholesale-Ramen-Bowls-Restaurant-Supply-Soup-Bowls-Bulk-2-12x12.webp 12w, https:\/\/www.yongjianceramic.com\/wp-content\/uploads\/2024\/12\/9-Inch-Wholesale-Ramen-Bowls-Restaurant-Supply-Soup-Bowls-Bulk-2-285x285.webp 285w, https:\/\/www.yongjianceramic.com\/wp-content\/uploads\/2024\/12\/9-Inch-Wholesale-Ramen-Bowls-Restaurant-Supply-Soup-Bowls-Bulk-2-270x270.webp 270w, https:\/\/www.yongjianceramic.com\/wp-content\/uploads\/2024\/12\/9-Inch-Wholesale-Ramen-Bowls-Restaurant-Supply-Soup-Bowls-Bulk-2-540x540.webp 540w, https:\/\/www.yongjianceramic.com\/wp-content\/uploads\/2024\/12\/9-Inch-Wholesale-Ramen-Bowls-Restaurant-Supply-Soup-Bowls-Bulk-2-660x660.webp 660w\" sizes=\"(max-width: 750px) 100vw, 750px\" \/><\/figure>\n<\/div><\/div>\n<\/div>","protected":false},"excerpt":{"rendered":"<p>Bienvenido a comprar boles soperos al por mayor para restaurantes. Nuestros cuencos de ramen de 9 pulgadas al por mayor combinan un dise\u00f1o de cuenco profundo y materiales de alta calidad, adecuados para contener varios fideos de sopa, y son ideales para restaurantes y mayoristas. Admiten la personalizaci\u00f3n para satisfacer diversas necesidades.<\/p>\n<table style=\"border-collapse: collapse; width: 365.02pt;\" border=\"0\" width=\"365\" cellspacing=\"0\" cellpadding=\"0\">\n<tbody>\n<tr style=\"height: 17.60pt;\">\n<td class=\"et3\" style=\"height: 17.60pt; width: 120.25pt;\" width=\"120\" height=\"17\">Fabricante<\/td>\n<td class=\"et3\" style=\"width: 245.25pt;\" width=\"245\">Yongjian<\/td>\n<\/tr>\n<tr style=\"height: 18.00pt;\">\n<td class=\"et3\" style=\"height: 18.00pt;\" height=\"18\">N\u00ba de modelo<\/td>\n<td class=\"et4\" style=\"width: 245.25pt;\" width=\"245\">YJ-022<\/td>\n<\/tr>\n<tr style=\"height: 18.00pt;\">\n<td class=\"et3\" style=\"height: 18.00pt;\" height=\"18\">Tipo de producto<\/td>\n<td class=\"et4\" style=\"width: 245.25pt;\" width=\"245\">Cuencos para sopa y ramen<\/td>\n<\/tr>\n<tr style=\"height: 17.60pt;\">\n<td class=\"et3\" style=\"height: 17.60pt;\" height=\"17\">Material<\/td>\n<td class=\"et3\">Porcelana<\/td>\n<\/tr>\n<tr style=\"height: 17.60pt;\">\n<td class=\"et5\" style=\"height: 17.60pt;\" height=\"17\">Color<\/td>\n<td class=\"et3\">Blanco\/Negro<\/td>\n<\/tr>\n<tr style=\"height: 18.00pt;\">\n<td class=\"et3\" style=\"height: 18.00pt;\" height=\"18\">Dimensi\u00f3n<\/td>\n<td class=\"et4\" style=\"width: 245.25pt;\" width=\"245\">23*23*6.5<\/td>\n<\/tr>\n<tr style=\"height: 17.60pt;\">\n<td class=\"et3\" style=\"height: 17.60pt;\" height=\"17\">MOQ<\/td>\n<td class=\"et3\">500 unidades<\/td>\n<\/tr>\n<tr style=\"height: 17.60pt;\">\n<td class=\"et3\" style=\"height: 17.60pt;\" height=\"17\">A medida<\/td>\n<td class=\"et3\">Color\/Tama\u00f1o\/Logotipo\/Embalaje<\/td>\n<\/tr>\n<\/tbody>\n<\/table>","protected":false},"featured_media":3895,"comment_status":"closed","ping_status":"closed","template":"","meta":{"_acf_changed":false},"product_brand":[],"product_cat":[73,63],"product_tag":[96],"class_list":{"0":"post-3893","1":"product","2":"type-product","3":"status-publish","4":"has-post-thumbnail","6":"product_cat-bulk-soup-bowls","7":"product_cat-wholesale-bowls","8":"product_tag-black-white-dinnerware-wholesale","10":"first","11":"instock","12":"shipping-taxable","13":"product-type-simple"},"acf":[],"_links":{"self":[{"href":"https:\/\/www.yongjianceramic.com\/es\/wp-json\/wp\/v2\/product\/3893","targetHints":{"allow":["GET"]}}],"collection":[{"href":"https:\/\/www.yongjianceramic.com\/es\/wp-json\/wp\/v2\/product"}],"about":[{"href":"https:\/\/www.yongjianceramic.com\/es\/wp-json\/wp\/v2\/types\/product"}],"replies":[{"embeddable":true,"href":"https:\/\/www.yongjianceramic.com\/es\/wp-json\/wp\/v2\/comments?post=3893"}],"wp:featuredmedia":[{"embeddable":true,"href":"https:\/\/www.yongjianceramic.com\/es\/wp-json\/wp\/v2\/media\/3895"}],"wp:attachment":[{"href":"https:\/\/www.yongjianceramic.com\/es\/wp-json\/wp\/v2\/media?parent=3893"}],"wp:term":[{"taxonomy":"product_brand","embeddable":true,"href":"https:\/\/www.yongjianceramic.com\/es\/wp-json\/wp\/v2\/product_brand?post=3893"},{"taxonomy":"product_cat","embeddable":true,"href":"https:\/\/www.yongjianceramic.com\/es\/wp-json\/wp\/v2\/product_cat?post=3893"},{"taxonomy":"product_tag","embeddable":true,"href":"https:\/\/www.yongjianceramic.com\/es\/wp-json\/wp\/v2\/product_tag?post=3893"}],"curies":[{"name":"wp","href":"https:\/\/api.w.org\/{rel}","templated":true}]}}