{"id":3897,"date":"2024-12-05T11:10:59","date_gmt":"2024-12-05T03:10:59","guid":{"rendered":"https:\/\/www.yongjianceramic.com\/?post_type=product&#038;p=3897"},"modified":"2024-12-05T11:21:53","modified_gmt":"2024-12-05T03:21:53","slug":"plates-for-catering-wholesale","status":"publish","type":"product","link":"https:\/\/www.yongjianceramic.com\/es\/producto\/plates-for-catering-wholesale\/","title":{"rendered":"Platos Ovalados De 8.5 Pulgadas Para Catering Al Por Mayor, Platos De Ceramica Blanca Al Por Mayor"},"content":{"rendered":"<div class=\"wp-block-columns is-layout-flex wp-container-core-columns-is-layout-9d6595d7 wp-block-columns-is-layout-flex\">\n<div class=\"wp-block-column is-layout-flow wp-block-column-is-layout-flow\">\n<h2 class=\"wp-block-heading\">Platos Premium para Catering al por mayor Caracter\u00edsticas:<\/h2>\n\n\n\n<ul class=\"wp-block-list\">\n<li><strong>Elegante textura ondulada: <\/strong>El dise\u00f1o de textura ondulada es peculiar en la superficie de estos platos para catering al por mayor, haciendo que el plato parezca fluido y estereosc\u00f3pico, lo que a\u00f1ade elegancia. Presentar\u00e1 perfectamente la belleza de la mesa y har\u00e1 que los platos se muestren de forma m\u00e1s exquisita tanto en cenas diarias como en banquetes de alto nivel.<\/li>\n\n\n\n<li><strong>Duradero y f\u00e1cil de limpiar: <\/strong>Estas placas de cer\u00e1mica a granel est\u00e1n fabricadas con cer\u00e1mica seleccionada de alta calidad que presenta una buena resistencia al calor y al rayado. La superficie es lisa y fina, por lo que es f\u00e1cil de limpiar y no se marca f\u00e1cilmente. Incluso despu\u00e9s de usarla durante mucho tiempo, conserva su textura nueva. Es duradera y, por tanto, la preferida de muchos clientes.<\/li>\n\n\n\n<li><strong>Dise\u00f1o de tama\u00f1o razonable: <\/strong>El tama\u00f1o de los platos de 8,5 pulgadas para catering al por mayor est\u00e1 cuidadosamente dise\u00f1ado para acomodar una gran variedad de platos, desde ensaladas hasta postres y platos principales. Su dise\u00f1o sencillo y pr\u00e1ctico es adecuado para cenas familiares, banquetes de hotel, emplatados de restaurante y diversas escenas de eventos.<\/li>\n\n\n\n<li><strong>Responder a las necesidades de la empresa: <\/strong>Nuestros platos de cer\u00e1mica a granel admiten la compra al por mayor, lo que puede satisfacer las necesidades del sector de la restauraci\u00f3n para su uso a gran escala a precios preferentes. Mientras tanto, proporciona servicios personalizados con logotipos de marca personalizados o patrones especiales para mejorar la imagen de marca y es especialmente adecuado para hoteles y empresas de catering.<\/li>\n<\/ul>\n<\/div>\n\n\n\n<div class=\"wp-block-column is-vertically-aligned-center is-layout-flow wp-block-column-is-layout-flow\"><div class=\"wp-block-image\">\n<figure class=\"aligncenter size-full is-resized\"><img fetchpriority=\"high\" decoding=\"async\" width=\"750\" height=\"750\" src=\"https:\/\/www.yongjianceramic.com\/wp-content\/uploads\/2024\/12\/8.5-Inch-Oval-Plates-For-Catering-Wholesale-White-Ceramic-Plates-Bulk.webp\" alt=\"Platos Ovalados De 8.5 Pulgadas Para Catering Al Por Mayor, Platos De Ceramica Blanca Al Por Mayor\" class=\"wp-image-3901\" style=\"width:404px;height:auto\" srcset=\"https:\/\/www.yongjianceramic.com\/wp-content\/uploads\/2024\/12\/8.5-Inch-Oval-Plates-For-Catering-Wholesale-White-Ceramic-Plates-Bulk.webp 750w, https:\/\/www.yongjianceramic.com\/wp-content\/uploads\/2024\/12\/8.5-Inch-Oval-Plates-For-Catering-Wholesale-White-Ceramic-Plates-Bulk-300x300.webp 300w, https:\/\/www.yongjianceramic.com\/wp-content\/uploads\/2024\/12\/8.5-Inch-Oval-Plates-For-Catering-Wholesale-White-Ceramic-Plates-Bulk-150x150.webp 150w, https:\/\/www.yongjianceramic.com\/wp-content\/uploads\/2024\/12\/8.5-Inch-Oval-Plates-For-Catering-Wholesale-White-Ceramic-Plates-Bulk-12x12.webp 12w, https:\/\/www.yongjianceramic.com\/wp-content\/uploads\/2024\/12\/8.5-Inch-Oval-Plates-For-Catering-Wholesale-White-Ceramic-Plates-Bulk-285x285.webp 285w, https:\/\/www.yongjianceramic.com\/wp-content\/uploads\/2024\/12\/8.5-Inch-Oval-Plates-For-Catering-Wholesale-White-Ceramic-Plates-Bulk-270x270.webp 270w, https:\/\/www.yongjianceramic.com\/wp-content\/uploads\/2024\/12\/8.5-Inch-Oval-Plates-For-Catering-Wholesale-White-Ceramic-Plates-Bulk-540x540.webp 540w, https:\/\/www.yongjianceramic.com\/wp-content\/uploads\/2024\/12\/8.5-Inch-Oval-Plates-For-Catering-Wholesale-White-Ceramic-Plates-Bulk-660x660.webp 660w\" sizes=\"(max-width: 750px) 100vw, 750px\" \/><\/figure>\n<\/div><\/div>\n<\/div>","protected":false},"excerpt":{"rendered":"<p>Bienvenido a comprar platos para hosteler\u00eda al por mayor. Nuestros platos ovalados de cer\u00e1mica de 8,5\u2033 al por mayor cuentan con un dise\u00f1o de textura ondulada y material cer\u00e1mico de alta calidad, combinando belleza y practicidad. Su tama\u00f1o razonable y dise\u00f1o vers\u00e1til son adecuados para una variedad de escenarios, mientras que las compras al por mayor y servicios de personalizaci\u00f3n pueden satisfacer las necesidades de los clientes comerciales, por lo que es una opci\u00f3n ideal para mejorar la belleza de las mesas de comedor.<\/p>\n<table style=\"border-collapse: collapse; width: 322.02pt;\" border=\"0\" width=\"322\" cellspacing=\"0\" cellpadding=\"0\">\n<tbody>\n<tr style=\"height: 17.60pt;\">\n<td class=\"et3\" style=\"height: 17.60pt; width: 120.25pt;\" width=\"120\" height=\"17\">Fabricante<\/td>\n<td class=\"et3\" style=\"width: 202.30pt;\" width=\"202\">Yongjian<\/td>\n<\/tr>\n<tr style=\"height: 18.00pt;\">\n<td class=\"et3\" style=\"height: 18.00pt;\" height=\"18\">N\u00ba de modelo<\/td>\n<td class=\"et4\" style=\"width: 202.30pt;\" width=\"202\">YJ-077<\/td>\n<\/tr>\n<tr style=\"height: 18.00pt;\">\n<td class=\"et3\" style=\"height: 18.00pt;\" height=\"18\">Tipo de producto<\/td>\n<td class=\"et4\" style=\"width: 202.30pt;\" width=\"202\">Bandeja, plato hondo<\/td>\n<\/tr>\n<tr style=\"height: 17.60pt;\">\n<td class=\"et3\" style=\"height: 17.60pt;\" height=\"17\">Material<\/td>\n<td class=\"et3\">Porcelana<\/td>\n<\/tr>\n<tr style=\"height: 17.60pt;\">\n<td class=\"et5\" style=\"height: 17.60pt;\" height=\"17\">Color<\/td>\n<td class=\"et3\">Blanco\/Negro<\/td>\n<\/tr>\n<tr style=\"height: 18.00pt;\">\n<td class=\"et3\" style=\"height: 18.00pt;\" height=\"18\">Dimensi\u00f3n<\/td>\n<td class=\"et4\" style=\"width: 202.30pt;\" width=\"202\">16*21*2.5<\/td>\n<\/tr>\n<tr style=\"height: 17.60pt;\">\n<td class=\"et3\" style=\"height: 17.60pt;\" height=\"17\">MOQ<\/td>\n<td class=\"et3\">500 unidades<\/td>\n<\/tr>\n<tr style=\"height: 17.60pt;\">\n<td class=\"et3\" style=\"height: 17.60pt;\" height=\"17\">A medida<\/td>\n<td class=\"et3\">Color\/Tama\u00f1o\/Logotipo\/Embalaje<\/td>\n<\/tr>\n<\/tbody>\n<\/table>","protected":false},"featured_media":3899,"comment_status":"closed","ping_status":"closed","template":"","meta":{"_acf_changed":false},"product_brand":[],"product_cat":[76,77,62],"product_tag":[96],"class_list":{"0":"post-3897","1":"product","2":"type-product","3":"status-publish","4":"has-post-thumbnail","6":"product_cat-wholesale-serving-platters","7":"product_cat-deep-plates-wholesale","8":"product_cat-ceramic-plates-wholesale","9":"product_tag-black-white-dinnerware-wholesale","11":"first","12":"instock","13":"shipping-taxable","14":"product-type-simple"},"acf":[],"_links":{"self":[{"href":"https:\/\/www.yongjianceramic.com\/es\/wp-json\/wp\/v2\/product\/3897","targetHints":{"allow":["GET"]}}],"collection":[{"href":"https:\/\/www.yongjianceramic.com\/es\/wp-json\/wp\/v2\/product"}],"about":[{"href":"https:\/\/www.yongjianceramic.com\/es\/wp-json\/wp\/v2\/types\/product"}],"replies":[{"embeddable":true,"href":"https:\/\/www.yongjianceramic.com\/es\/wp-json\/wp\/v2\/comments?post=3897"}],"wp:featuredmedia":[{"embeddable":true,"href":"https:\/\/www.yongjianceramic.com\/es\/wp-json\/wp\/v2\/media\/3899"}],"wp:attachment":[{"href":"https:\/\/www.yongjianceramic.com\/es\/wp-json\/wp\/v2\/media?parent=3897"}],"wp:term":[{"taxonomy":"product_brand","embeddable":true,"href":"https:\/\/www.yongjianceramic.com\/es\/wp-json\/wp\/v2\/product_brand?post=3897"},{"taxonomy":"product_cat","embeddable":true,"href":"https:\/\/www.yongjianceramic.com\/es\/wp-json\/wp\/v2\/product_cat?post=3897"},{"taxonomy":"product_tag","embeddable":true,"href":"https:\/\/www.yongjianceramic.com\/es\/wp-json\/wp\/v2\/product_tag?post=3897"}],"curies":[{"name":"wp","href":"https:\/\/api.w.org\/{rel}","templated":true}]}}