{"id":3927,"date":"2024-12-21T09:51:19","date_gmt":"2024-12-21T01:51:19","guid":{"rendered":"https:\/\/www.yongjianceramic.com\/?post_type=product&#038;p=3927"},"modified":"2025-01-07T10:45:56","modified_gmt":"2025-01-07T02:45:56","slug":"wholesale-tableware","status":"publish","type":"product","link":"https:\/\/www.yongjianceramic.com\/es\/producto\/wholesale-tableware\/","title":{"rendered":"Reactive Glaze Vajilla al por mayor, Platos de cer\u00e1mica Taz\u00f3n a granel"},"content":{"rendered":"<div class=\"wp-block-columns is-layout-flex wp-container-core-columns-is-layout-9d6595d7 wp-block-columns-is-layout-flex\">\n<div class=\"wp-block-column is-layout-flow wp-block-column-is-layout-flow\"><\/div>\n\n\n\n<div class=\"wp-block-column is-layout-flow wp-block-column-is-layout-flow\"><\/div>\n<\/div>\n\n\n\n<div class=\"wp-block-columns is-layout-flex wp-container-core-columns-is-layout-9d6595d7 wp-block-columns-is-layout-flex\">\n<div class=\"wp-block-column is-layout-flow wp-block-column-is-layout-flow\">\n<h2 class=\"wp-block-heading\">Vajilla al por mayor de primera calidad Caracter\u00edsticas:<\/h2>\n\n\n\n<ul class=\"wp-block-list\">\n<li><strong>Dise\u00f1o retro japon\u00e9s, est\u00e9tica caf\u00e9 dorado: <\/strong>Adoptando un estilo retro japon\u00e9s \u00fanico, el esmalte dorado caf\u00e9 de esta vajilla al por mayor es elegante y atmosf\u00e9rico, mostrando la combinaci\u00f3n perfecta de cl\u00e1sico y moderno, a\u00f1adiendo sentido art\u00edstico y gusto al ambiente del comedor.<\/li>\n\n\n\n<li><strong>M\u00faltiples tipos de utensilios para satisfacer las necesidades de m\u00faltiples escenas: <\/strong>Este juego de vajilla de restaurante al por mayor incluye una gran variedad de tipos, como platos llanos, soperas, ensaladeras, etc., para satisfacer diferentes necesidades culinarias, apto para desayunos, almuerzos, cenas y banquetes.<\/li>\n\n\n\n<li><strong>Esmalte de alta calidad, duradero y f\u00e1cil de limpiar: <\/strong>La superficie de esta vajilla al por mayor creada mediante el proceso de esmaltado por reacci\u00f3n es suave y delicada, resistente a los ara\u00f1azos y al desgaste, f\u00e1cil de limpiar y mantiene el brillo durante mucho tiempo. Es adecuada para el uso frecuente en hoteles, restaurantes y comedores familiares.<\/li>\n\n\n\n<li><strong>Suministro al por mayor para satisfacer las compras al por mayor: <\/strong>Apoyar las compras al por mayor a gran escala de vajilla de restaurante al por mayor para satisfacer las necesidades de uso diario a gran escala de hoteles, restaurantes y cadenas de empresas de catering, y proporcionar soluciones rentables de adquisici\u00f3n de vajilla.<\/li>\n<\/ul>\n<\/div>\n\n\n\n<div class=\"wp-block-column is-layout-flow wp-block-column-is-layout-flow\">\n<figure class=\"wp-block-image size-full\"><img fetchpriority=\"high\" decoding=\"async\" width=\"800\" height=\"800\" src=\"https:\/\/www.yongjianceramic.com\/wp-content\/uploads\/2024\/12\/dinnerware-wholesale-bulk-plates-bowl-factory-58.webp\" alt=\"Reactive Glaze Vajilla al por mayor, Platos de cer\u00e1mica Taz\u00f3n Bulk-1\" class=\"wp-image-3992\" srcset=\"https:\/\/www.yongjianceramic.com\/wp-content\/uploads\/2024\/12\/dinnerware-wholesale-bulk-plates-bowl-factory-58.webp 800w, https:\/\/www.yongjianceramic.com\/wp-content\/uploads\/2024\/12\/dinnerware-wholesale-bulk-plates-bowl-factory-58-300x300.webp 300w, https:\/\/www.yongjianceramic.com\/wp-content\/uploads\/2024\/12\/dinnerware-wholesale-bulk-plates-bowl-factory-58-150x150.webp 150w, https:\/\/www.yongjianceramic.com\/wp-content\/uploads\/2024\/12\/dinnerware-wholesale-bulk-plates-bowl-factory-58-768x768.webp 768w, https:\/\/www.yongjianceramic.com\/wp-content\/uploads\/2024\/12\/dinnerware-wholesale-bulk-plates-bowl-factory-58-12x12.webp 12w, https:\/\/www.yongjianceramic.com\/wp-content\/uploads\/2024\/12\/dinnerware-wholesale-bulk-plates-bowl-factory-58-285x285.webp 285w, https:\/\/www.yongjianceramic.com\/wp-content\/uploads\/2024\/12\/dinnerware-wholesale-bulk-plates-bowl-factory-58-270x270.webp 270w, https:\/\/www.yongjianceramic.com\/wp-content\/uploads\/2024\/12\/dinnerware-wholesale-bulk-plates-bowl-factory-58-540x540.webp 540w, https:\/\/www.yongjianceramic.com\/wp-content\/uploads\/2024\/12\/dinnerware-wholesale-bulk-plates-bowl-factory-58-660x660.webp 660w\" sizes=\"(max-width: 800px) 100vw, 800px\" \/><\/figure>\n<\/div>\n<\/div>\n\n\n\n<p><\/p>","protected":false},"excerpt":{"rendered":"<p>Bienvenido a comprar vajilla al por mayor. Este juego de vajilla japonesa marr\u00f3n para restaurantes al por mayor adopta tecnolog\u00eda de esmaltado reactivo de alta calidad e incluye varios tipos, adecuados para hoteles, restaurantes y cenas familiares. Los modelos tienen diferentes tama\u00f1os y formas para los platos y cuencos. El dise\u00f1o retro y elegante se combina con las caracter\u00edsticas de durabilidad y f\u00e1cil limpieza.<\/p>\n<table style=\"border-collapse: collapse; width: 327.02pt;\" border=\"0\" width=\"654\" cellspacing=\"0\" cellpadding=\"0\">\n<tbody>\n<tr style=\"height: 16.50pt;\">\n<td class=\"et3\" style=\"height: 16.50pt; width: 127.20pt;\" width=\"254\" height=\"33\">Fabricante<\/td>\n<td class=\"et3\" style=\"width: 200.15pt;\" width=\"400\">Yongjian<\/td>\n<\/tr>\n<tr style=\"height: 16.50pt;\">\n<td class=\"et3\" style=\"height: 16.50pt;\" height=\"33\">N\u00ba de modelo<\/td>\n<td class=\"et4\" style=\"width: 200.15pt;\" width=\"400\">YJ-095<\/td>\n<\/tr>\n<tr style=\"height: 16.50pt;\">\n<td class=\"et5\" style=\"height: 16.50pt; width: 127.20pt;\" width=\"254\" height=\"33\">Tipo de vajilla<\/td>\n<td class=\"et5\" style=\"width: 200.15pt;\" width=\"400\">Bandejas, Platos, Cuencos<\/td>\n<\/tr>\n<tr style=\"height: 16.50pt;\">\n<td class=\"et3\" style=\"height: 16.50pt;\" height=\"33\">T\u00e9cnica<\/td>\n<td class=\"et3\">Efecto esmaltado en horno<\/td>\n<\/tr>\n<tr style=\"height: 16.50pt;\">\n<td class=\"et3\" style=\"height: 16.50pt;\" height=\"33\">Material<\/td>\n<td class=\"et3\">Porcelana<\/td>\n<\/tr>\n<tr style=\"height: 33.00pt;\">\n<td class=\"et6\" style=\"height: 33.00pt;\" height=\"66\">Aplicable<\/td>\n<td class=\"et5\" style=\"width: 200.15pt;\" width=\"400\">Esterilizador, Lavavajillas, Horno, Microondas<\/td>\n<\/tr>\n<tr style=\"height: 16.50pt;\">\n<td class=\"et3\" style=\"height: 16.50pt;\" height=\"33\">Dimensi\u00f3n<\/td>\n<td class=\"et3\">Como imagen<\/td>\n<\/tr>\n<tr style=\"height: 16.50pt;\">\n<td class=\"et3\" style=\"height: 16.50pt;\" height=\"33\">MOQ<\/td>\n<td class=\"et3\">500 unidades<\/td>\n<\/tr>\n<tr style=\"height: 16.50pt;\">\n<td class=\"et3\" style=\"height: 16.50pt;\" height=\"33\">A medida<\/td>\n<td class=\"et3\">Color\/Tama\u00f1o\/Logotipo\/Embalaje<\/td>\n<\/tr>\n<\/tbody>\n<\/table>","protected":false},"featured_media":3993,"comment_status":"closed","ping_status":"closed","template":"","meta":{"_acf_changed":false},"product_brand":[],"product_cat":[64,87],"product_tag":[88],"class_list":{"0":"post-3927","1":"product","2":"type-product","3":"status-publish","4":"has-post-thumbnail","6":"product_cat-dinnerware-sets","7":"product_cat-tableware-wholesale","8":"product_tag-japanese-style-dinnerware-set-wholesale","10":"first","11":"instock","12":"shipping-taxable","13":"product-type-simple"},"acf":[],"_links":{"self":[{"href":"https:\/\/www.yongjianceramic.com\/es\/wp-json\/wp\/v2\/product\/3927","targetHints":{"allow":["GET"]}}],"collection":[{"href":"https:\/\/www.yongjianceramic.com\/es\/wp-json\/wp\/v2\/product"}],"about":[{"href":"https:\/\/www.yongjianceramic.com\/es\/wp-json\/wp\/v2\/types\/product"}],"replies":[{"embeddable":true,"href":"https:\/\/www.yongjianceramic.com\/es\/wp-json\/wp\/v2\/comments?post=3927"}],"wp:featuredmedia":[{"embeddable":true,"href":"https:\/\/www.yongjianceramic.com\/es\/wp-json\/wp\/v2\/media\/3993"}],"wp:attachment":[{"href":"https:\/\/www.yongjianceramic.com\/es\/wp-json\/wp\/v2\/media?parent=3927"}],"wp:term":[{"taxonomy":"product_brand","embeddable":true,"href":"https:\/\/www.yongjianceramic.com\/es\/wp-json\/wp\/v2\/product_brand?post=3927"},{"taxonomy":"product_cat","embeddable":true,"href":"https:\/\/www.yongjianceramic.com\/es\/wp-json\/wp\/v2\/product_cat?post=3927"},{"taxonomy":"product_tag","embeddable":true,"href":"https:\/\/www.yongjianceramic.com\/es\/wp-json\/wp\/v2\/product_tag?post=3927"}],"curies":[{"name":"wp","href":"https:\/\/api.w.org\/{rel}","templated":true}]}}