{"id":3998,"date":"2024-12-21T10:03:19","date_gmt":"2024-12-21T02:03:19","guid":{"rendered":"https:\/\/www.yongjianceramic.com\/?post_type=product&#038;p=3998"},"modified":"2025-01-07T10:36:32","modified_gmt":"2025-01-07T02:36:32","slug":"tableware-wholesale","status":"publish","type":"product","link":"https:\/\/www.yongjianceramic.com\/es\/producto\/tableware-wholesale\/","title":{"rendered":"Vajilla de Cer\u00e1mica Negra al por mayor, Platos, Tazones, Tazas y Platillos al por mayor"},"content":{"rendered":"<div class=\"wp-block-columns is-layout-flex wp-container-core-columns-is-layout-9d6595d7 wp-block-columns-is-layout-flex\">\n<div class=\"wp-block-column is-layout-flow wp-block-column-is-layout-flow\">\n<h2 class=\"wp-block-heading\">Vajilla Premium al por mayor Caracter\u00edsticas:<\/h2>\n\n\n\n<ul class=\"wp-block-list\">\n<li><strong>Misterioso y elegante dise\u00f1o \"Starry Black\": <\/strong>Esta vajilla al por mayor ser adopta la tecnolog\u00eda de esmalte activo negro, el esmalte es como el cielo de la noche profunda, y el brillo sutil delicada textura crea un temperamento misterioso y noble, que es muy impactante visualmente.<\/li>\n\n\n\n<li><strong>Varias formas para satisfacer las necesidades de m\u00faltiples escenas: <\/strong>Nuestra vajilla de restaurante al por mayor incluye platos, cuencos, tazas, platillos y otras formas a granel, que pueden combinarse libremente, adecuados para servicios de catering de m\u00faltiples escenarios en restaurantes, hoteles, cafeter\u00edas y banquetes de alto nivel.<\/li>\n\n\n\n<li><strong>Cer\u00e1mica de alta calidad, alta temperatura y resistencia al rayado:<\/strong> Adoptando materiales cer\u00e1micos de alta calidad, alta temperatura y resistencia a los ara\u00f1azos, nuestra vajilla al por mayor no deja marcas f\u00e1cilmente en el uso diario, asegurando que sea duradera y nueva, adecuada para entornos de restauraci\u00f3n comercial que se utilizan con frecuencia.<\/li>\n\n\n\n<li><strong>Personalizaci\u00f3n masiva, soporte de necesidades personalizadas: <\/strong>Proporcionamos servicios de adquisici\u00f3n y personalizaci\u00f3n al por mayor de vajilla para restaurantes, y podemos personalizar el logotipo y el dise\u00f1o exclusivo seg\u00fan las necesidades de la marca para mejorar la imagen de marca y satisfacer las necesidades personalizadas de las empresas de catering.<\/li>\n<\/ul>\n<\/div>\n\n\n\n<div class=\"wp-block-column is-layout-flow wp-block-column-is-layout-flow\">\n<figure class=\"wp-block-image size-full\"><img fetchpriority=\"high\" decoding=\"async\" width=\"800\" height=\"800\" src=\"https:\/\/www.yongjianceramic.com\/wp-content\/uploads\/2024\/12\/Black-Ceramic-Tableware-Wholesale-Custom-Plate-Cup-and-Saucer-12.webp\" alt=\"Vajilla de Cer\u00e1mica Negra al por mayor, Platos, cuencos, tazas y platillos a granel-1\" class=\"wp-image-4010\" srcset=\"https:\/\/www.yongjianceramic.com\/wp-content\/uploads\/2024\/12\/Black-Ceramic-Tableware-Wholesale-Custom-Plate-Cup-and-Saucer-12.webp 800w, https:\/\/www.yongjianceramic.com\/wp-content\/uploads\/2024\/12\/Black-Ceramic-Tableware-Wholesale-Custom-Plate-Cup-and-Saucer-12-300x300.webp 300w, https:\/\/www.yongjianceramic.com\/wp-content\/uploads\/2024\/12\/Black-Ceramic-Tableware-Wholesale-Custom-Plate-Cup-and-Saucer-12-150x150.webp 150w, https:\/\/www.yongjianceramic.com\/wp-content\/uploads\/2024\/12\/Black-Ceramic-Tableware-Wholesale-Custom-Plate-Cup-and-Saucer-12-768x768.webp 768w, https:\/\/www.yongjianceramic.com\/wp-content\/uploads\/2024\/12\/Black-Ceramic-Tableware-Wholesale-Custom-Plate-Cup-and-Saucer-12-12x12.webp 12w, https:\/\/www.yongjianceramic.com\/wp-content\/uploads\/2024\/12\/Black-Ceramic-Tableware-Wholesale-Custom-Plate-Cup-and-Saucer-12-285x285.webp 285w, https:\/\/www.yongjianceramic.com\/wp-content\/uploads\/2024\/12\/Black-Ceramic-Tableware-Wholesale-Custom-Plate-Cup-and-Saucer-12-270x270.webp 270w, https:\/\/www.yongjianceramic.com\/wp-content\/uploads\/2024\/12\/Black-Ceramic-Tableware-Wholesale-Custom-Plate-Cup-and-Saucer-12-540x540.webp 540w, https:\/\/www.yongjianceramic.com\/wp-content\/uploads\/2024\/12\/Black-Ceramic-Tableware-Wholesale-Custom-Plate-Cup-and-Saucer-12-660x660.webp 660w\" sizes=\"(max-width: 800px) 100vw, 800px\" \/><\/figure>\n<\/div>\n<\/div>","protected":false},"excerpt":{"rendered":"<p>Bienvenido a comprar vajilla al por mayor. Esta vajilla de restaurante esmaltada reactiva negra al por mayor es como el profundo cielo estrellado, que desprende un temperamento misterioso y noble. Varias formas, incluyendo platos al por mayor, cuencos, tazas y platillos, son adecuados para los servicios de comedor multi-escena, tales como hoteles, restaurantes, cafeter\u00edas, etc.\u00a0<\/p>\n<table style=\"border-collapse: collapse; width: 327.02pt;\" border=\"0\" width=\"654\" cellspacing=\"0\" cellpadding=\"0\">\n<tbody>\n<tr style=\"height: 16.50pt;\">\n<td class=\"et3\" style=\"height: 16.50pt; width: 127.20pt;\" width=\"254\" height=\"33\">Fabricante<\/td>\n<td class=\"et3\" style=\"width: 200.15pt;\" width=\"400\">Yongjian<\/td>\n<\/tr>\n<tr style=\"height: 16.50pt;\">\n<td class=\"et3\" style=\"height: 16.50pt;\" height=\"33\">N\u00ba de modelo<\/td>\n<td class=\"et4\" style=\"width: 200.15pt;\" width=\"400\">YJ-96<\/td>\n<\/tr>\n<tr style=\"height: 16.50pt;\">\n<td class=\"et5\" style=\"height: 16.50pt; width: 127.20pt;\" width=\"254\" height=\"33\">Tipo de vajilla<\/td>\n<td class=\"et5\" style=\"width: 200.15pt;\" width=\"400\">Bandejas, Platos, Cuencos<\/td>\n<\/tr>\n<tr style=\"height: 16.50pt;\">\n<td class=\"et3\" style=\"height: 16.50pt;\" height=\"33\">T\u00e9cnica<\/td>\n<td class=\"et3\">Efecto esmaltado en horno<\/td>\n<\/tr>\n<tr style=\"height: 16.50pt;\">\n<td class=\"et3\" style=\"height: 16.50pt;\" height=\"33\">Material<\/td>\n<td class=\"et3\">Porcelana<\/td>\n<\/tr>\n<tr style=\"height: 33.00pt;\">\n<td class=\"et6\" style=\"height: 33.00pt;\" height=\"66\">Aplicable<\/td>\n<td class=\"et5\" style=\"width: 200.15pt;\" width=\"400\">Esterilizador, Lavavajillas, Horno, Microondas<\/td>\n<\/tr>\n<tr style=\"height: 16.50pt;\">\n<td class=\"et3\" style=\"height: 16.50pt;\" height=\"33\">Dimensi\u00f3n<\/td>\n<td class=\"et3\">Como imagen<\/td>\n<\/tr>\n<tr style=\"height: 16.50pt;\">\n<td class=\"et3\" style=\"height: 16.50pt;\" height=\"33\">MOQ<\/td>\n<td class=\"et3\">500 unidades<\/td>\n<\/tr>\n<tr style=\"height: 16.50pt;\">\n<td class=\"et3\" style=\"height: 16.50pt;\" height=\"33\">A medida<\/td>\n<td class=\"et3\">Color\/Tama\u00f1o\/Logotipo\/Embalaje<\/td>\n<\/tr>\n<\/tbody>\n<\/table>","protected":false},"featured_media":4011,"comment_status":"closed","ping_status":"closed","template":"","meta":{"_acf_changed":false},"product_brand":[],"product_cat":[64,82],"product_tag":[81],"class_list":{"0":"post-3998","1":"product","2":"type-product","3":"status-publish","4":"has-post-thumbnail","6":"product_cat-dinnerware-sets","7":"product_cat-bulk-dinnerware-sets","8":"product_tag-modern-design-dinnerware-set-wholesale","10":"first","11":"instock","12":"shipping-taxable","13":"product-type-simple"},"acf":[],"_links":{"self":[{"href":"https:\/\/www.yongjianceramic.com\/es\/wp-json\/wp\/v2\/product\/3998","targetHints":{"allow":["GET"]}}],"collection":[{"href":"https:\/\/www.yongjianceramic.com\/es\/wp-json\/wp\/v2\/product"}],"about":[{"href":"https:\/\/www.yongjianceramic.com\/es\/wp-json\/wp\/v2\/types\/product"}],"replies":[{"embeddable":true,"href":"https:\/\/www.yongjianceramic.com\/es\/wp-json\/wp\/v2\/comments?post=3998"}],"wp:featuredmedia":[{"embeddable":true,"href":"https:\/\/www.yongjianceramic.com\/es\/wp-json\/wp\/v2\/media\/4011"}],"wp:attachment":[{"href":"https:\/\/www.yongjianceramic.com\/es\/wp-json\/wp\/v2\/media?parent=3998"}],"wp:term":[{"taxonomy":"product_brand","embeddable":true,"href":"https:\/\/www.yongjianceramic.com\/es\/wp-json\/wp\/v2\/product_brand?post=3998"},{"taxonomy":"product_cat","embeddable":true,"href":"https:\/\/www.yongjianceramic.com\/es\/wp-json\/wp\/v2\/product_cat?post=3998"},{"taxonomy":"product_tag","embeddable":true,"href":"https:\/\/www.yongjianceramic.com\/es\/wp-json\/wp\/v2\/product_tag?post=3998"}],"curies":[{"name":"wp","href":"https:\/\/api.w.org\/{rel}","templated":true}]}}