{"id":4018,"date":"2024-12-28T14:24:03","date_gmt":"2024-12-28T06:24:03","guid":{"rendered":"https:\/\/www.yongjianceramic.com\/?post_type=product&#038;p=4018"},"modified":"2025-01-07T10:35:54","modified_gmt":"2025-01-07T02:35:54","slug":"dinner-set-wholesale","status":"publish","type":"product","link":"https:\/\/www.yongjianceramic.com\/es\/producto\/dinner-set-wholesale\/","title":{"rendered":"Vajilla de Cer\u00e1mica al por mayor, Platos, Tazones, Tazas a granel"},"content":{"rendered":"<div class=\"wp-block-columns is-layout-flex wp-container-core-columns-is-layout-9d6595d7 wp-block-columns-is-layout-flex\">\n<div class=\"wp-block-column is-layout-flow wp-block-column-is-layout-flow\">\n<h2 class=\"wp-block-heading\">Vajilla Premium al por mayor Caracter\u00edsticas:<\/h2>\n\n\n\n<ul class=\"wp-block-list\">\n<li><strong>Dise\u00f1o gris jaspeado, estilo de lujo de gama superalta:<\/strong> El esmalte gris jaspeado de esta vajilla al por mayor fabricada mediante la tecnolog\u00eda japonesa de esmaltado reactivo tiene una textura \u00fanica y natural, presentando una est\u00e9tica sencilla y de lujo de gama alta, realzando el estilo del ambiente del comedor.<\/li>\n\n\n\n<li><strong>Formas ricas para satisfacer las necesidades de m\u00faltiples escenas: <\/strong>Esta vajilla de restaurante de estilo janpan\u00e9s al por mayor Incluye una gran variedad de formas, como platos llanos, soperas, tazas de t\u00e9, etc., adecuadas para las diversas escenas gastron\u00f3micas de hoteles, restaurantes y caterings de alto nivel, teniendo en cuenta la practicidad y la est\u00e9tica de la vajilla.<\/li>\n\n\n\n<li><strong>Material cer\u00e1mico duradero, excelente calidad: <\/strong>Seleccionamos cer\u00e1mica de alta calidad para garantizar que nuestras vajillas al por mayor sean robustas y duraderas, resistentes a las altas temperaturas y a los ara\u00f1azos, lo que garantiza un uso a largo plazo, especialmente adecuado para entornos de restauraci\u00f3n comercial de alta frecuencia.<\/li>\n\n\n\n<li><strong>Servicio de personalizaci\u00f3n por lotes para resaltar la personalidad de la marca: <\/strong>Proporcionamos servicios de producci\u00f3n en serie y personalizaci\u00f3n de vajillas de restaurante al por mayor, y podemos dise\u00f1ar logotipos y estilos exclusivos seg\u00fan las necesidades para ayudar a las empresas de catering a crear una imagen de marca \u00fanica,fabricante al por mayor.<\/li>\n<\/ul>\n<\/div>\n\n\n\n<div class=\"wp-block-column is-layout-flow wp-block-column-is-layout-flow\">\n<figure class=\"wp-block-image size-full\"><img fetchpriority=\"high\" decoding=\"async\" width=\"750\" height=\"1093\" src=\"https:\/\/www.yongjianceramic.com\/wp-content\/uploads\/2024\/12\/ceramic-crockery-dish-wholesale-custom-dinnerware-manufacturer-12.webp\" alt=\"Vajilla de Cer\u00e1mica al por mayor, Platos, Tazones y Tazas a granel-8\" class=\"wp-image-4029\" srcset=\"https:\/\/www.yongjianceramic.com\/wp-content\/uploads\/2024\/12\/ceramic-crockery-dish-wholesale-custom-dinnerware-manufacturer-12.webp 750w, https:\/\/www.yongjianceramic.com\/wp-content\/uploads\/2024\/12\/ceramic-crockery-dish-wholesale-custom-dinnerware-manufacturer-12-206x300.webp 206w, https:\/\/www.yongjianceramic.com\/wp-content\/uploads\/2024\/12\/ceramic-crockery-dish-wholesale-custom-dinnerware-manufacturer-12-8x12.webp 8w, https:\/\/www.yongjianceramic.com\/wp-content\/uploads\/2024\/12\/ceramic-crockery-dish-wholesale-custom-dinnerware-manufacturer-12-285x415.webp 285w, https:\/\/www.yongjianceramic.com\/wp-content\/uploads\/2024\/12\/ceramic-crockery-dish-wholesale-custom-dinnerware-manufacturer-12-453x660.webp 453w, https:\/\/www.yongjianceramic.com\/wp-content\/uploads\/2024\/12\/ceramic-crockery-dish-wholesale-custom-dinnerware-manufacturer-12-103x150.webp 103w\" sizes=\"(max-width: 750px) 100vw, 750px\" \/><\/figure>\n<\/div>\n<\/div>","protected":false},"excerpt":{"rendered":"<div class=\"lRu31\" dir=\"ltr\">Bienvenido a comprar vajilla al por mayor. Esta vajilla de restaurante esmaltada reactiva japonesa al por mayor combina el lujo ligero y los estilos retro, con una variedad de formas, adecuadas para hoteles, restaurantes y escenas de catering de gama alta. Los materiales cer\u00e1micos de alta calidad son duraderos y pr\u00e1cticos, admiten la personalizaci\u00f3n por lotes y a\u00f1aden una sensaci\u00f3n de calidad sencilla y elegante a los servicios de catering.<\/div>\n<div dir=\"ltr\">\n<table style=\"border-collapse: collapse; width: 327.02pt;\" border=\"0\" width=\"654\" cellspacing=\"0\" cellpadding=\"0\">\n<tbody>\n<tr style=\"height: 16.50pt;\">\n<td class=\"et3\" style=\"height: 16.50pt; width: 127.20pt;\" width=\"254\" height=\"33\">Fabricante<\/td>\n<td class=\"et3\" style=\"width: 200.15pt;\" width=\"400\">Yongjian<\/td>\n<\/tr>\n<tr style=\"height: 16.50pt;\">\n<td class=\"et3\" style=\"height: 16.50pt;\" height=\"33\">N\u00ba de modelo<\/td>\n<td class=\"et4\" style=\"width: 200.15pt;\" width=\"400\">YJ-97<\/td>\n<\/tr>\n<tr style=\"height: 16.50pt;\">\n<td class=\"et5\" style=\"height: 16.50pt; width: 127.20pt;\" width=\"254\" height=\"33\">Tipo de vajilla<\/td>\n<td class=\"et5\" style=\"width: 200.15pt;\" width=\"400\">Bandejas, Platos, Cuencos<\/td>\n<\/tr>\n<tr style=\"height: 16.50pt;\">\n<td class=\"et3\" style=\"height: 16.50pt;\" height=\"33\">T\u00e9cnica<\/td>\n<td class=\"et3\">Efecto esmaltado en horno<\/td>\n<\/tr>\n<tr style=\"height: 16.50pt;\">\n<td class=\"et3\" style=\"height: 16.50pt;\" height=\"33\">Material<\/td>\n<td class=\"et3\">Porcelana<\/td>\n<\/tr>\n<tr style=\"height: 33.00pt;\">\n<td class=\"et6\" style=\"height: 33.00pt;\" height=\"66\">Aplicable<\/td>\n<td class=\"et5\" style=\"width: 200.15pt;\" width=\"400\">Esterilizador, Lavavajillas, Horno, Microondas<\/td>\n<\/tr>\n<tr style=\"height: 16.50pt;\">\n<td class=\"et3\" style=\"height: 16.50pt;\" height=\"33\">Dimensi\u00f3n<\/td>\n<td class=\"et3\">Como imagen<\/td>\n<\/tr>\n<tr style=\"height: 16.50pt;\">\n<td class=\"et3\" style=\"height: 16.50pt;\" height=\"33\">MOQ<\/td>\n<td class=\"et3\">500 unidades<\/td>\n<\/tr>\n<tr style=\"height: 16.50pt;\">\n<td class=\"et3\" style=\"height: 16.50pt;\" height=\"33\">A medida<\/td>\n<td class=\"et3\">Color\/Tama\u00f1o\/Logotipo\/Embalaje<\/td>\n<\/tr>\n<\/tbody>\n<\/table>\n<\/div>\n<div class=\"UdTY9 WdefRb\" aria-hidden=\"true\" data-location=\"2\">\u00a0<\/div>","protected":false},"featured_media":4035,"comment_status":"closed","ping_status":"closed","template":"","meta":{"_acf_changed":false},"product_brand":[],"product_cat":[64,87],"product_tag":[88],"class_list":{"0":"post-4018","1":"product","2":"type-product","3":"status-publish","4":"has-post-thumbnail","6":"product_cat-dinnerware-sets","7":"product_cat-tableware-wholesale","8":"product_tag-japanese-style-dinnerware-set-wholesale","10":"first","11":"instock","12":"shipping-taxable","13":"product-type-simple"},"acf":[],"_links":{"self":[{"href":"https:\/\/www.yongjianceramic.com\/es\/wp-json\/wp\/v2\/product\/4018","targetHints":{"allow":["GET"]}}],"collection":[{"href":"https:\/\/www.yongjianceramic.com\/es\/wp-json\/wp\/v2\/product"}],"about":[{"href":"https:\/\/www.yongjianceramic.com\/es\/wp-json\/wp\/v2\/types\/product"}],"replies":[{"embeddable":true,"href":"https:\/\/www.yongjianceramic.com\/es\/wp-json\/wp\/v2\/comments?post=4018"}],"wp:featuredmedia":[{"embeddable":true,"href":"https:\/\/www.yongjianceramic.com\/es\/wp-json\/wp\/v2\/media\/4035"}],"wp:attachment":[{"href":"https:\/\/www.yongjianceramic.com\/es\/wp-json\/wp\/v2\/media?parent=4018"}],"wp:term":[{"taxonomy":"product_brand","embeddable":true,"href":"https:\/\/www.yongjianceramic.com\/es\/wp-json\/wp\/v2\/product_brand?post=4018"},{"taxonomy":"product_cat","embeddable":true,"href":"https:\/\/www.yongjianceramic.com\/es\/wp-json\/wp\/v2\/product_cat?post=4018"},{"taxonomy":"product_tag","embeddable":true,"href":"https:\/\/www.yongjianceramic.com\/es\/wp-json\/wp\/v2\/product_tag?post=4018"}],"curies":[{"name":"wp","href":"https:\/\/api.w.org\/{rel}","templated":true}]}}