{"id":4037,"date":"2024-12-28T15:28:24","date_gmt":"2024-12-28T07:28:24","guid":{"rendered":"https:\/\/www.yongjianceramic.com\/?post_type=product&#038;p=4037"},"modified":"2024-12-28T15:28:28","modified_gmt":"2024-12-28T07:28:28","slug":"wholesale-dinnerware-sets","status":"publish","type":"product","link":"https:\/\/www.yongjianceramic.com\/es\/producto\/wholesale-dinnerware-sets\/","title":{"rendered":"Vajilla al por mayor rosa y verde, Platos y cuencos a granel"},"content":{"rendered":"<div class=\"wp-block-columns is-layout-flex wp-container-core-columns-is-layout-9d6595d7 wp-block-columns-is-layout-flex\">\n<div class=\"wp-block-column is-layout-flow wp-block-column-is-layout-flow\">\n<h2 class=\"wp-block-heading\">Vajilla Mayorista Premium Caracter\u00edsticas:<\/h2>\n\n\n\n<ul class=\"wp-block-list\">\n<li><strong>Dise\u00f1o rosa-verde esmaltado reactivo, belleza fresca y natural:<\/strong> Nuestros juegos de vajilla de cer\u00e1mica al por mayor adoptan un esmaltado reactivo, con una combinaci\u00f3n perfecta de rosa y verde, tonos suaves y naturales, y un sentido tridimensional, creando un juego de vajilla fresco y elegante.<\/li>\n\n\n\n<li><strong>Formas ricas y funciones diversas: <\/strong>Nuestros platos y cuencos a granel presentan una salvaje gama de formas para satisfacer las necesidades gastron\u00f3micas de restaurantes, hoteles y familias, que pueden combinarse y emparejarse libremente para mejorar la diversidad de los servicios gastron\u00f3micos.<\/li>\n\n\n\n<li><strong>Esmalte de alta calidad, duradero y f\u00e1cil de limpiar: <\/strong>Nuestros juegos de vajilla de cer\u00e1mica al por mayor est\u00e1n hechos de cer\u00e1mica cocida a alta temperatura con esmalte suave y delicado, son resistentes a los ara\u00f1azos, resistentes a altas temperaturas, no son f\u00e1ciles de decolorar, y son adecuados para entornos de catering comercial de alta frecuencia.<\/li>\n\n\n\n<li><strong>Servicios de producci\u00f3n en serie y personalizaci\u00f3n: <\/strong>Proporcionamos venta al por mayor directa de f\u00e1brica y personalizaci\u00f3n para platos y cuencos a granel, apoyamos el dise\u00f1o del logotipo y el ajuste del estilo, y ayudamos a las marcas a crear un estilo de vajilla \u00fanico.<\/li>\n<\/ul>\n<\/div>\n\n\n\n<div class=\"wp-block-column is-layout-flow wp-block-column-is-layout-flow\">\n<figure class=\"wp-block-image size-full\"><img fetchpriority=\"high\" decoding=\"async\" width=\"800\" height=\"800\" src=\"https:\/\/www.yongjianceramic.com\/wp-content\/uploads\/2024\/12\/wholesale-bowls-saucer-cup-tableware-set-factory-2.webp\" alt=\"Vajilla Mayorista Rosa y Verde, Platos y Tazones a Granel-1\" class=\"wp-image-4039\" srcset=\"https:\/\/www.yongjianceramic.com\/wp-content\/uploads\/2024\/12\/wholesale-bowls-saucer-cup-tableware-set-factory-2.webp 800w, https:\/\/www.yongjianceramic.com\/wp-content\/uploads\/2024\/12\/wholesale-bowls-saucer-cup-tableware-set-factory-2-300x300.webp 300w, https:\/\/www.yongjianceramic.com\/wp-content\/uploads\/2024\/12\/wholesale-bowls-saucer-cup-tableware-set-factory-2-150x150.webp 150w, https:\/\/www.yongjianceramic.com\/wp-content\/uploads\/2024\/12\/wholesale-bowls-saucer-cup-tableware-set-factory-2-768x768.webp 768w, https:\/\/www.yongjianceramic.com\/wp-content\/uploads\/2024\/12\/wholesale-bowls-saucer-cup-tableware-set-factory-2-12x12.webp 12w, https:\/\/www.yongjianceramic.com\/wp-content\/uploads\/2024\/12\/wholesale-bowls-saucer-cup-tableware-set-factory-2-285x285.webp 285w, https:\/\/www.yongjianceramic.com\/wp-content\/uploads\/2024\/12\/wholesale-bowls-saucer-cup-tableware-set-factory-2-270x270.webp 270w, https:\/\/www.yongjianceramic.com\/wp-content\/uploads\/2024\/12\/wholesale-bowls-saucer-cup-tableware-set-factory-2-540x540.webp 540w, https:\/\/www.yongjianceramic.com\/wp-content\/uploads\/2024\/12\/wholesale-bowls-saucer-cup-tableware-set-factory-2-660x660.webp 660w\" sizes=\"(max-width: 800px) 100vw, 800px\" \/><\/figure>\n<\/div>\n<\/div>","protected":false},"excerpt":{"rendered":"<p>Bienvenido a comprar platos y cuencos al por mayor. Nuestra vajilla de cer\u00e1mica rosa-verde al por mayor tiene colores suaves y frescos, esmalte delicado y tridimensional, y varias formas. Es adecuada para hoteles, restaurantes y necesidades gastron\u00f3micas m\u00faltiples. La artesan\u00eda de alta calidad y los servicios de personalizaci\u00f3n en masa son ideales para crear un entorno de comedor elegante.<\/p>\n<table style=\"border-collapse: collapse; width: 327.02pt;\" border=\"0\" width=\"654\" cellspacing=\"0\" cellpadding=\"0\">\n<tbody>\n<tr style=\"height: 16.50pt;\">\n<td class=\"et3\" style=\"height: 16.50pt; width: 127.20pt;\" width=\"254\" height=\"33\">Fabricante<\/td>\n<td class=\"et3\" style=\"width: 200.15pt;\" width=\"400\">Yongjian<\/td>\n<\/tr>\n<tr style=\"height: 16.50pt;\">\n<td class=\"et3\" style=\"height: 16.50pt;\" height=\"33\">N\u00ba de modelo<\/td>\n<td class=\"et4\" style=\"width: 200.15pt;\" width=\"400\">YJ-98<\/td>\n<\/tr>\n<tr style=\"height: 16.50pt;\">\n<td class=\"et5\" style=\"height: 16.50pt; width: 127.20pt;\" width=\"254\" height=\"33\">Tipo de vajilla<\/td>\n<td class=\"et5\" style=\"width: 200.15pt;\" width=\"400\">Bandejas, Platos, Cuencos<\/td>\n<\/tr>\n<tr style=\"height: 16.50pt;\">\n<td class=\"et3\" style=\"height: 16.50pt;\" height=\"33\">T\u00e9cnica<\/td>\n<td class=\"et3\">Efecto esmaltado en horno<\/td>\n<\/tr>\n<tr style=\"height: 16.50pt;\">\n<td class=\"et3\" style=\"height: 16.50pt;\" height=\"33\">Material<\/td>\n<td class=\"et3\">Porcelana<\/td>\n<\/tr>\n<tr style=\"height: 33.00pt;\">\n<td class=\"et6\" style=\"height: 33.00pt;\" height=\"66\">Aplicable<\/td>\n<td class=\"et5\" style=\"width: 200.15pt;\" width=\"400\">Esterilizador, Lavavajillas, Horno, Microondas<\/td>\n<\/tr>\n<tr style=\"height: 16.50pt;\">\n<td class=\"et3\" style=\"height: 16.50pt;\" height=\"33\">Dimensi\u00f3n<\/td>\n<td class=\"et3\">Como imagen<\/td>\n<\/tr>\n<tr style=\"height: 16.50pt;\">\n<td class=\"et3\" style=\"height: 16.50pt;\" height=\"33\">MOQ<\/td>\n<td class=\"et3\">500 unidades<\/td>\n<\/tr>\n<tr style=\"height: 16.50pt;\">\n<td class=\"et3\" style=\"height: 16.50pt;\" height=\"33\">A medida<\/td>\n<td class=\"et3\">Color\/Tama\u00f1o\/Logotipo\/Embalaje<\/td>\n<\/tr>\n<\/tbody>\n<\/table>","protected":false},"featured_media":4038,"comment_status":"closed","ping_status":"closed","template":"","meta":{"_acf_changed":false},"product_brand":[],"product_cat":[64,82],"product_tag":[81],"class_list":{"0":"post-4037","1":"product","2":"type-product","3":"status-publish","4":"has-post-thumbnail","6":"product_cat-dinnerware-sets","7":"product_cat-bulk-dinnerware-sets","8":"product_tag-modern-design-dinnerware-set-wholesale","10":"first","11":"instock","12":"shipping-taxable","13":"product-type-simple"},"acf":[],"_links":{"self":[{"href":"https:\/\/www.yongjianceramic.com\/es\/wp-json\/wp\/v2\/product\/4037","targetHints":{"allow":["GET"]}}],"collection":[{"href":"https:\/\/www.yongjianceramic.com\/es\/wp-json\/wp\/v2\/product"}],"about":[{"href":"https:\/\/www.yongjianceramic.com\/es\/wp-json\/wp\/v2\/types\/product"}],"replies":[{"embeddable":true,"href":"https:\/\/www.yongjianceramic.com\/es\/wp-json\/wp\/v2\/comments?post=4037"}],"wp:featuredmedia":[{"embeddable":true,"href":"https:\/\/www.yongjianceramic.com\/es\/wp-json\/wp\/v2\/media\/4038"}],"wp:attachment":[{"href":"https:\/\/www.yongjianceramic.com\/es\/wp-json\/wp\/v2\/media?parent=4037"}],"wp:term":[{"taxonomy":"product_brand","embeddable":true,"href":"https:\/\/www.yongjianceramic.com\/es\/wp-json\/wp\/v2\/product_brand?post=4037"},{"taxonomy":"product_cat","embeddable":true,"href":"https:\/\/www.yongjianceramic.com\/es\/wp-json\/wp\/v2\/product_cat?post=4037"},{"taxonomy":"product_tag","embeddable":true,"href":"https:\/\/www.yongjianceramic.com\/es\/wp-json\/wp\/v2\/product_tag?post=4037"}],"curies":[{"name":"wp","href":"https:\/\/api.w.org\/{rel}","templated":true}]}}