{"id":4050,"date":"2024-12-28T14:55:39","date_gmt":"2024-12-28T06:55:39","guid":{"rendered":"https:\/\/www.yongjianceramic.com\/?post_type=product&#038;p=4050"},"modified":"2025-01-07T10:33:41","modified_gmt":"2025-01-07T02:33:41","slug":"restaurant-dinnerware-wholesale","status":"publish","type":"product","link":"https:\/\/www.yongjianceramic.com\/es\/producto\/restaurant-dinnerware-wholesale\/","title":{"rendered":"Vajilla de Restaurante de Esmalte Reactivo al por mayor, Vajilla China a granel"},"content":{"rendered":"<div class=\"wp-block-columns is-layout-flex wp-container-core-columns-is-layout-9d6595d7 wp-block-columns-is-layout-flex\">\n<div class=\"wp-block-column is-layout-flow wp-block-column-is-layout-flow\">\n<h2 class=\"wp-block-heading\">Premium Restaurante Vajilla al por mayor Caracter\u00edsticas:<\/h2>\n\n\n\n<ul class=\"wp-block-list\">\n<li><strong>Dise\u00f1o en degradado p\u00farpura, belleza profunda en capas: <\/strong>La vajilla de restaurante de esmalte reactivo al por mayor adopta un dise\u00f1o de gradiente p\u00farpura oscuro, con capas claras, presentando un efecto visual profundo y elegante, mostrando una textura art\u00edstica \u00fanica.<\/li>\n\n\n\n<li><strong>Varias formas, ampliamente aplicables: <\/strong>Esta vajilla china al por mayor incluye platos llanos, soperas, ensaladeras, fuentes y otras formas, para satisfacer las diversas necesidades gastron\u00f3micas de hoteles, restaurantes y banquetes, teniendo en cuenta la funcionalidad y la est\u00e9tica.<\/li>\n\n\n\n<li><strong>Cer\u00e1mica de alta calidad, duradera: <\/strong>Materiales cer\u00e1micos de alta calidad seleccionados, esta vajilla de restaurante al por mayor es resistente a los ara\u00f1azos y no es f\u00e1cil de decolorar, adecuada para el uso de alta frecuencia, garantizando el brillo y la textura a largo plazo.<\/li>\n\n\n\n<li><strong>Producci\u00f3n en serie OEM y servicios de personalizaci\u00f3n: <\/strong>Ofrecemos servicios de personalizaci\u00f3n de vajillas chinas al por mayor, que pueden dise\u00f1ar de forma flexible estilos y logotipos exclusivos, para ayudar a sus marcas a crear una colecci\u00f3n de vajillas \u00fanica.<\/li>\n<\/ul>\n<\/div>\n\n\n\n<div class=\"wp-block-column is-layout-flow wp-block-column-is-layout-flow\">\n<figure class=\"wp-block-image size-full\"><img fetchpriority=\"high\" decoding=\"async\" width=\"800\" height=\"800\" src=\"https:\/\/www.yongjianceramic.com\/wp-content\/uploads\/2024\/12\/oem-ceramic-dinnerware-bulk-serving-bowls-ceramic-plate-supplier-10.webp\" alt=\"Vajilla de Restaurante de Esmalte Reactivo al por mayor, Vajilla China a granel-1\" class=\"wp-image-4060\" srcset=\"https:\/\/www.yongjianceramic.com\/wp-content\/uploads\/2024\/12\/oem-ceramic-dinnerware-bulk-serving-bowls-ceramic-plate-supplier-10.webp 800w, https:\/\/www.yongjianceramic.com\/wp-content\/uploads\/2024\/12\/oem-ceramic-dinnerware-bulk-serving-bowls-ceramic-plate-supplier-10-300x300.webp 300w, https:\/\/www.yongjianceramic.com\/wp-content\/uploads\/2024\/12\/oem-ceramic-dinnerware-bulk-serving-bowls-ceramic-plate-supplier-10-150x150.webp 150w, https:\/\/www.yongjianceramic.com\/wp-content\/uploads\/2024\/12\/oem-ceramic-dinnerware-bulk-serving-bowls-ceramic-plate-supplier-10-768x768.webp 768w, https:\/\/www.yongjianceramic.com\/wp-content\/uploads\/2024\/12\/oem-ceramic-dinnerware-bulk-serving-bowls-ceramic-plate-supplier-10-12x12.webp 12w, https:\/\/www.yongjianceramic.com\/wp-content\/uploads\/2024\/12\/oem-ceramic-dinnerware-bulk-serving-bowls-ceramic-plate-supplier-10-285x285.webp 285w, https:\/\/www.yongjianceramic.com\/wp-content\/uploads\/2024\/12\/oem-ceramic-dinnerware-bulk-serving-bowls-ceramic-plate-supplier-10-270x270.webp 270w, https:\/\/www.yongjianceramic.com\/wp-content\/uploads\/2024\/12\/oem-ceramic-dinnerware-bulk-serving-bowls-ceramic-plate-supplier-10-540x540.webp 540w, https:\/\/www.yongjianceramic.com\/wp-content\/uploads\/2024\/12\/oem-ceramic-dinnerware-bulk-serving-bowls-ceramic-plate-supplier-10-660x660.webp 660w\" sizes=\"(max-width: 800px) 100vw, 800px\" \/><\/figure>\n<\/div>\n<\/div>","protected":false},"excerpt":{"rendered":"<p><span class=\"jCAhz ChMk0b\"><span class=\"ryNqvb\">Esta vajilla de cer\u00e1mica de dise\u00f1o degradado de color morado oscuro tiene un esmalte profundo y elegante, un rico sentido tridimensional y diversas formas, adecuadas para las necesidades gastron\u00f3micas de hoteles, restaurantes y banquetes.<\/span><\/span> <span class=\"jCAhz ChMk0b\"><span class=\"ryNqvb\">La cer\u00e1mica de alta calidad es duradera y f\u00e1cil de limpiar, admite la personalizaci\u00f3n masiva OEM y es una opci\u00f3n ideal para crear un entorno de comedor de alta gama. El proveedor ofrece servicios de personalizaci\u00f3n y venta al por mayor OEM ODM.<\/span><\/span><\/p>\n<table style=\"border-collapse: collapse; width: 327.02pt;\" border=\"0\" width=\"654\" cellspacing=\"0\" cellpadding=\"0\">\n<tbody>\n<tr style=\"height: 16.50pt;\">\n<td class=\"et3\" style=\"height: 16.50pt; width: 127.20pt;\" width=\"254\" height=\"33\">Fabricante<\/td>\n<td class=\"et3\" style=\"width: 200.15pt;\" width=\"400\">Yongjian<\/td>\n<\/tr>\n<tr style=\"height: 16.50pt;\">\n<td class=\"et3\" style=\"height: 16.50pt;\" height=\"33\">N\u00ba de modelo<\/td>\n<td class=\"et4\" style=\"width: 200.15pt;\" width=\"400\">YJ-99<\/td>\n<\/tr>\n<tr style=\"height: 16.50pt;\">\n<td class=\"et5\" style=\"height: 16.50pt; width: 127.20pt;\" width=\"254\" height=\"33\">Tipo de vajilla<\/td>\n<td class=\"et5\" style=\"width: 200.15pt;\" width=\"400\">Bandejas, Platos, Cuencos<\/td>\n<\/tr>\n<tr style=\"height: 16.50pt;\">\n<td class=\"et3\" style=\"height: 16.50pt;\" height=\"33\">T\u00e9cnica<\/td>\n<td class=\"et3\">Efecto esmaltado en horno<\/td>\n<\/tr>\n<tr style=\"height: 16.50pt;\">\n<td class=\"et3\" style=\"height: 16.50pt;\" height=\"33\">Material<\/td>\n<td class=\"et3\">Porcelana<\/td>\n<\/tr>\n<tr style=\"height: 33.00pt;\">\n<td class=\"et6\" style=\"height: 33.00pt;\" height=\"66\">Aplicable<\/td>\n<td class=\"et5\" style=\"width: 200.15pt;\" width=\"400\">Esterilizador, Lavavajillas, Horno, Microondas<\/td>\n<\/tr>\n<tr style=\"height: 16.50pt;\">\n<td class=\"et3\" style=\"height: 16.50pt;\" height=\"33\">Dimensi\u00f3n<\/td>\n<td class=\"et3\">Como imagen<\/td>\n<\/tr>\n<tr style=\"height: 16.50pt;\">\n<td class=\"et3\" style=\"height: 16.50pt;\" height=\"33\">MOQ<\/td>\n<td class=\"et3\">500 unidades<\/td>\n<\/tr>\n<tr style=\"height: 16.50pt;\">\n<td class=\"et3\" style=\"height: 16.50pt;\" height=\"33\">A medida<\/td>\n<td class=\"et3\">Color\/Tama\u00f1o\/Logotipo\/Embalaje<\/td>\n<\/tr>\n<\/tbody>\n<\/table>","protected":false},"featured_media":4059,"comment_status":"closed","ping_status":"closed","template":"","meta":{"_acf_changed":false},"product_brand":[],"product_cat":[64,82],"product_tag":[81],"class_list":{"0":"post-4050","1":"product","2":"type-product","3":"status-publish","4":"has-post-thumbnail","6":"product_cat-dinnerware-sets","7":"product_cat-bulk-dinnerware-sets","8":"product_tag-modern-design-dinnerware-set-wholesale","10":"first","11":"instock","12":"shipping-taxable","13":"product-type-simple"},"acf":[],"_links":{"self":[{"href":"https:\/\/www.yongjianceramic.com\/es\/wp-json\/wp\/v2\/product\/4050","targetHints":{"allow":["GET"]}}],"collection":[{"href":"https:\/\/www.yongjianceramic.com\/es\/wp-json\/wp\/v2\/product"}],"about":[{"href":"https:\/\/www.yongjianceramic.com\/es\/wp-json\/wp\/v2\/types\/product"}],"replies":[{"embeddable":true,"href":"https:\/\/www.yongjianceramic.com\/es\/wp-json\/wp\/v2\/comments?post=4050"}],"wp:featuredmedia":[{"embeddable":true,"href":"https:\/\/www.yongjianceramic.com\/es\/wp-json\/wp\/v2\/media\/4059"}],"wp:attachment":[{"href":"https:\/\/www.yongjianceramic.com\/es\/wp-json\/wp\/v2\/media?parent=4050"}],"wp:term":[{"taxonomy":"product_brand","embeddable":true,"href":"https:\/\/www.yongjianceramic.com\/es\/wp-json\/wp\/v2\/product_brand?post=4050"},{"taxonomy":"product_cat","embeddable":true,"href":"https:\/\/www.yongjianceramic.com\/es\/wp-json\/wp\/v2\/product_cat?post=4050"},{"taxonomy":"product_tag","embeddable":true,"href":"https:\/\/www.yongjianceramic.com\/es\/wp-json\/wp\/v2\/product_tag?post=4050"}],"curies":[{"name":"wp","href":"https:\/\/api.w.org\/{rel}","templated":true}]}}