{"id":4061,"date":"2024-12-28T14:41:26","date_gmt":"2024-12-28T06:41:26","guid":{"rendered":"https:\/\/www.yongjianceramic.com\/?post_type=product&#038;p=4061"},"modified":"2025-03-01T15:46:55","modified_gmt":"2025-03-01T07:46:55","slug":"wholesale-crockery","status":"publish","type":"product","link":"https:\/\/www.yongjianceramic.com\/es\/producto\/wholesale-crockery\/","title":{"rendered":"Vajilla esmaltada reactiva al por mayor, Vajilla de lujo a granel"},"content":{"rendered":"<div class=\"wp-block-columns is-layout-flex wp-container-core-columns-is-layout-9d6595d7 wp-block-columns-is-layout-flex\">\n<div class=\"wp-block-column is-layout-flow wp-block-column-is-layout-flow\">\n<h2 class=\"wp-block-heading\">Vajilla al por mayor de primera calidad Caracter\u00edsticas:<\/h2>\n\n\n\n<ul class=\"wp-block-list\">\n<li><strong>Tecnolog\u00eda de esmaltado reactivo multicolor, colores flexibles y cambiantes:<\/strong> La tecnolog\u00eda de esmaltado reactivo confiere a esta vajilla al por mayor un dise\u00f1o \u00fanico de colores negro, rojo y azul, igual que la llama azul que arde en la oscuridad, mostrando una variedad de niveles de color, a\u00f1adiendo una atm\u00f3sfera art\u00edstica a la mesa de comedor.<\/li>\n\n\n\n<li><strong>Varias formas, adecuadas para una variedad de escenas de comedor: <\/strong>Esta vajilla de cer\u00e1mica al por mayor ofrece una gran variedad de formas, como platos llanos, soperas, ensaladeras, etc. Estos juegos de vajilla al por mayor satisfacen las diversas necesidades de hoteles, restaurantes y banquetes, y se pueden combinar y combinar libremente.<\/li>\n\n\n\n<li><strong>Esmalte de alta calidad, duradero y pr\u00e1ctico: <\/strong>Nuestra vajilla de alta temperatura al por mayor posee un esmalte suave y hermoso, resistencia a las altas temperaturas y resistencia a los ara\u00f1azos, por lo que puede mantener su belleza despu\u00e9s de un uso prolongado, puede soportar un uso comercial de alta frecuencia.<\/li>\n\n\n\n<li><strong>Reactive Glazed venta directa de f\u00e1brica, soporte de personalizaci\u00f3n:<\/strong> Suministro directo de f\u00e1brica de vajilla de cer\u00e1mica profesional, proporciona servicios de adquisici\u00f3n a granel y personalizaci\u00f3n de vajilla de cer\u00e1mica a granel. Podemos dise\u00f1ar estilos \u00fanicos y logotipos de marca, satisfacer las necesidades personalizadas y ayudar a las marcas de catering a mejorar su imagen.<\/li>\n<\/ul>\n<\/div>\n\n\n\n<div class=\"wp-block-column is-layout-flow wp-block-column-is-layout-flow\">\n<figure class=\"wp-block-image size-full\"><img fetchpriority=\"high\" decoding=\"async\" width=\"800\" height=\"800\" src=\"https:\/\/www.yongjianceramic.com\/wp-content\/uploads\/2024\/12\/Wholesale-Dinnerware-Sets-Plates-In-Bulk-Ceramics-Reactive-Glazed-Supplies-10.webp\" alt=\"Vajilla Esmaltada Reactiva al por Mayor, Vajilla de Lujo Granel-1\" class=\"wp-image-4071\" srcset=\"https:\/\/www.yongjianceramic.com\/wp-content\/uploads\/2024\/12\/Wholesale-Dinnerware-Sets-Plates-In-Bulk-Ceramics-Reactive-Glazed-Supplies-10.webp 800w, https:\/\/www.yongjianceramic.com\/wp-content\/uploads\/2024\/12\/Wholesale-Dinnerware-Sets-Plates-In-Bulk-Ceramics-Reactive-Glazed-Supplies-10-300x300.webp 300w, https:\/\/www.yongjianceramic.com\/wp-content\/uploads\/2024\/12\/Wholesale-Dinnerware-Sets-Plates-In-Bulk-Ceramics-Reactive-Glazed-Supplies-10-150x150.webp 150w, https:\/\/www.yongjianceramic.com\/wp-content\/uploads\/2024\/12\/Wholesale-Dinnerware-Sets-Plates-In-Bulk-Ceramics-Reactive-Glazed-Supplies-10-768x768.webp 768w, https:\/\/www.yongjianceramic.com\/wp-content\/uploads\/2024\/12\/Wholesale-Dinnerware-Sets-Plates-In-Bulk-Ceramics-Reactive-Glazed-Supplies-10-12x12.webp 12w, https:\/\/www.yongjianceramic.com\/wp-content\/uploads\/2024\/12\/Wholesale-Dinnerware-Sets-Plates-In-Bulk-Ceramics-Reactive-Glazed-Supplies-10-285x285.webp 285w, https:\/\/www.yongjianceramic.com\/wp-content\/uploads\/2024\/12\/Wholesale-Dinnerware-Sets-Plates-In-Bulk-Ceramics-Reactive-Glazed-Supplies-10-270x270.webp 270w, https:\/\/www.yongjianceramic.com\/wp-content\/uploads\/2024\/12\/Wholesale-Dinnerware-Sets-Plates-In-Bulk-Ceramics-Reactive-Glazed-Supplies-10-540x540.webp 540w, https:\/\/www.yongjianceramic.com\/wp-content\/uploads\/2024\/12\/Wholesale-Dinnerware-Sets-Plates-In-Bulk-Ceramics-Reactive-Glazed-Supplies-10-660x660.webp 660w\" sizes=\"(max-width: 800px) 100vw, 800px\" \/><\/figure>\n<\/div>\n<\/div>","protected":false},"excerpt":{"rendered":"<p>Bienvenido a comprar vajilla de cer\u00e1mica al por mayor. Este juego de vajilla esmaltada reactiva al por mayor, con dise\u00f1os de color negro, rojo y azul como llamas ardientes, muestra una variedad de belleza, formas ricas, adecuadas para la hosteler\u00eda y escenas de banquetes. El esmalte es de alta calidad y duradero, es suministrado directamente por la f\u00e1brica y admite personalizaci\u00f3n, por lo que es la mejor opci\u00f3n para crear un ambiente de comedor de alta gama.<\/p>\n<table style=\"border-collapse: collapse; width: 327.02pt;\" border=\"0\" width=\"654\" cellspacing=\"0\" cellpadding=\"0\">\n<tbody>\n<tr style=\"height: 16.50pt;\">\n<td class=\"et3\" style=\"height: 16.50pt; width: 127.20pt;\" width=\"254\" height=\"33\">Fabricante<\/td>\n<td class=\"et3\" style=\"width: 200.15pt;\" width=\"400\">Yongjian<\/td>\n<\/tr>\n<tr style=\"height: 16.50pt;\">\n<td class=\"et3\" style=\"height: 16.50pt;\" height=\"33\">N\u00ba de modelo<\/td>\n<td class=\"et4\" style=\"width: 200.15pt;\" width=\"400\">YJ-100<\/td>\n<\/tr>\n<tr style=\"height: 16.50pt;\">\n<td class=\"et5\" style=\"height: 16.50pt; width: 127.20pt;\" width=\"254\" height=\"33\">Tipo de vajilla<\/td>\n<td class=\"et5\" style=\"width: 200.15pt;\" width=\"400\">Bandejas, Platos, Cuencos<\/td>\n<\/tr>\n<tr style=\"height: 16.50pt;\">\n<td class=\"et3\" style=\"height: 16.50pt;\" height=\"33\">T\u00e9cnica<\/td>\n<td class=\"et3\">Efecto esmaltado en horno<\/td>\n<\/tr>\n<tr style=\"height: 16.50pt;\">\n<td class=\"et3\" style=\"height: 16.50pt;\" height=\"33\">Material<\/td>\n<td class=\"et3\">Porcelana<\/td>\n<\/tr>\n<tr style=\"height: 33.00pt;\">\n<td class=\"et6\" style=\"height: 33.00pt;\" height=\"66\">Aplicable<\/td>\n<td class=\"et5\" style=\"width: 200.15pt;\" width=\"400\">Esterilizador, Lavavajillas, Horno, Microondas<\/td>\n<\/tr>\n<tr style=\"height: 16.50pt;\">\n<td class=\"et3\" style=\"height: 16.50pt;\" height=\"33\">Dimensi\u00f3n<\/td>\n<td class=\"et3\">Como imagen<\/td>\n<\/tr>\n<tr style=\"height: 16.50pt;\">\n<td class=\"et3\" style=\"height: 16.50pt;\" height=\"33\">MOQ<\/td>\n<td class=\"et3\">500 unidades<\/td>\n<\/tr>\n<tr style=\"height: 16.50pt;\">\n<td class=\"et3\" style=\"height: 16.50pt;\" height=\"33\">A medida<\/td>\n<td class=\"et3\">Color\/Tama\u00f1o\/Logotipo\/Embalaje<\/td>\n<\/tr>\n<\/tbody>\n<\/table>","protected":false},"featured_media":4074,"comment_status":"closed","ping_status":"closed","template":"","meta":{"_acf_changed":false},"product_brand":[],"product_cat":[64,82],"product_tag":[81],"class_list":{"0":"post-4061","1":"product","2":"type-product","3":"status-publish","4":"has-post-thumbnail","6":"product_cat-dinnerware-sets","7":"product_cat-bulk-dinnerware-sets","8":"product_tag-modern-design-dinnerware-set-wholesale","10":"first","11":"instock","12":"shipping-taxable","13":"product-type-simple"},"acf":[],"_links":{"self":[{"href":"https:\/\/www.yongjianceramic.com\/es\/wp-json\/wp\/v2\/product\/4061","targetHints":{"allow":["GET"]}}],"collection":[{"href":"https:\/\/www.yongjianceramic.com\/es\/wp-json\/wp\/v2\/product"}],"about":[{"href":"https:\/\/www.yongjianceramic.com\/es\/wp-json\/wp\/v2\/types\/product"}],"replies":[{"embeddable":true,"href":"https:\/\/www.yongjianceramic.com\/es\/wp-json\/wp\/v2\/comments?post=4061"}],"wp:featuredmedia":[{"embeddable":true,"href":"https:\/\/www.yongjianceramic.com\/es\/wp-json\/wp\/v2\/media\/4074"}],"wp:attachment":[{"href":"https:\/\/www.yongjianceramic.com\/es\/wp-json\/wp\/v2\/media?parent=4061"}],"wp:term":[{"taxonomy":"product_brand","embeddable":true,"href":"https:\/\/www.yongjianceramic.com\/es\/wp-json\/wp\/v2\/product_brand?post=4061"},{"taxonomy":"product_cat","embeddable":true,"href":"https:\/\/www.yongjianceramic.com\/es\/wp-json\/wp\/v2\/product_cat?post=4061"},{"taxonomy":"product_tag","embeddable":true,"href":"https:\/\/www.yongjianceramic.com\/es\/wp-json\/wp\/v2\/product_tag?post=4061"}],"curies":[{"name":"wp","href":"https:\/\/api.w.org\/{rel}","templated":true}]}}