{"id":4085,"date":"2025-01-04T18:49:36","date_gmt":"2025-01-04T10:49:36","guid":{"rendered":"https:\/\/www.yongjianceramic.com\/?post_type=product&#038;p=4085"},"modified":"2025-01-07T10:31:09","modified_gmt":"2025-01-07T02:31:09","slug":"restaurant-crockery-wholesale","status":"publish","type":"product","link":"https:\/\/www.yongjianceramic.com\/es\/producto\/restaurant-crockery-wholesale\/","title":{"rendered":"Vajilla de Restaurante Verde Esmeralda al por mayor, Vajilla esmaltada reactiva a granel"},"content":{"rendered":"<div class=\"wp-block-columns is-layout-flex wp-container-core-columns-is-layout-9d6595d7 wp-block-columns-is-layout-flex\">\n<div class=\"wp-block-column is-layout-flow wp-block-column-is-layout-flow\">\n<h2 class=\"wp-block-heading\">Vajilla de Restaurante Premium al por mayor Caracter\u00edsticas:<\/h2>\n\n\n\n<ul class=\"wp-block-list\">\n<li><strong>Dise\u00f1o esmaltado reactivo verde esmeralda, belleza \u00fanica y elegante: <\/strong>El esmalte de esta vajilla de restaurante al por mayor presenta un efecto de cambio de color verde esmeralda, y el color es tan elegante como el jade natural, mostrando una belleza art\u00edstica \u00fanica y realzando el estilo de la mesa de comedor.<\/li>\n\n\n\n<li><strong>Varias formas para satisfacer las necesidades de m\u00faltiples escenas:<\/strong> Nuestro conjunto de vajilla de cer\u00e1mica al por mayor contiene una variedad de formas, tales como platos de cena, cuencos de sopa, ensaladeras, tazas, etc.vajilla, adecuado para hoteles, restaurantes, caf\u00e9s y escenas de banquetes de gama alta, tanto con sentido pr\u00e1ctico y la decoraci\u00f3n.<\/li>\n\n\n\n<li><strong>Esmalte de alta calidad, duradero y f\u00e1cil de limpiar:<\/strong> Gracias a la tecnolog\u00eda de cocci\u00f3n a alta temperatura, el esmalte de nuestra vajilla de restaurante al por mayor es suave y delicado, resistente a los ara\u00f1azos y no se decolora, adecuado para un uso comercial frecuente y f\u00e1cil de limpiar y mantener.<\/li>\n\n\n\n<li><strong>Reactive Glazed suministro directo de f\u00e1brica, apoyo a la personalizaci\u00f3n a granel: <\/strong>Nuestra vajilla de cer\u00e1mica al por mayor se suministra directamente desde nuestra f\u00e1brica, proporcionando la adquisici\u00f3n a granel y servicios de personalizaci\u00f3n, puede dise\u00f1ar logotipo exclusivo y el estilo de acuerdo a las necesidades de la marca, ayudar a las empresas de catering crear una imagen personalizada<\/li>\n<\/ul>\n<\/div>\n\n\n\n<div class=\"wp-block-column is-layout-flow wp-block-column-is-layout-flow\">\n<figure class=\"wp-block-image size-full\"><img fetchpriority=\"high\" decoding=\"async\" width=\"800\" height=\"800\" src=\"https:\/\/www.yongjianceramic.com\/wp-content\/uploads\/2025\/01\/Custom-Ceramics-Pottery-Supply-Tableware-Wholesale-11.webp\" alt=\"Vajilla de Restaurante Verde Esmeralda al por mayor, Vajilla Esmaltada Reactiva Granel-1\" class=\"wp-image-4096\" srcset=\"https:\/\/www.yongjianceramic.com\/wp-content\/uploads\/2025\/01\/Custom-Ceramics-Pottery-Supply-Tableware-Wholesale-11.webp 800w, https:\/\/www.yongjianceramic.com\/wp-content\/uploads\/2025\/01\/Custom-Ceramics-Pottery-Supply-Tableware-Wholesale-11-300x300.webp 300w, https:\/\/www.yongjianceramic.com\/wp-content\/uploads\/2025\/01\/Custom-Ceramics-Pottery-Supply-Tableware-Wholesale-11-150x150.webp 150w, https:\/\/www.yongjianceramic.com\/wp-content\/uploads\/2025\/01\/Custom-Ceramics-Pottery-Supply-Tableware-Wholesale-11-768x768.webp 768w, https:\/\/www.yongjianceramic.com\/wp-content\/uploads\/2025\/01\/Custom-Ceramics-Pottery-Supply-Tableware-Wholesale-11-12x12.webp 12w, https:\/\/www.yongjianceramic.com\/wp-content\/uploads\/2025\/01\/Custom-Ceramics-Pottery-Supply-Tableware-Wholesale-11-285x285.webp 285w, https:\/\/www.yongjianceramic.com\/wp-content\/uploads\/2025\/01\/Custom-Ceramics-Pottery-Supply-Tableware-Wholesale-11-270x270.webp 270w, https:\/\/www.yongjianceramic.com\/wp-content\/uploads\/2025\/01\/Custom-Ceramics-Pottery-Supply-Tableware-Wholesale-11-540x540.webp 540w, https:\/\/www.yongjianceramic.com\/wp-content\/uploads\/2025\/01\/Custom-Ceramics-Pottery-Supply-Tableware-Wholesale-11-660x660.webp 660w\" sizes=\"(max-width: 800px) 100vw, 800px\" \/><\/figure>\n<\/div>\n<\/div>","protected":false},"excerpt":{"rendered":"<div class=\"lRu31\" dir=\"ltr\">Bienvenido a comprar vajilla de restaurante al por mayor. Esta vajilla de cer\u00e1mica esmaltada reactiva verde esmeralda al por mayor tiene un esmalte vivo y elegante y una gran variedad de formas, adecuada para hosteler\u00eda y banquetes de alto nivel. La cer\u00e1mica de alta calidad y duradera, combinada con el suministro directo de f\u00e1brica y los servicios personalizados, es una opci\u00f3n ideal para realzar la belleza del entorno gastron\u00f3mico y la imagen de marca.<\/div>\n<div dir=\"ltr\">\n<table style=\"border-collapse: collapse; width: 327.02pt;\" border=\"0\" width=\"654\" cellspacing=\"0\" cellpadding=\"0\">\n<tbody>\n<tr style=\"height: 16.50pt;\">\n<td class=\"et3\" style=\"height: 16.50pt; width: 127.20pt;\" width=\"254\" height=\"33\">Fabricante<\/td>\n<td class=\"et3\" style=\"width: 200.15pt;\" width=\"400\">Yongjian<\/td>\n<\/tr>\n<tr style=\"height: 16.50pt;\">\n<td class=\"et3\" style=\"height: 16.50pt;\" height=\"33\">N\u00ba de modelo<\/td>\n<td class=\"et4\" style=\"width: 200.15pt;\" width=\"400\">YJ-101<\/td>\n<\/tr>\n<tr style=\"height: 16.50pt;\">\n<td class=\"et5\" style=\"height: 16.50pt; width: 127.20pt;\" width=\"254\" height=\"33\">Tipo de vajilla<\/td>\n<td class=\"et5\" style=\"width: 200.15pt;\" width=\"400\">Bandejas, Platos, Cuencos<\/td>\n<\/tr>\n<tr style=\"height: 16.50pt;\">\n<td class=\"et3\" style=\"height: 16.50pt;\" height=\"33\">T\u00e9cnica<\/td>\n<td class=\"et3\">Efecto esmaltado en horno<\/td>\n<\/tr>\n<tr style=\"height: 16.50pt;\">\n<td class=\"et3\" style=\"height: 16.50pt;\" height=\"33\">Material<\/td>\n<td class=\"et3\">Porcelana<\/td>\n<\/tr>\n<tr style=\"height: 33.00pt;\">\n<td class=\"et6\" style=\"height: 33.00pt;\" height=\"66\">Aplicable<\/td>\n<td class=\"et5\" style=\"width: 200.15pt;\" width=\"400\">Esterilizador, Lavavajillas, Horno, Microondas<\/td>\n<\/tr>\n<tr style=\"height: 16.50pt;\">\n<td class=\"et3\" style=\"height: 16.50pt;\" height=\"33\">Dimensi\u00f3n<\/td>\n<td class=\"et3\">Como imagen<\/td>\n<\/tr>\n<tr style=\"height: 16.50pt;\">\n<td class=\"et3\" style=\"height: 16.50pt;\" height=\"33\">MOQ<\/td>\n<td class=\"et3\">500 unidades<\/td>\n<\/tr>\n<tr style=\"height: 16.50pt;\">\n<td class=\"et3\" style=\"height: 16.50pt;\" height=\"33\">A medida<\/td>\n<td class=\"et3\">Color\/Tama\u00f1o\/Logotipo\/Embalaje<\/td>\n<\/tr>\n<\/tbody>\n<\/table>\n<\/div>\n<div class=\"UdTY9 WdefRb\" aria-hidden=\"true\" data-location=\"2\">\u00a0<\/div>","protected":false},"featured_media":4094,"comment_status":"closed","ping_status":"closed","template":"","meta":{"_acf_changed":false},"product_brand":[],"product_cat":[64,85],"product_tag":[86],"class_list":{"0":"post-4085","1":"product","2":"type-product","3":"status-publish","4":"has-post-thumbnail","6":"product_cat-dinnerware-sets","7":"product_cat-wholesale-dinnerware-sets","8":"product_tag-oriental-style-dinnerware-wholesale","10":"first","11":"instock","12":"shipping-taxable","13":"product-type-simple"},"acf":[],"_links":{"self":[{"href":"https:\/\/www.yongjianceramic.com\/es\/wp-json\/wp\/v2\/product\/4085","targetHints":{"allow":["GET"]}}],"collection":[{"href":"https:\/\/www.yongjianceramic.com\/es\/wp-json\/wp\/v2\/product"}],"about":[{"href":"https:\/\/www.yongjianceramic.com\/es\/wp-json\/wp\/v2\/types\/product"}],"replies":[{"embeddable":true,"href":"https:\/\/www.yongjianceramic.com\/es\/wp-json\/wp\/v2\/comments?post=4085"}],"wp:featuredmedia":[{"embeddable":true,"href":"https:\/\/www.yongjianceramic.com\/es\/wp-json\/wp\/v2\/media\/4094"}],"wp:attachment":[{"href":"https:\/\/www.yongjianceramic.com\/es\/wp-json\/wp\/v2\/media?parent=4085"}],"wp:term":[{"taxonomy":"product_brand","embeddable":true,"href":"https:\/\/www.yongjianceramic.com\/es\/wp-json\/wp\/v2\/product_brand?post=4085"},{"taxonomy":"product_cat","embeddable":true,"href":"https:\/\/www.yongjianceramic.com\/es\/wp-json\/wp\/v2\/product_cat?post=4085"},{"taxonomy":"product_tag","embeddable":true,"href":"https:\/\/www.yongjianceramic.com\/es\/wp-json\/wp\/v2\/product_tag?post=4085"}],"curies":[{"name":"wp","href":"https:\/\/api.w.org\/{rel}","templated":true}]}}