{"id":4098,"date":"2025-01-04T18:40:08","date_gmt":"2025-01-04T10:40:08","guid":{"rendered":"https:\/\/www.yongjianceramic.com\/?post_type=product&#038;p=4098"},"modified":"2025-01-07T10:32:01","modified_gmt":"2025-01-07T02:32:01","slug":"wholesale-porcelain-dinnerware","status":"publish","type":"product","link":"https:\/\/www.yongjianceramic.com\/es\/producto\/wholesale-porcelain-dinnerware\/","title":{"rendered":"Mayorista Vajillas de Porcelana, Platos y Cuencos R\u00fasticos al por mayor"},"content":{"rendered":"<div class=\"wp-block-columns is-layout-flex wp-container-core-columns-is-layout-9d6595d7 wp-block-columns-is-layout-flex\">\n<div class=\"wp-block-column is-layout-flow wp-block-column-is-layout-flow\">\n<h2 class=\"wp-block-heading\">Vajilla de porcelana al por mayor de primera calidad Caracter\u00edsticas:<\/h2>\n\n\n\n<ul class=\"wp-block-list\">\n<li><strong>Dise\u00f1o degradado retro, que muestra una belleza \u00fanica: <\/strong>Estas vajillas de porcelana al por mayor adoptan la combinaci\u00f3n de colores retro y el dise\u00f1o degradado, con tonos ricos, combinando estilos cl\u00e1sicos y modernos, a\u00f1adiendo un efecto visual \u00fanico a la mesa de comedor.<\/li>\n\n\n\n<li><strong>Textura esmerilada, de alta gama y tacto confortable: <\/strong>La superficie de estos platos y cuencos al por mayor es esmerilada, delicada, antideslizante y duradera, al tiempo que resalta la textura de lujo discreto, aportando m\u00e1s ritual a la experiencia gastron\u00f3mica.<\/li>\n\n\n\n<li><strong>Combinaci\u00f3n de colores, opciones diversificadas: <\/strong>Este juego de vajilla de porcelana al por mayor cubre una variedad de formas tales como platos de cena, tazones de sopa, ensaladeras, etc. El dise\u00f1o de combinaci\u00f3n de colores mixtos hace que la combinaci\u00f3n de vajilla m\u00e1s flexible, adecuado para m\u00faltiples necesidades de la escena, y a\u00f1ade creatividad comedor y diversi\u00f3n.<\/li>\n\n\n\n<li><strong>Venta al por mayor a granel, adecuado para escenas comerciales:<\/strong> Proporcionar platos al por mayor y cuencos con gran precio, especialmente dise\u00f1ado para hoteles, restaurantes y banquetes, con tanto pr\u00e1ctico y ornamental, para satisfacer las necesidades de catering comercial para vajilla de alta calidad.<\/li>\n<\/ul>\n<\/div>\n\n\n\n<div class=\"wp-block-column is-layout-flow wp-block-column-is-layout-flow\">\n<figure class=\"wp-block-image size-full\"><img fetchpriority=\"high\" decoding=\"async\" width=\"750\" height=\"1167\" src=\"https:\/\/www.yongjianceramic.com\/wp-content\/uploads\/2025\/01\/porcelain-china-dinnerware-bulk-ceramic-plates-serving-bowls-wholesale-8.webp\" alt=\"Mayorista Vajilla de Porcelana, Platos y Cuencos R\u00fasticos Bulk-1\" class=\"wp-image-4106\" srcset=\"https:\/\/www.yongjianceramic.com\/wp-content\/uploads\/2025\/01\/porcelain-china-dinnerware-bulk-ceramic-plates-serving-bowls-wholesale-8.webp 750w, https:\/\/www.yongjianceramic.com\/wp-content\/uploads\/2025\/01\/porcelain-china-dinnerware-bulk-ceramic-plates-serving-bowls-wholesale-8-193x300.webp 193w, https:\/\/www.yongjianceramic.com\/wp-content\/uploads\/2025\/01\/porcelain-china-dinnerware-bulk-ceramic-plates-serving-bowls-wholesale-8-8x12.webp 8w, https:\/\/www.yongjianceramic.com\/wp-content\/uploads\/2025\/01\/porcelain-china-dinnerware-bulk-ceramic-plates-serving-bowls-wholesale-8-285x443.webp 285w, https:\/\/www.yongjianceramic.com\/wp-content\/uploads\/2025\/01\/porcelain-china-dinnerware-bulk-ceramic-plates-serving-bowls-wholesale-8-424x660.webp 424w, https:\/\/www.yongjianceramic.com\/wp-content\/uploads\/2025\/01\/porcelain-china-dinnerware-bulk-ceramic-plates-serving-bowls-wholesale-8-96x150.webp 96w\" sizes=\"(max-width: 750px) 100vw, 750px\" \/><\/figure>\n<\/div>\n<\/div>","protected":false},"excerpt":{"rendered":"<div class=\"AxqVh\">\n<div class=\"OPPzxe\">\n<div class=\"QcsUad BDJ8fb BLojaf sMVRZe hCXDsb wneUed\">\n<div class=\"usGWQd\">\n<div class=\"KkbLmb\">\n<div class=\"lRu31\" dir=\"ltr\">Bienvenido a comprar platos y cuencos al por mayor. Esta vajilla de porcelana al por mayor de degradado retro tiene varias formas y colores mezclados, con textura de alta calidad, adecuada para hosteler\u00eda y banquetes de alto nivel. Se suministra al por mayor, combinando belleza y practicidad, y es la mejor opci\u00f3n para realzar el ambiente del comedor.<\/div>\n<\/div>\n<\/div>\n<\/div>\n<\/div>\n<\/div>\n<div class=\"HWmS8\">\n<table style=\"border-collapse: collapse; width: 327.02pt;\" border=\"0\" width=\"654\" cellspacing=\"0\" cellpadding=\"0\">\n<tbody>\n<tr style=\"height: 16.50pt;\">\n<td class=\"et3\" style=\"height: 16.50pt; width: 127.20pt;\" width=\"254\" height=\"33\">Fabricante<\/td>\n<td class=\"et3\" style=\"width: 200.15pt;\" width=\"400\">Yongjian<\/td>\n<\/tr>\n<tr style=\"height: 16.50pt;\">\n<td class=\"et3\" style=\"height: 16.50pt;\" height=\"33\">N\u00ba de modelo<\/td>\n<td class=\"et4\" style=\"width: 200.15pt;\" width=\"400\">YJ-102<\/td>\n<\/tr>\n<tr style=\"height: 16.50pt;\">\n<td class=\"et5\" style=\"height: 16.50pt; width: 127.20pt;\" width=\"254\" height=\"33\">Tipo de vajilla<\/td>\n<td class=\"et5\" style=\"width: 200.15pt;\" width=\"400\">Bandejas, Platos, Cuencos<\/td>\n<\/tr>\n<tr style=\"height: 16.50pt;\">\n<td class=\"et3\" style=\"height: 16.50pt;\" height=\"33\">T\u00e9cnica<\/td>\n<td class=\"et3\">Efecto esmaltado en horno<\/td>\n<\/tr>\n<tr style=\"height: 16.50pt;\">\n<td class=\"et3\" style=\"height: 16.50pt;\" height=\"33\">Material<\/td>\n<td class=\"et3\">Porcelana<\/td>\n<\/tr>\n<tr style=\"height: 33.00pt;\">\n<td class=\"et6\" style=\"height: 33.00pt;\" height=\"66\">Aplicable<\/td>\n<td class=\"et5\" style=\"width: 200.15pt;\" width=\"400\">Esterilizador, Lavavajillas, Horno, Microondas<\/td>\n<\/tr>\n<tr style=\"height: 16.50pt;\">\n<td class=\"et3\" style=\"height: 16.50pt;\" height=\"33\">Dimensi\u00f3n<\/td>\n<td class=\"et3\">Como imagen<\/td>\n<\/tr>\n<tr style=\"height: 16.50pt;\">\n<td class=\"et3\" style=\"height: 16.50pt;\" height=\"33\">MOQ<\/td>\n<td class=\"et3\">500 unidades<\/td>\n<\/tr>\n<tr style=\"height: 16.50pt;\">\n<td class=\"et3\" style=\"height: 16.50pt;\" height=\"33\">A medida<\/td>\n<td class=\"et3\">Color\/Tama\u00f1o\/Logotipo\/Embalaje<\/td>\n<\/tr>\n<\/tbody>\n<\/table>\n<\/div>","protected":false},"featured_media":4108,"comment_status":"closed","ping_status":"closed","template":"","meta":{"_acf_changed":false},"product_brand":[],"product_cat":[64,83],"product_tag":[84],"class_list":{"0":"post-4098","1":"product","2":"type-product","3":"status-publish","4":"has-post-thumbnail","6":"product_cat-dinnerware-sets","7":"product_cat-dinner-sets-wholesale","8":"product_tag-retro-design-dinnerware-wholesale","10":"first","11":"instock","12":"shipping-taxable","13":"product-type-simple"},"acf":[],"_links":{"self":[{"href":"https:\/\/www.yongjianceramic.com\/es\/wp-json\/wp\/v2\/product\/4098","targetHints":{"allow":["GET"]}}],"collection":[{"href":"https:\/\/www.yongjianceramic.com\/es\/wp-json\/wp\/v2\/product"}],"about":[{"href":"https:\/\/www.yongjianceramic.com\/es\/wp-json\/wp\/v2\/types\/product"}],"replies":[{"embeddable":true,"href":"https:\/\/www.yongjianceramic.com\/es\/wp-json\/wp\/v2\/comments?post=4098"}],"wp:featuredmedia":[{"embeddable":true,"href":"https:\/\/www.yongjianceramic.com\/es\/wp-json\/wp\/v2\/media\/4108"}],"wp:attachment":[{"href":"https:\/\/www.yongjianceramic.com\/es\/wp-json\/wp\/v2\/media?parent=4098"}],"wp:term":[{"taxonomy":"product_brand","embeddable":true,"href":"https:\/\/www.yongjianceramic.com\/es\/wp-json\/wp\/v2\/product_brand?post=4098"},{"taxonomy":"product_cat","embeddable":true,"href":"https:\/\/www.yongjianceramic.com\/es\/wp-json\/wp\/v2\/product_cat?post=4098"},{"taxonomy":"product_tag","embeddable":true,"href":"https:\/\/www.yongjianceramic.com\/es\/wp-json\/wp\/v2\/product_tag?post=4098"}],"curies":[{"name":"wp","href":"https:\/\/api.w.org\/{rel}","templated":true}]}}