{"id":4113,"date":"2025-01-04T18:28:56","date_gmt":"2025-01-04T10:28:56","guid":{"rendered":"https:\/\/www.yongjianceramic.com\/?post_type=product&#038;p=4113"},"modified":"2025-03-01T15:40:49","modified_gmt":"2025-03-01T07:40:49","slug":"ceramic-dinner-set-wholesale","status":"publish","type":"product","link":"https:\/\/www.yongjianceramic.com\/es\/producto\/ceramic-dinner-set-wholesale\/","title":{"rendered":"Vajilla de Cer\u00e1mica Brillante al por mayor, Tazas de t\u00e9, cuencos, platos a granel"},"content":{"rendered":"<div class=\"wp-block-columns is-layout-flex wp-container-core-columns-is-layout-9d6595d7 wp-block-columns-is-layout-flex\">\n<div class=\"wp-block-column is-layout-flow wp-block-column-is-layout-flow\">\n<h2 class=\"wp-block-heading\">Vajilla de Cer\u00e1mica Premium al por mayor Caracter\u00edsticas:<\/h2>\n\n\n\n<ul class=\"wp-block-list\">\n<li><strong>Atrovirens esmalte brillante, como un bosque verde: <\/strong>El esmalte de esta vajilla de cer\u00e1mica al por mayor presenta un verde aurora retro, brillante y profundo, como entrar en un exuberante bosque verde de otro mundo, y tiene el efecto de una sensaci\u00f3n natural sofisticada en la mesa.<\/li>\n\n\n\n<li><strong>Esmalte de alto brillo, excelente sensaci\u00f3n visual y t\u00e1ctil: <\/strong>El esmalte de alto brillo es liso y suave, a prueba de ara\u00f1azos y no se decolora, lo que no s\u00f3lo realza la textura de esta vajilla china al por mayor, sino que tambi\u00e9n es f\u00e1cil de limpiar y mantener, por lo que resulta id\u00f3nea para eventos de catering comerciales muy concurridos.<\/li>\n\n\n\n<li><strong>Formas lujosas, adecuadas para m\u00faltiples escenas:<\/strong> Esta vajilla de cer\u00e1mica al por mayor se compone de tazas de t\u00e9, platos, cuencos y otras formas, aptas para hosteler\u00eda, salones de t\u00e9, cenas familiares y banquetes, para satisfacer diferentes necesidades de restauraci\u00f3n.<\/li>\n\n\n\n<li><strong>Suministro directo del fabricante, admite personalizaci\u00f3n a granel: <\/strong>Nuestra vajilla china al por mayor es el suministro directo de f\u00e1brica, la prestaci\u00f3n de servicios de personalizaci\u00f3n personalizada, puede dise\u00f1ar logotipos y estilos de acuerdo a las necesidades, y ayudar a la marca a crear una imagen \u00fanica.<\/li>\n<\/ul>\n<\/div>\n\n\n\n<div class=\"wp-block-column is-layout-flow wp-block-column-is-layout-flow\">\n<figure class=\"wp-block-image size-full\"><img fetchpriority=\"high\" decoding=\"async\" width=\"750\" height=\"1161\" src=\"https:\/\/www.yongjianceramic.com\/wp-content\/uploads\/2025\/01\/chinese-porcelain-dinnerware-sets-tea-cup-saucer-ceramic-bowl-manufacturer-1.webp\" alt=\"Vajilla de Cer\u00e1mica Brillante al por Mayor, Tazas de T\u00e9 a Granel, Cuencos, Platos-1\" class=\"wp-image-4114\" srcset=\"https:\/\/www.yongjianceramic.com\/wp-content\/uploads\/2025\/01\/chinese-porcelain-dinnerware-sets-tea-cup-saucer-ceramic-bowl-manufacturer-1.webp 750w, https:\/\/www.yongjianceramic.com\/wp-content\/uploads\/2025\/01\/chinese-porcelain-dinnerware-sets-tea-cup-saucer-ceramic-bowl-manufacturer-1-194x300.webp 194w, https:\/\/www.yongjianceramic.com\/wp-content\/uploads\/2025\/01\/chinese-porcelain-dinnerware-sets-tea-cup-saucer-ceramic-bowl-manufacturer-1-8x12.webp 8w, https:\/\/www.yongjianceramic.com\/wp-content\/uploads\/2025\/01\/chinese-porcelain-dinnerware-sets-tea-cup-saucer-ceramic-bowl-manufacturer-1-285x441.webp 285w, https:\/\/www.yongjianceramic.com\/wp-content\/uploads\/2025\/01\/chinese-porcelain-dinnerware-sets-tea-cup-saucer-ceramic-bowl-manufacturer-1-426x660.webp 426w, https:\/\/www.yongjianceramic.com\/wp-content\/uploads\/2025\/01\/chinese-porcelain-dinnerware-sets-tea-cup-saucer-ceramic-bowl-manufacturer-1-97x150.webp 97w\" sizes=\"(max-width: 750px) 100vw, 750px\" \/><\/figure>\n<\/div>\n<\/div>","protected":false},"excerpt":{"rendered":"<div class=\"lRu31\" dir=\"ltr\">Bienvenido a comprar vajilla de cer\u00e1mica al por mayor. Esta vajilla china brillante atrovirens al por mayor crea un ambiente elegante como un bosque natural con un tono verde aurora retro. Tiene una variedad de formas para juegos de vajilla y es adecuado para hoteles, casas de t\u00e9 y banquetes de alta gama.<\/p>\n<div class=\"OvtS8d\">\u00a0<\/div>\n<div id=\"ow30\">\n<table style=\"border-collapse: collapse; width: 327.02pt;\" border=\"0\" width=\"654\" cellspacing=\"0\" cellpadding=\"0\">\n<tbody>\n<tr style=\"height: 16.50pt;\">\n<td class=\"et3\" style=\"height: 16.50pt; width: 127.20pt;\" width=\"254\" height=\"33\">Fabricante<\/td>\n<td class=\"et3\" style=\"width: 200.15pt;\" width=\"400\">Yongjian<\/td>\n<\/tr>\n<tr style=\"height: 16.50pt;\">\n<td class=\"et3\" style=\"height: 16.50pt;\" height=\"33\">N\u00ba de modelo<\/td>\n<td class=\"et4\" style=\"width: 200.15pt;\" width=\"400\">YJ-103<\/td>\n<\/tr>\n<tr style=\"height: 16.50pt;\">\n<td class=\"et5\" style=\"height: 16.50pt; width: 127.20pt;\" width=\"254\" height=\"33\">Tipo de vajilla<\/td>\n<td class=\"et5\" style=\"width: 200.15pt;\" width=\"400\">Bandejas, Platos, Cuencos<\/td>\n<\/tr>\n<tr style=\"height: 16.50pt;\">\n<td class=\"et3\" style=\"height: 16.50pt;\" height=\"33\">T\u00e9cnica<\/td>\n<td class=\"et3\">Efecto esmaltado en horno<\/td>\n<\/tr>\n<tr style=\"height: 16.50pt;\">\n<td class=\"et3\" style=\"height: 16.50pt;\" height=\"33\">Material<\/td>\n<td class=\"et3\">Porcelana<\/td>\n<\/tr>\n<tr style=\"height: 33.00pt;\">\n<td class=\"et6\" style=\"height: 33.00pt;\" height=\"66\">Aplicable<\/td>\n<td class=\"et5\" style=\"width: 200.15pt;\" width=\"400\">Esterilizador, Lavavajillas, Horno, Microondas<\/td>\n<\/tr>\n<tr style=\"height: 16.50pt;\">\n<td class=\"et3\" style=\"height: 16.50pt;\" height=\"33\">Dimensi\u00f3n<\/td>\n<td class=\"et3\">Como imagen<\/td>\n<\/tr>\n<tr style=\"height: 16.50pt;\">\n<td class=\"et3\" style=\"height: 16.50pt;\" height=\"33\">MOQ<\/td>\n<td class=\"et3\">500 unidades<\/td>\n<\/tr>\n<tr style=\"height: 16.50pt;\">\n<td class=\"et3\" style=\"height: 16.50pt;\" height=\"33\">A medida<\/td>\n<td class=\"et3\">Color\/Tama\u00f1o\/Logotipo\/Embalaje<\/td>\n<\/tr>\n<\/tbody>\n<\/table>\n<\/div>\n<\/div>\n<div class=\"UdTY9 WdefRb\" aria-hidden=\"true\" data-location=\"2\">\u00a0<\/div>","protected":false},"featured_media":4125,"comment_status":"closed","ping_status":"closed","template":"","meta":{"_acf_changed":false},"product_brand":[],"product_cat":[64,85],"product_tag":[86],"class_list":{"0":"post-4113","1":"product","2":"type-product","3":"status-publish","4":"has-post-thumbnail","6":"product_cat-dinnerware-sets","7":"product_cat-wholesale-dinnerware-sets","8":"product_tag-oriental-style-dinnerware-wholesale","10":"first","11":"instock","12":"shipping-taxable","13":"product-type-simple"},"acf":[],"_links":{"self":[{"href":"https:\/\/www.yongjianceramic.com\/es\/wp-json\/wp\/v2\/product\/4113","targetHints":{"allow":["GET"]}}],"collection":[{"href":"https:\/\/www.yongjianceramic.com\/es\/wp-json\/wp\/v2\/product"}],"about":[{"href":"https:\/\/www.yongjianceramic.com\/es\/wp-json\/wp\/v2\/types\/product"}],"replies":[{"embeddable":true,"href":"https:\/\/www.yongjianceramic.com\/es\/wp-json\/wp\/v2\/comments?post=4113"}],"wp:featuredmedia":[{"embeddable":true,"href":"https:\/\/www.yongjianceramic.com\/es\/wp-json\/wp\/v2\/media\/4125"}],"wp:attachment":[{"href":"https:\/\/www.yongjianceramic.com\/es\/wp-json\/wp\/v2\/media?parent=4113"}],"wp:term":[{"taxonomy":"product_brand","embeddable":true,"href":"https:\/\/www.yongjianceramic.com\/es\/wp-json\/wp\/v2\/product_brand?post=4113"},{"taxonomy":"product_cat","embeddable":true,"href":"https:\/\/www.yongjianceramic.com\/es\/wp-json\/wp\/v2\/product_cat?post=4113"},{"taxonomy":"product_tag","embeddable":true,"href":"https:\/\/www.yongjianceramic.com\/es\/wp-json\/wp\/v2\/product_tag?post=4113"}],"curies":[{"name":"wp","href":"https:\/\/api.w.org\/{rel}","templated":true}]}}