{"id":4146,"date":"2025-01-07T11:02:15","date_gmt":"2025-01-07T03:02:15","guid":{"rendered":"https:\/\/www.yongjianceramic.com\/?post_type=product&#038;p=4146"},"modified":"2025-04-20T14:19:13","modified_gmt":"2025-04-20T06:19:13","slug":"wholesale-coffee-cups","status":"publish","type":"product","link":"https:\/\/www.yongjianceramic.com\/es\/producto\/wholesale-coffee-cups\/","title":{"rendered":"Mayorista Tazas de Caf\u00e9, Juego de Taza y Plato de Cer\u00e1mica con Esmalte Reactivo al por Mayor"},"content":{"rendered":"<div class=\"wp-block-columns is-layout-flex wp-container-core-columns-is-layout-9d6595d7 wp-block-columns-is-layout-flex\">\n<div class=\"wp-block-column is-layout-flow wp-block-column-is-layout-flow\">\n<h2 class=\"wp-block-heading\">Tazas de caf\u00e9 al por mayor de primera calidad Caracter\u00edsticas:<\/h2>\n\n\n\n<ul class=\"wp-block-list\">\n<li><strong>Tecnolog\u00eda de cambio de horno, textura \u00fanica: <\/strong>Todas nuestras tazas de caf\u00e9 al por mayor se fabrican mediante la tecnolog\u00eda tradicional de cambio en horno. Cada pieza de la taza y el platillo muestra un color natural \u00fanico y la transformaci\u00f3n de la textura, lo que hace que el producto con un aspecto m\u00e1s art\u00edstico, revela la esencia de la artesan\u00eda, y a\u00f1ade estilo a la cena.<\/li>\n\n\n\n<li><strong>Textura exquisita, tacto delicado: <\/strong>Este juego de taza y plato al por mayor est\u00e1 delicadamente esmaltado, la superficie es lisa y la sensaci\u00f3n es c\u00f3moda. Mientras tanto, la boca de la taza est\u00e1 dise\u00f1ada de acuerdo a la forma del labio, trayendo a los usuarios una experiencia de uso m\u00e1s c\u00f3moda. Tanto para el caf\u00e9 como para el t\u00e9 de la tarde, este juego de taza y plato de cer\u00e1mica refleja refinamiento y calidad.<\/li>\n\n\n\n<li><strong>Una variedad de opciones de color, adecuado para una variedad de estilos: <\/strong>Estas tazas de caf\u00e9 al por mayor vienen en una variedad de opciones de color, y cada tono est\u00e1 cuidadosamente dise\u00f1ado para adaptarse a diferentes escenas de la vida y estilos de hogar. Desde la sencillez cl\u00e1sica a los estilos art\u00edsticos modernos, pueden combinarse perfectamente para satisfacer necesidades personalizadas.<\/li>\n\n\n\n<li><strong>Cer\u00e1mica de alta calidad, duradera y respetuosa con el medio ambiente: <\/strong>Nuestro juego de taza y plato al por mayor est\u00e1 fabricado con materiales de alta calidad, cocido a altas temperaturas con una excelente durabilidad, y con un rendimiento de preservaci\u00f3n del calor. Adem\u00e1s, es seguro y respetuoso con el medio ambiente. Es adecuado para el uso diario y ocasiones de clase alta, una opci\u00f3n ideal para la practicidad y la belleza.<\/li>\n<\/ul>\n<\/div>\n\n\n\n<div class=\"wp-block-column is-vertically-aligned-center is-layout-flow wp-block-column-is-layout-flow\"><div class=\"wp-block-image\">\n<figure class=\"aligncenter size-full\"><img fetchpriority=\"high\" decoding=\"async\" width=\"750\" height=\"750\" src=\"https:\/\/www.yongjianceramic.com\/wp-content\/uploads\/2025\/01\/Wholesale-Coffee-Cups-Reactive-Glaze-Ceramic-Cup-And-Saucer-Set-Bulk-2.webp\" alt=\"Mayorista Tazas de Caf\u00e9, Juego de Taza y Plato de Cer\u00e1mica con Esmalte Reactivo Bulk-2\" class=\"wp-image-4148\" srcset=\"https:\/\/www.yongjianceramic.com\/wp-content\/uploads\/2025\/01\/Wholesale-Coffee-Cups-Reactive-Glaze-Ceramic-Cup-And-Saucer-Set-Bulk-2.webp 750w, https:\/\/www.yongjianceramic.com\/wp-content\/uploads\/2025\/01\/Wholesale-Coffee-Cups-Reactive-Glaze-Ceramic-Cup-And-Saucer-Set-Bulk-2-300x300.webp 300w, https:\/\/www.yongjianceramic.com\/wp-content\/uploads\/2025\/01\/Wholesale-Coffee-Cups-Reactive-Glaze-Ceramic-Cup-And-Saucer-Set-Bulk-2-150x150.webp 150w, https:\/\/www.yongjianceramic.com\/wp-content\/uploads\/2025\/01\/Wholesale-Coffee-Cups-Reactive-Glaze-Ceramic-Cup-And-Saucer-Set-Bulk-2-12x12.webp 12w, https:\/\/www.yongjianceramic.com\/wp-content\/uploads\/2025\/01\/Wholesale-Coffee-Cups-Reactive-Glaze-Ceramic-Cup-And-Saucer-Set-Bulk-2-285x285.webp 285w, https:\/\/www.yongjianceramic.com\/wp-content\/uploads\/2025\/01\/Wholesale-Coffee-Cups-Reactive-Glaze-Ceramic-Cup-And-Saucer-Set-Bulk-2-270x270.webp 270w, https:\/\/www.yongjianceramic.com\/wp-content\/uploads\/2025\/01\/Wholesale-Coffee-Cups-Reactive-Glaze-Ceramic-Cup-And-Saucer-Set-Bulk-2-540x540.webp 540w, https:\/\/www.yongjianceramic.com\/wp-content\/uploads\/2025\/01\/Wholesale-Coffee-Cups-Reactive-Glaze-Ceramic-Cup-And-Saucer-Set-Bulk-2-660x660.webp 660w\" sizes=\"(max-width: 750px) 100vw, 750px\" \/><\/figure>\n<\/div><\/div>\n<\/div>","protected":false},"excerpt":{"rendered":"<p>Bienvenido a comprar tazas de caf\u00e9 al por mayor. Este juego de taza y platillo de cer\u00e1mica de esmalte reactivo al por mayor combina la artesan\u00eda tradicional con el dise\u00f1o moderno. La textura natural \u00fanica y una variedad de opciones de color resaltan el estilo elegante. El suave esmalte y el tacto agradable muestran la calidad. La cer\u00e1mica de alta calidad garantiza la durabilidad y la protecci\u00f3n del medio ambiente.<\/p>\n<table style=\"border-collapse: collapse; width: 322.02pt;\" border=\"0\" width=\"322\" cellspacing=\"0\" cellpadding=\"0\">\n<tbody>\n<tr style=\"height: 17.60pt;\">\n<td class=\"et3\" style=\"height: 17.60pt; width: 120.25pt;\" width=\"120\" height=\"17\">Fabricante<\/td>\n<td class=\"et3\" style=\"width: 202.30pt;\" width=\"202\">Yongjian<\/td>\n<\/tr>\n<tr style=\"height: 18.00pt;\">\n<td class=\"et3\" style=\"height: 18.00pt;\" height=\"18\">N\u00ba de modelo<\/td>\n<td class=\"et4\" style=\"width: 202.30pt;\" width=\"202\">YJ-C03<\/td>\n<\/tr>\n<tr style=\"height: 18.00pt;\">\n<td class=\"et3\" style=\"height: 18.00pt;\" height=\"18\">Tipo de producto<\/td>\n<td class=\"et4\" style=\"width: 202.30pt;\" width=\"202\">Tazas y platillos<\/td>\n<\/tr>\n<tr style=\"height: 17.60pt;\">\n<td class=\"et3\" style=\"height: 17.60pt;\" height=\"17\">Material<\/td>\n<td class=\"et3\">Cer\u00e1mica<\/td>\n<\/tr>\n<tr style=\"height: 17.60pt;\">\n<td class=\"et5\" style=\"height: 17.60pt;\" height=\"17\">Color<\/td>\n<td class=\"et3\">Blanco\/Negro\/Azul oscuro<\/td>\n<\/tr>\n<tr style=\"height: 17.60pt;\">\n<td class=\"et3\" style=\"height: 17.60pt;\" height=\"17\">Dimensi\u00f3n<\/td>\n<td class=\"et3\">Como imagen<\/td>\n<\/tr>\n<tr style=\"height: 17.60pt;\">\n<td class=\"et3\" style=\"height: 17.60pt;\" height=\"17\">Capacidad<\/td>\n<td class=\"et3\">150 ml<\/td>\n<\/tr>\n<tr style=\"height: 17.60pt;\">\n<td class=\"et3\" style=\"height: 17.60pt;\" height=\"17\">MOQ<\/td>\n<td class=\"et3\">500 unidades<\/td>\n<\/tr>\n<tr style=\"height: 17.60pt;\">\n<td class=\"et3\" style=\"height: 17.60pt;\" height=\"17\">A medida<\/td>\n<td class=\"et3\">Color\/Tama\u00f1o\/Logotipo\/Embalaje<\/td>\n<\/tr>\n<\/tbody>\n<\/table>","protected":false},"featured_media":4150,"comment_status":"closed","ping_status":"closed","template":"","meta":{"_acf_changed":false},"product_brand":[],"product_cat":[78,65],"product_tag":[81],"class_list":{"0":"post-4146","1":"product","2":"type-product","3":"status-publish","4":"has-post-thumbnail","6":"product_cat-tea-cups-with-saucers-wholesale","7":"product_cat-wholesale-cups-and-mugs","8":"product_tag-modern-design-dinnerware-set-wholesale","10":"first","11":"instock","12":"shipping-taxable","13":"product-type-simple"},"acf":[],"_links":{"self":[{"href":"https:\/\/www.yongjianceramic.com\/es\/wp-json\/wp\/v2\/product\/4146","targetHints":{"allow":["GET"]}}],"collection":[{"href":"https:\/\/www.yongjianceramic.com\/es\/wp-json\/wp\/v2\/product"}],"about":[{"href":"https:\/\/www.yongjianceramic.com\/es\/wp-json\/wp\/v2\/types\/product"}],"replies":[{"embeddable":true,"href":"https:\/\/www.yongjianceramic.com\/es\/wp-json\/wp\/v2\/comments?post=4146"}],"wp:featuredmedia":[{"embeddable":true,"href":"https:\/\/www.yongjianceramic.com\/es\/wp-json\/wp\/v2\/media\/4150"}],"wp:attachment":[{"href":"https:\/\/www.yongjianceramic.com\/es\/wp-json\/wp\/v2\/media?parent=4146"}],"wp:term":[{"taxonomy":"product_brand","embeddable":true,"href":"https:\/\/www.yongjianceramic.com\/es\/wp-json\/wp\/v2\/product_brand?post=4146"},{"taxonomy":"product_cat","embeddable":true,"href":"https:\/\/www.yongjianceramic.com\/es\/wp-json\/wp\/v2\/product_cat?post=4146"},{"taxonomy":"product_tag","embeddable":true,"href":"https:\/\/www.yongjianceramic.com\/es\/wp-json\/wp\/v2\/product_tag?post=4146"}],"curies":[{"name":"wp","href":"https:\/\/api.w.org\/{rel}","templated":true}]}}