{"id":4155,"date":"2025-01-07T11:25:23","date_gmt":"2025-01-07T03:25:23","guid":{"rendered":"https:\/\/www.yongjianceramic.com\/?post_type=product&#038;p=4155"},"modified":"2025-04-20T14:18:54","modified_gmt":"2025-04-20T06:18:54","slug":"wholesale-coffee-mugs","status":"publish","type":"product","link":"https:\/\/www.yongjianceramic.com\/es\/producto\/wholesale-coffee-mugs\/","title":{"rendered":"Mayorista Tazas de Caf\u00e9 con Tapa de Bamb\u00fa, Tazas de Caf\u00e9 con Esmalte Reactivo al por Mayor"},"content":{"rendered":"<div class=\"wp-block-columns is-layout-flex wp-container-core-columns-is-layout-9d6595d7 wp-block-columns-is-layout-flex\">\n<div class=\"wp-block-column is-layout-flow wp-block-column-is-layout-flow\">\n<h2 class=\"wp-block-heading\">Tazas de caf\u00e9 al por mayor Premium Caracter\u00edsticas:<\/h2>\n\n\n\n<ul class=\"wp-block-list\">\n<li><strong>Tecnolog\u00eda de cambio de horno, efecto visual \u00fanico: <\/strong>Nuestras tazas de caf\u00e9 al por mayor utilizan una exquisita tecnolog\u00eda de cambio de horno, cada taza tiene una textura \u00fanica y transici\u00f3n de color, mostrando la belleza de la naturaleza, combinando el sentido art\u00edstico con el estilo de la moda moderna, a\u00f1adiendo elegancia a la bebida diaria.<\/li>\n\n\n\n<li><strong>Dise\u00f1o de tapa de bamb\u00fa respetuoso con el medio ambiente, a la vez bonito y pr\u00e1ctico:<\/strong> Nuestras tazas de caf\u00e9 a granel se emparejan con tapas de taza de bamb\u00fa natural, que son respetuosas con el medio ambiente y saludables, con una textura c\u00e1lida. No solo evitan el polvo y mantienen el calor, sino que tambi\u00e9n a\u00f1aden elementos naturales al dise\u00f1o general de la taza, equilibrando a la perfecci\u00f3n funcionalidad y est\u00e9tica.<\/li>\n\n\n\n<li><strong>Material cer\u00e1mico de alta calidad, duradero y seguro: <\/strong>Estas tazas de caf\u00e9 al por mayor est\u00e1n fabricadas con materiales cer\u00e1micos de alta calidad y cocidas a altas temperaturas para garantizar que los productos sean resistentes y duraderos, f\u00e1ciles de limpiar y que no absorban olores, satisfaciendo las necesidades de uso a largo plazo, al tiempo que cumplen las normas de seguridad de grado alimentario y se utilizan de forma m\u00e1s segura.<\/li>\n\n\n\n<li><strong>Una variedad de opciones de color para satisfacer necesidades personalizadas: <\/strong>Nuestras tazas de caf\u00e9 a granel ofrecen una variedad de opciones de color, cada color est\u00e1 cuidadosamente dise\u00f1ado para que coincida con una variedad de estilos de decoraci\u00f3n de interiores, y es adecuado como regalo o para uso comercial, proporcionando a los usuarios ricas opciones.<\/li>\n<\/ul>\n<\/div>\n\n\n\n<div class=\"wp-block-column is-vertically-aligned-center is-layout-flow wp-block-column-is-layout-flow\"><div class=\"wp-block-image\">\n<figure class=\"aligncenter size-full\"><img fetchpriority=\"high\" decoding=\"async\" width=\"719\" height=\"720\" src=\"https:\/\/www.yongjianceramic.com\/wp-content\/uploads\/2025\/01\/Wholesale-Coffee-Mugs-With-Bamboo-Lids-Reactive-Glaze-Coffee-Mugs-Bulk-2.jpg\" alt=\"Mayorista Tazas de Caf\u00e9 con Tapa de Bamb\u00fa, Esmalte Reactivo Tazas de Caf\u00e9 Granel-2\" class=\"wp-image-4157\" srcset=\"https:\/\/www.yongjianceramic.com\/wp-content\/uploads\/2025\/01\/Wholesale-Coffee-Mugs-With-Bamboo-Lids-Reactive-Glaze-Coffee-Mugs-Bulk-2.jpg 719w, https:\/\/www.yongjianceramic.com\/wp-content\/uploads\/2025\/01\/Wholesale-Coffee-Mugs-With-Bamboo-Lids-Reactive-Glaze-Coffee-Mugs-Bulk-2-300x300.jpg 300w, https:\/\/www.yongjianceramic.com\/wp-content\/uploads\/2025\/01\/Wholesale-Coffee-Mugs-With-Bamboo-Lids-Reactive-Glaze-Coffee-Mugs-Bulk-2-150x150.jpg 150w, https:\/\/www.yongjianceramic.com\/wp-content\/uploads\/2025\/01\/Wholesale-Coffee-Mugs-With-Bamboo-Lids-Reactive-Glaze-Coffee-Mugs-Bulk-2-12x12.jpg 12w, https:\/\/www.yongjianceramic.com\/wp-content\/uploads\/2025\/01\/Wholesale-Coffee-Mugs-With-Bamboo-Lids-Reactive-Glaze-Coffee-Mugs-Bulk-2-285x285.jpg 285w, https:\/\/www.yongjianceramic.com\/wp-content\/uploads\/2025\/01\/Wholesale-Coffee-Mugs-With-Bamboo-Lids-Reactive-Glaze-Coffee-Mugs-Bulk-2-270x270.jpg 270w, https:\/\/www.yongjianceramic.com\/wp-content\/uploads\/2025\/01\/Wholesale-Coffee-Mugs-With-Bamboo-Lids-Reactive-Glaze-Coffee-Mugs-Bulk-2-540x540.jpg 540w, https:\/\/www.yongjianceramic.com\/wp-content\/uploads\/2025\/01\/Wholesale-Coffee-Mugs-With-Bamboo-Lids-Reactive-Glaze-Coffee-Mugs-Bulk-2-660x660.jpg 660w\" sizes=\"(max-width: 719px) 100vw, 719px\" \/><\/figure>\n<\/div><\/div>\n<\/div>","protected":false},"excerpt":{"rendered":"<p>Bienvenido a comprar tazas de caf\u00e9 al por mayor. Estas tazas de caf\u00e9 al por mayor al horno con tapa de bamb\u00fa natural combinan a la perfecci\u00f3n la naturaleza y el dise\u00f1o moderno. La textura \u00fanica, m\u00faltiples opciones de color, material cer\u00e1mico de alta calidad y funci\u00f3n de protecci\u00f3n del medio ambiente hacen una opci\u00f3n ideal para la vida diaria y uso comercial.<\/p>\n<table style=\"border-collapse: collapse; width: 322.02pt;\" border=\"0\" width=\"322\" cellspacing=\"0\" cellpadding=\"0\">\n<tbody>\n<tr style=\"height: 17.60pt;\">\n<td class=\"et3\" style=\"height: 17.60pt; width: 120.25pt;\" width=\"120\" height=\"17\">Fabricante<\/td>\n<td class=\"et3\" style=\"width: 202.30pt;\" width=\"202\">Yongjian<\/td>\n<\/tr>\n<tr style=\"height: 18.00pt;\">\n<td class=\"et3\" style=\"height: 18.00pt;\" height=\"18\">N\u00ba de modelo<\/td>\n<td class=\"et4\" style=\"width: 202.30pt;\" width=\"202\">YJ-C04<\/td>\n<\/tr>\n<tr style=\"height: 18.00pt;\">\n<td class=\"et3\" style=\"height: 18.00pt;\" height=\"18\">Tipo de producto<\/td>\n<td class=\"et4\" style=\"width: 202.30pt;\" width=\"202\">Tazas y platillos<\/td>\n<\/tr>\n<tr style=\"height: 17.60pt;\">\n<td class=\"et3\" style=\"height: 17.60pt;\" height=\"17\">Material<\/td>\n<td class=\"et3\">Cer\u00e1mica+tapa de bamb\u00fa<\/td>\n<\/tr>\n<tr style=\"height: 17.60pt;\">\n<td class=\"et5\" style=\"height: 17.60pt;\" height=\"17\">Color<\/td>\n<td class=\"et3\">Blanco\/Negro\/Azul oscuro<\/td>\n<\/tr>\n<tr style=\"height: 17.60pt;\">\n<td class=\"et3\" style=\"height: 17.60pt;\" height=\"17\">Dimensi\u00f3n<\/td>\n<td class=\"et3\">Como imagen<\/td>\n<\/tr>\n<tr style=\"height: 17.60pt;\">\n<td class=\"et3\" style=\"height: 17.60pt;\" height=\"17\">Capacidad<\/td>\n<td class=\"et3\">275 ml<\/td>\n<\/tr>\n<tr style=\"height: 17.60pt;\">\n<td class=\"et3\" style=\"height: 17.60pt;\" height=\"17\">MOQ<\/td>\n<td class=\"et3\">500 unidades<\/td>\n<\/tr>\n<tr style=\"height: 17.60pt;\">\n<td class=\"et3\" style=\"height: 17.60pt;\" height=\"17\">A medida<\/td>\n<td class=\"et3\">Color\/Tama\u00f1o\/Logotipo\/Embalaje<\/td>\n<\/tr>\n<\/tbody>\n<\/table>","protected":false},"featured_media":4159,"comment_status":"closed","ping_status":"closed","template":"","meta":{"_acf_changed":false},"product_brand":[],"product_cat":[65,91],"product_tag":[81],"class_list":{"0":"post-4155","1":"product","2":"type-product","3":"status-publish","4":"has-post-thumbnail","6":"product_cat-wholesale-cups-and-mugs","7":"product_cat-wholesale-mugs","8":"product_tag-modern-design-dinnerware-set-wholesale","10":"first","11":"instock","12":"shipping-taxable","13":"product-type-simple"},"acf":[],"_links":{"self":[{"href":"https:\/\/www.yongjianceramic.com\/es\/wp-json\/wp\/v2\/product\/4155","targetHints":{"allow":["GET"]}}],"collection":[{"href":"https:\/\/www.yongjianceramic.com\/es\/wp-json\/wp\/v2\/product"}],"about":[{"href":"https:\/\/www.yongjianceramic.com\/es\/wp-json\/wp\/v2\/types\/product"}],"replies":[{"embeddable":true,"href":"https:\/\/www.yongjianceramic.com\/es\/wp-json\/wp\/v2\/comments?post=4155"}],"wp:featuredmedia":[{"embeddable":true,"href":"https:\/\/www.yongjianceramic.com\/es\/wp-json\/wp\/v2\/media\/4159"}],"wp:attachment":[{"href":"https:\/\/www.yongjianceramic.com\/es\/wp-json\/wp\/v2\/media?parent=4155"}],"wp:term":[{"taxonomy":"product_brand","embeddable":true,"href":"https:\/\/www.yongjianceramic.com\/es\/wp-json\/wp\/v2\/product_brand?post=4155"},{"taxonomy":"product_cat","embeddable":true,"href":"https:\/\/www.yongjianceramic.com\/es\/wp-json\/wp\/v2\/product_cat?post=4155"},{"taxonomy":"product_tag","embeddable":true,"href":"https:\/\/www.yongjianceramic.com\/es\/wp-json\/wp\/v2\/product_tag?post=4155"}],"curies":[{"name":"wp","href":"https:\/\/api.w.org\/{rel}","templated":true}]}}