{"id":4168,"date":"2025-01-07T14:10:43","date_gmt":"2025-01-07T06:10:43","guid":{"rendered":"https:\/\/www.yongjianceramic.com\/?post_type=product&#038;p=4168"},"modified":"2025-04-20T14:19:07","modified_gmt":"2025-04-20T06:19:07","slug":"wholesale-ceramic-coffee-cups","status":"publish","type":"product","link":"https:\/\/www.yongjianceramic.com\/es\/producto\/wholesale-ceramic-coffee-cups\/","title":{"rendered":"Tazas de Caf\u00e9 de Cer\u00e1mica al por mayor, Tazas de T\u00e9 de Estilo Japon\u00e9s al por mayor"},"content":{"rendered":"<div class=\"wp-block-columns is-layout-flex wp-container-core-columns-is-layout-9d6595d7 wp-block-columns-is-layout-flex\">\n<div class=\"wp-block-column is-layout-flow wp-block-column-is-layout-flow\">\n<h2 class=\"wp-block-heading\">Tazas de caf\u00e9 de cer\u00e1mica al por mayor Premium Caracter\u00edsticas:<\/h2>\n\n\n\n<ul class=\"wp-block-list\">\n<li><strong>Belleza sencilla y natural: <\/strong>Nuestras tazas de caf\u00e9 de cer\u00e1mica al por mayor est\u00e1n esmaltadas en blanco roto con una textura de grano fino, mostrando un estilo est\u00e9tico sencillo y natural, combinado con el estilo de dise\u00f1o japon\u00e9s, a\u00f1adiendo calidez y comodidad a la hora del t\u00e9 o el caf\u00e9.<\/li>\n\n\n\n<li><strong>Tacto y dise\u00f1o \u00fanicos: <\/strong>La parte inferior de estas tazas de t\u00e9 de cer\u00e1mica a granel es de color marr\u00f3n esmerilado, con una textura fina, que a\u00f1ade una experiencia t\u00e1ctil \u00fanica, al tiempo que forma un elegante contraste con el cuerpo de la taza de color hueso, y el dise\u00f1o general es m\u00e1s refinado y en capas.<\/li>\n\n\n\n<li><strong>Duradera: <\/strong>Estas tazas de caf\u00e9 de cer\u00e1mica al por mayor se fabrican con materiales cer\u00e1micos de alta calidad y se cuecen a alta temperatura. Esto garantiza que las tazas sean s\u00f3lidas y duraderas, presenten un buen rendimiento de conservaci\u00f3n del calor y sean f\u00e1ciles de limpiar para un uso prolongado.<\/li>\n\n\n\n<li><strong>Estilo minimalista japon\u00e9s: <\/strong>Nuestras tazas de t\u00e9 de cer\u00e1mica al por mayor de estilo minimalista japon\u00e9s son sencillas y elegantes en dise\u00f1o, pero decentes en belleza y practicidad para su uso en casa, una cafeter\u00eda o la oficina; adecuadas como regalo para a\u00f1adir un sentido de ritual al beber t\u00e9 o caf\u00e9.<\/li>\n<\/ul>\n<\/div>\n\n\n\n<div class=\"wp-block-column is-vertically-aligned-center is-layout-flow wp-block-column-is-layout-flow\"><div class=\"wp-block-image\">\n<figure class=\"aligncenter size-full\"><img fetchpriority=\"high\" decoding=\"async\" width=\"800\" height=\"800\" src=\"https:\/\/www.yongjianceramic.com\/wp-content\/uploads\/2025\/01\/Wholesale-Ceramic-Coffee-Cups-Japanese-Style-Tea-Cups-Bulk-1.webp\" alt=\"Mayorista Tazas de Caf\u00e9 de Cer\u00e1mica, Tazas de T\u00e9 Estilo Japon\u00e9s Granel-1\" class=\"wp-image-4169\" srcset=\"https:\/\/www.yongjianceramic.com\/wp-content\/uploads\/2025\/01\/Wholesale-Ceramic-Coffee-Cups-Japanese-Style-Tea-Cups-Bulk-1.webp 800w, https:\/\/www.yongjianceramic.com\/wp-content\/uploads\/2025\/01\/Wholesale-Ceramic-Coffee-Cups-Japanese-Style-Tea-Cups-Bulk-1-300x300.webp 300w, https:\/\/www.yongjianceramic.com\/wp-content\/uploads\/2025\/01\/Wholesale-Ceramic-Coffee-Cups-Japanese-Style-Tea-Cups-Bulk-1-150x150.webp 150w, https:\/\/www.yongjianceramic.com\/wp-content\/uploads\/2025\/01\/Wholesale-Ceramic-Coffee-Cups-Japanese-Style-Tea-Cups-Bulk-1-768x768.webp 768w, https:\/\/www.yongjianceramic.com\/wp-content\/uploads\/2025\/01\/Wholesale-Ceramic-Coffee-Cups-Japanese-Style-Tea-Cups-Bulk-1-12x12.webp 12w, https:\/\/www.yongjianceramic.com\/wp-content\/uploads\/2025\/01\/Wholesale-Ceramic-Coffee-Cups-Japanese-Style-Tea-Cups-Bulk-1-285x285.webp 285w, https:\/\/www.yongjianceramic.com\/wp-content\/uploads\/2025\/01\/Wholesale-Ceramic-Coffee-Cups-Japanese-Style-Tea-Cups-Bulk-1-270x270.webp 270w, https:\/\/www.yongjianceramic.com\/wp-content\/uploads\/2025\/01\/Wholesale-Ceramic-Coffee-Cups-Japanese-Style-Tea-Cups-Bulk-1-540x540.webp 540w, https:\/\/www.yongjianceramic.com\/wp-content\/uploads\/2025\/01\/Wholesale-Ceramic-Coffee-Cups-Japanese-Style-Tea-Cups-Bulk-1-660x660.webp 660w\" sizes=\"(max-width: 800px) 100vw, 800px\" \/><\/figure>\n<\/div><\/div>\n<\/div>","protected":false},"excerpt":{"rendered":"<p>Bienvenido a comprar tazas de t\u00e9 de cer\u00e1mica al por mayor. Nuestras tazas de caf\u00e9 de cer\u00e1mica japonesas al por mayor presentan una textura granulada y un fondo de taza marr\u00f3n esmerilado como elementos destacados del dise\u00f1o, mostrando una belleza \u00fanica de naturaleza y simplicidad. El material cer\u00e1mico de alta calidad es duradero y adecuado para su uso en m\u00faltiples escenarios. Es una opci\u00f3n ideal para el hogar, la oficina o la cafeter\u00eda. Tambi\u00e9n puede utilizarse como exquisito regalo para mejorar la calidad de vida.<\/p>\n<table style=\"border-collapse: collapse; width: 322.02pt;\" border=\"0\" width=\"322\" cellspacing=\"0\" cellpadding=\"0\">\n<tbody>\n<tr style=\"height: 17.60pt;\">\n<td class=\"et3\" style=\"height: 17.60pt; width: 120.25pt;\" width=\"120\" height=\"17\">Fabricante<\/td>\n<td class=\"et3\" style=\"width: 202.30pt;\" width=\"202\">Yongjian<\/td>\n<\/tr>\n<tr style=\"height: 18.00pt;\">\n<td class=\"et3\" style=\"height: 18.00pt;\" height=\"18\">N\u00ba de modelo<\/td>\n<td class=\"et4\" style=\"width: 202.30pt;\" width=\"202\">YJ-C06<\/td>\n<\/tr>\n<tr style=\"height: 17.60pt;\">\n<td class=\"et3\" style=\"height: 17.60pt;\" height=\"17\">Tipo de producto<\/td>\n<td class=\"et2\">Tazas de cer\u00e1mica<\/td>\n<\/tr>\n<tr style=\"height: 17.60pt;\">\n<td class=\"et3\" style=\"height: 17.60pt;\" height=\"17\">Material<\/td>\n<td class=\"et3\">Cer\u00e1mica<\/td>\n<\/tr>\n<tr style=\"height: 17.60pt;\">\n<td class=\"et5\" style=\"height: 17.60pt;\" height=\"17\">Color<\/td>\n<td class=\"et3\">Blanco<\/td>\n<\/tr>\n<tr style=\"height: 17.60pt;\">\n<td class=\"et3\" style=\"height: 17.60pt;\" height=\"17\">Dimensi\u00f3n<\/td>\n<td class=\"et3\">8.5*6.5<\/td>\n<\/tr>\n<tr style=\"height: 17.60pt;\">\n<td class=\"et3\" style=\"height: 17.60pt;\" height=\"17\">MOQ<\/td>\n<td class=\"et3\">500 unidades<\/td>\n<\/tr>\n<tr style=\"height: 17.60pt;\">\n<td class=\"et3\" style=\"height: 17.60pt;\" height=\"17\">A medida<\/td>\n<td class=\"et3\">Color\/Tama\u00f1o\/Logotipo\/Embalaje<\/td>\n<\/tr>\n<\/tbody>\n<\/table>","protected":false},"featured_media":4170,"comment_status":"closed","ping_status":"closed","template":"","meta":{"_acf_changed":false},"product_brand":[],"product_cat":[91,65],"product_tag":[81],"class_list":{"0":"post-4168","1":"product","2":"type-product","3":"status-publish","4":"has-post-thumbnail","6":"product_cat-wholesale-mugs","7":"product_cat-wholesale-cups-and-mugs","8":"product_tag-modern-design-dinnerware-set-wholesale","10":"first","11":"instock","12":"shipping-taxable","13":"product-type-simple"},"acf":[],"_links":{"self":[{"href":"https:\/\/www.yongjianceramic.com\/es\/wp-json\/wp\/v2\/product\/4168","targetHints":{"allow":["GET"]}}],"collection":[{"href":"https:\/\/www.yongjianceramic.com\/es\/wp-json\/wp\/v2\/product"}],"about":[{"href":"https:\/\/www.yongjianceramic.com\/es\/wp-json\/wp\/v2\/types\/product"}],"replies":[{"embeddable":true,"href":"https:\/\/www.yongjianceramic.com\/es\/wp-json\/wp\/v2\/comments?post=4168"}],"wp:featuredmedia":[{"embeddable":true,"href":"https:\/\/www.yongjianceramic.com\/es\/wp-json\/wp\/v2\/media\/4170"}],"wp:attachment":[{"href":"https:\/\/www.yongjianceramic.com\/es\/wp-json\/wp\/v2\/media?parent=4168"}],"wp:term":[{"taxonomy":"product_brand","embeddable":true,"href":"https:\/\/www.yongjianceramic.com\/es\/wp-json\/wp\/v2\/product_brand?post=4168"},{"taxonomy":"product_cat","embeddable":true,"href":"https:\/\/www.yongjianceramic.com\/es\/wp-json\/wp\/v2\/product_cat?post=4168"},{"taxonomy":"product_tag","embeddable":true,"href":"https:\/\/www.yongjianceramic.com\/es\/wp-json\/wp\/v2\/product_tag?post=4168"}],"curies":[{"name":"wp","href":"https:\/\/api.w.org\/{rel}","templated":true}]}}